{"id":8231,"date":"2022-02-22T08:55:10","date_gmt":"2022-02-22T07:55:10","guid":{"rendered":"https:\/\/bibliotekapedagogiczna.pl\/?page_id=8231"},"modified":"2024-05-23T08:37:38","modified_gmt":"2024-05-23T06:37:38","slug":"klauzula-informacyjna","status":"publish","type":"page","link":"https:\/\/bibliotekapedagogiczna.pl\/uk\/klauzula-informacyjna\/","title":{"rendered":"Klauzula informacyjna"},"content":{"rendered":"\n<p>Zgodnie z art. 13 og\u00f3lnego rozporz\u0105dzenia o ochronie danych osobowych z dnia 27 kwietnia 2016 r. (Dz. Urz. UE L 119 z 04.05.2016) Informujemy o zasadach przetwarzania Pani\/Pana danych osobowych oraz o przys\u0142uguj\u0105cych Pani\/Panu prawach z tym zwi\u0105zanych<\/p>\n\n\n\n<ol class=\"wp-block-list\">\n<li>Administratorem Pani\/Pana danych osobowych jest: Biblioteka Pedagogiczna w Radomiu, ul. Ko\u015bciuszki 5A, 26-600 Radom, email: <a href=\"mailto:sekretariat@bp.radom.pl\">sekretariat@bp.radom.pl<\/a>, tel. 48 345-95-50.<\/li>\n<\/ol>\n\n\n\n<ol class=\"wp-block-list\" start=\"2\">\n<li>Administrator&nbsp; wyznaczy\u0142 Inspektora Ochrony Danych Osobowych, z kt\u00f3rym mo\u017cna si\u0119 skontaktowa\u0107 poprzez poczt\u0119 elektroniczn\u0105: <a href=\"mailto:iod@ckziu.radom.pl\">iod@ckziu.radom.pl<\/a>. Z Inspektorem Ochrony Danych mo\u017cna si\u0119 skontaktowa\u0107 we wszystkich sprawach dotycz\u0105cych przetwarzania danych osobowych oraz korzystania z praw zwi\u0105zanych z przetwarzaniem danych.<\/li>\n<\/ol>\n\n\n\n<ol class=\"wp-block-list\" start=\"3\">\n<li>Pani\/Pana dane osobowe b\u0119d\u0105 przetwarzane w celu:<\/li>\n<\/ol>\n\n\n\n<ul class=\"wp-block-list\">\n<li>korzystania ze zbior\u00f3w biblioteki dane b\u0119d\u0105 przetwarzane na podstawie przepisu prawa Ustawa o Bibliotekach z dnia 27 czerwca 1997 i udzielonej zgody, w zakresie i celu okre\u015blonym w tre\u015bci zgody,<\/li>\n\n\n\n<li>udzia\u0142u w imprezach bibliotecznych &#8211; dane b\u0119d\u0105 przetwarzane na podstawie wyra\u017canej zgody uczestnika,<\/li>\n\n\n\n<li>udzia\u0142u w szkoleniach&nbsp; &#8211; dane b\u0119d\u0105 przetwarzane na podstawie zgody uczestnika<\/li>\n<\/ul>\n\n\n\n<ol class=\"wp-block-list\" start=\"4\">\n<li>Biblioteka Pedagogiczna w Radomiu nie przekazuje danych osobowych do Pa\u0144stw Trzecich i organizacji mi\u0119dzynarodowych.<\/li>\n<\/ol>\n\n\n\n<ol class=\"wp-block-list\" start=\"5\">\n<li>Dane osobowe czytelnik\u00f3w, kt\u00f3rzy w przeci\u0105gu ostatnich trzech lat kalendarzowych nie wykonali \u017cadnej aktywno\u015bci na swoim koncie bibliotecznym, nie posiadaj\u0105 wypo\u017cyczonych materia\u0142\u00f3w bibliotecznych, oraz nie posiadaj\u0105 jakichkolwiek zaleg\u0142o\u015bci wobec Biblioteki, b\u0119d\u0105 usuwane.<\/li>\n<\/ol>\n\n\n\n<ol class=\"wp-block-list\" start=\"6\">\n<li>W zwi\u0105zku z przetwarzaniem Pani\/Pana danych osobowych przys\u0142uguj\u0105 Pani\/Panu nast\u0119puj\u0105ce uprawnienia:<\/li>\n<\/ol>\n\n\n\n<ul class=\"wp-block-list\">\n<li>prawo dost\u0119pu do danych osobowych, w tym prawo do uzyskania kopii tych danych;<\/li>\n<\/ul>\n\n\n\n<ul class=\"wp-block-list\">\n<li>prawo do \u017c\u0105dania sprostowania (poprawiania) danych osobowych \u2013 w przypadku, gdy dane s\u0105 nieprawid\u0142owe lub niekompletne,<\/li>\n<\/ul>\n\n\n\n<ul class=\"wp-block-list\">\n<li>prawo do \u017c\u0105dania usuni\u0119cia danych osobowych (tzw. Prawo do bycia zapomnianym),<\/li>\n<\/ul>\n\n\n\n<ul class=\"wp-block-list\">\n<li>prawo do \u017c\u0105dania ograniczenia przetwarzania danych osobowych,<\/li>\n<\/ul>\n\n\n\n<ul class=\"wp-block-list\">\n<li>prawo do przenoszenia danych,<\/li>\n<\/ul>\n\n\n\n<ul class=\"wp-block-list\">\n<li>prawo sprzeciwu wobec przetwarzania danych.<\/li>\n<\/ul>\n\n\n\n<ol class=\"wp-block-list\" start=\"7\">\n<li>W przypadku, gdy przetwarzanie danych osobowych odbywa si\u0119 na podstawie zgody osoby (art. 6 ust. 1 lit a RODO), przys\u0142uguje Pani\/Panu prawo do cofni\u0119cia tej zgody w dowolnym momencie. Cofni\u0119cie to nie ma wp\u0142ywu na zgodno\u015b\u0107 z prawem przetwarzania, kt\u00f3rego dokonano na podstawie zgody przed jej cofni\u0119ciem.<\/li>\n<\/ol>\n\n\n\n<ol class=\"wp-block-list\" start=\"8\">\n<li>Przys\u0142uguje Pani\/Panu prawo do wniesienia skargi do organu nadzorczego zajmuj\u0105cego si\u0119 ochron\u0105 danych osobowych, tj. Prezesa Urz\u0119du Ochrony Danych Osobowych.<\/li>\n<\/ol>\n\n\n\n<ol class=\"wp-block-list\" start=\"9\">\n<li>W sytuacji, gdy przetwarzanie danych odbywa si\u0119 na podstawie zgody osoby, kt\u00f3rej dane dotycz\u0105, podane przez Pani\u0105\/Pana danych osobowych ma charakter dobrowolny.<\/li>\n<\/ol>\n\n\n\n<ol class=\"wp-block-list\" start=\"10\">\n<li>Brak wyra\u017cenia zgody na ich przetwarzanie, skutkowa\u0107 b\u0119dzie odmow\u0105 wypo\u017cyczania zbior\u00f3w bibliotecznych za zewn\u0105trz.<\/li>\n<\/ol>\n","protected":false},"excerpt":{"rendered":"<p>Zgodnie z art. 13 og\u00f3lnego rozporz\u0105dzenia o ochronie danych osobowych z dnia 27 kwietnia 2016 r. (Dz. Urz. UE L [&hellip;]<\/p>\n","protected":false},"author":89,"featured_media":0,"parent":0,"menu_order":0,"comment_status":"closed","ping_status":"closed","template":"","meta":{"_acf_changed":false,"_oasis_is_in_workflow":0,"_oasis_original":0,"inline_featured_image":false,"site-sidebar-layout":"default","site-content-layout":"","ast-site-content-layout":"default","site-content-style":"default","site-sidebar-style":"default","ast-global-header-display":"","ast-banner-title-visibility":"","ast-main-header-display":"","ast-hfb-above-header-display":"","ast-hfb-below-header-display":"","ast-hfb-mobile-header-display":"","site-post-title":"","ast-breadcrumbs-content":"","ast-featured-img":"","footer-sml-layout":"","ast-disable-related-posts":"","theme-transparent-header-meta":"","adv-header-id-meta":"","stick-header-meta":"","header-above-stick-meta":"","header-main-stick-meta":"","header-below-stick-meta":"","astra-migrate-meta-layouts":"set","ast-page-background-enabled":"default","ast-page-background-meta":{"desktop":{"background-color":"","background-image":"","background-repeat":"repeat","background-position":"center center","background-size":"auto","background-attachment":"scroll","background-type":"","background-media":"","overlay-type":"","overlay-color":"","overlay-opacity":"","overlay-gradient":""},"tablet":{"background-color":"","background-image":"","background-repeat":"repeat","background-position":"center center","background-size":"auto","background-attachment":"scroll","background-type":"","background-media":"","overlay-type":"","overlay-color":"","overlay-opacity":"","overlay-gradient":""},"mobile":{"background-color":"","background-image":"","background-repeat":"repeat","background-position":"center center","background-size":"auto","background-attachment":"scroll","background-type":"","background-media":"","overlay-type":"","overlay-color":"","overlay-opacity":"","overlay-gradient":""}},"ast-content-background-meta":{"desktop":{"background-color":"var(--ast-global-color-5)","background-image":"","background-repeat":"repeat","background-position":"center center","background-size":"auto","background-attachment":"scroll","background-type":"","background-media":"","overlay-type":"","overlay-color":"","overlay-opacity":"","overlay-gradient":""},"tablet":{"background-color":"var(--ast-global-color-5)","background-image":"","background-repeat":"repeat","background-position":"center center","background-size":"auto","background-attachment":"scroll","background-type":"","background-media":"","overlay-type":"","overlay-color":"","overlay-opacity":"","overlay-gradient":""},"mobile":{"background-color":"var(--ast-global-color-5)","background-image":"","background-repeat":"repeat","background-position":"center center","background-size":"auto","background-attachment":"scroll","background-type":"","background-media":"","overlay-type":"","overlay-color":"","overlay-opacity":"","overlay-gradient":""}},"_themeisle_gutenberg_block_has_review":false,"footnotes":""},"class_list":["post-8231","page","type-page","status-publish","hentry"],"acf":[],"featured_image_urls_v2":{"full":"","thumbnail":"","medium":"","medium_large":"","large":"","1536x1536":"","2048x2048":"","img-1100-450":"","img-1120-800":"","img-870-440":"","img-850-600":"","img-480-380":"","img-300-225":"","img-540-700":"","img-75-75":"","menu-24x24":"","menu-36x36":"","menu-48x48":""},"post_excerpt_stackable_v2":"<p>Zgodnie z art. 13 og\u00f3lnego rozporz\u0105dzenia o ochronie danych osobowych z dnia 27 kwietnia 2016 r. (Dz. Urz. UE L 119 z 04.05.2016) Informujemy o zasadach przetwarzania Pani\/Pana danych osobowych oraz o przys\u0142uguj\u0105cych Pani\/Panu prawach z tym zwi\u0105zanych Administratorem Pani\/Pana danych osobowych jest: Biblioteka Pedagogiczna w Radomiu, ul. Ko\u015bciuszki 5A, 26-600 Radom, email: sekretariat@bp.radom.pl, tel. 48 345-95-50. Administrator&nbsp; wyznaczy\u0142 Inspektora Ochrony Danych Osobowych, z kt\u00f3rym mo\u017cna si\u0119 skontaktowa\u0107 poprzez poczt\u0119 elektroniczn\u0105: iod@ckziu.radom.pl. Z Inspektorem Ochrony Danych mo\u017cna si\u0119 skontaktowa\u0107 we wszystkich sprawach dotycz\u0105cych przetwarzania danych osobowych oraz korzystania z praw zwi\u0105zanych z przetwarzaniem danych. Pani\/Pana dane osobowe b\u0119d\u0105 przetwarzane w&hellip;<\/p>\n","category_list_v2":"","author_info_v2":{"name":"dstolarek","url":"https:\/\/bibliotekapedagogiczna.pl\/uk\/author\/dstolarek\/"},"comments_num_v2":"0 \u043a\u043e\u043c\u0435\u043d\u0442\u0430\u0440\u0456\u0432","_links":{"self":[{"href":"https:\/\/bibliotekapedagogiczna.pl\/uk\/wp-json\/wp\/v2\/pages\/8231","targetHints":{"allow":["GET"]}}],"collection":[{"href":"https:\/\/bibliotekapedagogiczna.pl\/uk\/wp-json\/wp\/v2\/pages"}],"about":[{"href":"https:\/\/bibliotekapedagogiczna.pl\/uk\/wp-json\/wp\/v2\/types\/page"}],"author":[{"embeddable":true,"href":"https:\/\/bibliotekapedagogiczna.pl\/uk\/wp-json\/wp\/v2\/users\/89"}],"replies":[{"embeddable":true,"href":"https:\/\/bibliotekapedagogiczna.pl\/uk\/wp-json\/wp\/v2\/comments?post=8231"}],"version-history":[{"count":8,"href":"https:\/\/bibliotekapedagogiczna.pl\/uk\/wp-json\/wp\/v2\/pages\/8231\/revisions"}],"predecessor-version":[{"id":58822,"href":"https:\/\/bibliotekapedagogiczna.pl\/uk\/wp-json\/wp\/v2\/pages\/8231\/revisions\/58822"}],"wp:attachment":[{"href":"https:\/\/bibliotekapedagogiczna.pl\/uk\/wp-json\/wp\/v2\/media?parent=8231"}],"curies":[{"name":"wp","href":"https:\/\/api.w.org\/{rel}","templated":true}]}}