{"id":55294,"date":"2024-02-09T14:37:10","date_gmt":"2024-02-09T13:37:10","guid":{"rendered":"https:\/\/bibliotekapedagogiczna.pl\/?page_id=55294"},"modified":"2025-02-03T12:06:53","modified_gmt":"2025-02-03T11:06:53","slug":"empik","status":"publish","type":"page","link":"https:\/\/bibliotekapedagogiczna.pl\/uk\/empik\/","title":{"rendered":"Empik Go"},"content":{"rendered":"\n<p>Us\u0142uga Empik Go dost\u0119pna jest dla czytelnik\u00f3w Biblioteki Pedagogicznej w Radomiu, kt\u00f3rzy&nbsp;otrzymaj\u0105&nbsp;<strong>bezp\u0142atny<\/strong>&nbsp;kod dost\u0119pu do&nbsp;serwisu.<\/p>\n\n\n\n<p><strong>Jak otrzyma\u0107 kod?<\/strong><\/p>\n\n\n\n<ul class=\"wp-block-list\">\n<li>Kody wydawane s\u0105 w Wypo\u017cyczalni. Mo\u017cna odbiera\u0107 osobi\u015bcie, drog\u0105 mailow\u0105 lub telefonicznie w godzinach otwarcia biblioteki (tel. 48 345-98-37 w. 114, 115, e-mail:&nbsp;<a href=\"mailto:wypozyczalnia@bp.radom.pl\">wypozyczalnia@bp.radom.pl<\/a>)<\/li>\n\n\n\n<li>Na jedno konto czytelnicze przypada jeden kod.<\/li>\n\n\n\n<li>Uwaga \u2013 liczba kod\u00f3w jest ograniczona. W przypadku wyczerpania dost\u0119pnej puli, pozostaje oczekiwanie na udost\u0119pnienie nowych, co nast\u0119puje 1 dnia ka\u017cdego miesi\u0105ca.<\/li>\n\n\n\n<li>Kod nale\u017cy aktywowa\u0107 do ko\u0144ca bie\u017c\u0105cego miesi\u0105ca kalendarzowego, w kt\u00f3rym zosta\u0142 wydany. Niewykorzystany kod nie przechodzi na nast\u0119pny miesi\u0105c, a czytelnik traci mo\u017cliwo\u015b\u0107 pobrania nowego kodu empik Go na miesi\u0105c.<\/li>\n\n\n\n<li>Kod jest wa\u017cny przez 30 dni od momentu aktywacji. Po tym okresie dost\u0119p do ksi\u0105\u017cek zostanie zablokowany. Konto czytelnika na Empik pozostanie jednak aktywne i po otrzymaniu nowego kodu b\u0119dzie on m\u00f3g\u0142 kontynuowa\u0107 czytanie.<\/li>\n\n\n\n<li>Czytelnik aktywuje kod otrzymany w bibliotece na stronie: <strong><a href=\"http:\/\/www.empik.com\/biblioteki\/kod\" target=\"_blank\" rel=\"noreferrer noopener\">www.empik.com\/biblioteki\/kod<\/a><\/strong>&nbsp;wpisuj\u0105c kod otrzymany z biblioteki, akceptuj\u0105c regulamin.<\/li>\n<\/ul>\n\n\n\n<figure class=\"wp-block-image aligncenter size-full\"><a href=\"https:\/\/www.empik.com\/go\/biblioteki\/kod\" target=\"_blank\" rel=\"noopener\"><img loading=\"lazy\" decoding=\"async\" width=\"512\" height=\"250\" src=\"https:\/\/bibliotekapedagogiczna.pl\/wp-content\/uploads\/sites\/10\/2025\/01\/empic-go.png\" alt=\"Logo serwisu Empik Go\" class=\"wp-image-80992\" srcset=\"https:\/\/bibliotekapedagogiczna.pl\/wp-content\/uploads\/sites\/10\/2025\/01\/empic-go.png 512w, https:\/\/bibliotekapedagogiczna.pl\/wp-content\/uploads\/sites\/10\/2025\/01\/empic-go-300x146.png 300w, https:\/\/bibliotekapedagogiczna.pl\/wp-content\/uploads\/sites\/10\/2025\/01\/empic-go-24x12.png 24w, https:\/\/bibliotekapedagogiczna.pl\/wp-content\/uploads\/sites\/10\/2025\/01\/empic-go-36x18.png 36w, https:\/\/bibliotekapedagogiczna.pl\/wp-content\/uploads\/sites\/10\/2025\/01\/empic-go-48x23.png 48w\" sizes=\"auto, (max-width: 512px) 100vw, 512px\" \/><\/a><\/figure>\n\n\n\n<ul class=\"wp-block-list\">\n<li>Po aktywacji kodu otrzymanego w bibliotece nale\u017cy zalogowa\u0107 si\u0119 lub za\u0142o\u017cy\u0107 nowe konto na stronie<a href=\"https:\/\/www.empik.com\/.\" target=\"_blank\" rel=\"noopener\"> <strong>https:\/\/www.empik.com\/<\/strong>.<\/a><\/li>\n<\/ul>\n\n\n\n<figure class=\"wp-block-image aligncenter size-full is-resized\"><a href=\"https:\/\/www.empik.com\/\" target=\"_blank\" rel=\"noopener\"><img loading=\"lazy\" decoding=\"async\" width=\"800\" height=\"450\" src=\"https:\/\/bibliotekapedagogiczna.pl\/wp-content\/uploads\/sites\/10\/2025\/02\/Empik.jpg\" alt=\"\" class=\"wp-image-81577\" style=\"width:261px;height:auto\" srcset=\"https:\/\/bibliotekapedagogiczna.pl\/wp-content\/uploads\/sites\/10\/2025\/02\/Empik.jpg 800w, https:\/\/bibliotekapedagogiczna.pl\/wp-content\/uploads\/sites\/10\/2025\/02\/Empik-300x169.jpg 300w, https:\/\/bibliotekapedagogiczna.pl\/wp-content\/uploads\/sites\/10\/2025\/02\/Empik-768x432.jpg 768w, https:\/\/bibliotekapedagogiczna.pl\/wp-content\/uploads\/sites\/10\/2025\/02\/Empik-24x14.jpg 24w, https:\/\/bibliotekapedagogiczna.pl\/wp-content\/uploads\/sites\/10\/2025\/02\/Empik-36x20.jpg 36w, https:\/\/bibliotekapedagogiczna.pl\/wp-content\/uploads\/sites\/10\/2025\/02\/Empik-48x27.jpg 48w\" sizes=\"auto, (max-width: 800px) 100vw, 800px\" \/><\/a><\/figure>\n","protected":false},"excerpt":{"rendered":"<p>Us\u0142uga Empik Go dost\u0119pna jest dla czytelnik\u00f3w Biblioteki Pedagogicznej w Radomiu, kt\u00f3rzy&nbsp;otrzymaj\u0105&nbsp;bezp\u0142atny&nbsp;kod dost\u0119pu do&nbsp;serwisu. Jak otrzyma\u0107 kod?<\/p>\n","protected":false},"author":914,"featured_media":0,"parent":0,"menu_order":0,"comment_status":"closed","ping_status":"closed","template":"","meta":{"_acf_changed":false,"_oasis_is_in_workflow":0,"_oasis_original":0,"inline_featured_image":false,"site-sidebar-layout":"default","site-content-layout":"","ast-site-content-layout":"default","site-content-style":"default","site-sidebar-style":"default","ast-global-header-display":"","ast-banner-title-visibility":"","ast-main-header-display":"","ast-hfb-above-header-display":"","ast-hfb-below-header-display":"","ast-hfb-mobile-header-display":"","site-post-title":"","ast-breadcrumbs-content":"","ast-featured-img":"","footer-sml-layout":"","ast-disable-related-posts":"","theme-transparent-header-meta":"","adv-header-id-meta":"","stick-header-meta":"","header-above-stick-meta":"","header-main-stick-meta":"","header-below-stick-meta":"","astra-migrate-meta-layouts":"set","ast-page-background-enabled":"default","ast-page-background-meta":{"desktop":{"background-color":"","background-image":"","background-repeat":"repeat","background-position":"center center","background-size":"auto","background-attachment":"scroll","background-type":"","background-media":"","overlay-type":"","overlay-color":"","overlay-opacity":"","overlay-gradient":""},"tablet":{"background-color":"","background-image":"","background-repeat":"repeat","background-position":"center center","background-size":"auto","background-attachment":"scroll","background-type":"","background-media":"","overlay-type":"","overlay-color":"","overlay-opacity":"","overlay-gradient":""},"mobile":{"background-color":"","background-image":"","background-repeat":"repeat","background-position":"center center","background-size":"auto","background-attachment":"scroll","background-type":"","background-media":"","overlay-type":"","overlay-color":"","overlay-opacity":"","overlay-gradient":""}},"ast-content-background-meta":{"desktop":{"background-color":"var(--ast-global-color-5)","background-image":"","background-repeat":"repeat","background-position":"center center","background-size":"auto","background-attachment":"scroll","background-type":"","background-media":"","overlay-type":"","overlay-color":"","overlay-opacity":"","overlay-gradient":""},"tablet":{"background-color":"var(--ast-global-color-5)","background-image":"","background-repeat":"repeat","background-position":"center center","background-size":"auto","background-attachment":"scroll","background-type":"","background-media":"","overlay-type":"","overlay-color":"","overlay-opacity":"","overlay-gradient":""},"mobile":{"background-color":"var(--ast-global-color-5)","background-image":"","background-repeat":"repeat","background-position":"center center","background-size":"auto","background-attachment":"scroll","background-type":"","background-media":"","overlay-type":"","overlay-color":"","overlay-opacity":"","overlay-gradient":""}},"_themeisle_gutenberg_block_has_review":false,"footnotes":""},"class_list":["post-55294","page","type-page","status-publish","hentry"],"acf":[],"featured_image_urls_v2":{"full":"","thumbnail":"","medium":"","medium_large":"","large":"","1536x1536":"","2048x2048":"","img-1100-450":"","img-1120-800":"","img-870-440":"","img-850-600":"","img-480-380":"","img-300-225":"","img-540-700":"","img-75-75":"","menu-24x24":"","menu-36x36":"","menu-48x48":""},"post_excerpt_stackable_v2":"<p>Us\u0142uga Empik Go dost\u0119pna jest dla czytelnik\u00f3w Biblioteki Pedagogicznej w Radomiu, kt\u00f3rzy&nbsp;otrzymaj\u0105&nbsp;bezp\u0142atny&nbsp;kod dost\u0119pu do&nbsp;serwisu. Jak otrzyma\u0107 kod? Kody wydawane s\u0105 w Wypo\u017cyczalni. Mo\u017cna odbiera\u0107 osobi\u015bcie, drog\u0105 mailow\u0105 lub telefonicznie w godzinach otwarcia biblioteki (tel. 48 345-98-37 w. 114, 115, e-mail:&nbsp;wypozyczalnia@bp.radom.pl) Na jedno konto czytelnicze przypada jeden kod. Uwaga \u2013 liczba kod\u00f3w jest ograniczona. W przypadku wyczerpania dost\u0119pnej puli, pozostaje oczekiwanie na udost\u0119pnienie nowych, co nast\u0119puje 1 dnia ka\u017cdego miesi\u0105ca. Kod nale\u017cy aktywowa\u0107 do ko\u0144ca bie\u017c\u0105cego miesi\u0105ca kalendarzowego, w kt\u00f3rym zosta\u0142 wydany. Niewykorzystany kod nie przechodzi na nast\u0119pny miesi\u0105c, a czytelnik traci mo\u017cliwo\u015b\u0107 pobrania nowego kodu empik Go na miesi\u0105c. Kod&hellip;<\/p>\n","category_list_v2":"","author_info_v2":{"name":"Andrzej Gawro\u0144ski","url":"https:\/\/bibliotekapedagogiczna.pl\/uk\/author\/agawronski\/"},"comments_num_v2":"0 \u043a\u043e\u043c\u0435\u043d\u0442\u0430\u0440\u0456\u0432","_links":{"self":[{"href":"https:\/\/bibliotekapedagogiczna.pl\/uk\/wp-json\/wp\/v2\/pages\/55294","targetHints":{"allow":["GET"]}}],"collection":[{"href":"https:\/\/bibliotekapedagogiczna.pl\/uk\/wp-json\/wp\/v2\/pages"}],"about":[{"href":"https:\/\/bibliotekapedagogiczna.pl\/uk\/wp-json\/wp\/v2\/types\/page"}],"author":[{"embeddable":true,"href":"https:\/\/bibliotekapedagogiczna.pl\/uk\/wp-json\/wp\/v2\/users\/914"}],"replies":[{"embeddable":true,"href":"https:\/\/bibliotekapedagogiczna.pl\/uk\/wp-json\/wp\/v2\/comments?post=55294"}],"version-history":[{"count":20,"href":"https:\/\/bibliotekapedagogiczna.pl\/uk\/wp-json\/wp\/v2\/pages\/55294\/revisions"}],"predecessor-version":[{"id":81625,"href":"https:\/\/bibliotekapedagogiczna.pl\/uk\/wp-json\/wp\/v2\/pages\/55294\/revisions\/81625"}],"wp:attachment":[{"href":"https:\/\/bibliotekapedagogiczna.pl\/uk\/wp-json\/wp\/v2\/media?parent=55294"}],"curies":[{"name":"wp","href":"https:\/\/api.w.org\/{rel}","templated":true}]}}