{"id":51796,"date":"2023-12-19T15:57:36","date_gmt":"2023-12-19T14:57:36","guid":{"rendered":"https:\/\/bibliotekapedagogiczna.pl\/?page_id=51796"},"modified":"2025-02-03T14:21:35","modified_gmt":"2025-02-03T13:21:35","slug":"siec-wspolpracy-i-samoksztalcenia-2","status":"publish","type":"page","link":"https:\/\/bibliotekapedagogiczna.pl\/uk\/siec-wspolpracy-i-samoksztalcenia-2\/","title":{"rendered":"Sie\u0107 wsp\u00f3\u0142pracy i samokszta\u0142cenia."},"content":{"rendered":"\n<ul class=\"wp-block-list\">\n<li>Jest to forma doskonalenia nauczycieli bibliotekarzy poprzez szkolenia oraz wymian\u0119 do\u015bwiadcze\u0144 uczestnik\u00f3w.<\/li>\n<\/ul>\n\n\n\n<ul class=\"wp-block-list\">\n<li>Spotkania odbywaj\u0105 si\u0119 raz w miesi\u0105cu, w godz. 13:00 \u2013 15:00.&nbsp;<\/li>\n<\/ul>\n\n\n\n<ul class=\"wp-block-list\">\n<li>Szczeg\u00f3\u0142y spotka\u0144 zamieszczamy w kalendarzu na stronie biblioteki.<\/li>\n<\/ul>\n\n\n\n<ul class=\"wp-block-list\">\n<li>Zach\u0119camy do korzystania z materia\u0142\u00f3w metodycznych b\u0119d\u0105cych efektem pracy cz\u0142onk\u00f3w sieci wsp\u00f3\u0142pracy i samokszta\u0142cenia nauczycieli bibliotekarzy powo\u0142anej w naszej bibliotece.<\/li>\n<\/ul>\n\n\n\n<p><\/p>\n\n\n\n<div id=\"wp-block-themeisle-blocks-advanced-columns-224b3bad\" class=\"wp-block-themeisle-blocks-advanced-columns has-1-columns has-desktop-equal-layout has-tablet-equal-layout has-mobile-equal-layout has-vertical-unset\"><div class=\"wp-block-themeisle-blocks-advanced-columns-overlay\"><\/div><div class=\"innerblocks-wrap\">\n<div id=\"wp-block-themeisle-blocks-advanced-column-a3425800\" class=\"wp-block-themeisle-blocks-advanced-column\"><div class=\"is-style-boxed wp-block-themeisle-blocks-posts-grid\" id=\"wp-block-themeisle-blocks-posts-grid-59c1ce90\"><div class=\"is-list\"><div class=\"o-posts-grid-post-blog o-posts-grid-post-plain\"><div class=\"o-posts-grid-post\"><div class=\"o-posts-grid-post-image\"><a href=\"https:\/\/bibliotekapedagogiczna.pl\/uk\/gry-terenowe-tematem-kolejnego-spotkania-czlonkow-sieci-wspolpracy-i-samoksztalcenia-nauczycieli-bibliotekarzy\/\"><img loading=\"lazy\" decoding=\"async\" width=\"2048\" height=\"1365\" src=\"https:\/\/bibliotekapedagogiczna.pl\/wp-content\/uploads\/sites\/10\/2025\/04\/sieci-1.jpg\" class=\"attachment-full size-full\" alt=\"Gry terenowe tematem kolejnego spotkania cz\u0142onk\u00f3w sieci wsp\u00f3\u0142pracy i samokszta\u0142cenia\" srcset=\"https:\/\/bibliotekapedagogiczna.pl\/wp-content\/uploads\/sites\/10\/2025\/04\/sieci-1.jpg 2048w, https:\/\/bibliotekapedagogiczna.pl\/wp-content\/uploads\/sites\/10\/2025\/04\/sieci-1-300x200.jpg 300w, https:\/\/bibliotekapedagogiczna.pl\/wp-content\/uploads\/sites\/10\/2025\/04\/sieci-1-1024x683.jpg 1024w, https:\/\/bibliotekapedagogiczna.pl\/wp-content\/uploads\/sites\/10\/2025\/04\/sieci-1-768x512.jpg 768w, https:\/\/bibliotekapedagogiczna.pl\/wp-content\/uploads\/sites\/10\/2025\/04\/sieci-1-1536x1024.jpg 1536w, https:\/\/bibliotekapedagogiczna.pl\/wp-content\/uploads\/sites\/10\/2025\/04\/sieci-1-24x16.jpg 24w, https:\/\/bibliotekapedagogiczna.pl\/wp-content\/uploads\/sites\/10\/2025\/04\/sieci-1-36x24.jpg 36w, https:\/\/bibliotekapedagogiczna.pl\/wp-content\/uploads\/sites\/10\/2025\/04\/sieci-1-48x32.jpg 48w\" sizes=\"(max-width: 2048px) 100vw, 2048px\" \/><\/a><\/div><div class=\"o-posts-grid-post-body\"><span class=\"o-posts-grid-post-category\"><a href=\"https:\/\/bibliotekapedagogiczna.pl\/ru\/\u043a\u0430\u0442\u0435\u0433\u043e\u0440\u0438\u044f\/wspieramy-nauczycieli-ru\/\">Wspieramy biblioteki szkolne<\/a><\/span><h4 class=\"o-posts-grid-post-title\"><a href=\"https:\/\/bibliotekapedagogiczna.pl\/uk\/gry-terenowe-tematem-kolejnego-spotkania-czlonkow-sieci-wspolpracy-i-samoksztalcenia-nauczycieli-bibliotekarzy\/\">Gry terenowe tematem kolejnego spotkania cz\u0142onk\u00f3w sieci wsp\u00f3\u0142pracy i samokszta\u0142cenia nauczycieli bibliotekarzy<\/a><\/h4><p class=\"o-posts-grid-post-meta\">Posted on <time datetime=\"2025-04-28T09:44:18+02:00\">28.04.2025<\/time> by <a href=\"https:\/\/bibliotekapedagogiczna.pl\/uk\/author\/agawronski\/\">Andrzej Gawro\u0144ski<\/a><\/p><div class=\"o-posts-grid-post-description\"><p>Za nami kolejne, owocne spotkanie cz\u0142onk\u00f3w Sieci Wsp\u00f3\u0142pracy i Samokszta\u0142cenia Nauczycieli Biblioteka\u2026<\/p><\/div><\/div><\/div><\/div><div class=\"o-posts-grid-post-blog o-posts-grid-post-plain\"><div class=\"o-posts-grid-post\"><div class=\"o-posts-grid-post-image\"><a href=\"https:\/\/bibliotekapedagogiczna.pl\/uk\/szkolenie-z-canvy-dla-nauczycieli-bibliotekarzy\/\"><img loading=\"lazy\" decoding=\"async\" width=\"2048\" height=\"1365\" src=\"https:\/\/bibliotekapedagogiczna.pl\/wp-content\/uploads\/sites\/10\/2025\/03\/canva-1.jpg\" class=\"attachment-full size-full\" alt=\"Szkolenie cz\u0142onk\u00f3w Sieci Wsp\u00f3\u0142pracy i Samokszta\u0142cenia Nauczycieli Bibliotekarzy z Canvy\" srcset=\"https:\/\/bibliotekapedagogiczna.pl\/wp-content\/uploads\/sites\/10\/2025\/03\/canva-1.jpg 2048w, https:\/\/bibliotekapedagogiczna.pl\/wp-content\/uploads\/sites\/10\/2025\/03\/canva-1-300x200.jpg 300w, https:\/\/bibliotekapedagogiczna.pl\/wp-content\/uploads\/sites\/10\/2025\/03\/canva-1-1024x683.jpg 1024w, https:\/\/bibliotekapedagogiczna.pl\/wp-content\/uploads\/sites\/10\/2025\/03\/canva-1-768x512.jpg 768w, https:\/\/bibliotekapedagogiczna.pl\/wp-content\/uploads\/sites\/10\/2025\/03\/canva-1-1536x1024.jpg 1536w, https:\/\/bibliotekapedagogiczna.pl\/wp-content\/uploads\/sites\/10\/2025\/03\/canva-1-24x16.jpg 24w, https:\/\/bibliotekapedagogiczna.pl\/wp-content\/uploads\/sites\/10\/2025\/03\/canva-1-36x24.jpg 36w, https:\/\/bibliotekapedagogiczna.pl\/wp-content\/uploads\/sites\/10\/2025\/03\/canva-1-48x32.jpg 48w\" sizes=\"(max-width: 2048px) 100vw, 2048px\" \/><\/a><\/div><div class=\"o-posts-grid-post-body\"><span class=\"o-posts-grid-post-category\"><a href=\"https:\/\/bibliotekapedagogiczna.pl\/uk\/category\/%d0%bc%d0%b8-%d0%bf%d1%96%d0%b4%d1%82%d1%80%d0%b8%d0%bc%d1%83%d1%94%d0%bc%d0%be-%d1%88%d0%ba%d1%96%d0%bb%d1%8c%d0%bd%d1%96-%d0%b1%d1%96%d0%b1%d0%bb%d1%96%d0%be%d1%82%d0%b5%d0%ba%d0%b8\/\">\u041c\u0438 \u043f\u0456\u0434\u0442\u0440\u0438\u043c\u0443\u0454\u043c\u043e \u0448\u043a\u0456\u043b\u044c\u043d\u0456 \u0431\u0456\u0431\u043b\u0456\u043e\u0442\u0435\u043a\u0438<\/a><\/span><h4 class=\"o-posts-grid-post-title\"><a href=\"https:\/\/bibliotekapedagogiczna.pl\/uk\/szkolenie-z-canvy-dla-nauczycieli-bibliotekarzy\/\">Szkolenie z Canvy dla nauczycieli-bibliotekarzy<\/a><\/h4><p class=\"o-posts-grid-post-meta\">Posted on <time datetime=\"2025-03-17T09:23:53+01:00\">17.03.2025<\/time> by <a href=\"https:\/\/bibliotekapedagogiczna.pl\/uk\/author\/agawronski\/\">Andrzej Gawro\u0144ski<\/a><\/p><div class=\"o-posts-grid-post-description\"><p>W pi\u0105tek 14 marca, uczestnicy Sieci Wsp\u00f3\u0142pracy i Samokszta\u0142cenia Nauczycieli Bibliotekarzy aktywnie \u2026<\/p><\/div><\/div><\/div><\/div><div class=\"o-posts-grid-post-blog o-posts-grid-post-plain\"><div class=\"o-posts-grid-post\"><div class=\"o-posts-grid-post-image\"><a href=\"https:\/\/bibliotekapedagogiczna.pl\/uk\/ksiazka-jest-dobra-na-wszystko\/\"><img loading=\"lazy\" decoding=\"async\" width=\"2048\" height=\"2048\" src=\"https:\/\/bibliotekapedagogiczna.pl\/wp-content\/uploads\/sites\/10\/2024\/11\/sieci-1.jpg\" class=\"attachment-full size-full\" alt=\"Spotkanie cz\u0142onk\u00f3w sieci wsp\u00f3\u0142pracy i samokszta\u0142cenia - XI -2024\" srcset=\"https:\/\/bibliotekapedagogiczna.pl\/wp-content\/uploads\/sites\/10\/2024\/11\/sieci-1.jpg 2048w, https:\/\/bibliotekapedagogiczna.pl\/wp-content\/uploads\/sites\/10\/2024\/11\/sieci-1-300x300.jpg 300w, https:\/\/bibliotekapedagogiczna.pl\/wp-content\/uploads\/sites\/10\/2024\/11\/sieci-1-1024x1024.jpg 1024w, https:\/\/bibliotekapedagogiczna.pl\/wp-content\/uploads\/sites\/10\/2024\/11\/sieci-1-150x150.jpg 150w, https:\/\/bibliotekapedagogiczna.pl\/wp-content\/uploads\/sites\/10\/2024\/11\/sieci-1-768x768.jpg 768w, https:\/\/bibliotekapedagogiczna.pl\/wp-content\/uploads\/sites\/10\/2024\/11\/sieci-1-1536x1536.jpg 1536w, https:\/\/bibliotekapedagogiczna.pl\/wp-content\/uploads\/sites\/10\/2024\/11\/sieci-1-24x24.jpg 24w, https:\/\/bibliotekapedagogiczna.pl\/wp-content\/uploads\/sites\/10\/2024\/11\/sieci-1-36x36.jpg 36w, https:\/\/bibliotekapedagogiczna.pl\/wp-content\/uploads\/sites\/10\/2024\/11\/sieci-1-48x48.jpg 48w\" sizes=\"(max-width: 2048px) 100vw, 2048px\" \/><\/a><\/div><div class=\"o-posts-grid-post-body\"><span class=\"o-posts-grid-post-category\"><a href=\"https:\/\/bibliotekapedagogiczna.pl\/kategoria\/wspieramy-nauczycieli\/\">Wspieramy biblioteki szkolne<\/a><\/span><h4 class=\"o-posts-grid-post-title\"><a href=\"https:\/\/bibliotekapedagogiczna.pl\/uk\/ksiazka-jest-dobra-na-wszystko\/\">Ksi\u0105\u017cka jest dobra na wszystko!<\/a><\/h4><p class=\"o-posts-grid-post-meta\">Posted on <time datetime=\"2024-11-18T08:22:29+01:00\">18.11.2024<\/time> by <a href=\"https:\/\/bibliotekapedagogiczna.pl\/uk\/author\/agawronski\/\">Andrzej Gawro\u0144ski<\/a><\/p><div class=\"o-posts-grid-post-description\"><p>W dzisiejszych czasach rola ksi\u0105\u017cki w edukacji i terapii staje si\u0119 coraz bardziej dostrzegalna. Nie \u2026<\/p><\/div><\/div><\/div><\/div><div class=\"o-posts-grid-post-blog o-posts-grid-post-plain\"><div class=\"o-posts-grid-post\"><div class=\"o-posts-grid-post-image\"><a href=\"https:\/\/bibliotekapedagogiczna.pl\/uk\/nowa-energia-i-nowe-pomysly-relacja-ze-spotkania-czlonkow-sieci-wspolpracy-i-samoksztalcenia\/\"><img loading=\"lazy\" decoding=\"async\" width=\"2048\" height=\"2048\" src=\"https:\/\/bibliotekapedagogiczna.pl\/wp-content\/uploads\/sites\/10\/2024\/10\/sieci-1.jpg\" class=\"attachment-full size-full\" alt=\"M\u0142ode bibliotekarki siedz\u0105 za sto\u0142em podczas zebrania\" srcset=\"https:\/\/bibliotekapedagogiczna.pl\/wp-content\/uploads\/sites\/10\/2024\/10\/sieci-1.jpg 2048w, https:\/\/bibliotekapedagogiczna.pl\/wp-content\/uploads\/sites\/10\/2024\/10\/sieci-1-300x300.jpg 300w, https:\/\/bibliotekapedagogiczna.pl\/wp-content\/uploads\/sites\/10\/2024\/10\/sieci-1-1024x1024.jpg 1024w, https:\/\/bibliotekapedagogiczna.pl\/wp-content\/uploads\/sites\/10\/2024\/10\/sieci-1-150x150.jpg 150w, https:\/\/bibliotekapedagogiczna.pl\/wp-content\/uploads\/sites\/10\/2024\/10\/sieci-1-768x768.jpg 768w, https:\/\/bibliotekapedagogiczna.pl\/wp-content\/uploads\/sites\/10\/2024\/10\/sieci-1-1536x1536.jpg 1536w, https:\/\/bibliotekapedagogiczna.pl\/wp-content\/uploads\/sites\/10\/2024\/10\/sieci-1-1320x1320.jpg 1320w, https:\/\/bibliotekapedagogiczna.pl\/wp-content\/uploads\/sites\/10\/2024\/10\/sieci-1-24x24.jpg 24w, https:\/\/bibliotekapedagogiczna.pl\/wp-content\/uploads\/sites\/10\/2024\/10\/sieci-1-36x36.jpg 36w, https:\/\/bibliotekapedagogiczna.pl\/wp-content\/uploads\/sites\/10\/2024\/10\/sieci-1-48x48.jpg 48w\" sizes=\"(max-width: 2048px) 100vw, 2048px\" \/><\/a><\/div><div class=\"o-posts-grid-post-body\"><span class=\"o-posts-grid-post-category\"><a href=\"https:\/\/bibliotekapedagogiczna.pl\/kategoria\/wspieramy-nauczycieli\/\">Wspieramy biblioteki szkolne<\/a><\/span><h4 class=\"o-posts-grid-post-title\"><a href=\"https:\/\/bibliotekapedagogiczna.pl\/uk\/nowa-energia-i-nowe-pomysly-relacja-ze-spotkania-czlonkow-sieci-wspolpracy-i-samoksztalcenia\/\">Nowa energia i nowe pomys\u0142y &#8211; relacja ze spotkania cz\u0142onk\u00f3w sieci wsp\u00f3\u0142pracy i samokszta\u0142cenia<\/a><\/h4><p class=\"o-posts-grid-post-meta\">Posted on <time datetime=\"2024-10-07T13:42:48+02:00\">07.10.2024<\/time> by <a href=\"https:\/\/bibliotekapedagogiczna.pl\/uk\/author\/agawronski\/\">Andrzej Gawro\u0144ski<\/a><\/p><div class=\"o-posts-grid-post-description\"><p>Rozpocz\u0119cie nowego roku szkolnego zawsze wi\u0105\u017ce si\u0119 z nowymi nadziejami oraz pomys\u0142ami. Podczas inaug\u2026<\/p><\/div><\/div><\/div><\/div><div class=\"o-posts-grid-post-blog o-posts-grid-post-plain\"><div class=\"o-posts-grid-post\"><div class=\"o-posts-grid-post-image\"><a href=\"https:\/\/bibliotekapedagogiczna.pl\/uk\/prawo-autorskie-w-bibliotece-relacja-ze-spotkania-czlonkow-sieci-wspolpracy-i-samoksztalcenia\/\"><img loading=\"lazy\" decoding=\"async\" width=\"1200\" height=\"1200\" src=\"https:\/\/bibliotekapedagogiczna.pl\/wp-content\/uploads\/sites\/10\/2024\/05\/prawo-autorskie-5.jpg\" class=\"attachment-full size-full\" alt=\"Grupa os\u00f3b siedz\u0105cych wok\u00f3\u0142 du\u017cego sto\u0142u konferencyjnego s\u0142ucha prowadz\u0105cej stoj\u0105cej przed ekranem wy\u015bwietlaj\u0105cym prezentacj\u0119.\" srcset=\"https:\/\/bibliotekapedagogiczna.pl\/wp-content\/uploads\/sites\/10\/2024\/05\/prawo-autorskie-5.jpg 1200w, https:\/\/bibliotekapedagogiczna.pl\/wp-content\/uploads\/sites\/10\/2024\/05\/prawo-autorskie-5-300x300.jpg 300w, https:\/\/bibliotekapedagogiczna.pl\/wp-content\/uploads\/sites\/10\/2024\/05\/prawo-autorskie-5-1024x1024.jpg 1024w, https:\/\/bibliotekapedagogiczna.pl\/wp-content\/uploads\/sites\/10\/2024\/05\/prawo-autorskie-5-150x150.jpg 150w, https:\/\/bibliotekapedagogiczna.pl\/wp-content\/uploads\/sites\/10\/2024\/05\/prawo-autorskie-5-768x768.jpg 768w, https:\/\/bibliotekapedagogiczna.pl\/wp-content\/uploads\/sites\/10\/2024\/05\/prawo-autorskie-5-24x24.jpg 24w, https:\/\/bibliotekapedagogiczna.pl\/wp-content\/uploads\/sites\/10\/2024\/05\/prawo-autorskie-5-36x36.jpg 36w, https:\/\/bibliotekapedagogiczna.pl\/wp-content\/uploads\/sites\/10\/2024\/05\/prawo-autorskie-5-48x48.jpg 48w\" sizes=\"(max-width: 1200px) 100vw, 1200px\" \/><\/a><\/div><div class=\"o-posts-grid-post-body\"><span class=\"o-posts-grid-post-category\"><a href=\"https:\/\/bibliotekapedagogiczna.pl\/ru\/\u043a\u0430\u0442\u0435\u0433\u043e\u0440\u0438\u044f\/wspieramy-nauczycieli-ru\/\">Wspieramy biblioteki szkolne<\/a><\/span><h4 class=\"o-posts-grid-post-title\"><a href=\"https:\/\/bibliotekapedagogiczna.pl\/uk\/prawo-autorskie-w-bibliotece-relacja-ze-spotkania-czlonkow-sieci-wspolpracy-i-samoksztalcenia\/\">Prawo autorskie w bibliotece &#8211; relacja ze spotkania cz\u0142onk\u00f3w Sieci Wsp\u00f3\u0142pracy i Samokszta\u0142cenia<\/a><\/h4><p class=\"o-posts-grid-post-meta\">Posted on <time datetime=\"2024-05-31T08:36:17+02:00\">31.05.2024<\/time> by <a href=\"https:\/\/bibliotekapedagogiczna.pl\/uk\/author\/agawronski\/\">Andrzej Gawro\u0144ski<\/a><\/p><div class=\"o-posts-grid-post-description\"><p>W \u015brod\u0119 29 maja odby\u0142o si\u0119 kolejne spotkanie cz\u0142onk\u00f3w Sieci Wsp\u00f3\u0142pracy i Samokszta\u0142cenia Nauczycieli\u2026<\/p><\/div><\/div><\/div><\/div><div class=\"o-posts-grid-post-blog o-posts-grid-post-plain\"><div class=\"o-posts-grid-post\"><div class=\"o-posts-grid-post-image\"><a href=\"https:\/\/bibliotekapedagogiczna.pl\/uk\/teatrzyk-kamishibai-tematem-kolejnego-spotkania-sieci-wspolpracy-i-samoksztalcenia\/\"><img loading=\"lazy\" decoding=\"async\" width=\"1200\" height=\"1200\" src=\"https:\/\/bibliotekapedagogiczna.pl\/wp-content\/uploads\/sites\/10\/2024\/04\/spotkanie-sieci-3.jpg\" class=\"attachment-full size-full\" alt=\"Uczestnicy spotkania siedz\u0105c na krzes\u0142ach przy stole z uwag\u0105 ogl\u0105daj\u0105 kolejne slajdy\" srcset=\"https:\/\/bibliotekapedagogiczna.pl\/wp-content\/uploads\/sites\/10\/2024\/04\/spotkanie-sieci-3.jpg 1200w, https:\/\/bibliotekapedagogiczna.pl\/wp-content\/uploads\/sites\/10\/2024\/04\/spotkanie-sieci-3-300x300.jpg 300w, https:\/\/bibliotekapedagogiczna.pl\/wp-content\/uploads\/sites\/10\/2024\/04\/spotkanie-sieci-3-1024x1024.jpg 1024w, https:\/\/bibliotekapedagogiczna.pl\/wp-content\/uploads\/sites\/10\/2024\/04\/spotkanie-sieci-3-150x150.jpg 150w, https:\/\/bibliotekapedagogiczna.pl\/wp-content\/uploads\/sites\/10\/2024\/04\/spotkanie-sieci-3-768x768.jpg 768w, https:\/\/bibliotekapedagogiczna.pl\/wp-content\/uploads\/sites\/10\/2024\/04\/spotkanie-sieci-3-24x24.jpg 24w, https:\/\/bibliotekapedagogiczna.pl\/wp-content\/uploads\/sites\/10\/2024\/04\/spotkanie-sieci-3-36x36.jpg 36w, https:\/\/bibliotekapedagogiczna.pl\/wp-content\/uploads\/sites\/10\/2024\/04\/spotkanie-sieci-3-48x48.jpg 48w\" sizes=\"(max-width: 1200px) 100vw, 1200px\" \/><\/a><\/div><div class=\"o-posts-grid-post-body\"><span class=\"o-posts-grid-post-category\"><a href=\"https:\/\/bibliotekapedagogiczna.pl\/kategoria\/wspieramy-nauczycieli\/\">Wspieramy biblioteki szkolne<\/a><\/span><h4 class=\"o-posts-grid-post-title\"><a href=\"https:\/\/bibliotekapedagogiczna.pl\/uk\/teatrzyk-kamishibai-tematem-kolejnego-spotkania-sieci-wspolpracy-i-samoksztalcenia\/\">Teatrzyk kamishibai tematem kolejnego spotkania Sieci Wsp\u00f3\u0142pracy i Samokszta\u0142cenia<\/a><\/h4><p class=\"o-posts-grid-post-meta\">Posted on <time datetime=\"2024-04-17T09:08:59+02:00\">17.04.2024<\/time> by <a href=\"https:\/\/bibliotekapedagogiczna.pl\/uk\/author\/agawronski\/\">Andrzej Gawro\u0144ski<\/a><\/p><div class=\"o-posts-grid-post-description\"><p>Na kwietniowym spotkaniu Sieci Wsp\u00f3\u0142pracy i Samokszta\u0142cenia Nauczycieli Bibliotekarzy Pani Izabela G\u2026<\/p><\/div><\/div><\/div><\/div><\/div> <\/div><\/div>\n<\/div><\/div>\n","protected":false},"excerpt":{"rendered":"","protected":false},"author":914,"featured_media":0,"parent":0,"menu_order":0,"comment_status":"closed","ping_status":"closed","template":"","meta":{"_acf_changed":false,"_oasis_is_in_workflow":0,"_oasis_original":0,"inline_featured_image":false,"site-sidebar-layout":"default","site-content-layout":"","ast-site-content-layout":"default","site-content-style":"default","site-sidebar-style":"default","ast-global-header-display":"","ast-banner-title-visibility":"","ast-main-header-display":"","ast-hfb-above-header-display":"","ast-hfb-below-header-display":"","ast-hfb-mobile-header-display":"","site-post-title":"","ast-breadcrumbs-content":"","ast-featured-img":"","footer-sml-layout":"","ast-disable-related-posts":"","theme-transparent-header-meta":"","adv-header-id-meta":"","stick-header-meta":"","header-above-stick-meta":"","header-main-stick-meta":"","header-below-stick-meta":"","astra-migrate-meta-layouts":"set","ast-page-background-enabled":"default","ast-page-background-meta":{"desktop":{"background-color":"","background-image":"","background-repeat":"repeat","background-position":"center center","background-size":"auto","background-attachment":"scroll","background-type":"","background-media":"","overlay-type":"","overlay-color":"","overlay-opacity":"","overlay-gradient":""},"tablet":{"background-color":"","background-image":"","background-repeat":"repeat","background-position":"center center","background-size":"auto","background-attachment":"scroll","background-type":"","background-media":"","overlay-type":"","overlay-color":"","overlay-opacity":"","overlay-gradient":""},"mobile":{"background-color":"","background-image":"","background-repeat":"repeat","background-position":"center center","background-size":"auto","background-attachment":"scroll","background-type":"","background-media":"","overlay-type":"","overlay-color":"","overlay-opacity":"","overlay-gradient":""}},"ast-content-background-meta":{"desktop":{"background-color":"var(--ast-global-color-5)","background-image":"","background-repeat":"repeat","background-position":"center center","background-size":"auto","background-attachment":"scroll","background-type":"","background-media":"","overlay-type":"","overlay-color":"","overlay-opacity":"","overlay-gradient":""},"tablet":{"background-color":"var(--ast-global-color-5)","background-image":"","background-repeat":"repeat","background-position":"center center","background-size":"auto","background-attachment":"scroll","background-type":"","background-media":"","overlay-type":"","overlay-color":"","overlay-opacity":"","overlay-gradient":""},"mobile":{"background-color":"var(--ast-global-color-5)","background-image":"","background-repeat":"repeat","background-position":"center center","background-size":"auto","background-attachment":"scroll","background-type":"","background-media":"","overlay-type":"","overlay-color":"","overlay-opacity":"","overlay-gradient":""}},"_themeisle_gutenberg_block_has_review":false,"footnotes":""},"class_list":["post-51796","page","type-page","status-publish","hentry"],"acf":[],"featured_image_urls_v2":{"full":"","thumbnail":"","medium":"","medium_large":"","large":"","1536x1536":"","2048x2048":"","img-1100-450":"","img-1120-800":"","img-870-440":"","img-850-600":"","img-480-380":"","img-300-225":"","img-540-700":"","img-75-75":"","menu-24x24":"","menu-36x36":"","menu-48x48":""},"post_excerpt_stackable_v2":"<p>Jest to forma doskonalenia nauczycieli bibliotekarzy poprzez szkolenia oraz wymian\u0119 do\u015bwiadcze\u0144 uczestnik\u00f3w. Spotkania odbywaj\u0105 si\u0119 raz w miesi\u0105cu, w godz. 13:00 \u2013 15:00.&nbsp; Szczeg\u00f3\u0142y spotka\u0144 zamieszczamy w kalendarzu na stronie biblioteki. Zach\u0119camy do korzystania z materia\u0142\u00f3w metodycznych b\u0119d\u0105cych efektem pracy cz\u0142onk\u00f3w sieci wsp\u00f3\u0142pracy i samokszta\u0142cenia nauczycieli bibliotekarzy powo\u0142anej w naszej bibliotece. Wspieramy biblioteki szkolneGry terenowe tematem kolejnego spotkania cz\u0142onk\u00f3w sieci wsp\u00f3\u0142pracy i samokszta\u0142cenia nauczycieli bibliotekarzyPosted on 28.04.2025 by Andrzej Gawro\u0144skiZa nami kolejne, owocne spotkanie cz\u0142onk\u00f3w Sieci Wsp\u00f3\u0142pracy i Samokszta\u0142cenia Nauczycieli Biblioteka\u2026\u041c\u0438 \u043f\u0456\u0434\u0442\u0440\u0438\u043c\u0443\u0454\u043c\u043e \u0448\u043a\u0456\u043b\u044c\u043d\u0456 \u0431\u0456\u0431\u043b\u0456\u043e\u0442\u0435\u043a\u0438Szkolenie z Canvy dla nauczycieli-bibliotekarzyPosted on 17.03.2025 by Andrzej Gawro\u0144skiW pi\u0105tek 14 marca, uczestnicy Sieci Wsp\u00f3\u0142pracy i&hellip;<\/p>\n","category_list_v2":"","author_info_v2":{"name":"Andrzej Gawro\u0144ski","url":"https:\/\/bibliotekapedagogiczna.pl\/uk\/author\/agawronski\/"},"comments_num_v2":"0 \u043a\u043e\u043c\u0435\u043d\u0442\u0430\u0440\u0456\u0432","_links":{"self":[{"href":"https:\/\/bibliotekapedagogiczna.pl\/uk\/wp-json\/wp\/v2\/pages\/51796","targetHints":{"allow":["GET"]}}],"collection":[{"href":"https:\/\/bibliotekapedagogiczna.pl\/uk\/wp-json\/wp\/v2\/pages"}],"about":[{"href":"https:\/\/bibliotekapedagogiczna.pl\/uk\/wp-json\/wp\/v2\/types\/page"}],"author":[{"embeddable":true,"href":"https:\/\/bibliotekapedagogiczna.pl\/uk\/wp-json\/wp\/v2\/users\/914"}],"replies":[{"embeddable":true,"href":"https:\/\/bibliotekapedagogiczna.pl\/uk\/wp-json\/wp\/v2\/comments?post=51796"}],"version-history":[{"count":28,"href":"https:\/\/bibliotekapedagogiczna.pl\/uk\/wp-json\/wp\/v2\/pages\/51796\/revisions"}],"predecessor-version":[{"id":81784,"href":"https:\/\/bibliotekapedagogiczna.pl\/uk\/wp-json\/wp\/v2\/pages\/51796\/revisions\/81784"}],"wp:attachment":[{"href":"https:\/\/bibliotekapedagogiczna.pl\/uk\/wp-json\/wp\/v2\/media?parent=51796"}],"curies":[{"name":"wp","href":"https:\/\/api.w.org\/{rel}","templated":true}]}}