{"id":20558,"date":"2018-02-16T13:32:33","date_gmt":"2018-02-16T12:32:33","guid":{"rendered":"https:\/\/bibliotekapedagogiczna.pl\/o-bibliotece\/filie-biblioteki-2\/"},"modified":"2022-10-27T23:42:26","modified_gmt":"2022-10-27T21:42:26","slug":"filie-biblioteki-2","status":"publish","type":"page","link":"https:\/\/bibliotekapedagogiczna.pl\/uk\/o-bibliotece\/filie-biblioteki-2\/","title":{"rendered":"\u0411\u0456\u0431\u043b\u0456\u043e\u0442\u0435\u043a\u0430-\u0444\u0456\u043b\u0456\u0457"},"content":{"rendered":"<h2><strong>Filie Biblioteki Pedagogicznej w Radomiu zlokalizowane s\u0105 w<\/strong>:<\/h2>\n<ul>\n<li>Gr\u00f3jcu<\/li>\n<li>Kozienicach<\/li>\n<li>Lipsku<\/li>\n<li>Pionkach<\/li>\n<li>Szyd\u0142owcu<\/li>\n<li>Zwoleniu<\/li>\n<\/ul>\n<h2><strong>Obszarem naszej dzia\u0142alno\u015bci obj\u0119te s\u0105 powiaty:<\/strong><\/h2>\n<ul>\n<li>bia\u0142obrzeski,<\/li>\n<li>gr\u00f3jecki,<\/li>\n<li>kozienicki,<\/li>\n<li>lipski,<\/li>\n<li>przysuski,<\/li>\n<li>radomski<\/li>\n<li>szyd\u0142owiecki,<\/li>\n<li>zwole\u0144ski.<\/li>\n<\/ul>\n<figure id=\"attachment_2744\" aria-describedby=\"caption-attachment-2744\" style=\"width: 1366px\" class=\"wp-caption aligncenter\"><img loading=\"lazy\" decoding=\"async\" class=\"wp-image-2744 size-full\" src=\"https:\/\/bibliotekapedagogiczna.pl\/wp-content\/uploads\/2019\/04\/radom-i-okolice.png\" alt=\"\" width=\"1366\" height=\"768\" \/><figcaption id=\"caption-attachment-2744\" class=\"wp-caption-text\">Obszar dzia\u0142ania Biblioteki Pedagogicznej w Radomiu<\/figcaption><\/figure>\n","protected":false},"excerpt":{"rendered":"<p>Filie Biblioteki Pedagogicznej w Radomiu zlokalizowane s\u0105 w: Gr\u00f3jcu Kozienicach Lipsku Pionkach Szyd\u0142owcu Zwoleniu Obszarem naszej dzia\u0142alno\u015bci obj\u0119te s\u0105 powiaty: [&hellip;]<\/p>\n","protected":false},"author":114,"featured_media":0,"parent":20504,"menu_order":5,"comment_status":"closed","ping_status":"closed","template":"","meta":{"_acf_changed":false,"_oasis_is_in_workflow":0,"_oasis_original":0,"inline_featured_image":false,"site-sidebar-layout":"default","site-content-layout":"","ast-site-content-layout":"default","site-content-style":"default","site-sidebar-style":"default","ast-global-header-display":"","ast-banner-title-visibility":"","ast-main-header-display":"","ast-hfb-above-header-display":"","ast-hfb-below-header-display":"","ast-hfb-mobile-header-display":"","site-post-title":"","ast-breadcrumbs-content":"","ast-featured-img":"","footer-sml-layout":"","ast-disable-related-posts":"","theme-transparent-header-meta":"","adv-header-id-meta":"","stick-header-meta":"","header-above-stick-meta":"","header-main-stick-meta":"","header-below-stick-meta":"","astra-migrate-meta-layouts":"default","ast-page-background-enabled":"default","ast-page-background-meta":{"desktop":{"background-color":"","background-image":"","background-repeat":"repeat","background-position":"center center","background-size":"auto","background-attachment":"scroll","background-type":"","background-media":"","overlay-type":"","overlay-color":"","overlay-opacity":"","overlay-gradient":""},"tablet":{"background-color":"","background-image":"","background-repeat":"repeat","background-position":"center center","background-size":"auto","background-attachment":"scroll","background-type":"","background-media":"","overlay-type":"","overlay-color":"","overlay-opacity":"","overlay-gradient":""},"mobile":{"background-color":"","background-image":"","background-repeat":"repeat","background-position":"center center","background-size":"auto","background-attachment":"scroll","background-type":"","background-media":"","overlay-type":"","overlay-color":"","overlay-opacity":"","overlay-gradient":""}},"ast-content-background-meta":{"desktop":{"background-color":"var(--ast-global-color-5)","background-image":"","background-repeat":"repeat","background-position":"center center","background-size":"auto","background-attachment":"scroll","background-type":"","background-media":"","overlay-type":"","overlay-color":"","overlay-opacity":"","overlay-gradient":""},"tablet":{"background-color":"var(--ast-global-color-5)","background-image":"","background-repeat":"repeat","background-position":"center center","background-size":"auto","background-attachment":"scroll","background-type":"","background-media":"","overlay-type":"","overlay-color":"","overlay-opacity":"","overlay-gradient":""},"mobile":{"background-color":"var(--ast-global-color-5)","background-image":"","background-repeat":"repeat","background-position":"center center","background-size":"auto","background-attachment":"scroll","background-type":"","background-media":"","overlay-type":"","overlay-color":"","overlay-opacity":"","overlay-gradient":""}},"_themeisle_gutenberg_block_has_review":false,"footnotes":""},"class_list":["post-20558","page","type-page","status-publish","hentry"],"acf":[],"featured_image_urls_v2":{"full":"","thumbnail":"","medium":"","medium_large":"","large":"","1536x1536":"","2048x2048":"","img-1100-450":"","img-1120-800":"","img-870-440":"","img-850-600":"","img-480-380":"","img-300-225":"","img-540-700":"","img-75-75":"","menu-24x24":"","menu-36x36":"","menu-48x48":""},"post_excerpt_stackable_v2":"<p>Filie Biblioteki Pedagogicznej w Radomiu zlokalizowane s\u0105 w: Gr\u00f3jcu Kozienicach Lipsku Pionkach Szyd\u0142owcu Zwoleniu Obszarem naszej dzia\u0142alno\u015bci obj\u0119te s\u0105 powiaty: bia\u0142obrzeski, gr\u00f3jecki, kozienicki, lipski, przysuski, radomski szyd\u0142owiecki, zwole\u0144ski. Obszar dzia\u0142ania Biblioteki Pedagogicznej w Radomiu<\/p>\n","category_list_v2":"","author_info_v2":{"name":"R2F3cm9u","url":"https:\/\/bibliotekapedagogiczna.pl\/uk\/author\/yw5kcnplamdhd3jvbnnraq\/"},"comments_num_v2":"0 \u043a\u043e\u043c\u0435\u043d\u0442\u0430\u0440\u0456\u0432","_links":{"self":[{"href":"https:\/\/bibliotekapedagogiczna.pl\/uk\/wp-json\/wp\/v2\/pages\/20558","targetHints":{"allow":["GET"]}}],"collection":[{"href":"https:\/\/bibliotekapedagogiczna.pl\/uk\/wp-json\/wp\/v2\/pages"}],"about":[{"href":"https:\/\/bibliotekapedagogiczna.pl\/uk\/wp-json\/wp\/v2\/types\/page"}],"author":[{"embeddable":true,"href":"https:\/\/bibliotekapedagogiczna.pl\/uk\/wp-json\/wp\/v2\/users\/114"}],"replies":[{"embeddable":true,"href":"https:\/\/bibliotekapedagogiczna.pl\/uk\/wp-json\/wp\/v2\/comments?post=20558"}],"version-history":[{"count":1,"href":"https:\/\/bibliotekapedagogiczna.pl\/uk\/wp-json\/wp\/v2\/pages\/20558\/revisions"}],"predecessor-version":[{"id":20771,"href":"https:\/\/bibliotekapedagogiczna.pl\/uk\/wp-json\/wp\/v2\/pages\/20558\/revisions\/20771"}],"up":[{"embeddable":true,"href":"https:\/\/bibliotekapedagogiczna.pl\/uk\/wp-json\/wp\/v2\/pages\/20504"}],"wp:attachment":[{"href":"https:\/\/bibliotekapedagogiczna.pl\/uk\/wp-json\/wp\/v2\/media?parent=20558"}],"curies":[{"name":"wp","href":"https:\/\/api.w.org\/{rel}","templated":true}]}}