{"id":20468,"date":"2018-02-22T11:05:47","date_gmt":"2018-02-22T10:05:47","guid":{"rendered":"https:\/\/bibliotekapedagogiczna.pl\/dla-nauczyciela\/lekcje-z-edukacji-czytelniczej-i-medialnej\/"},"modified":"2022-11-17T10:56:10","modified_gmt":"2022-11-17T09:56:10","slug":"lekcje-z-edukacji-czytelniczej-i-medialnej","status":"publish","type":"page","link":"https:\/\/bibliotekapedagogiczna.pl\/uk\/dla-nauczyciela\/lekcje-z-edukacji-czytelniczej-i-medialnej\/","title":{"rendered":"\u0427\u0438\u0442\u0430\u043d\u043d\u044f \u0442\u0430 \u043c\u0435\u0434\u0456\u0430\u043e\u0441\u0432\u0456\u0442\u0430"},"content":{"rendered":"\n<p><strong>Wydzia\u0142 Informacyjno-Bibliograficzny<\/strong> prowadzi lekcje biblioteczne dla wszystkich typ\u00f3w szk\u00f3\u0142. Zaj\u0119cia b\u0119d\u0105 prowadzone w ka\u017cd\u0105 \u015brod\u0119, w godz. 9.00-12.00 w Czytelni lub w siedzibie zainteresowanej szko\u0142y po wcze\u015bniejszym uzgodnieniu telefonicznym.<\/p>\n\n<h2 class=\"wp-block-heading\">\u041a\u043e\u043d\u0442\u0430\u043a\u0442\u0438:<\/h2>\n\n<ul class=\"wp-block-list\"><li>Wydzia\u0142 Informacyjno-Bibliograficzny &#8211; tel. (48) 345-98-37 w. 116; \u00a0(48) 345-95-50 w. 116<\/li><\/ul>\n\n<h2 class=\"wp-block-heading\">Tematy lekcji:<\/h2>\n\n<h3 class=\"wp-block-heading\">Wychowanie przedszkolne:<\/h3>\n\n<ul class=\"wp-block-list\"><li>Wycieczka do Biblioteki Pedagogicznej w Radomiu<\/li><li>Szukamy informacji.<\/li><li>\u015awiat wok\u00f3\u0142 nas, \u015bwiat pe\u0142en przekaz\u00f3w.<\/li><li>\u015awiat filmu<\/li><\/ul>\n\n<h3 class=\"wp-block-heading\">Szko\u0142y podstawowe &#8211; kl. I-III<\/h3>\n\n<ul class=\"wp-block-list\"><li>Wycieczka do Biblioteki Pedagogicznej w Radomiu.<\/li><li>Sk\u0105d czerpiemy wiedz\u0119?<\/li><li>Bezpieczni w mediach.<\/li><li>Po drugiej stronie ekranu.<\/li><\/ul>\n\n<h3 class=\"wp-block-heading\">Szko\u0142y podstawowe &#8211; kl. IV-VIII<\/h3>\n\n<ul class=\"wp-block-list\"><li>Biblioteka szkolna a biblioteka pedagogiczna : podobie\u0144stwa i r\u00f3\u017cnice.<\/li><li>Wady i zalety Internetu.<\/li><li>Na tropie informacji.<\/li><li>Czasopisma tradycyjne i internetowe \u017ar\u00f3d\u0142em wiedzy i informacji<\/li><li>Encyklopedie i s\u0142owniki tradycyjne i internetowe jako \u017ar\u00f3d\u0142a informacji bezpo\u015bredniej.<\/li><li>Cyfrowy porter, czyli kilka s\u0142\u00f3w o wizerunku w Internecie.<\/li><li>Media wok\u00f3\u0142 nas.<\/li><li>Rola medi\u00f3w w uj\u0119ciu historycznym.<\/li><li>\u015awiat medi\u00f3w &#8211; media lubi\u0105 sensacje.<\/li><li>Wirtualny \u015bwiat, \u00a0wirtualne znajomo\u015bci.<\/li><\/ul>\n\n<h3 class=\"wp-block-heading\">Szko\u0142y \u015brednie<\/h3>\n\n<ul class=\"wp-block-list\"><li>Biblioteka Pedagogiczna jakiej nie znamy : zasady korzystania<\/li><li>Gdzie szuka\u0107 informacji?<\/li><li>Stop cyberprzemocy.<\/li><li>J\u0119zyk medi\u00f3w.<\/li><li>Szko\u0142y ponadgimnazjalne<\/li><li>Specyfika pracy Biblioteki Pedagogicznej. Korzystanie z katalogu Integro.<\/li><li>Korzy\u015bci z podejrzliwo\u015bci, czyli o wiarygodno\u015bci informacji.<\/li><li>Sporz\u0105dzanie bibliografii za\u0142\u0105cznikowej.<\/li><li>Wizerunek w sieci.<\/li><li>Netykieta, czyli o kulturze w Internecie.<\/li><\/ul>\n","protected":false},"excerpt":{"rendered":"<p>Wydzia\u0142 Informacyjno-Bibliograficzny prowadzi lekcje biblioteczne dla wszystkich typ\u00f3w szk\u00f3\u0142. Zaj\u0119cia b\u0119d\u0105 prowadzone w ka\u017cd\u0105 \u015brod\u0119, w godz. 9.00-12.00 w Czytelni [&hellip;]<\/p>\n","protected":false},"author":114,"featured_media":0,"parent":20414,"menu_order":2,"comment_status":"closed","ping_status":"closed","template":"","meta":{"_acf_changed":false,"_oasis_is_in_workflow":0,"_oasis_original":0,"inline_featured_image":false,"site-sidebar-layout":"default","site-content-layout":"","ast-site-content-layout":"default","site-content-style":"default","site-sidebar-style":"default","ast-global-header-display":"","ast-banner-title-visibility":"","ast-main-header-display":"","ast-hfb-above-header-display":"","ast-hfb-below-header-display":"","ast-hfb-mobile-header-display":"","site-post-title":"","ast-breadcrumbs-content":"","ast-featured-img":"","footer-sml-layout":"","ast-disable-related-posts":"","theme-transparent-header-meta":"","adv-header-id-meta":"","stick-header-meta":"","header-above-stick-meta":"","header-main-stick-meta":"","header-below-stick-meta":"","astra-migrate-meta-layouts":"default","ast-page-background-enabled":"default","ast-page-background-meta":{"desktop":{"background-color":"","background-image":"","background-repeat":"repeat","background-position":"center center","background-size":"auto","background-attachment":"scroll","background-type":"","background-media":"","overlay-type":"","overlay-color":"","overlay-opacity":"","overlay-gradient":""},"tablet":{"background-color":"","background-image":"","background-repeat":"repeat","background-position":"center center","background-size":"auto","background-attachment":"scroll","background-type":"","background-media":"","overlay-type":"","overlay-color":"","overlay-opacity":"","overlay-gradient":""},"mobile":{"background-color":"","background-image":"","background-repeat":"repeat","background-position":"center center","background-size":"auto","background-attachment":"scroll","background-type":"","background-media":"","overlay-type":"","overlay-color":"","overlay-opacity":"","overlay-gradient":""}},"ast-content-background-meta":{"desktop":{"background-color":"var(--ast-global-color-5)","background-image":"","background-repeat":"repeat","background-position":"center center","background-size":"auto","background-attachment":"scroll","background-type":"","background-media":"","overlay-type":"","overlay-color":"","overlay-opacity":"","overlay-gradient":""},"tablet":{"background-color":"var(--ast-global-color-5)","background-image":"","background-repeat":"repeat","background-position":"center center","background-size":"auto","background-attachment":"scroll","background-type":"","background-media":"","overlay-type":"","overlay-color":"","overlay-opacity":"","overlay-gradient":""},"mobile":{"background-color":"var(--ast-global-color-5)","background-image":"","background-repeat":"repeat","background-position":"center center","background-size":"auto","background-attachment":"scroll","background-type":"","background-media":"","overlay-type":"","overlay-color":"","overlay-opacity":"","overlay-gradient":""}},"_themeisle_gutenberg_block_has_review":false,"footnotes":""},"class_list":["post-20468","page","type-page","status-publish","hentry"],"acf":[],"featured_image_urls_v2":{"full":"","thumbnail":"","medium":"","medium_large":"","large":"","1536x1536":"","2048x2048":"","img-1100-450":"","img-1120-800":"","img-870-440":"","img-850-600":"","img-480-380":"","img-300-225":"","img-540-700":"","img-75-75":"","menu-24x24":"","menu-36x36":"","menu-48x48":""},"post_excerpt_stackable_v2":"<p>Wydzia\u0142 Informacyjno-Bibliograficzny prowadzi lekcje biblioteczne dla wszystkich typ\u00f3w szk\u00f3\u0142. Zaj\u0119cia b\u0119d\u0105 prowadzone w ka\u017cd\u0105 \u015brod\u0119, w godz. 9.00-12.00 w Czytelni lub w siedzibie zainteresowanej szko\u0142y po wcze\u015bniejszym uzgodnieniu telefonicznym. \u041a\u043e\u043d\u0442\u0430\u043a\u0442\u0438: Wydzia\u0142 Informacyjno-Bibliograficzny &#8211; tel. (48) 345-98-37 w. 116; \u00a0(48) 345-95-50 w. 116 Tematy lekcji: Wychowanie przedszkolne: Wycieczka do Biblioteki Pedagogicznej w RadomiuSzukamy informacji.\u015awiat wok\u00f3\u0142 nas, \u015bwiat pe\u0142en przekaz\u00f3w.\u015awiat filmu Szko\u0142y podstawowe &#8211; kl. I-III Wycieczka do Biblioteki Pedagogicznej w Radomiu.Sk\u0105d czerpiemy wiedz\u0119?Bezpieczni w mediach.Po drugiej stronie ekranu. Szko\u0142y podstawowe &#8211; kl. IV-VIII Biblioteka szkolna a biblioteka pedagogiczna : podobie\u0144stwa i r\u00f3\u017cnice.Wady i zalety Internetu.Na tropie informacji.Czasopisma tradycyjne i internetowe \u017ar\u00f3d\u0142em&hellip;<\/p>\n","category_list_v2":"","author_info_v2":{"name":"R2F3cm9u","url":"https:\/\/bibliotekapedagogiczna.pl\/uk\/author\/yw5kcnplamdhd3jvbnnraq\/"},"comments_num_v2":"0 \u043a\u043e\u043c\u0435\u043d\u0442\u0430\u0440\u0456\u0432","_links":{"self":[{"href":"https:\/\/bibliotekapedagogiczna.pl\/uk\/wp-json\/wp\/v2\/pages\/20468","targetHints":{"allow":["GET"]}}],"collection":[{"href":"https:\/\/bibliotekapedagogiczna.pl\/uk\/wp-json\/wp\/v2\/pages"}],"about":[{"href":"https:\/\/bibliotekapedagogiczna.pl\/uk\/wp-json\/wp\/v2\/types\/page"}],"author":[{"embeddable":true,"href":"https:\/\/bibliotekapedagogiczna.pl\/uk\/wp-json\/wp\/v2\/users\/114"}],"replies":[{"embeddable":true,"href":"https:\/\/bibliotekapedagogiczna.pl\/uk\/wp-json\/wp\/v2\/comments?post=20468"}],"version-history":[{"count":3,"href":"https:\/\/bibliotekapedagogiczna.pl\/uk\/wp-json\/wp\/v2\/pages\/20468\/revisions"}],"predecessor-version":[{"id":23086,"href":"https:\/\/bibliotekapedagogiczna.pl\/uk\/wp-json\/wp\/v2\/pages\/20468\/revisions\/23086"}],"up":[{"embeddable":true,"href":"https:\/\/bibliotekapedagogiczna.pl\/uk\/wp-json\/wp\/v2\/pages\/20414"}],"wp:attachment":[{"href":"https:\/\/bibliotekapedagogiczna.pl\/uk\/wp-json\/wp\/v2\/media?parent=20468"}],"curies":[{"name":"wp","href":"https:\/\/api.w.org\/{rel}","templated":true}]}}