{"id":20456,"date":"2018-02-21T14:27:54","date_gmt":"2018-02-21T13:27:54","guid":{"rendered":"https:\/\/bibliotekapedagogiczna.pl\/dla-nauczyciela\/tematyka-szkolen-z-tik\/"},"modified":"2022-11-17T10:56:14","modified_gmt":"2022-11-17T09:56:14","slug":"tematyka-szkolen-z-tik","status":"publish","type":"page","link":"https:\/\/bibliotekapedagogiczna.pl\/uk\/dla-nauczyciela\/tematyka-szkolen-z-tik\/","title":{"rendered":"\u0422\u0435\u043c\u0430\u0442\u0438\u043a\u0430 \u0437\u0430\u0441\u0456\u0434\u0430\u043d\u044c \u0406\u041a\u0422-\u043f\u0440\u0430\u043a\u0442\u0438\u043a\u0443\u043c\u0443"},"content":{"rendered":"\n<p><strong>UWAGA!!! W czasie pandemii wszystkie zaj\u0119cia przewidziane do realizacji w formie stacjonarnej zostaj\u0105 zawieszone.<\/strong><\/p>\n\n<p>Biblioteka Pedagogiczna w Radomiu zaprasza nauczycieli r\u00f3\u017cnych przedmiot\u00f3w, wychowawc\u00f3w oraz nauczycieli bibliotekarzy do\u00a0udzia\u0142u w bezp\u0142atnych szkoleniach. Terminy szkole\u0144 zostan\u0105 ustalone po zebraniu grup. Przewidywany czas szkolenia 45 min. Istnieje mo\u017cliwo\u015b\u0107 przeprowadzenia szkolenia dla zorganizowanych grup nauczycieli w macierzystej plac\u00f3wce o\u015bwiatowej.<\/p>\n\n<h2 class=\"wp-block-heading\">\u041a\u043e\u043d\u0442\u0430\u043a\u0442\u0438:<\/h2>\n\n<ul class=\"wp-block-list\"><li>Ewa Pachniak, Agata Jurek:\u00a0tel. (48) 345-98-37 w. 116; \u00a0(48) 345-95-50 w. 116; email: informacja@bp.radom.pl<\/li><\/ul>\n\n<h2 class=\"wp-block-heading\">Tematyka szkole\u0144:<\/h2>\n\n<ol class=\"wp-block-list\"><li>Internetowy niezb\u0119dnik nauczyciela bibliotekarza.<\/li><li>Bezpiecze\u0144stwo w sieci.<\/li><li>Tworzenie mapy ciekawych miejsc w sieci z zastosowaniem Pearltrees.<\/li><li>ToonDoo &#8211; serwis do tworzenia komiks\u00f3w.<\/li><li>Padlet &#8211; wirtualna tablica.<\/li><li>Odwr\u00f3cona lekcja &#8211; praca z otwartymi zasobami edukacyjnymi.<\/li><li>Animoto &#8211; tworzenie kr\u00f3tkich film\u00f3w wideo z obraz\u00f3w.<\/li><li>Wykorzystanie w szkole pracy w chmurze.<\/li><li>Tworzenie prezentacji multimedialnej w Open Office Impress.<\/li><li>Prezi &#8211; nietypowe prezentacje.<\/li><li>Tworzenie strony internetowej szko\u0142y, biblioteki (cykl spotka\u0144).<\/li><li>Prezentacja wybranych system\u00f3w bibliotecznych.<\/li><li>Tworzenie gazetki szkolnej w kreatorze Qmam.<\/li><li>Nowe formy promocji ksi\u0105\u017cki.<\/li><li>Darmowe oprogramowanie w pracy nauczyciela.<\/li><li>TIK w edukacji wczesnoszkolnej.<\/li><li>Praca na platformie edukacyjnej Moodle.<\/li><\/ol>\n\n<p>Ka\u017cdy uczestnik otrzyma potwierdzenie udzia\u0142u w warsztatach oraz materia\u0142y szkoleniowe.<\/p>\n","protected":false},"excerpt":{"rendered":"<p>UWAGA!!! W czasie pandemii wszystkie zaj\u0119cia przewidziane do realizacji w formie stacjonarnej zostaj\u0105 zawieszone. Biblioteka Pedagogiczna w Radomiu zaprasza nauczycieli [&hellip;]<\/p>\n","protected":false},"author":114,"featured_media":0,"parent":20414,"menu_order":1,"comment_status":"closed","ping_status":"closed","template":"","meta":{"_acf_changed":false,"_oasis_is_in_workflow":0,"_oasis_original":0,"inline_featured_image":false,"site-sidebar-layout":"default","site-content-layout":"","ast-site-content-layout":"default","site-content-style":"default","site-sidebar-style":"default","ast-global-header-display":"","ast-banner-title-visibility":"","ast-main-header-display":"","ast-hfb-above-header-display":"","ast-hfb-below-header-display":"","ast-hfb-mobile-header-display":"","site-post-title":"","ast-breadcrumbs-content":"","ast-featured-img":"","footer-sml-layout":"","ast-disable-related-posts":"","theme-transparent-header-meta":"","adv-header-id-meta":"","stick-header-meta":"","header-above-stick-meta":"","header-main-stick-meta":"","header-below-stick-meta":"","astra-migrate-meta-layouts":"default","ast-page-background-enabled":"default","ast-page-background-meta":{"desktop":{"background-color":"","background-image":"","background-repeat":"repeat","background-position":"center center","background-size":"auto","background-attachment":"scroll","background-type":"","background-media":"","overlay-type":"","overlay-color":"","overlay-opacity":"","overlay-gradient":""},"tablet":{"background-color":"","background-image":"","background-repeat":"repeat","background-position":"center center","background-size":"auto","background-attachment":"scroll","background-type":"","background-media":"","overlay-type":"","overlay-color":"","overlay-opacity":"","overlay-gradient":""},"mobile":{"background-color":"","background-image":"","background-repeat":"repeat","background-position":"center center","background-size":"auto","background-attachment":"scroll","background-type":"","background-media":"","overlay-type":"","overlay-color":"","overlay-opacity":"","overlay-gradient":""}},"ast-content-background-meta":{"desktop":{"background-color":"var(--ast-global-color-5)","background-image":"","background-repeat":"repeat","background-position":"center center","background-size":"auto","background-attachment":"scroll","background-type":"","background-media":"","overlay-type":"","overlay-color":"","overlay-opacity":"","overlay-gradient":""},"tablet":{"background-color":"var(--ast-global-color-5)","background-image":"","background-repeat":"repeat","background-position":"center center","background-size":"auto","background-attachment":"scroll","background-type":"","background-media":"","overlay-type":"","overlay-color":"","overlay-opacity":"","overlay-gradient":""},"mobile":{"background-color":"var(--ast-global-color-5)","background-image":"","background-repeat":"repeat","background-position":"center center","background-size":"auto","background-attachment":"scroll","background-type":"","background-media":"","overlay-type":"","overlay-color":"","overlay-opacity":"","overlay-gradient":""}},"_themeisle_gutenberg_block_has_review":false,"footnotes":""},"class_list":["post-20456","page","type-page","status-publish","hentry"],"acf":[],"featured_image_urls_v2":{"full":"","thumbnail":"","medium":"","medium_large":"","large":"","1536x1536":"","2048x2048":"","img-1100-450":"","img-1120-800":"","img-870-440":"","img-850-600":"","img-480-380":"","img-300-225":"","img-540-700":"","img-75-75":"","menu-24x24":"","menu-36x36":"","menu-48x48":""},"post_excerpt_stackable_v2":"<p>UWAGA!!! W czasie pandemii wszystkie zaj\u0119cia przewidziane do realizacji w formie stacjonarnej zostaj\u0105 zawieszone. Biblioteka Pedagogiczna w Radomiu zaprasza nauczycieli r\u00f3\u017cnych przedmiot\u00f3w, wychowawc\u00f3w oraz nauczycieli bibliotekarzy do\u00a0udzia\u0142u w bezp\u0142atnych szkoleniach. Terminy szkole\u0144 zostan\u0105 ustalone po zebraniu grup. Przewidywany czas szkolenia 45 min. Istnieje mo\u017cliwo\u015b\u0107 przeprowadzenia szkolenia dla zorganizowanych grup nauczycieli w macierzystej plac\u00f3wce o\u015bwiatowej. \u041a\u043e\u043d\u0442\u0430\u043a\u0442\u0438: Ewa Pachniak, Agata Jurek:\u00a0tel. (48) 345-98-37 w. 116; \u00a0(48) 345-95-50 w. 116; email: informacja@bp.radom.pl Tematyka szkole\u0144: Internetowy niezb\u0119dnik nauczyciela bibliotekarza.Bezpiecze\u0144stwo w sieci.Tworzenie mapy ciekawych miejsc w sieci z zastosowaniem Pearltrees.ToonDoo &#8211; serwis do tworzenia komiks\u00f3w.Padlet &#8211; wirtualna tablica.Odwr\u00f3cona lekcja &#8211; praca z otwartymi zasobami edukacyjnymi.Animoto&hellip;<\/p>\n","category_list_v2":"","author_info_v2":{"name":"R2F3cm9u","url":"https:\/\/bibliotekapedagogiczna.pl\/uk\/author\/yw5kcnplamdhd3jvbnnraq\/"},"comments_num_v2":"0 \u043a\u043e\u043c\u0435\u043d\u0442\u0430\u0440\u0456\u0432","_links":{"self":[{"href":"https:\/\/bibliotekapedagogiczna.pl\/uk\/wp-json\/wp\/v2\/pages\/20456","targetHints":{"allow":["GET"]}}],"collection":[{"href":"https:\/\/bibliotekapedagogiczna.pl\/uk\/wp-json\/wp\/v2\/pages"}],"about":[{"href":"https:\/\/bibliotekapedagogiczna.pl\/uk\/wp-json\/wp\/v2\/types\/page"}],"author":[{"embeddable":true,"href":"https:\/\/bibliotekapedagogiczna.pl\/uk\/wp-json\/wp\/v2\/users\/114"}],"replies":[{"embeddable":true,"href":"https:\/\/bibliotekapedagogiczna.pl\/uk\/wp-json\/wp\/v2\/comments?post=20456"}],"version-history":[{"count":3,"href":"https:\/\/bibliotekapedagogiczna.pl\/uk\/wp-json\/wp\/v2\/pages\/20456\/revisions"}],"predecessor-version":[{"id":23089,"href":"https:\/\/bibliotekapedagogiczna.pl\/uk\/wp-json\/wp\/v2\/pages\/20456\/revisions\/23089"}],"up":[{"embeddable":true,"href":"https:\/\/bibliotekapedagogiczna.pl\/uk\/wp-json\/wp\/v2\/pages\/20414"}],"wp:attachment":[{"href":"https:\/\/bibliotekapedagogiczna.pl\/uk\/wp-json\/wp\/v2\/media?parent=20456"}],"curies":[{"name":"wp","href":"https:\/\/api.w.org\/{rel}","templated":true}]}}