{"id":20453,"date":"2018-02-22T11:27:53","date_gmt":"2018-02-22T10:27:53","guid":{"rendered":"https:\/\/bibliotekapedagogiczna.pl\/dla-nauczyciela\/oferta-dla-nauczyciela\/"},"modified":"2022-10-27T23:39:38","modified_gmt":"2022-10-27T21:39:38","slug":"oferta-dla-nauczyciela","status":"publish","type":"page","link":"https:\/\/bibliotekapedagogiczna.pl\/uk\/dla-nauczyciela\/oferta-dla-nauczyciela\/","title":{"rendered":"\u041f\u0440\u043e\u043f\u043e\u0437\u0438\u0446\u0456\u044f \u0434\u043b\u044f \u0432\u0447\u0438\u0442\u0435\u043b\u044f"},"content":{"rendered":"\n<p>Biblioteka Pedagogiczna w Radomiu wspiera nauczycieli wszystkich typ\u00f3w szk\u00f3\u0142 i przedszkoli, a tak\u017ce pracownik\u00f3w o\u015bwiaty i plac\u00f3wek o\u015bwiatowych. Biblioteka oferuje nauczycielom fachow\u0105 pomoc wykwalifikowanych nauczycieli-bibliotekarzy w zakresie:<\/p>\n\n<ul class=\"wp-block-list\"><li>Pomocy w wyborze literatury na dany temat,<\/li><li>Sporz\u0105dzania i wydruku zestawie\u0144 bibliograficznych przydatnych do prowadzenia zaj\u0119\u0107 edukacyjnych,<\/li><li>Instrukta\u017cu metodycznego dla nauczycieli-bibliotekarzy wszystkich rodzaj\u00f3w szk\u00f3\u0142,<\/li><li>Organizacji i prowadzenia lekcji bibliotecznych dla uczni\u00f3w wszystkich typ\u00f3w szk\u00f3\u0142,<\/li><li>Prowadzenia zaj\u0119\u0107 dla dzieci w wieku przedszkolnym etc.<\/li><\/ul>\n\n<p>W dziale tym zamieszcza\u0107 b\u0119dziemy materia\u0142y przydatne w codziennej pracy nauczyciela. Zapraszamy do korzystania!<\/p>\n\n<h2 class=\"wp-block-heading\">Materia\u0142y dla nauczycieli:<\/h2>\n\n<ul class=\"wp-block-list\"><li><a href=\"https:\/\/padlet.com\/gromadzenie\/Bookmarks\" target=\"_blank\" rel=\"noopener\">Materia\u0142y przydatne do organiza<\/a><a href=\"https:\/\/padlet.com\/gromadzenie\/Bookmarks\" target=\"_blank\" rel=\"noreferrer noopener\">c<\/a><a href=\"https:\/\/padlet.com\/gromadzenie\/Bookmarks\" target=\"_blank\" rel=\"noopener\">ji Narodowego Czytania 2021 w postaci tablicy interaktywnej Padlet<\/a><\/li><li><a href=\"https:\/\/wakelet.com\/@Pedagogiczna673\" target=\"_blank\" rel=\"noreferrer noopener\">Przewodnik po grach edukacyjnych, planszowych, karcianych gromadzonych w Bibliotece w postaci tablicy interaktywnej Wakelet<\/a><\/li><li><a href=\"https:\/\/padlet.com\/monikajablon\/gcm6desdkxzh7h2h\" target=\"_blank\" rel=\"noreferrer noopener\">Materia\u0142y przydatne do organizacji obchod\u00f3w rocznicy Konstytucja 3 Maja w postaci tablicy interaktywnej Padlet<\/a><\/li><li><a href=\"https:\/\/padlet.com\/monikajablon\/txiilwzzq4xt9woo?fbclid=IwAR391uZDslb3aG_fJTAe1G_MBNB-EZXkNHgghfZy94V3orYU5JstgGll15I\" target=\"_blank\" rel=\"noreferrer noopener\">Materia\u0142y przydatne do organizacji obchod\u00f3w stulecia urodzin Krzysztofa Kamila Baczy\u0144skiego w postaci tablicy interaktywnej Padlet.<\/a><\/li><li><a href=\"https:\/\/wordwall.net\/pl\/resource\/2458567\/leopold-tyrmand-dziennikarz-po%c5%82%c4%85cz-opis-czasopisma-w-kt%c3%b3rego\" target=\"_blank\" rel=\"noopener noreferrer\">Materia\u0142y przydatne do organizacji lekcji po\u015bwi\u0119conej Leopoldowi\u00a0 Tyrmandowi w postaci tablicy interaktywnej Wordwall.<\/a><\/li><li><a href=\"https:\/\/www.quizme.pl\/q\/bpradom\/co-ty-wiesz-o-leopoldzie-tyrmandzie2\" target=\"_blank\" rel=\"noopener noreferrer\">Quiz po\u015bwi\u0119cany Leopoldowi Tyrmandowi stworzony w aplikacji quizme.<\/a><\/li><li><a href=\"https:\/\/padlet.com\/monikajablon\/nxy6b0ro7zmt4p83\" target=\"_blank\" rel=\"noopener noreferrer\">Materia\u0142y przydatne do organizacji lekcji o Leopoldzie\u00a0 Tyrmandzie w postaci tablicy interaktywnej Padlet.<\/a><\/li><li><a href=\"https:\/\/bibliotekapedagogiczna.pl\/wp-content\/uploads\/sites\/10\/2021\/11\/Tyrmand-Quiz.pdf\">Tyrmand Quiz<\/a><\/li><li><a href=\"https:\/\/padlet.com\/monikajablon\/pijow7tlbkcp2x7c?utm_source=new_remake&amp;utm_medium=email&amp;utm_content=padlet_url&amp;utm_campaign=remake\" target=\"_blank\" rel=\"noreferrer noopener\">Kreatywne czytanie<\/a><\/li><li><a href=\"https:\/\/bibliotekapedagogiczna.pl\/wp-content\/uploads\/sites\/10\/2021\/11\/Bitwa-Warszawska-prezentacja.pdf\">Bitwa Warszawska-prezentacja<\/a><\/li><li><a href=\"https:\/\/bibliotekapedagogiczna.pl\/wp-content\/uploads\/2020\/04\/quiz-historczyny.pdf\">Bitwa Warszawska &#8211; quiz<\/a><\/li><li><a href=\"https:\/\/padlet.com\/monikajablon\/40cwm9yb3aoizsqm\" target=\"_blank\" rel=\"noopener noreferrer\">Bitwa Warszawska &#8211; tablica interaktywna<\/a><\/li><li><a href=\"https:\/\/bibliotekapedagogiczna.pl\/wp-content\/uploads\/sites\/10\/2021\/11\/Rozwijanie-tworczosci-i-kreatywnosci-uczniow.pdf\">Rozwijanie-tw\u00f3rczo\u015bci-i-kreatywno\u015bci-uczni\u00f3w<\/a><\/li><li><a href=\"https:\/\/bibliotekapedagogiczna.pl\/wp-content\/uploads\/sites\/10\/2021\/11\/Jak-sprawic-aby-uczniowie-czytali_M.Zajac-prezentacja.pdf\">Jak sprawi\u0107 aby uczniowie czytali<\/a><\/li><li><a href=\"https:\/\/bibliotekapedagogiczna.pl\/wp-content\/uploads\/sites\/10\/2021\/11\/Pozycje_metodyczne_dla_nauczycieli_angielskiego.pdf\">Pozycje metodyczne dla nauczycieli j\u0119zyka angielskiego<\/a><\/li><li><a href=\"https:\/\/bibliotekapedagogiczna.pl\/wp-content\/uploads\/sites\/10\/2021\/11\/Pozycje-metodyczne-dla-nauczycieli-jzyka-niemieckiego.pdf\">Pozycje metodyczne dla nauczycieli j\u0119zyka niemieckiego<\/a><\/li><li><a href=\"https:\/\/bibliotekapedagogiczna.pl\/wp-content\/uploads\/sites\/10\/2021\/11\/ciezka-edukacyjna-RADOMSCY-WETERANI-1863-Roku-na-Cmentarzu-przy-ul.-Limanowskiego.pdf\">\u015acie\u017cka edukacyjna: Radomscy Weterani 1863 Roku na Cmentarzu przy ul. Limanowskiego<\/a><\/li><li><a href=\"https:\/\/bibliotekapedagogiczna.pl\/wp-content\/uploads\/sites\/10\/2021\/11\/Ksztacenie-uczniw-niepenosprawnych-w-szkoach-oglnodostpnych-1.pdf\">Kszta\u0142cenie uczni\u00f3w niepe\u0142nosprawnych w szko\u0142ach og\u00f3lnodost\u0119pnych<\/a><\/li><li><a href=\"https:\/\/bibliotekapedagogiczna.pl\/wp-content\/uploads\/sites\/10\/2021\/11\/Oligofrenopedagogika-1.pdf\">Oligofrenopedagogika<\/a><\/li><li><a href=\"https:\/\/bibliotekapedagogiczna.pl\/wp-content\/uploads\/sites\/10\/2021\/11\/Wspieranie-rozwoju-dziecka-modszego.pdf\">Wspieranie rozwoju dziecka m\u0142odszego<\/a><\/li><li><a href=\"https:\/\/bibliotekapedagogiczna.pl\/wp-content\/uploads\/sites\/10\/2021\/11\/Wychowanie-do-ycia-w-rodzinie-1.pdf\">Wychowanie do \u017cycia w rodzinie<\/a><\/li><li><a href=\"https:\/\/bibliotekapedagogiczna.pl\/wp-content\/uploads\/sites\/10\/2021\/11\/Gebethner_Wolf.pdf\">Gebethner i Wolf &#8211; firma wydawniczo-ksi\u0119garska 1857-1973<\/a><\/li><li><a href=\"https:\/\/bibliotekapedagogiczna.pl\/wp-content\/uploads\/sites\/10\/2021\/11\/Jestem-odpowiedzialnym-przyjacielem-zwierzat-scenariusz-lekcji-klasa-3.pdf\">Jestem-odpowiedzialnym-przyjacielem-zwierzat-scenariusz-lekcji-klasa-3<\/a><\/li><li><a href=\"https:\/\/bibliotekapedagogiczna.pl\/wp-content\/uploads\/sites\/10\/2021\/11\/moj-wlasny-cukierek-scenariusz-klasa-1.pdf\">M\u00f3j-w\u0142asny-cukierek-scenariusz-klasa-1<\/a><\/li><li><a href=\"https:\/\/bibliotekapedagogiczna.pl\/wp-content\/uploads\/sites\/10\/2021\/11\/nowe-fantastyczne-przygody-skarpetek-scenariusz-klasa-2.pdf\">Nowe-fantastyczne-przygody-skarpetek-scenariusz-klasa-2<\/a><\/li><li><a href=\"https:\/\/bibliotekapedagogiczna.pl\/wp-content\/uploads\/sites\/10\/2021\/11\/odzyskanie-niepodleglosci-pakiet-1.pdf\">Pakiet edukacyjny: 100 lecie odzyskania niepodleg\u0142o\u015bci przez Polsk\u0119.<\/a><\/li><li><a href=\"https:\/\/bibliotekapedagogiczna.pl\/wp-content\/uploads\/sites\/10\/2021\/11\/samodzielnosc-kreatywnosc-innowacyjnosc.pdf\">Pakiet edukacyjny: Kszta\u0142cenie rozwijaj\u0105ce samodzielno\u015b\u0107, kreatywno\u015b\u0107, innowacyjno\u015b\u0107.<\/a><\/li><li><a href=\"https:\/\/bibliotekapedagogiczna.pl\/wp-content\/uploads\/sites\/10\/2021\/11\/kompetencje-cyfrowe-1.pdf\">Pakiet edukacyjny: Rozwijanie kompetencji cyfrowych ucznia i nauczyciela<\/a><\/li><li><a href=\"https:\/\/bibliotekapedagogiczna.pl\/wp-content\/uploads\/sites\/10\/2021\/11\/ksztalcenie-i-doradztwo-zawodowe.pdf\">Pakiet edukacyjny: Doradztwo zawodowe<\/a><\/li><li><a href=\"https:\/\/bibliotekapedagogiczna.pl\/wp-content\/uploads\/sites\/10\/2021\/11\/rozwijanie-kreatywnosci-przedsiebiorczosci-kompetencji-cyfrowych.pdf\">Pakiet edukacyjny: Rozwijanie kreatywno\u015bci, przedsi\u0119biorczo\u015bci i kompetencji cyfrowych uczni\u00f3w.<\/a><\/li><li><a href=\"https:\/\/bibliotekapedagogiczna.pl\/wp-content\/uploads\/sites\/10\/2021\/11\/rozwijanie-kompetencji-matematycznych-uczniow.pdf\">Pakiet edukacyjny: Rozwijanie kompetencji matematycznych uczni\u00f3w.<\/a><\/li><li><a href=\"https:\/\/bibliotekapedagogiczna.pl\/wp-content\/uploads\/sites\/10\/2021\/11\/wdrazanie-nowej-podstawy-programowej-w-szkole.pdf\">Pakiet edukacyjny: Wdra\u017canie nowej podstawy programowej kszta\u0142cenia og\u00f3lnego w szko\u0142ach.<\/a><\/li><li><a href=\"https:\/\/bibliotekapedagogiczna.pl\/wp-content\/uploads\/sites\/10\/2021\/11\/wychowanie-do-wartosci.pdf\">Pakiet edukacyjny: Wychowanie do warto\u015bci przez kszta\u0142towanie postaw obywatelskich i patriotycznych.<\/a><\/li><li><a href=\"https:\/\/bibliotekapedagogiczna.pl\/wp-content\/uploads\/sites\/10\/2021\/11\/profilaktyka-uzaleznien-w-szkolach.pdf\">Pakiet edukacyjny: Profilaktyka uzale\u017cnie\u0144 w szko\u0142ach i plac\u00f3wkach o\u015bwiatowych<\/a>.<\/li><\/ul>\n","protected":false},"excerpt":{"rendered":"<p>Biblioteka Pedagogiczna w Radomiu wspiera nauczycieli wszystkich typ\u00f3w szk\u00f3\u0142 i przedszkoli, a tak\u017ce pracownik\u00f3w o\u015bwiaty i plac\u00f3wek o\u015bwiatowych. Biblioteka oferuje [&hellip;]<\/p>\n","protected":false},"author":114,"featured_media":0,"parent":20414,"menu_order":0,"comment_status":"closed","ping_status":"closed","template":"","meta":{"_acf_changed":false,"_oasis_is_in_workflow":0,"_oasis_original":0,"inline_featured_image":false,"site-sidebar-layout":"default","site-content-layout":"","ast-site-content-layout":"default","site-content-style":"default","site-sidebar-style":"default","ast-global-header-display":"","ast-banner-title-visibility":"","ast-main-header-display":"","ast-hfb-above-header-display":"","ast-hfb-below-header-display":"","ast-hfb-mobile-header-display":"","site-post-title":"","ast-breadcrumbs-content":"","ast-featured-img":"","footer-sml-layout":"","ast-disable-related-posts":"","theme-transparent-header-meta":"","adv-header-id-meta":"","stick-header-meta":"","header-above-stick-meta":"","header-main-stick-meta":"","header-below-stick-meta":"","astra-migrate-meta-layouts":"default","ast-page-background-enabled":"default","ast-page-background-meta":{"desktop":{"background-color":"","background-image":"","background-repeat":"repeat","background-position":"center center","background-size":"auto","background-attachment":"scroll","background-type":"","background-media":"","overlay-type":"","overlay-color":"","overlay-opacity":"","overlay-gradient":""},"tablet":{"background-color":"","background-image":"","background-repeat":"repeat","background-position":"center center","background-size":"auto","background-attachment":"scroll","background-type":"","background-media":"","overlay-type":"","overlay-color":"","overlay-opacity":"","overlay-gradient":""},"mobile":{"background-color":"","background-image":"","background-repeat":"repeat","background-position":"center center","background-size":"auto","background-attachment":"scroll","background-type":"","background-media":"","overlay-type":"","overlay-color":"","overlay-opacity":"","overlay-gradient":""}},"ast-content-background-meta":{"desktop":{"background-color":"var(--ast-global-color-5)","background-image":"","background-repeat":"repeat","background-position":"center center","background-size":"auto","background-attachment":"scroll","background-type":"","background-media":"","overlay-type":"","overlay-color":"","overlay-opacity":"","overlay-gradient":""},"tablet":{"background-color":"var(--ast-global-color-5)","background-image":"","background-repeat":"repeat","background-position":"center center","background-size":"auto","background-attachment":"scroll","background-type":"","background-media":"","overlay-type":"","overlay-color":"","overlay-opacity":"","overlay-gradient":""},"mobile":{"background-color":"var(--ast-global-color-5)","background-image":"","background-repeat":"repeat","background-position":"center center","background-size":"auto","background-attachment":"scroll","background-type":"","background-media":"","overlay-type":"","overlay-color":"","overlay-opacity":"","overlay-gradient":""}},"_themeisle_gutenberg_block_has_review":false,"footnotes":""},"class_list":["post-20453","page","type-page","status-publish","hentry"],"acf":[],"featured_image_urls_v2":{"full":"","thumbnail":"","medium":"","medium_large":"","large":"","1536x1536":"","2048x2048":"","img-1100-450":"","img-1120-800":"","img-870-440":"","img-850-600":"","img-480-380":"","img-300-225":"","img-540-700":"","img-75-75":"","menu-24x24":"","menu-36x36":"","menu-48x48":""},"post_excerpt_stackable_v2":"<p>Biblioteka Pedagogiczna w Radomiu wspiera nauczycieli wszystkich typ\u00f3w szk\u00f3\u0142 i przedszkoli, a tak\u017ce pracownik\u00f3w o\u015bwiaty i plac\u00f3wek o\u015bwiatowych. Biblioteka oferuje nauczycielom fachow\u0105 pomoc wykwalifikowanych nauczycieli-bibliotekarzy w zakresie: Pomocy w wyborze literatury na dany temat,Sporz\u0105dzania i wydruku zestawie\u0144 bibliograficznych przydatnych do prowadzenia zaj\u0119\u0107 edukacyjnych,Instrukta\u017cu metodycznego dla nauczycieli-bibliotekarzy wszystkich rodzaj\u00f3w szk\u00f3\u0142,Organizacji i prowadzenia lekcji bibliotecznych dla uczni\u00f3w wszystkich typ\u00f3w szk\u00f3\u0142,Prowadzenia zaj\u0119\u0107 dla dzieci w wieku przedszkolnym etc. W dziale tym zamieszcza\u0107 b\u0119dziemy materia\u0142y przydatne w codziennej pracy nauczyciela. Zapraszamy do korzystania! Materia\u0142y dla nauczycieli: Materia\u0142y przydatne do organizacji Narodowego Czytania 2021 w postaci tablicy interaktywnej PadletPrzewodnik po grach edukacyjnych, planszowych, karcianych gromadzonych&hellip;<\/p>\n","category_list_v2":"","author_info_v2":{"name":"R2F3cm9u","url":"https:\/\/bibliotekapedagogiczna.pl\/uk\/author\/yw5kcnplamdhd3jvbnnraq\/"},"comments_num_v2":"0 \u043a\u043e\u043c\u0435\u043d\u0442\u0430\u0440\u0456\u0432","_links":{"self":[{"href":"https:\/\/bibliotekapedagogiczna.pl\/uk\/wp-json\/wp\/v2\/pages\/20453","targetHints":{"allow":["GET"]}}],"collection":[{"href":"https:\/\/bibliotekapedagogiczna.pl\/uk\/wp-json\/wp\/v2\/pages"}],"about":[{"href":"https:\/\/bibliotekapedagogiczna.pl\/uk\/wp-json\/wp\/v2\/types\/page"}],"author":[{"embeddable":true,"href":"https:\/\/bibliotekapedagogiczna.pl\/uk\/wp-json\/wp\/v2\/users\/114"}],"replies":[{"embeddable":true,"href":"https:\/\/bibliotekapedagogiczna.pl\/uk\/wp-json\/wp\/v2\/comments?post=20453"}],"version-history":[{"count":2,"href":"https:\/\/bibliotekapedagogiczna.pl\/uk\/wp-json\/wp\/v2\/pages\/20453\/revisions"}],"predecessor-version":[{"id":20723,"href":"https:\/\/bibliotekapedagogiczna.pl\/uk\/wp-json\/wp\/v2\/pages\/20453\/revisions\/20723"}],"up":[{"embeddable":true,"href":"https:\/\/bibliotekapedagogiczna.pl\/uk\/wp-json\/wp\/v2\/pages\/20414"}],"wp:attachment":[{"href":"https:\/\/bibliotekapedagogiczna.pl\/uk\/wp-json\/wp\/v2\/media?parent=20453"}],"curies":[{"name":"wp","href":"https:\/\/api.w.org\/{rel}","templated":true}]}}