{"id":20447,"date":"2018-02-21T09:32:31","date_gmt":"2018-02-21T08:32:31","guid":{"rendered":"https:\/\/bibliotekapedagogiczna.pl\/dla-czytelnika\/zestawienia-bibliograficzne\/"},"modified":"2022-10-27T23:38:58","modified_gmt":"2022-10-27T21:38:58","slug":"zestawienia-bibliograficzne","status":"publish","type":"page","link":"https:\/\/bibliotekapedagogiczna.pl\/uk\/dla-czytelnika\/zestawienia-bibliograficzne\/","title":{"rendered":"\u0411\u0456\u0431\u043b\u0456\u043e\u0433\u0440\u0430\u0444\u0456\u0447\u043d\u0456 \u0441\u043f\u0438\u0441\u043a\u0438"},"content":{"rendered":"\n<ol class=\"wp-block-list\"><li><a href=\"https:\/\/bibliotekapedagogiczna.pl\/wp-content\/uploads\/sites\/10\/2021\/11\/100-lat-niepodleglosci-Polski.pdf\">100 lat niepodleg\u0142o\u015bci Polski<\/a><\/li><li><a href=\"https:\/\/bibliotekapedagogiczna.pl\/wp-content\/uploads\/sites\/10\/2021\/11\/Zespol-ADHD.pdf\">ADHD<\/a><\/li><li><a href=\"https:\/\/bibliotekapedagogiczna.pl\/wp-content\/uploads\/sites\/10\/2021\/11\/adaptacje_filmowe.pdf\">Adaptacje filmowe utwor\u00f3w<\/a><\/li><li><a href=\"https:\/\/bibliotekapedagogiczna.pl\/wp-content\/uploads\/sites\/10\/2021\/11\/Agresja-dzieci-i-mlodziezy.pdf\">Agresja-dzieci-i-m\u0142odzie\u017cy<\/a><\/li><li><a href=\"https:\/\/bibliotekapedagogiczna.pl\/wp-content\/uploads\/sites\/10\/2021\/11\/Alkoholizm-dzieci-i-mlodziezy.pdf\">Alkoholizm-dzieci-i-m\u0142odzie\u017cy<\/a><\/li><li><a href=\"https:\/\/bibliotekapedagogiczna.pl\/wp-content\/uploads\/sites\/10\/2021\/11\/Andersen-Hans-Christian.pdf\">Andersen-Hans-Christian<\/a><\/li><li><a href=\"https:\/\/bibliotekapedagogiczna.pl\/wp-content\/uploads\/sites\/10\/2021\/11\/Asertywnosc.pdf\">Asertywno\u015b\u0107<\/a><\/li><li><a href=\"https:\/\/bibliotekapedagogiczna.pl\/wp-content\/uploads\/sites\/10\/2021\/11\/Aspiracje-zyciowe-i-edukacyjne.pdf\">Aspiracje-\u017cyciowe-i-edukacyjne<\/a><\/li><li><a href=\"https:\/\/bibliotekapedagogiczna.pl\/wp-content\/uploads\/sites\/10\/2021\/11\/Autorytet.pdf\">Autorytet<\/a><\/li><li><a href=\"https:\/\/bibliotekapedagogiczna.pl\/wp-content\/uploads\/sites\/10\/2021\/11\/AUTYZM.pdf\">Autyzm<\/a><\/li><li><a href=\"https:\/\/bibliotekapedagogiczna.pl\/wp-content\/uploads\/sites\/10\/2021\/11\/BAJKOTERAPIA.pdf\">Bajkoterapia<\/a><\/li><li><a href=\"https:\/\/bibliotekapedagogiczna.pl\/wp-content\/uploads\/sites\/10\/2021\/11\/Bezpieczenstwo-dzieci-i-mlodziezy.pdf\">Bezpiecze\u0144stwo dzieci i m\u0142odzie\u017cy<\/a><\/li><li><a href=\"https:\/\/bibliotekapedagogiczna.pl\/wp-content\/uploads\/sites\/10\/2021\/11\/Bezpieczenstwo-w-Internecie.-Odpowiedzialne-korzystanie-z-mediow-spolecznych.pdf\">Bezpiecze\u0144stwo w Internecie. Odpowiedzialne korzystanie z medi\u00f3w spo\u0142ecznych<\/a><\/li><li><a href=\"https:\/\/bibliotekapedagogiczna.pl\/wp-content\/uploads\/sites\/10\/2021\/11\/Biblioterapia-1.pdf\">Biblioterapia<\/a><\/li><li><a href=\"https:\/\/bibliotekapedagogiczna.pl\/wp-content\/uploads\/sites\/10\/2021\/11\/Bitwa-Warszawska-netografia.pdf\">Bitwa Warszawska netografia<\/a><\/li><li><a href=\"https:\/\/bibliotekapedagogiczna.pl\/wp-content\/uploads\/sites\/10\/2021\/11\/boze_narodzenie.pdf\">Bo\u017ce Narodzenie: materia\u0142y repertuarowe dla szk\u00f3\u0142<\/a><\/li><li><a href=\"https:\/\/bibliotekapedagogiczna.pl\/wp-content\/uploads\/sites\/10\/2021\/11\/Coaching.pdf\">Coaching<\/a><\/li><li><a href=\"https:\/\/bibliotekapedagogiczna.pl\/wp-content\/uploads\/sites\/10\/2021\/11\/Cyberprzemoc.pdf\">Cyberprzemoc<\/a><\/li><li><a href=\"https:\/\/bibliotekapedagogiczna.pl\/wp-content\/uploads\/sites\/10\/2021\/11\/dojrzalosc_szkolna.pdf\">Dojrza\u0142o\u015b\u0107 szkolna<\/a><\/li><li><a href=\"https:\/\/bibliotekapedagogiczna.pl\/wp-content\/uploads\/sites\/10\/2021\/11\/Dorose-Dzieci-Alkoholikw.pdf\">Doros\u0142e Dzieci Alkoholik\u00f3w<\/a><\/li><li><a href=\"https:\/\/bibliotekapedagogiczna.pl\/wp-content\/uploads\/sites\/10\/2021\/11\/Dzieci-z-alkoholowym-zespoem-podowym.pdf\">Dzieci z alkoholowym zespo\u0142em p\u0142odowym<\/a><\/li><li><a href=\"https:\/\/bibliotekapedagogiczna.pl\/wp-content\/uploads\/sites\/10\/2021\/11\/Dzieci-wykorzystywane-seksualnie.pdf\">Dzieci wykorzystywane seksualnie<\/a><\/li><li><a href=\"https:\/\/bibliotekapedagogiczna.pl\/wp-content\/uploads\/sites\/10\/2021\/11\/dziecko_chore.pdf\">Dziecko chore w szkole<\/a><\/li><li><a href=\"https:\/\/bibliotekapedagogiczna.pl\/wp-content\/uploads\/sites\/10\/2021\/11\/Edukacja-matematyczna-w-ksztaceniu-oglnym.pdf\">Edukacja matematyczna w kszta\u0142ceniu og\u00f3lnym<\/a><\/li><li><a href=\"https:\/\/bibliotekapedagogiczna.pl\/wp-content\/uploads\/sites\/10\/2021\/11\/Edukacja-miedzykulturowa.pdf\">Edukacja mi\u0119dzykulturowa<\/a><\/li><li><a href=\"https:\/\/bibliotekapedagogiczna.pl\/wp-content\/uploads\/sites\/10\/2021\/11\/Edukacja-przyrodnicza-w-ksztaceniu-oglnym.pdf\">Edukacja przyrodnicza w kszta\u0142ceniu og\u00f3lnym<\/a><\/li><li><a href=\"https:\/\/bibliotekapedagogiczna.pl\/wp-content\/uploads\/sites\/10\/2021\/11\/EDUKACJA-WCZAJCA.pdf\">Edukacja w\u0142\u0105czaj\u0105ca<\/a><\/li><li><a href=\"https:\/\/bibliotekapedagogiczna.pl\/wp-content\/uploads\/sites\/10\/2021\/11\/edukacja_obywatelska.pdf\">Edukacja obywatelska<\/a><\/li><li><a href=\"https:\/\/bibliotekapedagogiczna.pl\/wp-content\/uploads\/sites\/10\/2021\/11\/edukacyjne_pakiety_multimedialne.pdf\">Edukacyjne pakiety multimedialne<\/a><\/li><li><a href=\"https:\/\/bibliotekapedagogiczna.pl\/wp-content\/uploads\/sites\/10\/2021\/11\/Empatia.pdf\">Empatia<\/a><\/li><li><a href=\"https:\/\/bibliotekapedagogiczna.pl\/wp-content\/uploads\/sites\/10\/2021\/11\/etyka_zawodu_nauczyciela.pdf\">Etyka zawodu nauczyciela<\/a><\/li><li><a href=\"https:\/\/bibliotekapedagogiczna.pl\/wp-content\/uploads\/sites\/10\/2021\/11\/Eurosieroctwo.pdf\">Eurosieroctwo<\/a><\/li><li><a href=\"https:\/\/bibliotekapedagogiczna.pl\/wp-content\/uploads\/sites\/10\/2021\/11\/eutanazja.pdf\">Eutanazja<\/a><\/li><li><a href=\"https:\/\/bibliotekapedagogiczna.pl\/wp-content\/uploads\/sites\/10\/2021\/11\/Holocaust.pdf\">Holocaust<\/a><\/li><li><a href=\"https:\/\/bibliotekapedagogiczna.pl\/wp-content\/uploads\/sites\/10\/2021\/11\/Holocaust-filmy.pdf\">Holocaust-filmy<\/a><\/li><li><a href=\"https:\/\/bibliotekapedagogiczna.pl\/wp-content\/uploads\/sites\/10\/2021\/11\/inscenizacje_teatralne.pdf\">Inscenizacje teatralne utwor\u00f3w literackich<\/a><\/li><li><a href=\"https:\/\/bibliotekapedagogiczna.pl\/wp-content\/uploads\/sites\/10\/2021\/11\/Irena_Sendlerowa.pdf\">Irena Sendlerowa<\/a><\/li><li><a href=\"https:\/\/bibliotekapedagogiczna.pl\/wp-content\/uploads\/sites\/10\/2021\/11\/joseph_conrad.pdf\">Joseph Conrad<\/a><\/li><li><a href=\"https:\/\/bibliotekapedagogiczna.pl\/wp-content\/uploads\/sites\/10\/2021\/11\/Jan-Pawel-II.pdf\">Jan Pawe\u0142 II<\/a><\/li><li><a href=\"https:\/\/bibliotekapedagogiczna.pl\/wp-content\/uploads\/sites\/10\/2021\/11\/korczak.pdf\">Janusz Korczak<\/a><\/li><li><a href=\"https:\/\/bibliotekapedagogiczna.pl\/wp-content\/uploads\/sites\/10\/2021\/11\/Jzef-Pisudski.pdf\">J\u00f3zef Pi\u0142sudski<\/a><\/li><li><a href=\"https:\/\/bibliotekapedagogiczna.pl\/wp-content\/uploads\/sites\/10\/2021\/11\/Tuwim-Julian.pdf\">Julian Tuwim<\/a><\/li><li><a href=\"https:\/\/bibliotekapedagogiczna.pl\/wp-content\/uploads\/sites\/10\/2021\/11\/kobieta_w_literaturze.pdf\">Kobieta w literaturze<\/a><\/li><li><a href=\"https:\/\/bibliotekapedagogiczna.pl\/wp-content\/uploads\/sites\/10\/2021\/11\/Konfederacja_Barska.pdf\">Konfederacja Barska<\/a><\/li><li><a href=\"https:\/\/bibliotekapedagogiczna.pl\/wp-content\/uploads\/sites\/10\/2021\/11\/Ksztacenie-uczniw-niepenosprawnych-w-szkoach-oglnodostpnych-1-1.pdf\">Kszta\u0142cenie uczni\u00f3w niepe\u0142nosprawnych w szko\u0142ach og\u00f3lnodost\u0119pnych<\/a><\/li><li><a href=\"https:\/\/bibliotekapedagogiczna.pl\/wp-content\/uploads\/sites\/10\/2021\/11\/Sklodowska.pdf\">Maria Sk\u0142odowska-Curie<\/a><\/li><li><a href=\"https:\/\/bibliotekapedagogiczna.pl\/wp-content\/uploads\/sites\/10\/2021\/11\/metody_aktywizujace.pdf\">Metody aktywizuj\u0105ce w nauczaniu<\/a><\/li><li><a href=\"https:\/\/bibliotekapedagogiczna.pl\/wp-content\/uploads\/sites\/10\/2021\/11\/mobbing.pdf\">Mobbing<\/a><\/li><li><a href=\"https:\/\/bibliotekapedagogiczna.pl\/wp-content\/uploads\/sites\/10\/2021\/11\/motyw_ogrodu_w_literaturze.pdf\">Motyw ogrodu w literaturze<\/a><\/li><li><a href=\"https:\/\/bibliotekapedagogiczna.pl\/wp-content\/uploads\/sites\/10\/2021\/11\/multimedia_w_nauczaniu.pdf\">Multimedia w nauczaniu<\/a><\/li><li><a href=\"https:\/\/bibliotekapedagogiczna.pl\/wp-content\/uploads\/sites\/10\/2021\/11\/Nieletni-przestepcy.pdf\">Nieletni-przest\u0119pcy<\/a><\/li><li><a href=\"https:\/\/bibliotekapedagogiczna.pl\/wp-content\/uploads\/sites\/10\/2021\/11\/ojcostwo.pdf\">Ojcostwo<\/a><\/li><li><a href=\"https:\/\/bibliotekapedagogiczna.pl\/wp-content\/uploads\/sites\/10\/2021\/11\/Oligofrenopedagogika-1-1.pdf\">Oligofrenopedagogika<\/a><\/li><li><a href=\"https:\/\/bibliotekapedagogiczna.pl\/wp-content\/uploads\/sites\/10\/2021\/11\/Podniesienie-jakosci-edukacji-matematycznej-przyrodniczej-i-informatycznej.pdf\">Podniesienie jako\u015bci edukacji matematycznej, przyrodniczej i informatycznej<\/a><\/li><li><a href=\"https:\/\/bibliotekapedagogiczna.pl\/wp-content\/uploads\/sites\/10\/2021\/11\/Podnoszenie-jakosci-edukacji-wlaczajacej-w-szkolach-i-placowkach-systemu-oswiaty.pdf\">Podnoszenie jako\u015bci edukacji w\u0142\u0105czaj\u0105cej w szko\u0142ach i plac\u00f3wkach systemu o\u015bwiaty<\/a><\/li><li><a href=\"https:\/\/bibliotekapedagogiczna.pl\/wp-content\/uploads\/sites\/10\/2021\/11\/poradnictwo_zawodowe.pdf\">Poradnictwo zawodowe<\/a><\/li><li><a href=\"https:\/\/bibliotekapedagogiczna.pl\/wp-content\/uploads\/sites\/10\/2021\/11\/Powstanie_styczniowe_1863.pdf\">Powstanie Styczniowe 1863<\/a><\/li><li><a href=\"https:\/\/bibliotekapedagogiczna.pl\/wp-content\/uploads\/sites\/10\/2021\/11\/praca_pedagogiczna.pdf\">Praca pedagogiczna z dzie\u0107mi ulicy<\/a><\/li><li><a href=\"https:\/\/bibliotekapedagogiczna.pl\/wp-content\/uploads\/sites\/10\/2021\/11\/Prawa_kobiet_rownouprawnienie_plci.pdf\">Prawa kobiet r\u00f3wnouprawnienie p\u0142ci<\/a><\/li><li><a href=\"https:\/\/bibliotekapedagogiczna.pl\/wp-content\/uploads\/sites\/10\/2021\/11\/programy_autorskie.pdf\">Programy autorskie<\/a><\/li><li><a href=\"https:\/\/bibliotekapedagogiczna.pl\/wp-content\/uploads\/sites\/10\/2021\/11\/Przestepczosc-wsrod-mlodziezy.pdf\">Przest\u0119pczo\u015b\u0107-w\u015br\u00f3d-m\u0142odzie\u017cy<\/a><\/li><li><a href=\"https:\/\/bibliotekapedagogiczna.pl\/wp-content\/uploads\/sites\/10\/2021\/11\/profilaktyka_uzaleznien.pdf\">Profilaktyka uzale\u017cnie\u0144 w szkole<\/a><\/li><li><a href=\"https:\/\/bibliotekapedagogiczna.pl\/wp-content\/uploads\/sites\/10\/2021\/11\/psychoterapia.pdf\">Psychoterapia<\/a><\/li><li><a href=\"https:\/\/bibliotekapedagogiczna.pl\/wp-content\/uploads\/sites\/10\/2021\/11\/radomiregionradomski.pdf\">Radom i region radomski<\/a><\/li><li><a href=\"https:\/\/bibliotekapedagogiczna.pl\/wp-content\/uploads\/sites\/10\/2021\/11\/recenzje_filmowe_lektur_szkolnych.pdf\">Recenzje filmowe lektur szkolnych<\/a><\/li><li><a href=\"https:\/\/bibliotekapedagogiczna.pl\/wp-content\/uploads\/sites\/10\/2021\/11\/religie.pdf\">Religie<\/a><\/li><li><a href=\"https:\/\/bibliotekapedagogiczna.pl\/wp-content\/uploads\/sites\/10\/2021\/11\/rodzina-1.pdf\">Rodzina<\/a><\/li><li><a href=\"https:\/\/bibliotekapedagogiczna.pl\/wp-content\/uploads\/sites\/10\/2021\/11\/samobojstwo.pdf\">Samob\u00f3jstwo: przyczyny, zapobieganie<\/a><\/li><li><a href=\"https:\/\/bibliotekapedagogiczna.pl\/wp-content\/uploads\/sites\/10\/2021\/11\/Sienkiewicz-Henryk.pdf\">Sienkiewicz Henryk<\/a><\/li><li><a href=\"https:\/\/bibliotekapedagogiczna.pl\/wp-content\/uploads\/sites\/10\/2021\/11\/Stanislaw-Moniuszko.pdf\">Stanis\u0142aw-Moniuszko<\/a><\/li><li><a href=\"https:\/\/bibliotekapedagogiczna.pl\/wp-content\/uploads\/sites\/10\/2021\/11\/subkultury.pdf\">Subkultury m\u0142odzie\u017cowe<\/a><\/li><li><a href=\"https:\/\/bibliotekapedagogiczna.pl\/wp-content\/uploads\/sites\/10\/2021\/11\/swietlica_szkolna.pdf\">\u015awietlice szkolne<\/a><\/li><li><a href=\"https:\/\/bibliotekapedagogiczna.pl\/wp-content\/uploads\/sites\/10\/2021\/11\/Kosciuszko.pdf\">Tadeusz Ko\u015bciuszko<\/a><\/li><li><a href=\"https:\/\/bibliotekapedagogiczna.pl\/wp-content\/uploads\/sites\/10\/2021\/11\/tolerancja.pdf\">Tolerancja<\/a><\/li><li><a href=\"https:\/\/bibliotekapedagogiczna.pl\/wp-content\/uploads\/sites\/10\/2021\/11\/Tutoring.pdf\">Tutoring<\/a><\/li><li><a href=\"https:\/\/bibliotekapedagogiczna.pl\/wp-content\/uploads\/sites\/10\/2021\/11\/unia_europejska.pdf\">Unia Europejska: scenariusze zaj\u0119\u0107<\/a><\/li><li><a href=\"https:\/\/bibliotekapedagogiczna.pl\/wp-content\/uploads\/sites\/10\/2021\/11\/uzaleznienia.pdf\">Uzale\u017cnienia m\u0142odzie\u017cy<\/a><\/li><li><a href=\"https:\/\/bibliotekapedagogiczna.pl\/wp-content\/uploads\/sites\/10\/2021\/11\/walentynki.pdf\">Walentynki: materia\u0142y repertuarowe<\/a><\/li><li><a href=\"https:\/\/bibliotekapedagogiczna.pl\/wp-content\/uploads\/sites\/10\/2021\/11\/wdrazanie-nowej-podstawy-programowej-w-szkole-1.pdf\">Pakiet edukacyjny: Wdra\u017canie nowej podstawy programowej kszta\u0142cenia og\u00f3lnego w szko\u0142ach.<\/a><\/li><li><a href=\"https:\/\/bibliotekapedagogiczna.pl\/wp-content\/uploads\/sites\/10\/2021\/11\/Wprowadzanie-doradztwa-zawodowego-do-szkol-i-placowek.pdf\">Wprowadzanie doradztwa zawodowego do szk\u00f3\u0142 i plac\u00f3wek<\/a><\/li><li><a href=\"https:\/\/bibliotekapedagogiczna.pl\/wp-content\/uploads\/sites\/10\/2021\/11\/WISLA.pdf\">Wis\u0142a<\/a><\/li><li><a href=\"https:\/\/bibliotekapedagogiczna.pl\/wp-content\/uploads\/sites\/10\/2021\/11\/witold_gombrowicz.pdf\">Witold Gombrowicz<\/a><\/li><li><a href=\"https:\/\/bibliotekapedagogiczna.pl\/wp-content\/uploads\/sites\/10\/2021\/11\/wolontariat.pdf\">Wolontariat<\/a><\/li><li><a href=\"https:\/\/bibliotekapedagogiczna.pl\/wp-content\/uploads\/sites\/10\/2021\/11\/Wspomaganie-rozwoju-dziecka.pdf\">Wspomaganie rozwoju dziecka<\/a><\/li><li><a href=\"https:\/\/bibliotekapedagogiczna.pl\/wp-content\/uploads\/sites\/10\/2021\/11\/Wybrane_poradniki_dla_nauczycieli_przedszkoli.pdf\">Wybrane poradniki dla nauczycieli przedszkoli<\/a><\/li><li><a href=\"https:\/\/bibliotekapedagogiczna.pl\/wp-content\/uploads\/sites\/10\/2021\/11\/Wychowanie-do-ycia-w-rodzinie-1-1.pdf\">Wychowanie do \u017cycia w rodzinie<\/a><\/li><li><a href=\"https:\/\/bibliotekapedagogiczna.pl\/wp-content\/uploads\/sites\/10\/2021\/11\/wychowanie_w_duchu_wartosci.pdf\">Wychowanie w duchu warto\u015bci<\/a><\/li><li><a href=\"https:\/\/bibliotekapedagogiczna.pl\/wp-content\/uploads\/sites\/10\/2021\/11\/Wykluczenie-spoeczne.pdf\">Wykluczenie spo\u0142eczne<\/a><\/li><li><a href=\"https:\/\/bibliotekapedagogiczna.pl\/wp-content\/uploads\/sites\/10\/2021\/11\/Wypalenie-zawodowe.pdf\">Wypalenie-zawodowe<\/a><\/li><li><a href=\"https:\/\/bibliotekapedagogiczna.pl\/wp-content\/uploads\/sites\/10\/2021\/11\/Wzmacnianie-wychowawczej-roli-szkoly.pdf\">Wzmacnianie wychowawczej roli szko\u0142y<\/a><\/li><li><a href=\"https:\/\/bibliotekapedagogiczna.pl\/wp-content\/uploads\/sites\/10\/2021\/11\/Zaslubiny-Polski.pdf\">Za\u015blubiny Polski z morzem<\/a><\/li><li><a href=\"https:\/\/bibliotekapedagogiczna.pl\/wp-content\/uploads\/sites\/10\/2021\/11\/Zbigniew_Herbert.pdf\">Zbigniew Herbert<\/a><\/li><li><a href=\"https:\/\/bibliotekapedagogiczna.pl\/wp-content\/uploads\/sites\/10\/2021\/11\/Zolkiewski-Stanislaw.pdf\">\u017b\u00f3\u0142kiewski Stanis\u0142aw<\/a><\/li><\/ol>\n","protected":false},"excerpt":{"rendered":"<p>100 lat niepodleg\u0142o\u015bci Polski ADHD Adaptacje filmowe utwor\u00f3w Agresja-dzieci-i-m\u0142odzie\u017cy Alkoholizm-dzieci-i-m\u0142odzie\u017cy Andersen-Hans-Christian Asertywno\u015b\u0107 Aspiracje-\u017cyciowe-i-edukacyjne Autorytet Autyzm Bajkoterapia Bezpiecze\u0144stwo dzieci i m\u0142odzie\u017cy [&hellip;]<\/p>\n","protected":false},"author":114,"featured_media":0,"parent":20411,"menu_order":3,"comment_status":"closed","ping_status":"closed","template":"","meta":{"_acf_changed":false,"_oasis_is_in_workflow":0,"_oasis_original":0,"inline_featured_image":false,"site-sidebar-layout":"default","site-content-layout":"","ast-site-content-layout":"default","site-content-style":"default","site-sidebar-style":"default","ast-global-header-display":"","ast-banner-title-visibility":"","ast-main-header-display":"","ast-hfb-above-header-display":"","ast-hfb-below-header-display":"","ast-hfb-mobile-header-display":"","site-post-title":"","ast-breadcrumbs-content":"","ast-featured-img":"","footer-sml-layout":"","ast-disable-related-posts":"","theme-transparent-header-meta":"","adv-header-id-meta":"","stick-header-meta":"","header-above-stick-meta":"","header-main-stick-meta":"","header-below-stick-meta":"","astra-migrate-meta-layouts":"default","ast-page-background-enabled":"default","ast-page-background-meta":{"desktop":{"background-color":"","background-image":"","background-repeat":"repeat","background-position":"center center","background-size":"auto","background-attachment":"scroll","background-type":"","background-media":"","overlay-type":"","overlay-color":"","overlay-opacity":"","overlay-gradient":""},"tablet":{"background-color":"","background-image":"","background-repeat":"repeat","background-position":"center center","background-size":"auto","background-attachment":"scroll","background-type":"","background-media":"","overlay-type":"","overlay-color":"","overlay-opacity":"","overlay-gradient":""},"mobile":{"background-color":"","background-image":"","background-repeat":"repeat","background-position":"center center","background-size":"auto","background-attachment":"scroll","background-type":"","background-media":"","overlay-type":"","overlay-color":"","overlay-opacity":"","overlay-gradient":""}},"ast-content-background-meta":{"desktop":{"background-color":"var(--ast-global-color-5)","background-image":"","background-repeat":"repeat","background-position":"center center","background-size":"auto","background-attachment":"scroll","background-type":"","background-media":"","overlay-type":"","overlay-color":"","overlay-opacity":"","overlay-gradient":""},"tablet":{"background-color":"var(--ast-global-color-5)","background-image":"","background-repeat":"repeat","background-position":"center center","background-size":"auto","background-attachment":"scroll","background-type":"","background-media":"","overlay-type":"","overlay-color":"","overlay-opacity":"","overlay-gradient":""},"mobile":{"background-color":"var(--ast-global-color-5)","background-image":"","background-repeat":"repeat","background-position":"center center","background-size":"auto","background-attachment":"scroll","background-type":"","background-media":"","overlay-type":"","overlay-color":"","overlay-opacity":"","overlay-gradient":""}},"_themeisle_gutenberg_block_has_review":false,"footnotes":""},"class_list":["post-20447","page","type-page","status-publish","hentry"],"acf":[],"featured_image_urls_v2":{"full":"","thumbnail":"","medium":"","medium_large":"","large":"","1536x1536":"","2048x2048":"","img-1100-450":"","img-1120-800":"","img-870-440":"","img-850-600":"","img-480-380":"","img-300-225":"","img-540-700":"","img-75-75":"","menu-24x24":"","menu-36x36":"","menu-48x48":""},"post_excerpt_stackable_v2":"<p>100 lat niepodleg\u0142o\u015bci PolskiADHDAdaptacje filmowe utwor\u00f3wAgresja-dzieci-i-m\u0142odzie\u017cyAlkoholizm-dzieci-i-m\u0142odzie\u017cyAndersen-Hans-ChristianAsertywno\u015b\u0107Aspiracje-\u017cyciowe-i-edukacyjneAutorytetAutyzmBajkoterapiaBezpiecze\u0144stwo dzieci i m\u0142odzie\u017cyBezpiecze\u0144stwo w Internecie. Odpowiedzialne korzystanie z medi\u00f3w spo\u0142ecznychBiblioterapiaBitwa Warszawska netografiaBo\u017ce Narodzenie: materia\u0142y repertuarowe dla szk\u00f3\u0142CoachingCyberprzemocDojrza\u0142o\u015b\u0107 szkolnaDoros\u0142e Dzieci Alkoholik\u00f3wDzieci z alkoholowym zespo\u0142em p\u0142odowymDzieci wykorzystywane seksualnieDziecko chore w szkoleEdukacja matematyczna w kszta\u0142ceniu og\u00f3lnymEdukacja mi\u0119dzykulturowaEdukacja przyrodnicza w kszta\u0142ceniu og\u00f3lnymEdukacja w\u0142\u0105czaj\u0105caEdukacja obywatelskaEdukacyjne pakiety multimedialneEmpatiaEtyka zawodu nauczycielaEurosieroctwoEutanazjaHolocaustHolocaust-filmyInscenizacje teatralne utwor\u00f3w literackichIrena SendlerowaJoseph ConradJan Pawe\u0142 IIJanusz KorczakJ\u00f3zef Pi\u0142sudskiJulian TuwimKobieta w literaturzeKonfederacja BarskaKszta\u0142cenie uczni\u00f3w niepe\u0142nosprawnych w szko\u0142ach og\u00f3lnodost\u0119pnychMaria Sk\u0142odowska-CurieMetody aktywizuj\u0105ce w nauczaniuMobbingMotyw ogrodu w literaturzeMultimedia w nauczaniuNieletni-przest\u0119pcyOjcostwoOligofrenopedagogikaPodniesienie jako\u015bci edukacji matematycznej, przyrodniczej i informatycznejPodnoszenie jako\u015bci edukacji w\u0142\u0105czaj\u0105cej w szko\u0142ach i plac\u00f3wkach systemu o\u015bwiatyPoradnictwo zawodowePowstanie Styczniowe 1863Praca pedagogiczna z dzie\u0107mi ulicyPrawa kobiet&hellip;<\/p>\n","category_list_v2":"","author_info_v2":{"name":"R2F3cm9u","url":"https:\/\/bibliotekapedagogiczna.pl\/uk\/author\/yw5kcnplamdhd3jvbnnraq\/"},"comments_num_v2":"0 \u043a\u043e\u043c\u0435\u043d\u0442\u0430\u0440\u0456\u0432","_links":{"self":[{"href":"https:\/\/bibliotekapedagogiczna.pl\/uk\/wp-json\/wp\/v2\/pages\/20447","targetHints":{"allow":["GET"]}}],"collection":[{"href":"https:\/\/bibliotekapedagogiczna.pl\/uk\/wp-json\/wp\/v2\/pages"}],"about":[{"href":"https:\/\/bibliotekapedagogiczna.pl\/uk\/wp-json\/wp\/v2\/types\/page"}],"author":[{"embeddable":true,"href":"https:\/\/bibliotekapedagogiczna.pl\/uk\/wp-json\/wp\/v2\/users\/114"}],"replies":[{"embeddable":true,"href":"https:\/\/bibliotekapedagogiczna.pl\/uk\/wp-json\/wp\/v2\/comments?post=20447"}],"version-history":[{"count":2,"href":"https:\/\/bibliotekapedagogiczna.pl\/uk\/wp-json\/wp\/v2\/pages\/20447\/revisions"}],"predecessor-version":[{"id":20711,"href":"https:\/\/bibliotekapedagogiczna.pl\/uk\/wp-json\/wp\/v2\/pages\/20447\/revisions\/20711"}],"up":[{"embeddable":true,"href":"https:\/\/bibliotekapedagogiczna.pl\/uk\/wp-json\/wp\/v2\/pages\/20411"}],"wp:attachment":[{"href":"https:\/\/bibliotekapedagogiczna.pl\/uk\/wp-json\/wp\/v2\/media?parent=20447"}],"curies":[{"name":"wp","href":"https:\/\/api.w.org\/{rel}","templated":true}]}}