{"id":20306,"date":"2022-01-19T15:44:01","date_gmt":"2022-01-19T14:44:01","guid":{"rendered":"https:\/\/bibliotekapedagogiczna.pl\/moje-wiadomosci\/"},"modified":"2022-10-27T23:32:14","modified_gmt":"2022-10-27T21:32:14","slug":"moje-wiadomosci","status":"publish","type":"page","link":"https:\/\/bibliotekapedagogiczna.pl\/uk\/moje-wiadomosci\/","title":{"rendered":"\u041c\u043e\u0457 \u043f\u043e\u0432\u0456\u0434\u043e\u043c\u043b\u0435\u043d\u043d\u044f"},"content":{"rendered":"<div class=\"\">\r\n    <div class=\"bs_title_block\">\r\n        <h1 class=\"entry-title\">\u041c\u043e\u0457 \u043f\u043e\u0432\u0456\u0434\u043e\u043c\u043b\u0435\u043d\u043d\u044f<\/h1>\r\n    <\/div>\r\n    <div class=\"bs-my-account-post-navigation\" data-current-page-index=\"1\">\r\n        <div class=\"bs-my-account-post-count\">12 \u043f\u043e\u0432\u0456\u0434\u043e\u043c\u043b\u0435\u043d\u043d\u044f <\/div>\r\n        <div class=\"bs-my-account-post-pages\">\r\n                            <button data-get-page=\"prev\"><img decoding=\"async\" src=\"\/wp-content\/uploads\/2021\/05\/left-arrow.svg\" data-get-page=\"prev\" style=\"pointer-events: none;\" \/><\/button>\r\n                <label> 1 z 3<\/label>\r\n                <button data-get-page=\"next\"><img decoding=\"async\" src=\"\/wp-content\/uploads\/2021\/05\/right-arrow.svg\" data-get-page=\"next\" style=\"pointer-events: none;\" \/><\/button>\r\n                    <\/div>\r\n    <\/div>\r\n    <div class=\"bs-my-account-posts\">\r\n                    <div class=\"bs-questions-page\" data-page-index=\"1\" id=\"bs-my-account-posts-page-1\">\r\n                                                        <div class=\"bs-my-account-single-post unseen\" id=\"8587\" style=\"background-color:#37518559\">\r\n                        <div class=\"bs-my-account-date\">2026-01-28 08:15:56<\/div>\r\n                        <div class=\"bs-my-account-title\">W pytaniu u\u017cytkownika powi\u0105znaym ze spraw\u0105: MBP.B.Rad.Zapytanie\/2026\/1 pojawi\u0142a si\u0119 nowa odpowied\u017a.<\/div>\r\n                        <div class=\"bs-my-account-content\">W Twoim pytaniu: &quot;Dzie\u0144 dobry,&#013;&#010;Czy[...]<\/div>\r\n                        <div class=\"bs-my-account-message\" style=\"display:none\">W Twoim pytaniu: \"Dzie\u0144 dobry,&#13;&#10;Czy w wydarzeniu Sie\u0107 Wsp\u00f3\u0142pracy i Samokszta\u0142cenia Nauczycieli PP mog\u0105 bra\u0107 udzia\u0142 emerytowani nauczyciele?  \" pojawi\u0142a sie nowa odpowied\u017a o tre\u015bci: \"Niestety Spotkania Cz\u0142onk\u00f3w Sieci Wsp\u00f3\u0142pracy i Samokszta\u0142cenia s\u0105 tylko dla nauczycieli czynnych\". W razie pyta\u0144 zapraszamy do kontaktu z administratorem witryny Biblioteki Pedagogiczne Mazowsza.<\/div>\r\n                        <button class=\"bs-my-account-details-show\" data-bona-id-notification='8587'> \u0427\u0438\u0442\u0430\u0442\u0438 \u0434\u0430\u043b\u0456<\/button>\r\n                        <button class=\"bs-my-account-details-hide\" style=\"display:none\" data-bona-id-notification='8587'>\u041f\u0440\u0438\u0445\u043e\u0432\u0430\u0442\u0438<\/button>\r\n                    <\/div>\r\n                                                        <div class=\"bs-my-account-single-post unseen\" id=\"7888\" style=\"background-color:#37518559\">\r\n                        <div class=\"bs-my-account-date\">2025-11-26 13:45:51<\/div>\r\n                        <div class=\"bs-my-account-title\">W pytaniu u\u017cytkownika powi\u0105znaym ze spraw\u0105: MBP.B.Rad.Zapytanie\/2025\/10 pojawi\u0142a si\u0119 nowa odpowied\u017a.<\/div>\r\n                        <div class=\"bs-my-account-content\">W Twoim pytaniu: &quot;Mam problem[...]<\/div>\r\n                        <div class=\"bs-my-account-message\" style=\"display:none\">W Twoim pytaniu: \"Mam problem z dost\u0119pem do konta- mam dwa na mam\u0119 i siebie oba na ten sam adres  palgani@wp.pl, nie u\u017cywa\u0142am swojego konta d\u0142u\u017cszy czas, teraz system nie chce mnie wpu\u015bci\u0107, a has\u0142a nie mog\u0119 zmieni\u0107 gdy\u017c pojawia si\u0119 napis \u017ce pod tym samym adresem s\u0105 dwie karty-prosz\u0119 o pomoc-Iwona Pa\u0142gan\" pojawi\u0142a sie nowa odpowied\u017a o tre\u015bci: \"Pr\u00f3buje si\u0119 Pani dosta\u0107 do katalogu INTEGRO. System przypomnienia has\u0142a nie dzia\u0142a bo do obydwu kont poda\u0142a Pani ten sam adres email. Je\u017celi poda mi Pani drugi to zmienimy i wszystko zadzia\u0142a.\r\nWygenerowa\u0142em dla Pani nowe tymczasowe has\u0142o dla konta 3455 (MRNMK65WFWGH). Prosz\u0119 sobie go zmieni\u0107 przy logowaniu. W razie problem\u00f3w mo\u017ce Pani dzwoni\u0107 na numer podany w stopce.\". W razie pyta\u0144 zapraszamy do kontaktu z administratorem witryny Biblioteki Pedagogiczne Mazowsza.<\/div>\r\n                        <button class=\"bs-my-account-details-show\" data-bona-id-notification='7888'> \u0427\u0438\u0442\u0430\u0442\u0438 \u0434\u0430\u043b\u0456<\/button>\r\n                        <button class=\"bs-my-account-details-hide\" style=\"display:none\" data-bona-id-notification='7888'>\u041f\u0440\u0438\u0445\u043e\u0432\u0430\u0442\u0438<\/button>\r\n                    <\/div>\r\n                                                        <div class=\"bs-my-account-single-post unseen\" id=\"5581\" style=\"background-color:#37518559\">\r\n                        <div class=\"bs-my-account-date\">2025-07-14 11:30:31<\/div>\r\n                        <div class=\"bs-my-account-title\">W pytaniu u\u017cytkownika powi\u0105znaym ze spraw\u0105: MBP.B.Rad.Zapytanie\/2025\/5 pojawi\u0142a si\u0119 nowa odpowied\u017a.<\/div>\r\n                        <div class=\"bs-my-account-content\">W Twoim pytaniu: &quot;Dzie\u0144 dobry,[...]<\/div>\r\n                        <div class=\"bs-my-account-message\" style=\"display:none\">W Twoim pytaniu: \"Dzie\u0144 dobry, szko\u0142a podstawowa, w kt\u00f3rej pracuj\u0119, otrzyma\u0142a dotacj\u0119 z NPRCZ. Czy jest mo\u017cliwo\u015b\u0107 uzyskania od was listy ksi\u0105\u017cek, kt\u00f3re proponujecie zakupi\u0107, posiada\u0107 w takiej bibliotece? Czy mam wystosowa\u0107 formalny wniosek, albo podanie? Prosz\u0119 o odpowied\u017a. Pozdrawiam.\" pojawi\u0142a sie nowa odpowied\u017a o tre\u015bci: \"Dzie\u0144 dobry, przesy\u0142am Pani dwie listy, jedna dla troch\u0119 m\u0142odszych druga dla starszych dzieci. Przesy\u0142am w pliku, gdyby co\u015b nie dosz\u0142o albo si\u0119 nie otwiera\u0142o, to prosz\u0119 o informacj\u0119, prze\u015blemy na mejla. Pozdrawiam serdecznie. Monika Jab\u0142o\u0144ska, Wydzia\u0142 Gromadzenia i Opracowania Zbior\u00f3w Biblioteka Pedagogiczna w Radomiu.\r\n\r\n\". W razie pyta\u0144 zapraszamy do kontaktu z administratorem witryny Biblioteki Pedagogiczne Mazowsza.<\/div>\r\n                        <button class=\"bs-my-account-details-show\" data-bona-id-notification='5581'> \u0427\u0438\u0442\u0430\u0442\u0438 \u0434\u0430\u043b\u0456<\/button>\r\n                        <button class=\"bs-my-account-details-hide\" style=\"display:none\" data-bona-id-notification='5581'>\u041f\u0440\u0438\u0445\u043e\u0432\u0430\u0442\u0438<\/button>\r\n                    <\/div>\r\n                                                        <div class=\"bs-my-account-single-post unseen\" id=\"3088\" style=\"background-color:#37518559\">\r\n                        <div class=\"bs-my-account-date\">2024-12-11 13:10:29<\/div>\r\n                        <div class=\"bs-my-account-title\">W pytaniu u\u017cytkownika powi\u0105znaym ze spraw\u0105: MBP.B.Rad.Zapytanie\/2024\/8 pojawi\u0142a si\u0119 nowa odpowied\u017a.<\/div>\r\n                        <div class=\"bs-my-account-content\">W Twoim pytaniu: &quot;Dzi\u0119kuj\u0119 za[...]<\/div>\r\n                        <div class=\"bs-my-account-message\" style=\"display:none\">W Twoim pytaniu: \"Dzi\u0119kuj\u0119 za odpowied\u017a na Zapytanie\/2024\/7, ale nie o to mi chodzi\u0142o. Pyta\u0142am o opisy bibliograficzne\/katalogowe w opacu. Mo\u017ce dost\u0119pne s\u0105 tylko na miejscu, w komputerach w bibliotece? Chyba, \u017ce ich jednak nie ma. Ale przy innych pracach zbiorowych jest analogiczna sytuacja. O co chodzi? Pozdrawiam\" pojawi\u0142a sie nowa odpowied\u017a o tre\u015bci: \"W najbli\u017cszej przysz\u0142o\u015bci tytu\u0142y rozdzia\u0142\u00f3w z tej ksi\u0105\u017cki zostan\u0105 opracowane jako artyku\u0142y w Bibliografi M21. Prosz\u0119 zagl\u0105da\u0107 do kartoteki BM21 i wyszukiwa\u0107 po tytule rozdzia\u0142\u00f3w, kt\u00f3re Pani dosta\u0142a w skanie.\". W razie pyta\u0144 zapraszamy do kontaktu z administratorem witryny Biblioteki Pedagogiczne Mazowsza.<\/div>\r\n                        <button class=\"bs-my-account-details-show\" data-bona-id-notification='3088'> \u0427\u0438\u0442\u0430\u0442\u0438 \u0434\u0430\u043b\u0456<\/button>\r\n                        <button class=\"bs-my-account-details-hide\" style=\"display:none\" data-bona-id-notification='3088'>\u041f\u0440\u0438\u0445\u043e\u0432\u0430\u0442\u0438<\/button>\r\n                    <\/div>\r\n                                                        <div class=\"bs-my-account-single-post unseen\" id=\"3073\" style=\"background-color:#37518559\">\r\n                        <div class=\"bs-my-account-date\">2024-12-11 12:51:06<\/div>\r\n                        <div class=\"bs-my-account-title\">W pytaniu u\u017cytkownika powi\u0105znaym ze spraw\u0105: MBP.B.Rad.Zapytanie\/2024\/7 pojawi\u0142a si\u0119 nowa odpowied\u017a.<\/div>\r\n                        <div class=\"bs-my-account-content\">W Twoim pytaniu: &quot;Chcia\u0142abym zobaczy\u0107[...]<\/div>\r\n                        <div class=\"bs-my-account-message\" style=\"display:none\">W Twoim pytaniu: \"Chcia\u0142abym zobaczy\u0107 opisy art. z ks. \"Ku demokratycznej szkole\". Jest inf. Rozdzia\u0142y tej ksi\u0105\u017cki skatalogowano pod w\u0142asnymi tytu\u0142ami. Dost\u0119pne w katalogu Bibliografia M21. Nie umiem ich tam odnale\u017a\u0107. Indeksami bez logowania nie, a zalogowa\u0107 na has\u0142o Anonim, bez nr karty, nie daje si\u0119. Dzi\u0119kuj\u0119\" pojawi\u0142a sie nowa odpowied\u017a o tre\u015bci: \"Za\u0142\u0105czam skany spisu tre\u015bci\". W razie pyta\u0144 zapraszamy do kontaktu z administratorem witryny Biblioteki Pedagogiczne Mazowsza.<\/div>\r\n                        <button class=\"bs-my-account-details-show\" data-bona-id-notification='3073'> \u0427\u0438\u0442\u0430\u0442\u0438 \u0434\u0430\u043b\u0456<\/button>\r\n                        <button class=\"bs-my-account-details-hide\" style=\"display:none\" data-bona-id-notification='3073'>\u041f\u0440\u0438\u0445\u043e\u0432\u0430\u0442\u0438<\/button>\r\n                    <\/div>\r\n                            <\/div>\r\n                    <div class=\"bs-questions-page\" data-page-index=\"2\" id=\"bs-my-account-posts-page-2\">\r\n                                                        <div class=\"bs-my-account-single-post unseen\" id=\"2977\" style=\"background-color:#37518559\">\r\n                        <div class=\"bs-my-account-date\">2024-12-03 11:50:02<\/div>\r\n                        <div class=\"bs-my-account-title\">W pytaniu u\u017cytkownika powi\u0105znaym ze spraw\u0105: MBP.B.Rad.Zapytanie\/2024\/6 pojawi\u0142a si\u0119 nowa odpowied\u017a.<\/div>\r\n                        <div class=\"bs-my-account-content\">W Twoim pytaniu: &quot;Chcia\u0142abym prolongowa\u0107[...]<\/div>\r\n                        <div class=\"bs-my-account-message\" style=\"display:none\">W Twoim pytaniu: \"Chcia\u0142abym prolongowa\u0107 gr\u0119 \"Nie m\u00f3w TAK, nie m\u00f3w NIE\". Czy istnieje taka mo\u017cliwo\u015b\u0107?\" pojawi\u0142a sie nowa odpowied\u017a o tre\u015bci: \"Gra zosta\u0142 ju\u017c prolongowana do 17 grudnia 2024\". W razie pyta\u0144 zapraszamy do kontaktu z administratorem witryny Biblioteki Pedagogiczne Mazowsza.<\/div>\r\n                        <button class=\"bs-my-account-details-show\" data-bona-id-notification='2977'> \u0427\u0438\u0442\u0430\u0442\u0438 \u0434\u0430\u043b\u0456<\/button>\r\n                        <button class=\"bs-my-account-details-hide\" style=\"display:none\" data-bona-id-notification='2977'>\u041f\u0440\u0438\u0445\u043e\u0432\u0430\u0442\u0438<\/button>\r\n                    <\/div>\r\n                                                        <div class=\"bs-my-account-single-post unseen\" id=\"1921\" style=\"background-color:#37518559\">\r\n                        <div class=\"bs-my-account-date\">2024-09-09 09:36:11<\/div>\r\n                        <div class=\"bs-my-account-title\">W pytaniu u\u017cytkownika powi\u0105znaym ze spraw\u0105: MBP.B.Rad.Zapytanie\/2024\/5 pojawi\u0142a si\u0119 nowa odpowied\u017a.<\/div>\r\n                        <div class=\"bs-my-account-content\">W Twoim pytaniu: &quot; Wiem,[...]<\/div>\r\n                        <div class=\"bs-my-account-message\" style=\"display:none\">W Twoim pytaniu: \" Wiem, \u017ce w tamtym roku realizowany by\u0142 przez Pa\u0144stwa projekt edukacyjny w ZSP nr 2. . Czy b\u0119dzie kontynuacja w tym roku ?  B\u0119d\u0119 wdzi\u0119czna za wszelkie informacje .  W poniedzia\u0142ek chcia\u0142abym przedstawi\u0107 koncepcj\u0119 dyrekcji. \" pojawi\u0142a sie nowa odpowied\u017a o tre\u015bci: \"Parownik biblioteki skontaktuje si\u0119 z Paniom telefonicznie w tej sprawie.\". W razie pyta\u0144 zapraszamy do kontaktu z administratorem witryny Biblioteki Pedagogiczne Mazowsza.<\/div>\r\n                        <button class=\"bs-my-account-details-show\" data-bona-id-notification='1921'> \u0427\u0438\u0442\u0430\u0442\u0438 \u0434\u0430\u043b\u0456<\/button>\r\n                        <button class=\"bs-my-account-details-hide\" style=\"display:none\" data-bona-id-notification='1921'>\u041f\u0440\u0438\u0445\u043e\u0432\u0430\u0442\u0438<\/button>\r\n                    <\/div>\r\n                                                        <div class=\"bs-my-account-single-post unseen\" id=\"1336\" style=\"background-color:#37518559\">\r\n                        <div class=\"bs-my-account-date\">2024-06-12 13:38:10<\/div>\r\n                        <div class=\"bs-my-account-title\">W pytaniu u\u017cytkownika powi\u0105znaym ze spraw\u0105: MBP.B.Rad.Zapytanie\/2024\/2 pojawi\u0142a si\u0119 nowa odpowied\u017a.<\/div>\r\n                        <div class=\"bs-my-account-content\">W Twoim pytaniu: &quot;Mam do[...]<\/div>\r\n                        <div class=\"bs-my-account-message\" style=\"display:none\">W Twoim pytaniu: \"Mam do oddania ksi\u0105\u017cki :Biologia-C.Villee PW Rolne i Le\u015bne W-wa 1990; Chemia og\u00f3lna L. Pajdowskii PWN W-wa 1977; Urbanistyka i architektura Radomia red.   Towarzystwo Naukowe 1979; &#13;&#10; \" pojawi\u0142a sie nowa odpowied\u017a o tre\u015bci: \"Sprawa zosta\u0142a odrzucona. Nie jeste\u015bmy zainteresowani pozyskaniem do zbioru starych egzemplarzy ksi\u0105\u017cek.\". W razie pyta\u0144 zapraszamy do kontaktu z administratorem witryny Biblioteki Pedagogiczne Mazowsza.<\/div>\r\n                        <button class=\"bs-my-account-details-show\" data-bona-id-notification='1336'> \u0427\u0438\u0442\u0430\u0442\u0438 \u0434\u0430\u043b\u0456<\/button>\r\n                        <button class=\"bs-my-account-details-hide\" style=\"display:none\" data-bona-id-notification='1336'>\u041f\u0440\u0438\u0445\u043e\u0432\u0430\u0442\u0438<\/button>\r\n                    <\/div>\r\n                                                        <div class=\"bs-my-account-single-post unseen\" id=\"646\" style=\"background-color:#37518559\">\r\n                        <div class=\"bs-my-account-date\">2024-02-05 18:24:19<\/div>\r\n                        <div class=\"bs-my-account-title\">Dodano now\u0105 wiadomo\u015b\u0107 do sprawy MBP.B.Rad.Wydarzenia\/2024\/2<\/div>\r\n                        <div class=\"bs-my-account-content\">U\u017cytkownik wys\u0142a\u0142 now\u0105 wiadomo\u015b\u0107 w[...]<\/div>\r\n                        <div class=\"bs-my-account-message\" style=\"display:none\">U\u017cytkownik wys\u0142a\u0142 now\u0105 wiadomo\u015b\u0107 w sprawie <a href=\"https:\/\/bibliotekapedagogiczna.pl\/mbpesprawa\/4959639d829b1eb15e22ca8aee6ed51f\">MBP.B.Rad.Wydarzenia\/2024\/2<\/a>.<\/div>\r\n                        <button class=\"bs-my-account-details-show\" data-bona-id-notification='646'> \u0427\u0438\u0442\u0430\u0442\u0438 \u0434\u0430\u043b\u0456<\/button>\r\n                        <button class=\"bs-my-account-details-hide\" style=\"display:none\" data-bona-id-notification='646'>\u041f\u0440\u0438\u0445\u043e\u0432\u0430\u0442\u0438<\/button>\r\n                    <\/div>\r\n                                                        <div class=\"bs-my-account-single-post unseen\" id=\"643\" style=\"background-color:#37518559\">\r\n                        <div class=\"bs-my-account-date\">2024-02-05 18:23:29<\/div>\r\n                        <div class=\"bs-my-account-title\">Dodano now\u0105 wiadomo\u015b\u0107 do sprawy MBP.B.Rad.Wydarzenia\/2024\/2<\/div>\r\n                        <div class=\"bs-my-account-content\">U\u017cytkownik wys\u0142a\u0142 now\u0105 wiadomo\u015b\u0107 w[...]<\/div>\r\n                        <div class=\"bs-my-account-message\" style=\"display:none\">U\u017cytkownik wys\u0142a\u0142 now\u0105 wiadomo\u015b\u0107 w sprawie <a href=\"https:\/\/bibliotekapedagogiczna.pl\/mbpesprawa\/4959639d829b1eb15e22ca8aee6ed51f\">MBP.B.Rad.Wydarzenia\/2024\/2<\/a>.<\/div>\r\n                        <button class=\"bs-my-account-details-show\" data-bona-id-notification='643'> \u0427\u0438\u0442\u0430\u0442\u0438 \u0434\u0430\u043b\u0456<\/button>\r\n                        <button class=\"bs-my-account-details-hide\" style=\"display:none\" data-bona-id-notification='643'>\u041f\u0440\u0438\u0445\u043e\u0432\u0430\u0442\u0438<\/button>\r\n                    <\/div>\r\n                            <\/div>\r\n                    <div class=\"bs-questions-page\" data-page-index=\"3\" id=\"bs-my-account-posts-page-3\">\r\n                                                        <div class=\"bs-my-account-single-post unseen\" id=\"128\" style=\"background-color:#37518559\">\r\n                        <div class=\"bs-my-account-date\">2022-08-01 16:51:35<\/div>\r\n                        <div class=\"bs-my-account-title\">Dodano now\u0105 wiadomo\u015b\u0107 do sprawy MBP.B.Rad.Czasopisma\/2022\/2<\/div>\r\n                        <div class=\"bs-my-account-content\">U\u017cytkownik wys\u0142a\u0142 now\u0105 wiadomo\u015b\u0107 w[...]<\/div>\r\n                        <div class=\"bs-my-account-message\" style=\"display:none\">U\u017cytkownik wys\u0142a\u0142 now\u0105 wiadomo\u015b\u0107 w sprawie <a href=\"https:\/\/bibliotekapedagogiczna.pl\/mbpesprawa\/903295fefeafb438ab00fc74e94d08a7\">MBP.B.Rad.Czasopisma\/2022\/2<\/a>.<\/div>\r\n                        <button class=\"bs-my-account-details-show\" data-bona-id-notification='128'> \u0427\u0438\u0442\u0430\u0442\u0438 \u0434\u0430\u043b\u0456<\/button>\r\n                        <button class=\"bs-my-account-details-hide\" style=\"display:none\" data-bona-id-notification='128'>\u041f\u0440\u0438\u0445\u043e\u0432\u0430\u0442\u0438<\/button>\r\n                    <\/div>\r\n                                                        <div class=\"bs-my-account-single-post unseen\" id=\"57\" style=\"background-color:#37518559\">\r\n                        <div class=\"bs-my-account-date\">2022-07-29 10:23:33<\/div>\r\n                        <div class=\"bs-my-account-title\">Dodano now\u0105 wiadomo\u015b\u0107 do sprawy MBP.B.Rad.Praktyki\/2022\/27<\/div>\r\n                        <div class=\"bs-my-account-content\">U\u017cytkownik wys\u0142a\u0142 now\u0105 wiadomo\u015b\u0107 w[...]<\/div>\r\n                        <div class=\"bs-my-account-message\" style=\"display:none\">U\u017cytkownik wys\u0142a\u0142 now\u0105 wiadomo\u015b\u0107 w sprawie <a href=\"https:\/\/bibliotekapedagogiczna.pl\/mbpesprawa\/c98dab6dd8e532d18f0714180a30311f\">MBP.B.Rad.Praktyki\/2022\/27<\/a>.<\/div>\r\n                        <button class=\"bs-my-account-details-show\" data-bona-id-notification='57'> \u0427\u0438\u0442\u0430\u0442\u0438 \u0434\u0430\u043b\u0456<\/button>\r\n                        <button class=\"bs-my-account-details-hide\" style=\"display:none\" data-bona-id-notification='57'>\u041f\u0440\u0438\u0445\u043e\u0432\u0430\u0442\u0438<\/button>\r\n                    <\/div>\r\n                            <\/div>\r\n            <\/div>\r\n<\/div>\n","protected":false},"excerpt":{"rendered":"","protected":false},"author":112,"featured_media":0,"parent":0,"menu_order":0,"comment_status":"closed","ping_status":"closed","template":"user-account-template.php","meta":{"_acf_changed":false,"_oasis_is_in_workflow":0,"_oasis_original":0,"inline_featured_image":false,"site-sidebar-layout":"default","site-content-layout":"","ast-site-content-layout":"default","site-content-style":"default","site-sidebar-style":"default","ast-global-header-display":"","ast-banner-title-visibility":"","ast-main-header-display":"","ast-hfb-above-header-display":"","ast-hfb-below-header-display":"","ast-hfb-mobile-header-display":"","site-post-title":"","ast-breadcrumbs-content":"","ast-featured-img":"","footer-sml-layout":"","ast-disable-related-posts":"","theme-transparent-header-meta":"","adv-header-id-meta":"","stick-header-meta":"","header-above-stick-meta":"","header-main-stick-meta":"","header-below-stick-meta":"","astra-migrate-meta-layouts":"default","ast-page-background-enabled":"default","ast-page-background-meta":{"desktop":{"background-color":"","background-image":"","background-repeat":"repeat","background-position":"center center","background-size":"auto","background-attachment":"scroll","background-type":"","background-media":"","overlay-type":"","overlay-color":"","overlay-opacity":"","overlay-gradient":""},"tablet":{"background-color":"","background-image":"","background-repeat":"repeat","background-position":"center center","background-size":"auto","background-attachment":"scroll","background-type":"","background-media":"","overlay-type":"","overlay-color":"","overlay-opacity":"","overlay-gradient":""},"mobile":{"background-color":"","background-image":"","background-repeat":"repeat","background-position":"center center","background-size":"auto","background-attachment":"scroll","background-type":"","background-media":"","overlay-type":"","overlay-color":"","overlay-opacity":"","overlay-gradient":""}},"ast-content-background-meta":{"desktop":{"background-color":"var(--ast-global-color-5)","background-image":"","background-repeat":"repeat","background-position":"center center","background-size":"auto","background-attachment":"scroll","background-type":"","background-media":"","overlay-type":"","overlay-color":"","overlay-opacity":"","overlay-gradient":""},"tablet":{"background-color":"var(--ast-global-color-5)","background-image":"","background-repeat":"repeat","background-position":"center center","background-size":"auto","background-attachment":"scroll","background-type":"","background-media":"","overlay-type":"","overlay-color":"","overlay-opacity":"","overlay-gradient":""},"mobile":{"background-color":"var(--ast-global-color-5)","background-image":"","background-repeat":"repeat","background-position":"center center","background-size":"auto","background-attachment":"scroll","background-type":"","background-media":"","overlay-type":"","overlay-color":"","overlay-opacity":"","overlay-gradient":""}},"_themeisle_gutenberg_block_has_review":false,"footnotes":""},"class_list":["post-20306","page","type-page","status-publish","hentry"],"acf":[],"featured_image_urls_v2":{"full":"","thumbnail":"","medium":"","medium_large":"","large":"","1536x1536":"","2048x2048":"","img-1100-450":"","img-1120-800":"","img-870-440":"","img-850-600":"","img-480-380":"","img-300-225":"","img-540-700":"","img-75-75":"","menu-24x24":"","menu-36x36":"","menu-48x48":""},"post_excerpt_stackable_v2":"<p>\u041c\u043e\u0457 \u043f\u043e\u0432\u0456\u0434\u043e\u043c\u043b\u0435\u043d\u043d\u044f 12 \u043f\u043e\u0432\u0456\u0434\u043e\u043c\u043b\u0435\u043d\u043d\u044f 1 z 3 2026-01-28 08:15:56 W pytaniu u\u017cytkownika powi\u0105znaym ze spraw\u0105: MBP.B.Rad.Zapytanie\/2026\/1 pojawi\u0142a si\u0119 nowa odpowied\u017a. W Twoim pytaniu: &quot;Dzie\u0144 dobry,&#013;&#010;Czy[&#8230;] W Twoim pytaniu: &#8220;Dzie\u0144 dobry,&#13;&#10;Czy w wydarzeniu Sie\u0107 Wsp\u00f3\u0142pracy i Samokszta\u0142cenia Nauczycieli PP mog\u0105 bra\u0107 udzia\u0142 emerytowani nauczyciele? &#8221; pojawi\u0142a sie nowa odpowied\u017a o tre\u015bci: &#8220;Niestety Spotkania Cz\u0142onk\u00f3w Sieci Wsp\u00f3\u0142pracy i Samokszta\u0142cenia s\u0105 tylko dla nauczycieli czynnych&#8221;. W razie pyta\u0144 zapraszamy do kontaktu z administratorem witryny Biblioteki Pedagogiczne Mazowsza. \u0427\u0438\u0442\u0430\u0442\u0438 \u0434\u0430\u043b\u0456 \u041f\u0440\u0438\u0445\u043e\u0432\u0430\u0442\u0438 2025-11-26 13:45:51 W pytaniu u\u017cytkownika powi\u0105znaym ze spraw\u0105: MBP.B.Rad.Zapytanie\/2025\/10 pojawi\u0142a si\u0119 nowa odpowied\u017a. W Twoim pytaniu: &quot;Mam problem[&#8230;] W Twoim pytaniu: &#8220;Mam problem&hellip;<\/p>\n","category_list_v2":"","author_info_v2":{"name":"Martyna Zalewska","url":"https:\/\/bibliotekapedagogiczna.pl\/uk\/author\/mprzygodzka\/"},"comments_num_v2":"0 \u043a\u043e\u043c\u0435\u043d\u0442\u0430\u0440\u0456\u0432","_links":{"self":[{"href":"https:\/\/bibliotekapedagogiczna.pl\/uk\/wp-json\/wp\/v2\/pages\/20306","targetHints":{"allow":["GET"]}}],"collection":[{"href":"https:\/\/bibliotekapedagogiczna.pl\/uk\/wp-json\/wp\/v2\/pages"}],"about":[{"href":"https:\/\/bibliotekapedagogiczna.pl\/uk\/wp-json\/wp\/v2\/types\/page"}],"author":[{"embeddable":true,"href":"https:\/\/bibliotekapedagogiczna.pl\/uk\/wp-json\/wp\/v2\/users\/112"}],"replies":[{"embeddable":true,"href":"https:\/\/bibliotekapedagogiczna.pl\/uk\/wp-json\/wp\/v2\/comments?post=20306"}],"version-history":[{"count":1,"href":"https:\/\/bibliotekapedagogiczna.pl\/uk\/wp-json\/wp\/v2\/pages\/20306\/revisions"}],"predecessor-version":[{"id":20612,"href":"https:\/\/bibliotekapedagogiczna.pl\/uk\/wp-json\/wp\/v2\/pages\/20306\/revisions\/20612"}],"wp:attachment":[{"href":"https:\/\/bibliotekapedagogiczna.pl\/uk\/wp-json\/wp\/v2\/media?parent=20306"}],"curies":[{"name":"wp","href":"https:\/\/api.w.org\/{rel}","templated":true}]}}