{"id":20270,"date":"2021-09-20T18:23:06","date_gmt":"2021-09-20T16:23:06","guid":{"rendered":"https:\/\/bibliotekapedagogiczna.pl\/deklaracja-dostepnosci\/"},"modified":"2022-11-17T10:59:32","modified_gmt":"2022-11-17T09:59:32","slug":"deklaracja-dostepnosci","status":"publish","type":"page","link":"https:\/\/bibliotekapedagogiczna.pl\/uk\/deklaracja-dostepnosci\/","title":{"rendered":"\u0414\u0435\u043a\u043b\u0430\u0440\u0430\u0446\u0456\u044f \u0434\u043e\u0441\u0442\u0443\u043f\u043d\u043e\u0441\u0442\u0456"},"content":{"rendered":"\n<p>Biblioteka Pedagogiczna w Radomiu\u00a0zobowi\u0105zuje si\u0119 zapewni\u0107 dost\u0119pno\u015b\u0107 swojej strony internetowej zgodnie z przepisami ustawy z dnia 4 kwietnia 2019 r. o dost\u0119pno\u015bci cyfrowej stron internetowych i aplikacji mobilnych podmiot\u00f3w publicznych. O\u015bwiadczenie w sprawie dost\u0119pno\u015bci ma zastosowanie do:\u00a0<a href=\"https:\/\/bibliotekapedagogiczna.pl\/\">strony internetowej Biblioteki Pedagogicznej w Radomiu\u00a0<\/a>.<\/p>\n\n<p>Daty publikacji i aktualizacji<\/p>\n\n<p>Data publikacji strony internetowej:\u00a02021-xx-xx\u00a0. Data ostatniej istotnej aktualizacji:\u00a02021-xx-xx<\/p>\n\n<h2 class=\"wp-block-heading\">Status pod wzgl\u0119dem zgodno\u015bci z ustaw\u0105<\/h2>\n\n<p>Strona internetowa jest\u00a0cz\u0119\u015bciowo zgodna\u00a0z ustaw\u0105 z dnia 4 kwietnia 2019 r. o dost\u0119pno\u015bci cyfrowej stron internetowych i aplikacji mobilnych podmiot\u00f3w publicznych z powodu niezgodno\u015bci lub wy\u0142\u0105cze\u0144 wymienionych poni\u017cej.<\/p>\n\n<ul class=\"wp-block-list\"><li><span style=\"font-family: -apple-system, BlinkMacSystemFont, &quot;Segoe UI&quot;, Roboto, Oxygen-Sans, Ubuntu, Cantarell, &quot;Helvetica Neue&quot;, sans-serif; font-size: 1rem; font-weight: inherit;\">cz\u0119\u015b\u0107 dokument\u00f3w PDF nie jest poprawnie odczytywana przez programy dla os\u00f3b niewidz\u0105cych (np. nieprawid\u0142owo przygotowane tabele, wykresy, obrazki, brak sekcji nawigacyjnych, tytu\u0142u itp.) lub s\u0105 to skany dokument\u00f3<\/span>w<\/li><\/ul>\n\n<h3 class=\"wp-block-heading\">Data sporz\u0105dzenia Deklaracji i metoda oceny dost\u0119pno\u015bci cyfrowej<\/h3>\n\n<p>O\u015bwiadczenie sporz\u0105dzono dnia:\u00a02020-xx-xx. Deklaracj\u0119 sporz\u0105dzono na podstawie samooceny przeprowadzonej przez podmiot publiczny.<\/p>\n\n<h3 class=\"wp-block-heading\">Skr\u00f3ty klawiaturowe<\/h3>\n\n<p>Na stronie internetowej mo\u017cna u\u017cywa\u0107 standardowych skr\u00f3t\u00f3w klawiaturowych przegl\u0105darki.<\/p>\n\n<h3 class=\"wp-block-heading\">Informacje zwrotne i dane kontaktowe<\/h3>\n\n<p>W przypadku problem\u00f3w z dost\u0119pno\u015bci\u0105 strony internetowej prosimy o kontakt. Osob\u0105 kontaktow\u0105 jest\u00a0Andrzej \u2026\u00a0. Kontaktowa\u0107 mo\u017cna si\u0119 tak\u017ce dzwoni\u0105c na numer telefonu\u00a0\u2026\u00a0T\u0105 sam\u0105 drog\u0105 mo\u017cna sk\u0142ada\u0107 wnioski o udost\u0119pnienie informacji niedost\u0119pnej oraz sk\u0142ada\u0107 \u017c\u0105dania zapewnienia dost\u0119pno\u015bci.<\/p>\n\n<h3 class=\"wp-block-heading\">Informacje na temat procedury<\/h3>\n\n<p>Ka\u017cdy ma prawo do wyst\u0105pienia z \u017c\u0105daniem zapewnienia dost\u0119pno\u015bci cyfrowej strony internetowej, aplikacji mobilnej lub jakiego\u015b ich elementu. Mo\u017cna tak\u017ce za\u017c\u0105da\u0107 udost\u0119pnienia informacji w formach alternatywnych, na przyk\u0142ad odczytanie niedost\u0119pnego cyfrowo dokumentu, opisania zawarto\u015bci filmu bez audiodeskrypcji itp. \u017b\u0105danie powinno zawiera\u0107 dane osoby zg\u0142aszaj\u0105cej \u017c\u0105danie, wskazanie, o kt\u00f3r\u0105 stron\u0119 internetow\u0105 lub aplikacj\u0119 mobiln\u0105 chodzi oraz spos\u00f3b kontaktu. Je\u017celi osoba \u017c\u0105daj\u0105ca zg\u0142asza potrzeb\u0119 otrzymania informacji w formie alternatywnej, powinna tak\u017ce okre\u015bli\u0107 form\u0119 tej informacji.<\/p>\n\n<p>Podmiot publiczny powinien zrealizowa\u0107 \u017c\u0105danie niezw\u0142ocznie i nie p\u00f3\u017aniej, ni\u017c w ci\u0105gu 7 dni. Je\u017celi dotrzymanie tego terminu nie jest mo\u017cliwe, podmiot publiczny niezw\u0142ocznie informuje o tym, kiedy realizacja \u017c\u0105dania b\u0119dzie mo\u017cliwa, przy czym termin ten nie mo\u017ce by\u0107 d\u0142u\u017cszy ni\u017c 2 miesi\u0105ce. Je\u017celi zapewnienie dost\u0119pno\u015bci nie jest mo\u017cliwe, podmiot publiczny mo\u017ce zaproponowa\u0107 alternatywny spos\u00f3b dost\u0119pu do informacji.<\/p>\n\n<p>W przypadku, gdy podmiot odm\u00f3wi realizacji \u017c\u0105dania zapewnienia dost\u0119pno\u015bci lub alternatywnego dost\u0119pu do informacji, mo\u017cna z\u0142o\u017cy\u0107 skarg\u0119 na takie dzia\u0142anie.<\/p>\n\n<p>Po wyczerpaniu wszystkich mo\u017cliwo\u015bci skarg\u0119 mo\u017cna przes\u0142a\u0107 tak\u017ce do\u00a0<a href=\"https:\/\/www.rpo.gov.pl\/content\/jak-zglosic-sie-do-rzecznika-praw-obywatelskich\" target=\"_blank\" rel=\"noreferrer noopener\">Rzecznika Praw Obywatelskich<\/a>.<\/p>\n\n<h2 class=\"wp-block-heading\">Dost\u0119pno\u015b\u0107 architektoniczna<\/h2>\n\n<p>\u041f\u0435\u0434\u0430\u0433\u043e\u0433\u0456\u0447\u043d\u0430 \u0431\u0456\u0431\u043b\u0456\u043e\u0442\u0435\u043a\u0430 \u0432 \u0420\u0430\u0434\u043e\u043c\u0456, \u0432\u0443\u043b. Ko\u015bciuszki 5a, 26-600 Radom, \u0442\u0435\u043b.: 48 345 95 50, e-mail: sekretariat@bp.radom.pl<\/p>\n\n<ol class=\"wp-block-list\" type=\"1\"><li>Dojazd i komunikacja<strong>:<\/strong><ul><li>Siedziba biblioteki zlokalizowana jest w centrum miasta, ok. 1000 m od dworca PKP i PKS. Droga dojazdowa do budynku prowadzi od ul. Ko\u015bciuszki.<\/li><li>W odleg\u0142o\u015bci oko\u0142o 180 i 230 m od g\u0142\u00f3wnego wej\u015bcia do biblioteki znajduj\u0105 si\u0119 przystanki MZDiK \u2013 Ko\u015bciuszki\/Planty linia 2: kierunek Idalin i Os. Zam\u0142ynie W rozk\u0142adzie jazdy autobus\u00f3w jest informacja, \u017ce wszystkie kursy realizowane s\u0105 przez pojazdy niskopod\u0142ogowe. Wyst\u0119puj\u0105 przeszkody na drodze typu: wysokie kraw\u0119\u017cniki, nier\u00f3wny chodnik<\/li><\/ul><\/li><li>Parking:Wok\u00f3\u0142 budynku znajduje si\u0119 og\u00f3lnodost\u0119pny parking z 49 miejscami parkingowymi, w tym 3 miejsca wydzielone dla os\u00f3b niepe\u0142nosprawnych umiejscowione w odleg\u0142o\u015bci ok. 60 metr\u00f3w od g\u0142\u00f3wnego wej\u015bcia do budynku. Wyst\u0119puj\u0105 przeszkody typu: wysokie kraw\u0119\u017cniki.<\/li><li>Dost\u0119pno\u015b\u0107 wej\u015bcia g\u0142\u00f3wnego do budynku:<ul><li>Biblioteka Pedagogiczna w Radomiu mie\u015bci si\u0119 na I pi\u0119trze budynku MSCDN. Wej\u015bcie g\u0142\u00f3wne przystosowane jest do potrzeb os\u00f3b niepe\u0142nosprawnych. Obok schod\u00f3w prowadz\u0105cych do\u00a0budynku znajduje si\u0119 pochylnia dla niepe\u0142nosprawnych wyposa\u017cona w\u00a0por\u0119cze po obu stronach. G\u0142\u00f3wne wej\u015bcie dwuskrzyd\u0142owe, z PCV z elementami szklanymi. Wej\u015bcie przez jedno skrzyd\u0142o \u2013 g\u0142\u00f3wne, o\u00a0szeroko\u015bci 90 cm, otwierane na zewn\u0105trz na praw\u0105 stron\u0119 (mo\u017cliwo\u015b\u0107 otwarcia drugiego \u2013 bocznego o szeroko\u015bci 60 cm otwierane na zewn\u0105trz na lew\u0105 stron\u0119, otwierane r\u0119cznie).<\/li><li>Na wprost wej\u015bcia g\u0142\u00f3wnego do budynku zainstalowana jest platforma dla niepe\u0142nosprawnych, kt\u00f3ra umo\u017cliwia przemieszczanie si\u0119 osoby niepe\u0142nosprawnej na poziom windy.<\/li><li>Winda umo\u017cliwia przedostanie si\u0119 osoby niepe\u0142nosprawnej na\u00a0pi\u0119tro I.<\/li><li>Wej\u015bcie g\u0142\u00f3wne do biblioteki na I pi\u0119trze, drzwiami dwuskrzyd\u0142owymi, z PCV z elementami szklanymi. Wej\u015bcie przez jedno skrzyd\u0142o \u2013\u00a0 g\u0142\u00f3wne, o\u00a0szeroko\u015bci 100 cm otwierane na\u00a0zewn\u0105trz na klatk\u0119, na lew\u0105 stron\u0119 (mo\u017cliwo\u015b\u0107 otwarcia drugiego \u2013 bocznego, o\u00a0szeroko\u015bci 50\u00a0cm\u00a0otwierane na zewn\u0105trz, na\u00a0klatk\u0119 na praw\u0105 stron\u0119, otwierane r\u0119cznie).<\/li><li>Wej\u015bcie jest dobrze o\u015bwietlone i oznaczone tablicami informacyjnymi. Lada biblioteczna do\u00a0obs\u0142ugi czytelnik\u00f3w znajduje si\u0119 po lewej stronie od wej\u015bcia g\u0142\u00f3wnego do biblioteki.<\/li><\/ul><\/li><li>Winda<strong>:<\/strong> z poziomu 0 \u2013 do platformy (na wezwanie) do poziomu windy. Wind\u0105 na I pi\u0119tro \u2013 przycisk nr 1.<\/li><li>Toalety: dla czytelnik\u00f3w i os\u00f3b niepe\u0142nosprawnych na I pi\u0119trze<strong>.<\/strong><\/li><li>Pomieszczenia: wszystkie pomieszczenia biblioteki przeznaczone dla czytelnika mieszcz\u0105 si\u0119 na jednym poziomie, brak barier.<\/li><\/ol>\n","protected":false},"excerpt":{"rendered":"<p>Biblioteka Pedagogiczna w Radomiu\u00a0zobowi\u0105zuje si\u0119 zapewni\u0107 dost\u0119pno\u015b\u0107 swojej strony internetowej zgodnie z przepisami ustawy z dnia 4 kwietnia 2019 r. [&hellip;]<\/p>\n","protected":false},"author":12,"featured_media":0,"parent":0,"menu_order":0,"comment_status":"closed","ping_status":"closed","template":"","meta":{"_acf_changed":false,"_oasis_is_in_workflow":0,"_oasis_original":0,"inline_featured_image":false,"site-sidebar-layout":"default","site-content-layout":"default","ast-site-content-layout":"default","site-content-style":"default","site-sidebar-style":"default","ast-global-header-display":"","ast-banner-title-visibility":"","ast-main-header-display":"","ast-hfb-above-header-display":"","ast-hfb-below-header-display":"","ast-hfb-mobile-header-display":"","site-post-title":"","ast-breadcrumbs-content":"","ast-featured-img":"","footer-sml-layout":"","ast-disable-related-posts":"","theme-transparent-header-meta":"default","adv-header-id-meta":"","stick-header-meta":"","header-above-stick-meta":"","header-main-stick-meta":"","header-below-stick-meta":"","astra-migrate-meta-layouts":"default","ast-page-background-enabled":"default","ast-page-background-meta":{"desktop":{"background-color":"","background-image":"","background-repeat":"repeat","background-position":"center center","background-size":"auto","background-attachment":"scroll","background-type":"","background-media":"","overlay-type":"","overlay-color":"","overlay-opacity":"","overlay-gradient":""},"tablet":{"background-color":"","background-image":"","background-repeat":"repeat","background-position":"center center","background-size":"auto","background-attachment":"scroll","background-type":"","background-media":"","overlay-type":"","overlay-color":"","overlay-opacity":"","overlay-gradient":""},"mobile":{"background-color":"","background-image":"","background-repeat":"repeat","background-position":"center center","background-size":"auto","background-attachment":"scroll","background-type":"","background-media":"","overlay-type":"","overlay-color":"","overlay-opacity":"","overlay-gradient":""}},"ast-content-background-meta":{"desktop":{"background-color":"var(--ast-global-color-5)","background-image":"","background-repeat":"repeat","background-position":"center center","background-size":"auto","background-attachment":"scroll","background-type":"","background-media":"","overlay-type":"","overlay-color":"","overlay-opacity":"","overlay-gradient":""},"tablet":{"background-color":"var(--ast-global-color-5)","background-image":"","background-repeat":"repeat","background-position":"center center","background-size":"auto","background-attachment":"scroll","background-type":"","background-media":"","overlay-type":"","overlay-color":"","overlay-opacity":"","overlay-gradient":""},"mobile":{"background-color":"var(--ast-global-color-5)","background-image":"","background-repeat":"repeat","background-position":"center center","background-size":"auto","background-attachment":"scroll","background-type":"","background-media":"","overlay-type":"","overlay-color":"","overlay-opacity":"","overlay-gradient":""}},"_themeisle_gutenberg_block_has_review":false,"footnotes":""},"class_list":["post-20270","page","type-page","status-publish","hentry"],"acf":[],"featured_image_urls_v2":{"full":"","thumbnail":"","medium":"","medium_large":"","large":"","1536x1536":"","2048x2048":"","img-1100-450":"","img-1120-800":"","img-870-440":"","img-850-600":"","img-480-380":"","img-300-225":"","img-540-700":"","img-75-75":"","menu-24x24":"","menu-36x36":"","menu-48x48":""},"post_excerpt_stackable_v2":"<p>Biblioteka Pedagogiczna w Radomiu\u00a0zobowi\u0105zuje si\u0119 zapewni\u0107 dost\u0119pno\u015b\u0107 swojej strony internetowej zgodnie z przepisami ustawy z dnia 4 kwietnia 2019 r. o dost\u0119pno\u015bci cyfrowej stron internetowych i aplikacji mobilnych podmiot\u00f3w publicznych. O\u015bwiadczenie w sprawie dost\u0119pno\u015bci ma zastosowanie do:\u00a0strony internetowej Biblioteki Pedagogicznej w Radomiu\u00a0. Daty publikacji i aktualizacji Data publikacji strony internetowej:\u00a02021-xx-xx\u00a0. Data ostatniej istotnej aktualizacji:\u00a02021-xx-xx Status pod wzgl\u0119dem zgodno\u015bci z ustaw\u0105 Strona internetowa jest\u00a0cz\u0119\u015bciowo zgodna\u00a0z ustaw\u0105 z dnia 4 kwietnia 2019 r. o dost\u0119pno\u015bci cyfrowej stron internetowych i aplikacji mobilnych podmiot\u00f3w publicznych z powodu niezgodno\u015bci lub wy\u0142\u0105cze\u0144 wymienionych poni\u017cej. cz\u0119\u015b\u0107 dokument\u00f3w PDF nie jest poprawnie odczytywana przez programy dla os\u00f3b niewidz\u0105cych&hellip;<\/p>\n","category_list_v2":"","author_info_v2":{"name":"ktadaszak","url":"https:\/\/bibliotekapedagogiczna.pl\/uk\/author\/ktadaszak\/"},"comments_num_v2":"0 \u043a\u043e\u043c\u0435\u043d\u0442\u0430\u0440\u0456\u0432","_links":{"self":[{"href":"https:\/\/bibliotekapedagogiczna.pl\/uk\/wp-json\/wp\/v2\/pages\/20270","targetHints":{"allow":["GET"]}}],"collection":[{"href":"https:\/\/bibliotekapedagogiczna.pl\/uk\/wp-json\/wp\/v2\/pages"}],"about":[{"href":"https:\/\/bibliotekapedagogiczna.pl\/uk\/wp-json\/wp\/v2\/types\/page"}],"author":[{"embeddable":true,"href":"https:\/\/bibliotekapedagogiczna.pl\/uk\/wp-json\/wp\/v2\/users\/12"}],"replies":[{"embeddable":true,"href":"https:\/\/bibliotekapedagogiczna.pl\/uk\/wp-json\/wp\/v2\/comments?post=20270"}],"version-history":[{"count":2,"href":"https:\/\/bibliotekapedagogiczna.pl\/uk\/wp-json\/wp\/v2\/pages\/20270\/revisions"}],"predecessor-version":[{"id":23110,"href":"https:\/\/bibliotekapedagogiczna.pl\/uk\/wp-json\/wp\/v2\/pages\/20270\/revisions\/23110"}],"wp:attachment":[{"href":"https:\/\/bibliotekapedagogiczna.pl\/uk\/wp-json\/wp\/v2\/media?parent=20270"}],"curies":[{"name":"wp","href":"https:\/\/api.w.org\/{rel}","templated":true}]}}