{"id":1469,"date":"2018-06-25T09:00:42","date_gmt":"2018-06-25T07:00:42","guid":{"rendered":"https:\/\/bibliotekapedagogiczna.pl\/?page_id=1469-old"},"modified":"2018-06-25T09:00:42","modified_gmt":"2018-06-25T07:00:42","slug":"rodo-2","status":"publish","type":"page","link":"https:\/\/bibliotekapedagogiczna.pl\/uk\/rodo-2\/","title":{"rendered":"RODO"},"content":{"rendered":"<h1 class=\"entry-title singular-title\"><strong style=\"font-size: 16px\">W zwi\u0105zku z realizacj\u0105 wymog\u00f3w Rozporz\u0105dzeniem Parlamentu Europejskiego i Rady (UE) 2016\/679 z dnia 27 kwietnia 2016 r. w sprawie ochrony os\u00f3b fizycznych w zwi\u0105zku z przetwarzaniem danych osobowych i w sprawie sprawnego przep\u0142ywu takich danych oraz uchylenia dyrektywy 95\/46\/WE (og\u00f3lne rozporz\u0105dzenie o ochronie danych), zwanym dalej: RODO, informujemy o zasadach przetwarzania danych osobowych oraz o przys\u0142uguj\u0105cych prawach z tym zwi\u0105zanych:<\/strong><\/h1>\n<article id=\"post-1469\" class=\"post-1469 page type-page status-publish hentry\">\n<div class=\"article-inner\">\n<div class=\"entry-content\">\n<p><strong>Administrator danych osobowych.<\/strong><\/p>\n<p>Administratorem Pa\u0144stwa danych osobowych jest Biblioteka Pedagogiczna w Radomiu<\/p>\n<p><strong>Mo\u017cna z nami kontaktowa\u0107 si\u0119 w nast\u0119puj\u0105cy spos\u00f3b:<\/strong><\/p>\n<ul>\n<li>listownie: Radom, ul. Ko\u015bciuszki 5A<\/li>\n<li>przez elektroniczn\u0105 skrzynk\u0119 podawcz\u0105 dost\u0119pn\u0105 na stronie:\u00a0<a href=\"http:\/\/www.bibliotekapedagogiczna.pl\/\">www.bibliotekapedagogiczna.pl<\/a><\/li>\n<\/ul>\n<p><strong>Inspektor Ochrony Danych<\/strong><\/p>\n<p>Inspektorem Ochrony Danych (IOD) jest Maria Mazurek. Mo\u017cna si\u0119 z ni\u0105 kontaktowa\u0107 za pomoc\u0105 e-mailem na adres:\u00a0<a href=\"https:\/\/bibliotekapedagogiczna.pl\/spucpt\/popups-example\/iod@ckziu.radom.pl\">iod@ckziu.radom.pl<\/a>. Do IOD nale\u017cy kierowa\u0107 wy\u0142\u0105cznie sprawy dotycz\u0105ce przetwarzania Pa\u0144stwa danych w tym sprawy dotycz\u0105ce realizacji praw w zakresie dost\u0119pu do swoich danych, ich sprostowania, usuwania, ograniczenia przetwarzania, czy sprzeciwu na ich przetwarzanie.<\/p>\n<p><strong>Cel i podstawa przetwarzania<\/strong><\/p>\n<ul>\n<li>realizacja ustawowych zada\u0144 szko\u0142y na podstawie art. 6 i art. 9 og\u00f3lnego rozporz\u0105dzenia o ochronie danych osobowych z dnia 27 kwietnia 2016 r. (Dz.U.UE.L.2016.119.1 z dnia 2016.05.04)<\/li>\n<li>realizacja zada\u0144 ustawowych, okre\u015blonych w Ustawie \u2013 Prawo o\u015bwiatowe z dnia 14 grudnia 2016 r. (Dz.U z 2018 r., poz. 996) Ustawa o systemie o\u015bwiaty z dnia 7 wrze\u015bnia 1991 r. (Dz. U. z 2018 r. poz. 1457).<\/li>\n<li>realizacji statutowych zada\u0144 dydaktycznych, opieku\u0144czych i wychowawczych,<\/li>\n<li>zapis\u00f3w wynikaj\u0105cych z Kodeksu Pracy z dnia 26 czerwca 1974 r.<\/li>\n<li>w zakresie szerszym ni\u017c wynikaj\u0105cym z przepis\u00f3w prawa (art. 6 ust. 1 lit. a RODO) na podstawie wyra\u017conej zgody na przetwarzanie danych.<\/li>\n<\/ul>\n<p><strong>Odbiorcy danych osobowych<\/strong><\/p>\n<p>Dane osobowe nie s\u0105 udost\u0119pniane innym odbiorcom z wyj\u0105tkiem podmiot\u00f3w do tego uprawnionych takich jak:<\/p>\n<ul>\n<li><strong>organy uprawnione na podstawie przepis\u00f3w prawa do otrzymania danych osobowych<\/strong>,<\/li>\n<li><strong>podmioty, kt\u00f3re przetwarzaj\u0105 dane osobowe w imieniu Administratora na podstawie zawartej z Administratorem umowy powierzenia danych osobowych<\/strong>.<\/li>\n<\/ul>\n<p>Dane osobowe po zrealizowaniu celu, dla kt\u00f3rego zosta\u0142y zebrane, przetwarzane i przechowywane b\u0119d\u0105 przez okres wskazany w przepisach szczeg\u00f3\u0142owych. W przypadku dokument\u00f3w aplikacyjnych jak CV, list motywacyjny, itp., dokumenty b\u0119d\u0105 przechowywane przez okres trzech miesi\u0119cy.<\/p>\n<p><strong>Prawa os\u00f3b, kt\u00f3rych dane dotycz\u0105\u00a0<\/strong><\/p>\n<p>Zgodnie z RODO przys\u0142uguje Pa\u0144stwu prawo:<\/p>\n<ul>\n<li>prawo dost\u0119pu do swoich danych oraz otrzymania ich kopii;<\/li>\n<li>prawo do sprostowania (poprawienia) swoich danych, je\u015bli s\u0105 b\u0142\u0119dne lub nieaktualne, a tak\u017ce prawo do ich usuni\u0119cia w sytuacji, gdy przetwarzanie danych nie nast\u0119puje w celu wywi\u0105zywania si\u0119 z obowi\u0105zku wynikaj\u0105cego z przepisu prawa lub w ramach sprawowania w\u0142adzy publicznej;<\/li>\n<li>prawo do ograniczenia lub wniesienia sprzeciwu wobec przetwarzania danych;<\/li>\n<li>prawo do wniesienia skargi do Prezes UODO (na adres Urz\u0119du Ochrony Danych Osobowych, ul. Stawki 2, Warszawa 00-193.<\/li>\n<\/ul>\n<p>Dane osobowe nie b\u0119d\u0105 przekazywane do pa\u0144stwa spoza Europejskiego Obszaru Gospodarczego. Podanie danych osobowych jest obligatoryjne w oparciu o przepisy prawa, a w pozosta\u0142ym zakresie jest dobrowolne.<\/p>\n<\/div>\n<\/div>\n<\/article>\n","protected":false},"excerpt":{"rendered":"<p>W zwi\u0105zku z realizacj\u0105 wymog\u00f3w Rozporz\u0105dzeniem Parlamentu Europejskiego i Rady (UE) 2016\/679 z dnia 27 kwietnia 2016 r. w sprawie [&hellip;]<\/p>\n","protected":false},"author":114,"featured_media":0,"parent":0,"menu_order":6,"comment_status":"closed","ping_status":"closed","template":"","meta":{"_acf_changed":false,"_oasis_is_in_workflow":0,"_oasis_original":0,"inline_featured_image":false,"site-sidebar-layout":"default","site-content-layout":"","ast-site-content-layout":"default","site-content-style":"default","site-sidebar-style":"default","ast-global-header-display":"","ast-banner-title-visibility":"","ast-main-header-display":"","ast-hfb-above-header-display":"","ast-hfb-below-header-display":"","ast-hfb-mobile-header-display":"","site-post-title":"","ast-breadcrumbs-content":"","ast-featured-img":"","footer-sml-layout":"","ast-disable-related-posts":"","theme-transparent-header-meta":"","adv-header-id-meta":"","stick-header-meta":"","header-above-stick-meta":"","header-main-stick-meta":"","header-below-stick-meta":"","astra-migrate-meta-layouts":"default","ast-page-background-enabled":"default","ast-page-background-meta":{"desktop":{"background-color":"","background-image":"","background-repeat":"repeat","background-position":"center center","background-size":"auto","background-attachment":"scroll","background-type":"","background-media":"","overlay-type":"","overlay-color":"","overlay-opacity":"","overlay-gradient":""},"tablet":{"background-color":"","background-image":"","background-repeat":"repeat","background-position":"center center","background-size":"auto","background-attachment":"scroll","background-type":"","background-media":"","overlay-type":"","overlay-color":"","overlay-opacity":"","overlay-gradient":""},"mobile":{"background-color":"","background-image":"","background-repeat":"repeat","background-position":"center center","background-size":"auto","background-attachment":"scroll","background-type":"","background-media":"","overlay-type":"","overlay-color":"","overlay-opacity":"","overlay-gradient":""}},"ast-content-background-meta":{"desktop":{"background-color":"var(--ast-global-color-5)","background-image":"","background-repeat":"repeat","background-position":"center center","background-size":"auto","background-attachment":"scroll","background-type":"","background-media":"","overlay-type":"","overlay-color":"","overlay-opacity":"","overlay-gradient":""},"tablet":{"background-color":"var(--ast-global-color-5)","background-image":"","background-repeat":"repeat","background-position":"center center","background-size":"auto","background-attachment":"scroll","background-type":"","background-media":"","overlay-type":"","overlay-color":"","overlay-opacity":"","overlay-gradient":""},"mobile":{"background-color":"var(--ast-global-color-5)","background-image":"","background-repeat":"repeat","background-position":"center center","background-size":"auto","background-attachment":"scroll","background-type":"","background-media":"","overlay-type":"","overlay-color":"","overlay-opacity":"","overlay-gradient":""}},"_themeisle_gutenberg_block_has_review":false,"footnotes":""},"class_list":["post-1469","page","type-page","status-publish","hentry"],"acf":[],"featured_image_urls_v2":{"full":"","thumbnail":"","medium":"","medium_large":"","large":"","1536x1536":"","2048x2048":"","img-1100-450":"","img-1120-800":"","img-870-440":"","img-850-600":"","img-480-380":"","img-300-225":"","img-540-700":"","img-75-75":"","menu-24x24":"","menu-36x36":"","menu-48x48":""},"post_excerpt_stackable_v2":"<p>W zwi\u0105zku z realizacj\u0105 wymog\u00f3w Rozporz\u0105dzeniem Parlamentu Europejskiego i Rady (UE) 2016\/679 z dnia 27 kwietnia 2016 r. w sprawie ochrony os\u00f3b fizycznych w zwi\u0105zku z przetwarzaniem danych osobowych i w sprawie sprawnego przep\u0142ywu takich danych oraz uchylenia dyrektywy 95\/46\/WE (og\u00f3lne rozporz\u0105dzenie o ochronie danych), zwanym dalej: RODO, informujemy o zasadach przetwarzania danych osobowych oraz o przys\u0142uguj\u0105cych prawach z tym zwi\u0105zanych: Administrator danych osobowych. Administratorem Pa\u0144stwa danych osobowych jest Biblioteka Pedagogiczna w Radomiu Mo\u017cna z nami kontaktowa\u0107 si\u0119 w nast\u0119puj\u0105cy spos\u00f3b: listownie: Radom, ul. Ko\u015bciuszki 5A przez elektroniczn\u0105 skrzynk\u0119 podawcz\u0105 dost\u0119pn\u0105 na stronie:\u00a0www.bibliotekapedagogiczna.pl Inspektor Ochrony Danych Inspektorem Ochrony Danych (IOD)&hellip;<\/p>\n","category_list_v2":"","author_info_v2":{"name":"R2F3cm9u","url":"https:\/\/bibliotekapedagogiczna.pl\/uk\/author\/yw5kcnplamdhd3jvbnnraq\/"},"comments_num_v2":"0 \u043a\u043e\u043c\u0435\u043d\u0442\u0430\u0440\u0456\u0432","_links":{"self":[{"href":"https:\/\/bibliotekapedagogiczna.pl\/uk\/wp-json\/wp\/v2\/pages\/1469","targetHints":{"allow":["GET"]}}],"collection":[{"href":"https:\/\/bibliotekapedagogiczna.pl\/uk\/wp-json\/wp\/v2\/pages"}],"about":[{"href":"https:\/\/bibliotekapedagogiczna.pl\/uk\/wp-json\/wp\/v2\/types\/page"}],"author":[{"embeddable":true,"href":"https:\/\/bibliotekapedagogiczna.pl\/uk\/wp-json\/wp\/v2\/users\/114"}],"replies":[{"embeddable":true,"href":"https:\/\/bibliotekapedagogiczna.pl\/uk\/wp-json\/wp\/v2\/comments?post=1469"}],"version-history":[{"count":0,"href":"https:\/\/bibliotekapedagogiczna.pl\/uk\/wp-json\/wp\/v2\/pages\/1469\/revisions"}],"wp:attachment":[{"href":"https:\/\/bibliotekapedagogiczna.pl\/uk\/wp-json\/wp\/v2\/media?parent=1469"}],"curies":[{"name":"wp","href":"https:\/\/api.w.org\/{rel}","templated":true}]}}