{"id":1201,"date":"2021-09-20T14:33:55","date_gmt":"2021-09-20T12:33:55","guid":{"rendered":"https:\/\/bibliotekapedagogiczna.pl\/?page_id=1201"},"modified":"2025-02-26T13:48:24","modified_gmt":"2025-02-26T12:48:24","slug":"rodo","status":"publish","type":"page","link":"https:\/\/bibliotekapedagogiczna.pl\/uk\/rodo\/","title":{"rendered":"RODO"},"content":{"rendered":"\n<ol start=\"1\" class=\"wp-block-list\">\n<li>Administrator Biblioteki Pedagogicznej zbiera, przetwarza dane osobowe zgodnie z przepisami i zasadami przetwarzania danych osobowych okre\u015blonymi w RODO. Administrator zapewnia przejrzysto\u015b\u0107, bezpiecze\u0144stwo, poufno\u015b\u0107 oraz dost\u0119p do informacji o przetwarzaniu dla os\u00f3b kt\u00f3rych dane dotycz\u0105. Kontakt z administratorem jest mo\u017cliwy poprzez adres e-mail:&nbsp;<strong><u>sekretariat@bp.radom.pl&nbsp;<\/u><\/strong>lub&nbsp;adres korespondencyjny: 26-600 Radom, ul. Ko\u015bciuszki 5A.<\/li>\n\n\n\n<li>Administrator danych wyznaczy\u0142 Inspektora Ochrony Danych z\u202fkt\u00f3rym mo\u017cna si\u0119 skontaktowa\u0107 telefonicznie pod nr\u202f (48) 345 95 50 e-mailowo:&nbsp;<a href=\"https:\/\/bibliotekapedagogiczna.pl\/spucpt\/popups-example\/iod@ckziu.radom.pl\">iod@ckziu.radom.pl<\/a>&nbsp;lub drog\u0105 tradycyjn\u0105, pod ww. adresem.&nbsp;<\/li>\n\n\n\n<li>Dane osobowe b\u0119d\u0105 przetwarzane w celu:\n<ul class=\"wp-block-list\">\n<li><span style=\"color: var(--ast-global-color-3);font-size: 1rem;font-weight: inherit\">Wykonania i realizacji e-us\u0142ugi, kt\u00f3rej stron\u0105 jest zarejestrowany u\u017cytkownik Portalu Mazowieckich Bibliotek Pedagogicznych \u2013 art. 6 ust 1 lit \u201eb\u201d RODO. &nbsp;<\/span><\/li>\n\n\n\n<li><span style=\"color: var(--ast-global-color-3);font-size: 1rem;font-weight: inherit\">Wype\u0142nienia obowi\u0105zku prawnego ci\u0105\u017c\u0105cego na Administratorze \u2013 art. 6 ust 1 lit \u201ec\u201d. &nbsp;<\/span><\/li>\n\n\n\n<li><span style=\"color: var(--ast-global-color-3);font-size: 1rem;font-weight: inherit\">Wykonania zadania realizowanego w interesie publicznym zgodnego z profilem dzia\u0142alno\u015bci biblioteki \u2013 art. 6 ust 1 lit \u201ee\u201d.<\/span><\/li>\n\n\n\n<li>Wyra\u017cenia zgody na dane zawarte w formularzach e-us\u0142ug \u2013 art. 6 ust 1 lit. \u201ea\u201d RODO.<\/li>\n<\/ul>\n<\/li>\n<\/ol>\n\n\n\n<ol start=\"4\" class=\"wp-block-list\">\n<li>Odbiorcami b\u0119d\u0105 wy\u0142\u0105cznie podmioty uprawione do uzyskania danych osobowych na podstawie przepis\u00f3w prawa.<\/li>\n\n\n\n<li>Dane osobowe nie b\u0119d\u0105 udost\u0119pniane pa\u0144stwom trzecim.<\/li>\n\n\n\n<li>Okres przetwarzania danych przez Administratora zale\u017cy od rodzaju \u015bwiadczonej us\u0142ugi<br>i celu przetwarzania. Je\u015bli przetwarzanie odbywa si\u0119 na podstawie zgody, dane przetwarzane s\u0105 do czasu jej wycofania. W przypadku, gdy podstaw\u0119 przetwarzania stanowi niezb\u0119dno\u015b\u0107 do zawarcia i wykonania us\u0142ugi, dane b\u0119d\u0105 przetwarzane do momentu jej rozwi\u0105zania lub zgodnie z przepisami dotycz\u0105cymi post\u0119powania z dokumentacj\u0105 oraz przechowywania dokument\u00f3w. Okres przetwarzania danych mo\u017ce by\u0107 przed\u0142u\u017cony w przypadku, gdy przetwarzanie jest niezb\u0119dne do ustalenia, dochodzenia lub obrony przed ewentualnymi roszczeniami, a po tym okresie, jedynie w przypadku i w zakresie, w jakim b\u0119d\u0105 wymaga\u0107 tego przepisy prawa. Po up\u0142ywie okresu przetwarzania dane s\u0105 nieodwracalnie usuwane lub anonimizowane.<\/li>\n<\/ol>\n\n\n\n<p><\/p>\n","protected":false},"excerpt":{"rendered":"","protected":false},"author":12,"featured_media":0,"parent":0,"menu_order":0,"comment_status":"closed","ping_status":"closed","template":"","meta":{"_acf_changed":false,"_oasis_is_in_workflow":0,"_oasis_original":0,"inline_featured_image":false,"site-sidebar-layout":"default","site-content-layout":"default","ast-site-content-layout":"default","site-content-style":"default","site-sidebar-style":"default","ast-global-header-display":"","ast-banner-title-visibility":"","ast-main-header-display":"","ast-hfb-above-header-display":"","ast-hfb-below-header-display":"","ast-hfb-mobile-header-display":"","site-post-title":"","ast-breadcrumbs-content":"","ast-featured-img":"","footer-sml-layout":"","ast-disable-related-posts":"","theme-transparent-header-meta":"default","adv-header-id-meta":"","stick-header-meta":"","header-above-stick-meta":"","header-main-stick-meta":"","header-below-stick-meta":"","astra-migrate-meta-layouts":"set","ast-page-background-enabled":"default","ast-page-background-meta":{"desktop":{"background-color":"","background-image":"","background-repeat":"repeat","background-position":"center center","background-size":"auto","background-attachment":"scroll","background-type":"","background-media":"","overlay-type":"","overlay-color":"","overlay-opacity":"","overlay-gradient":""},"tablet":{"background-color":"","background-image":"","background-repeat":"repeat","background-position":"center center","background-size":"auto","background-attachment":"scroll","background-type":"","background-media":"","overlay-type":"","overlay-color":"","overlay-opacity":"","overlay-gradient":""},"mobile":{"background-color":"","background-image":"","background-repeat":"repeat","background-position":"center center","background-size":"auto","background-attachment":"scroll","background-type":"","background-media":"","overlay-type":"","overlay-color":"","overlay-opacity":"","overlay-gradient":""}},"ast-content-background-meta":{"desktop":{"background-color":"var(--ast-global-color-5)","background-image":"","background-repeat":"repeat","background-position":"center center","background-size":"auto","background-attachment":"scroll","background-type":"","background-media":"","overlay-type":"","overlay-color":"","overlay-opacity":"","overlay-gradient":""},"tablet":{"background-color":"var(--ast-global-color-5)","background-image":"","background-repeat":"repeat","background-position":"center center","background-size":"auto","background-attachment":"scroll","background-type":"","background-media":"","overlay-type":"","overlay-color":"","overlay-opacity":"","overlay-gradient":""},"mobile":{"background-color":"var(--ast-global-color-5)","background-image":"","background-repeat":"repeat","background-position":"center center","background-size":"auto","background-attachment":"scroll","background-type":"","background-media":"","overlay-type":"","overlay-color":"","overlay-opacity":"","overlay-gradient":""}},"_themeisle_gutenberg_block_has_review":false,"footnotes":""},"class_list":["post-1201","page","type-page","status-publish","hentry"],"acf":[],"featured_image_urls_v2":{"full":"","thumbnail":"","medium":"","medium_large":"","large":"","1536x1536":"","2048x2048":"","img-1100-450":"","img-1120-800":"","img-870-440":"","img-850-600":"","img-480-380":"","img-300-225":"","img-540-700":"","img-75-75":"","menu-24x24":"","menu-36x36":"","menu-48x48":""},"post_excerpt_stackable_v2":"<p>Administrator Biblioteki Pedagogicznej zbiera, przetwarza dane osobowe zgodnie z przepisami i zasadami przetwarzania danych osobowych okre\u015blonymi w RODO. Administrator zapewnia przejrzysto\u015b\u0107, bezpiecze\u0144stwo, poufno\u015b\u0107 oraz dost\u0119p do informacji o przetwarzaniu dla os\u00f3b kt\u00f3rych dane dotycz\u0105. Kontakt z administratorem jest mo\u017cliwy poprzez adres e-mail:&nbsp;sekretariat@bp.radom.pl&nbsp;lub&nbsp;adres korespondencyjny: 26-600 Radom, ul. Ko\u015bciuszki 5A. Administrator danych wyznaczy\u0142 Inspektora Ochrony Danych z\u202fkt\u00f3rym mo\u017cna si\u0119 skontaktowa\u0107 telefonicznie pod nr\u202f (48) 345 95 50 e-mailowo:&nbsp;iod@ckziu.radom.pl&nbsp;lub drog\u0105 tradycyjn\u0105, pod ww. adresem.&nbsp; Dane osobowe b\u0119d\u0105 przetwarzane w celu: Wykonania i realizacji e-us\u0142ugi, kt\u00f3rej stron\u0105 jest zarejestrowany u\u017cytkownik Portalu Mazowieckich Bibliotek Pedagogicznych \u2013 art. 6 ust 1 lit \u201eb\u201d RODO. &nbsp; Wype\u0142nienia&hellip;<\/p>\n","category_list_v2":"","author_info_v2":{"name":"ktadaszak","url":"https:\/\/bibliotekapedagogiczna.pl\/uk\/author\/ktadaszak\/"},"comments_num_v2":"0 \u043a\u043e\u043c\u0435\u043d\u0442\u0430\u0440\u0456\u0432","_links":{"self":[{"href":"https:\/\/bibliotekapedagogiczna.pl\/uk\/wp-json\/wp\/v2\/pages\/1201","targetHints":{"allow":["GET"]}}],"collection":[{"href":"https:\/\/bibliotekapedagogiczna.pl\/uk\/wp-json\/wp\/v2\/pages"}],"about":[{"href":"https:\/\/bibliotekapedagogiczna.pl\/uk\/wp-json\/wp\/v2\/types\/page"}],"author":[{"embeddable":true,"href":"https:\/\/bibliotekapedagogiczna.pl\/uk\/wp-json\/wp\/v2\/users\/12"}],"replies":[{"embeddable":true,"href":"https:\/\/bibliotekapedagogiczna.pl\/uk\/wp-json\/wp\/v2\/comments?post=1201"}],"version-history":[{"count":20,"href":"https:\/\/bibliotekapedagogiczna.pl\/uk\/wp-json\/wp\/v2\/pages\/1201\/revisions"}],"predecessor-version":[{"id":84055,"href":"https:\/\/bibliotekapedagogiczna.pl\/uk\/wp-json\/wp\/v2\/pages\/1201\/revisions\/84055"}],"wp:attachment":[{"href":"https:\/\/bibliotekapedagogiczna.pl\/uk\/wp-json\/wp\/v2\/media?parent=1201"}],"curies":[{"name":"wp","href":"https:\/\/api.w.org\/{rel}","templated":true}]}}