{"id":102955,"date":"2025-09-10T13:16:48","date_gmt":"2025-09-10T11:16:48","guid":{"rendered":"https:\/\/bibliotekapedagogiczna.pl\/?page_id=102955"},"modified":"2025-09-10T13:16:52","modified_gmt":"2025-09-10T11:16:52","slug":"radomski-konkurs-recytatorski","status":"publish","type":"page","link":"https:\/\/bibliotekapedagogiczna.pl\/uk\/radomski-konkurs-recytatorski\/","title":{"rendered":"Radomski Konkurs Recytatorski"},"content":{"rendered":"<div class=\"is-style-boxed wp-block-themeisle-blocks-posts-grid\" id=\"wp-block-themeisle-blocks-posts-grid-3cc9787d\"><div class=\"is-grid o-posts-grid-columns-3\"><div class=\"o-posts-grid-post-blog o-posts-grid-post-plain\"><div class=\"o-posts-grid-post\"><div class=\"o-posts-grid-post-image\"><a href=\"https:\/\/bibliotekapedagogiczna.pl\/uk\/zakonczenie-ii-edycji-melodii-slow-radomskiego-konkursu-recytatorskiego\/\"><img loading=\"lazy\" decoding=\"async\" width=\"2048\" height=\"2048\" src=\"https:\/\/bibliotekapedagogiczna.pl\/wp-content\/uploads\/sites\/10\/2025\/11\/melodie-slow-final-8.jpg\" class=\"attachment-full size-full\" alt=\"Fina\u0142 II edycji Melodii S\u0142\u00f3w - Radomskiego Konkursu Recytatorskiego\" srcset=\"https:\/\/bibliotekapedagogiczna.pl\/wp-content\/uploads\/sites\/10\/2025\/11\/melodie-slow-final-8.jpg 2048w, https:\/\/bibliotekapedagogiczna.pl\/wp-content\/uploads\/sites\/10\/2025\/11\/melodie-slow-final-8-300x300.jpg 300w, https:\/\/bibliotekapedagogiczna.pl\/wp-content\/uploads\/sites\/10\/2025\/11\/melodie-slow-final-8-1024x1024.jpg 1024w, https:\/\/bibliotekapedagogiczna.pl\/wp-content\/uploads\/sites\/10\/2025\/11\/melodie-slow-final-8-150x150.jpg 150w, https:\/\/bibliotekapedagogiczna.pl\/wp-content\/uploads\/sites\/10\/2025\/11\/melodie-slow-final-8-768x768.jpg 768w, https:\/\/bibliotekapedagogiczna.pl\/wp-content\/uploads\/sites\/10\/2025\/11\/melodie-slow-final-8-1536x1536.jpg 1536w, https:\/\/bibliotekapedagogiczna.pl\/wp-content\/uploads\/sites\/10\/2025\/11\/melodie-slow-final-8-75x75.jpg 75w, https:\/\/bibliotekapedagogiczna.pl\/wp-content\/uploads\/sites\/10\/2025\/11\/melodie-slow-final-8-24x24.jpg 24w, https:\/\/bibliotekapedagogiczna.pl\/wp-content\/uploads\/sites\/10\/2025\/11\/melodie-slow-final-8-36x36.jpg 36w, https:\/\/bibliotekapedagogiczna.pl\/wp-content\/uploads\/sites\/10\/2025\/11\/melodie-slow-final-8-48x48.jpg 48w\" sizes=\"(max-width: 2048px) 100vw, 2048px\" \/><\/a><\/div><div class=\"o-posts-grid-post-body\"><span class=\"o-posts-grid-post-category\"><a href=\"https:\/\/bibliotekapedagogiczna.pl\/kategoria\/aktualnosci\/\">Aktualno\u015bci<\/a><\/span><h4 class=\"o-posts-grid-post-title\"><a href=\"https:\/\/bibliotekapedagogiczna.pl\/uk\/zakonczenie-ii-edycji-melodii-slow-radomskiego-konkursu-recytatorskiego\/\">Zako\u0144czenie II edycji &#8220;Melodii S\u0142\u00f3w &#8211; Radomskiego Konkursu Recytatorskiego&#8221;.<\/a><\/h4><p class=\"o-posts-grid-post-meta\">Posted on <time datetime=\"2025-11-14T09:43:20+01:00\">14.11.2025<\/time> <\/p><div class=\"o-posts-grid-post-description\"><p>Z rado\u015bci\u0105 informujemy o pomy\u015blnym zako\u0144czeniu II edycji &#8220;Melodie S\u0142\u00f3w &#8211; Radomskiego Kon\u2026<\/p><\/div><\/div><\/div><\/div><div class=\"o-posts-grid-post-blog o-posts-grid-post-plain\"><div class=\"o-posts-grid-post\"><div class=\"o-posts-grid-post-image\"><a href=\"https:\/\/bibliotekapedagogiczna.pl\/uk\/eliminacje-przedfinalowe-melodii-slow-za-nami\/\"><img loading=\"lazy\" decoding=\"async\" width=\"2048\" height=\"1536\" src=\"https:\/\/bibliotekapedagogiczna.pl\/wp-content\/uploads\/sites\/10\/2025\/10\/melodie-slow-5.jpg\" class=\"attachment-full size-full\" alt=\"Melodii S\u0142\u00f3w- 2. Radomskiego Konkursu Recytatorskiego\" srcset=\"https:\/\/bibliotekapedagogiczna.pl\/wp-content\/uploads\/sites\/10\/2025\/10\/melodie-slow-5.jpg 2048w, https:\/\/bibliotekapedagogiczna.pl\/wp-content\/uploads\/sites\/10\/2025\/10\/melodie-slow-5-300x225.jpg 300w, https:\/\/bibliotekapedagogiczna.pl\/wp-content\/uploads\/sites\/10\/2025\/10\/melodie-slow-5-1024x768.jpg 1024w, https:\/\/bibliotekapedagogiczna.pl\/wp-content\/uploads\/sites\/10\/2025\/10\/melodie-slow-5-768x576.jpg 768w, https:\/\/bibliotekapedagogiczna.pl\/wp-content\/uploads\/sites\/10\/2025\/10\/melodie-slow-5-1536x1152.jpg 1536w, https:\/\/bibliotekapedagogiczna.pl\/wp-content\/uploads\/sites\/10\/2025\/10\/melodie-slow-5-24x18.jpg 24w, https:\/\/bibliotekapedagogiczna.pl\/wp-content\/uploads\/sites\/10\/2025\/10\/melodie-slow-5-36x27.jpg 36w, https:\/\/bibliotekapedagogiczna.pl\/wp-content\/uploads\/sites\/10\/2025\/10\/melodie-slow-5-48x36.jpg 48w\" sizes=\"(max-width: 2048px) 100vw, 2048px\" \/><\/a><\/div><div class=\"o-posts-grid-post-body\"><span class=\"o-posts-grid-post-category\"><a href=\"https:\/\/bibliotekapedagogiczna.pl\/kategoria\/konkursy\/konkurs-recytatorski-2\/\">Konkurs recytatorski<\/a><\/span><h4 class=\"o-posts-grid-post-title\"><a href=\"https:\/\/bibliotekapedagogiczna.pl\/uk\/eliminacje-przedfinalowe-melodii-slow-za-nami\/\">Eliminacje przedfina\u0142owe &#8220;Melodii S\u0142\u00f3w&#8221; za nami<\/a><\/h4><p class=\"o-posts-grid-post-meta\">Posted on <time datetime=\"2025-10-24T12:21:09+02:00\">24.10.2025<\/time> <\/p><div class=\"o-posts-grid-post-description\"><p>Zako\u0144czy\u0142y si\u0119 eliminacje przedfina\u0142owe w ramach &#8220;Melodii S\u0142\u00f3w &#8211; 2. Radomskiego Konkursu\u2026<\/p><\/div><\/div><\/div><\/div><div class=\"o-posts-grid-post-blog o-posts-grid-post-plain\"><div class=\"o-posts-grid-post\"><div class=\"o-posts-grid-post-image\"><a href=\"https:\/\/bibliotekapedagogiczna.pl\/uk\/konkurs-recytatorski-czas-zaczac\/\"><img loading=\"lazy\" decoding=\"async\" width=\"1080\" height=\"1080\" src=\"https:\/\/bibliotekapedagogiczna.pl\/wp-content\/uploads\/sites\/10\/2025\/09\/plakat-melodie-slow.png\" class=\"attachment-full size-full\" alt=\"Plakat - Melodie S\u0142\u00f3w - 2 Radomski Konkurs Recytatorski.\" srcset=\"https:\/\/bibliotekapedagogiczna.pl\/wp-content\/uploads\/sites\/10\/2025\/09\/plakat-melodie-slow.png 1080w, https:\/\/bibliotekapedagogiczna.pl\/wp-content\/uploads\/sites\/10\/2025\/09\/plakat-melodie-slow-300x300.png 300w, https:\/\/bibliotekapedagogiczna.pl\/wp-content\/uploads\/sites\/10\/2025\/09\/plakat-melodie-slow-1024x1024.png 1024w, https:\/\/bibliotekapedagogiczna.pl\/wp-content\/uploads\/sites\/10\/2025\/09\/plakat-melodie-slow-150x150.png 150w, https:\/\/bibliotekapedagogiczna.pl\/wp-content\/uploads\/sites\/10\/2025\/09\/plakat-melodie-slow-768x768.png 768w, https:\/\/bibliotekapedagogiczna.pl\/wp-content\/uploads\/sites\/10\/2025\/09\/plakat-melodie-slow-75x75.png 75w, https:\/\/bibliotekapedagogiczna.pl\/wp-content\/uploads\/sites\/10\/2025\/09\/plakat-melodie-slow-24x24.png 24w, https:\/\/bibliotekapedagogiczna.pl\/wp-content\/uploads\/sites\/10\/2025\/09\/plakat-melodie-slow-36x36.png 36w, https:\/\/bibliotekapedagogiczna.pl\/wp-content\/uploads\/sites\/10\/2025\/09\/plakat-melodie-slow-48x48.png 48w\" sizes=\"(max-width: 1080px) 100vw, 1080px\" \/><\/a><\/div><div class=\"o-posts-grid-post-body\"><span class=\"o-posts-grid-post-category\"><a href=\"https:\/\/bibliotekapedagogiczna.pl\/kategoria\/konkursy\/konkurs-recytatorski-2\/\">Konkurs recytatorski<\/a><\/span><h4 class=\"o-posts-grid-post-title\"><a href=\"https:\/\/bibliotekapedagogiczna.pl\/uk\/konkurs-recytatorski-czas-zaczac\/\">Otwieramy! Og\u0142aszamy Konkurs Recytatorski!<\/a><\/h4><p class=\"o-posts-grid-post-meta\">Posted on <time datetime=\"2025-10-04T08:20:56+02:00\">04.10.2025<\/time> <\/p><div class=\"o-posts-grid-post-description\"><p>Uwaga!! Przed\u0142u\u017camy termin zg\u0142osze\u0144 do 15 pa\u017adziernika 2025 r. Przed nami druga ods\u0142ona \u201eMelodii S\u0142\u00f3\u2026<\/p><\/div><\/div><\/div><\/div><div class=\"o-posts-grid-post-blog o-posts-grid-post-plain\"><div class=\"o-posts-grid-post\"><div class=\"o-posts-grid-post-image\"><a href=\"https:\/\/bibliotekapedagogiczna.pl\/uk\/finalu-konkursu-melodie-slow-radomski-konkurs-recytatorski\/\"><img loading=\"lazy\" decoding=\"async\" width=\"2048\" height=\"2048\" src=\"https:\/\/bibliotekapedagogiczna.pl\/wp-content\/uploads\/sites\/10\/2024\/11\/konkurs-recytatorski-1.jpg\" class=\"attachment-full size-full\" alt=\"Gala fina\u0142owa Konkursu Recytatorskiego - laureaci\" srcset=\"https:\/\/bibliotekapedagogiczna.pl\/wp-content\/uploads\/sites\/10\/2024\/11\/konkurs-recytatorski-1.jpg 2048w, https:\/\/bibliotekapedagogiczna.pl\/wp-content\/uploads\/sites\/10\/2024\/11\/konkurs-recytatorski-1-300x300.jpg 300w, https:\/\/bibliotekapedagogiczna.pl\/wp-content\/uploads\/sites\/10\/2024\/11\/konkurs-recytatorski-1-1024x1024.jpg 1024w, https:\/\/bibliotekapedagogiczna.pl\/wp-content\/uploads\/sites\/10\/2024\/11\/konkurs-recytatorski-1-150x150.jpg 150w, https:\/\/bibliotekapedagogiczna.pl\/wp-content\/uploads\/sites\/10\/2024\/11\/konkurs-recytatorski-1-768x768.jpg 768w, https:\/\/bibliotekapedagogiczna.pl\/wp-content\/uploads\/sites\/10\/2024\/11\/konkurs-recytatorski-1-1536x1536.jpg 1536w, https:\/\/bibliotekapedagogiczna.pl\/wp-content\/uploads\/sites\/10\/2024\/11\/konkurs-recytatorski-1-24x24.jpg 24w, https:\/\/bibliotekapedagogiczna.pl\/wp-content\/uploads\/sites\/10\/2024\/11\/konkurs-recytatorski-1-36x36.jpg 36w, https:\/\/bibliotekapedagogiczna.pl\/wp-content\/uploads\/sites\/10\/2024\/11\/konkurs-recytatorski-1-48x48.jpg 48w\" sizes=\"(max-width: 2048px) 100vw, 2048px\" \/><\/a><\/div><div class=\"o-posts-grid-post-body\"><span class=\"o-posts-grid-post-category\"><a href=\"https:\/\/bibliotekapedagogiczna.pl\/kategoria\/konkursy\/konkurs-recytatorski-2\/\">Konkurs recytatorski<\/a><\/span><h4 class=\"o-posts-grid-post-title\"><a href=\"https:\/\/bibliotekapedagogiczna.pl\/uk\/finalu-konkursu-melodie-slow-radomski-konkurs-recytatorski\/\">Fina\u0142u konkursu &#8220;Melodie S\u0142\u00f3w &#8211; Radomski Konkurs Recytatorski&#8221;<\/a><\/h4><p class=\"o-posts-grid-post-meta\">Posted on <time datetime=\"2024-11-12T15:00:05+01:00\">12.11.2024<\/time> <\/p><div class=\"o-posts-grid-post-description\"><p>W dniu 7 listopada 2024 roku odby\u0142 si\u0119 fina\u0142 konkursu &#8220;Melodie S\u0142\u00f3w &#8211; Radomski Konkurs R\u2026<\/p><\/div><\/div><\/div><\/div><\/div> <\/div>","protected":false},"excerpt":{"rendered":"","protected":false},"author":914,"featured_media":0,"parent":0,"menu_order":0,"comment_status":"closed","ping_status":"closed","template":"","meta":{"_acf_changed":false,"_oasis_is_in_workflow":0,"_oasis_original":0,"inline_featured_image":false,"site-sidebar-layout":"default","site-content-layout":"","ast-site-content-layout":"default","site-content-style":"default","site-sidebar-style":"default","ast-global-header-display":"","ast-banner-title-visibility":"","ast-main-header-display":"","ast-hfb-above-header-display":"","ast-hfb-below-header-display":"","ast-hfb-mobile-header-display":"","site-post-title":"","ast-breadcrumbs-content":"","ast-featured-img":"","footer-sml-layout":"","ast-disable-related-posts":"","theme-transparent-header-meta":"","adv-header-id-meta":"","stick-header-meta":"","header-above-stick-meta":"","header-main-stick-meta":"","header-below-stick-meta":"","astra-migrate-meta-layouts":"set","ast-page-background-enabled":"default","ast-page-background-meta":{"desktop":{"background-color":"","background-image":"","background-repeat":"repeat","background-position":"center center","background-size":"auto","background-attachment":"scroll","background-type":"","background-media":"","overlay-type":"","overlay-color":"","overlay-opacity":"","overlay-gradient":""},"tablet":{"background-color":"","background-image":"","background-repeat":"repeat","background-position":"center center","background-size":"auto","background-attachment":"scroll","background-type":"","background-media":"","overlay-type":"","overlay-color":"","overlay-opacity":"","overlay-gradient":""},"mobile":{"background-color":"","background-image":"","background-repeat":"repeat","background-position":"center center","background-size":"auto","background-attachment":"scroll","background-type":"","background-media":"","overlay-type":"","overlay-color":"","overlay-opacity":"","overlay-gradient":""}},"ast-content-background-meta":{"desktop":{"background-color":"var(--ast-global-color-5)","background-image":"","background-repeat":"repeat","background-position":"center center","background-size":"auto","background-attachment":"scroll","background-type":"","background-media":"","overlay-type":"","overlay-color":"","overlay-opacity":"","overlay-gradient":""},"tablet":{"background-color":"var(--ast-global-color-5)","background-image":"","background-repeat":"repeat","background-position":"center center","background-size":"auto","background-attachment":"scroll","background-type":"","background-media":"","overlay-type":"","overlay-color":"","overlay-opacity":"","overlay-gradient":""},"mobile":{"background-color":"var(--ast-global-color-5)","background-image":"","background-repeat":"repeat","background-position":"center center","background-size":"auto","background-attachment":"scroll","background-type":"","background-media":"","overlay-type":"","overlay-color":"","overlay-opacity":"","overlay-gradient":""}},"_themeisle_gutenberg_block_has_review":false,"footnotes":""},"class_list":["post-102955","page","type-page","status-publish","hentry"],"acf":[],"featured_image_urls_v2":{"full":"","thumbnail":"","medium":"","medium_large":"","large":"","1536x1536":"","2048x2048":"","img-1100-450":"","img-1120-800":"","img-870-440":"","img-850-600":"","img-480-380":"","img-300-225":"","img-540-700":"","img-75-75":"","menu-24x24":"","menu-36x36":"","menu-48x48":""},"post_excerpt_stackable_v2":"<p>Aktualno\u015bciZako\u0144czenie II edycji &#8220;Melodii S\u0142\u00f3w &#8211; Radomskiego Konkursu Recytatorskiego&#8221;.Posted on 14.11.2025 Z rado\u015bci\u0105 informujemy o pomy\u015blnym zako\u0144czeniu II edycji &#8220;Melodie S\u0142\u00f3w &#8211; Radomskiego Kon\u2026Konkurs recytatorskiEliminacje przedfina\u0142owe &#8220;Melodii S\u0142\u00f3w&#8221; za namiPosted on 24.10.2025 Zako\u0144czy\u0142y si\u0119 eliminacje przedfina\u0142owe w ramach &#8220;Melodii S\u0142\u00f3w &#8211; 2. Radomskiego Konkursu\u2026Konkurs recytatorskiOtwieramy! Og\u0142aszamy Konkurs Recytatorski!Posted on 04.10.2025 Uwaga!! Przed\u0142u\u017camy termin zg\u0142osze\u0144 do 15 pa\u017adziernika 2025 r. Przed nami druga ods\u0142ona \u201eMelodii S\u0142\u00f3\u2026Konkurs recytatorskiFina\u0142u konkursu &#8220;Melodie S\u0142\u00f3w &#8211; Radomski Konkurs Recytatorski&#8221;Posted on 12.11.2024 W dniu 7 listopada 2024 roku odby\u0142 si\u0119 fina\u0142 konkursu &#8220;Melodie S\u0142\u00f3w &#8211; Radomski Konkurs R\u2026<\/p>\n","category_list_v2":"","author_info_v2":{"name":"Andrzej Gawro\u0144ski","url":"https:\/\/bibliotekapedagogiczna.pl\/uk\/author\/agawronski\/"},"comments_num_v2":"0 \u043a\u043e\u043c\u0435\u043d\u0442\u0430\u0440\u0456\u0432","_links":{"self":[{"href":"https:\/\/bibliotekapedagogiczna.pl\/uk\/wp-json\/wp\/v2\/pages\/102955","targetHints":{"allow":["GET"]}}],"collection":[{"href":"https:\/\/bibliotekapedagogiczna.pl\/uk\/wp-json\/wp\/v2\/pages"}],"about":[{"href":"https:\/\/bibliotekapedagogiczna.pl\/uk\/wp-json\/wp\/v2\/types\/page"}],"author":[{"embeddable":true,"href":"https:\/\/bibliotekapedagogiczna.pl\/uk\/wp-json\/wp\/v2\/users\/914"}],"replies":[{"embeddable":true,"href":"https:\/\/bibliotekapedagogiczna.pl\/uk\/wp-json\/wp\/v2\/comments?post=102955"}],"version-history":[{"count":2,"href":"https:\/\/bibliotekapedagogiczna.pl\/uk\/wp-json\/wp\/v2\/pages\/102955\/revisions"}],"predecessor-version":[{"id":102961,"href":"https:\/\/bibliotekapedagogiczna.pl\/uk\/wp-json\/wp\/v2\/pages\/102955\/revisions\/102961"}],"wp:attachment":[{"href":"https:\/\/bibliotekapedagogiczna.pl\/uk\/wp-json\/wp\/v2\/media?parent=102955"}],"curies":[{"name":"wp","href":"https:\/\/api.w.org\/{rel}","templated":true}]}}