{"id":8129,"date":"2020-09-03T11:28:14","date_gmt":"2020-09-03T09:28:14","guid":{"rendered":"https:\/\/bibliotekapedagogiczna.pl\/o-bibliotece\/struktura-biblioteki\/"},"modified":"2026-03-26T12:00:17","modified_gmt":"2026-03-26T11:00:17","slug":"struktura-biblioteki","status":"publish","type":"page","link":"https:\/\/bibliotekapedagogiczna.pl\/ru\/o-bibliotece\/struktura-biblioteki\/","title":{"rendered":"Struktura biblioteki"},"content":{"rendered":"\n<h1 class=\"wp-block-heading\"><strong>I.&nbsp;Dyrekcja<\/strong><\/h1>\n\n\n\n<ul class=\"wp-block-list\">\n<li>Tomasz Trela : tel. 48 380 36 04; e-mail:&nbsp;<a href=\"mailto:dyrektor@bp.radom.pl\">dyrektor@bp.radom.pl<\/a><\/li>\n<\/ul>\n\n\n\n<h2 class=\"wp-block-heading\"><strong>II. Wydzia\u0142 Udost\u0119pniania Zbior\u00f3w:<\/strong><\/h2>\n\n\n\n<h5 class=\"wp-block-heading\">1. Wypo\u017cyczalnia:<\/h5>\n\n\n\n<ul class=\"wp-block-list\">\n<li>Buduje komputerow\u0105 baz\u0119 u\u017cytkownik\u00f3w Biblioteki.<\/li>\n\n\n\n<li>Przechowuje i udost\u0119pnia Czytelnikom drukowane materia\u0142y biblioteczne tak\u017ce w ramach wypo\u017cycze\u0144 mi\u0119dzybibliotecznych.<\/li>\n\n\n\n<li>Udziela informacji katalogowych.<\/li>\n\n\n\n<li>Prowadzi statystyki wypo\u017cycze\u0144.<\/li>\n\n\n\n<li>Wysy\u0142a upomnienia.<\/li>\n\n\n\n<li>Prowadzi selekcj\u0119 ksi\u0119gozbioru.<\/li>\n\n\n\n<li>Wykonuje drobne naprawy ksi\u0105\u017cek.<\/li>\n\n\n\n<li>Przygotowuje ksi\u0105\u017cki do oprawy.<\/li>\n\n\n\n<li>Dba o porz\u0105dek w magazynach.<\/li>\n\n\n\n<li>Prowadzi dokumentacj\u0119 zwi\u0105zan\u0105 z prac\u0105 wydzia\u0142u. <\/li>\n<\/ul>\n\n\n\n<h5 class=\"wp-block-heading\">2. Czytelnia: <\/h5>\n\n\n\n<p>Ksi\u0119gozbi\u00f3r Czytelni dobrany jest tak, aby s\u0142u\u017cy\u0142 g\u0142\u00f3wnie kszta\u0142ceniu i doskonaleniu zawodowemu nauczycieli i student\u00f3w kierunk\u00f3w pedagogicznych oraz realizacji programu nauczania i wychowania.<br>Zbiory Czytelni obejmuj\u0105:<\/p>\n\n\n\n<ul class=\"wp-block-list\">\n<li>Wydawnictwa informacji bezpo\u015bredniej (encyklopedie, s\u0142owniki, leksykony i opracowania),<\/li>\n\n\n\n<li>Wydawnictwa metodyczne (np. przewodniki metodyczne i programy nauczania),<\/li>\n\n\n\n<li>Literatur\u0119 z zakresu pedagogiki i nauk z ni\u0105 wsp\u00f3\u0142dzia\u0142aj\u0105cych,<\/li>\n\n\n\n<li>Literatur\u0119 z pozosta\u0142ych dziedzin wiedzy,<\/li>\n\n\n\n<li>Regionalia,<\/li>\n\n\n\n<li>Materia\u0142y dotycz\u0105ce awansu zawodowego nauczycieli,<\/li>\n\n\n\n<li>Wydawnictwa ci\u0105g\u0142e,<\/li>\n\n\n\n<li>Gazety i czasopism.<\/li>\n<\/ul>\n\n\n\n<p>Czytelnia ma charakter publiczny, a wi\u0119c skorzysta\u0107 z niej mo\u017ce ka\u017cdy kto posiada przy sobie dokument to\u017csamo\u015bci. Dzia\u0142 udost\u0119pnia swoje zbiory tylko na miejscu. Czytelnicy maj\u0105 mo\u017cliwo\u015b\u0107 skorzystania z us\u0142ug kserograficznych.<\/p>\n\n\n\n<h5 class=\"wp-block-heading\">3. Zbiory Specjalne:<\/h5>\n\n\n\n<p>Wydzia\u0142 oferuje swoim czytelnikom:<\/p>\n\n\n\n<ul class=\"wp-block-list\">\n<li>Filmy i lektury szkolne na p\u0142ytach DVD.<\/li>\n\n\n\n<li>Filmy edukacyjne i dokumentalne na p\u0142ytach DVD.<\/li>\n\n\n\n<li>Ksi\u0105\u017cki m\u00f3wione (audiobooki).<\/li>\n\n\n\n<li>Materia\u0142y do nauki j\u0119zyk\u00f3w obcych.<\/li>\n\n\n\n<li>P\u0142yty CD i gramofonowe z muzyk\u0105 klasyczn\u0105 i rozrywkow\u0105.<\/li>\n\n\n\n<li>Ksi\u0105\u017cki wydane do 1939 r. (do korzystania na miejscu lub on-line).<\/li>\n\n\n\n<li>Nuty.<\/li>\n\n\n\n<li>Ksi\u0105\u017cki i p\u0142yty CD dla nauczycieli przedszkoli i edukacji wczesnoszkolnej.<\/li>\n<\/ul>\n\n\n\n<p>P\u0142yty DVD wypo\u017cyczane s\u0105 na \u015bci\u015ble okre\u015blony czas (3-7 dni). Pozosta\u0142e zbiory mo\u017cna wypo\u017cyczy\u0107 na okres 30 dni. Po up\u0142ywie tego terminu czytelnik mo\u017ce prolongowa\u0107 wypo\u017cyczone materia\u0142y za zgod\u0105 pracownika wydzia\u0142u (osobi\u015bcie lub telefonicznie). Czytelnik mo\u017ce jednorazowo wypo\u017cyczy\u0107 4 egzemplarze dokument\u00f3w ze zbior\u00f3w specjalnych.<\/p>\n\n\n\n<h5 class=\"wp-block-heading\">Kontakt:<\/h5>\n\n\n\n<ul class=\"wp-block-list\">\n<li><strong>Wypo\u017cyczalnia<\/strong>: tel. 48 345-98-37, w. 1; e-mail:&nbsp;<a href=\"mailto:wypozyczalnia@bp.radom.pl\">wypozyczalnia@bp.radom.pl<\/a><\/li>\n\n\n\n<li><strong>Czytelnia<\/strong>: tel. 48 345-98-37, w. 2; e-mail:&nbsp;<a href=\"mailto:czytelnia@bp.radom.pl\">czytelnia@bp.radom.pl<\/a><\/li>\n\n\n\n<li><strong>Zbiory Specjalne<\/strong>: tel.&nbsp;48 345-98-37, w. 3; e-mail:&nbsp;<a href=\"mailto:specjalne@bp.radom.pl\">specjalne@bp.radom.pl<\/a><\/li>\n<\/ul>\n\n\n\n<h4 class=\"wp-block-heading\"><strong>Pracownicy Wydzia\u0142u Udost\u0119pniania:<\/strong><\/h4>\n\n\n\n<ul class=\"wp-block-list\">\n<li><strong>Agata Jurek <\/strong>\u2013 kierownik &#8212; tel. 48 380 36 01; email: <a href=\"mailto:agata.jurek@bp.radom.pl\">agata.jurek@bp.radom.pl<\/a>\n<ul class=\"wp-block-list\">\n<li>Barbara Cicha; email: <a href=\"mailto:barbara.cicha@bp.radom.pl\">barbara.cicha@bp.radom.pl<\/a><\/li>\n\n\n\n<li>Magdalena Markowska; email: <a href=\"mailto:magdalena.bialkowska@bp.radom.pl\">magdalena.bialkowska@bp.radom.pl<\/a><\/li>\n\n\n\n<li>Agnieszka Krzyczkowska<\/li>\n\n\n\n<li>Dagmara Seta; email: <a href=\"mailto:dagmara.seta@bp.radom.pl\">dagmara.seta@bp.radom.pl<\/a><\/li>\n\n\n\n<li>Izabela Goli\u0144ska; email: <a href=\"mailto:izabela.golinska@bp.radom.pl\">izabela.golinska@bp.radom.pl<\/a><\/li>\n\n\n\n<li>Izabela Pisarska; email: <a href=\"mailto:izabela.pisarska@bp.radom.pl\">izabela.pisarska@bp.radom.pl<\/a><\/li>\n\n\n\n<li>Katarzyna Walczak; email: <a href=\"mailto:katarzyna.walczak@bp.radom.pl\">katarzyna.walczak@bp.radom.pl<\/a><\/li>\n\n\n\n<li>Ewelina Krasi\u0144ska; email: <a href=\"mailto:ewelina.krasinska@bp.radom.pl\">ewelina.krasinska@bp.radom.pl<\/a><\/li>\n<\/ul>\n<\/li>\n<\/ul>\n\n\n\n<h2 class=\"wp-block-heading\">III. Wydzia\u0142 Gromadzenia i Opracowania Zbior\u00f3w<\/h2>\n\n\n\n<p>Podstawowym zadaniem Wydzia\u0142u w zakresie gromadzenia zbior\u00f3w jest w\u0142a\u015bciwy dob\u00f3r ksi\u0119gozbioru, odpowiadaj\u0105cy potrzebom nauczycieli i student\u00f3w przygotowuj\u0105cych si\u0119 do zawodu nauczycielskiego. Gromadzi si\u0119 je drog\u0105:<\/p>\n\n\n\n<ul class=\"wp-block-list\">\n<li>Kupna,<\/li>\n\n\n\n<li>Zakupu sta\u0142ego,<\/li>\n\n\n\n<li>Dar\u00f3w,<\/li>\n\n\n\n<li>Wymiany mi\u0119dzybibliotecznej.<\/li>\n<\/ul>\n\n\n\n<p>W Wydziale prowadzona jest ewidencja w inwentarzu g\u0142\u00f3wnym i inwentarzu broszur i podr\u0119cznik\u00f3w szkolnych oraz w inwentarzu czasopism i wydawnictw ci\u0105g\u0142ych. Opracowuje si\u0119 zbiory formalnie i rzeczowo. Elektroniczna baza danych tworzona jest od 1997 z zastosowaniem programu bibliotecznego LIBRA. Od 2003 r. zbiory opracowywane s\u0105 w systemie PROLIB. Stan elektronicznej bazy danych liczy 409 ty\u015b rekord\u00f3w (stan na luty 2018 r.).<br>Struktura naszego ksi\u0119gozbioru przedstawia si\u0119 nast\u0119puj\u0105co:<\/p>\n\n\n\n<ul class=\"wp-block-list\">\n<li>Literatura pedagogiczna \u2013 31 %<\/li>\n\n\n\n<li>Literatura psychologiczno-socjologiczna \u2013 16 %<\/li>\n\n\n\n<li>Literatura pi\u0119kna \u2013 17 %<\/li>\n\n\n\n<li>Literatura naukowa \u2013 35 %<\/li>\n<\/ul>\n\n\n\n<h4 class=\"wp-block-heading\">Pracownicy Wydzia\u0142u Gromadzenia i Opracowania Zbior\u00f3w:<\/h4>\n\n\n\n<ul class=\"wp-block-list\">\n<li><strong>Katarzyna Pop\u0142awska<\/strong>\u00a0\u2013 kierownik &#8212; tel. 48 380 36 00; email: <a href=\"mailto:katarzyna.poplawska@bp.radom.pl\">katarzyna.poplawska@bp.radom.pl<\/a>\n<ul class=\"wp-block-list\">\n<li>Bo\u017cena Je\u017cma\u0144ska; email: <a href=\"mailto:bozena.jezmanska@bp.radom.pl\">bozena.jezmanska@bp.radom.pl<\/a><\/li>\n\n\n\n<li>Monika Jab\u0142o\u0144ska; email: <a href=\"mailto:monika.jablonska@bp.radom.pl\">monika.jablonska@bp.radom.pl<\/a><\/li>\n\n\n\n<li>Ma\u0142gorzata Mucha; email: <a href=\"mailto:malgorzata.mucha@bp.radom.pl\">malgorzata.mucha@bp.radom.pl<\/a><\/li>\n<\/ul>\n<\/li>\n<\/ul>\n\n\n\n<h5 class=\"wp-block-heading\">Kontakt:<\/h5>\n\n\n\n<ul class=\"wp-block-list\">\n<li><strong>Wydzia\u0142 Gromadzenia i Opracowania Zbior\u00f3w<\/strong>:&nbsp;tel. 48 345-98-37, w. 5; e-mail:&nbsp;<a href=\"mailto:gromadzenie@bp.radom.pl\">gromadzenie@bp.radom.pl.<\/a><\/li>\n<\/ul>\n\n\n\n<h2 class=\"wp-block-heading\">IV. Wydzia\u0142 Informacji i Promocji<\/h2>\n\n\n\n<p>Wydzia\u0142 oferuje wszystkim Czytelnikom fachow\u0105 pomoc wykwalifikowanych bibliotekarzy w zakresie:<\/p>\n\n\n\n<ul class=\"wp-block-list\">\n<li>Wyszukiwania potrzebnych informacji poprzez katalog alfabetyczny, rzeczowy, przedmiotowy i tytu\u0142owy oraz kartotek\u0119 zagadnieniow\u0105,<\/li>\n\n\n\n<li>Pomocy przy wyborze literatury na dany temat,<\/li>\n\n\n\n<li>Sporz\u0105dzania i wydruku zestawie\u0144 bibliograficznych, na podstawie kartoteki zagadnieniowej zawieraj\u0105cej artyku\u0142y z czasopism prenumerowanych przez bibliotek\u0119,<\/li>\n\n\n\n<li>Wskazywania specjalistycznych bibliografii,<\/li>\n\n\n\n<li>Opieki nad Centrum Internetowym,<\/li>\n\n\n\n<li>Prowadzenia zaj\u0119\u0107 bibliotecznych dla uczni\u00f3w wszystkich rodzaj\u00f3w szk\u00f3\u0142 .<\/li>\n<\/ul>\n\n\n\n<h4 class=\"wp-block-heading\">Pracownicy Wydzia\u0142u Informacji i Promocji:<\/h4>\n\n\n\n<ul class=\"wp-block-list\">\n<li><strong>Ewa Pachniak<\/strong>\u00a0\u2013 kierownik, tel. <strong>380 36 05<\/strong>; email: <a href=\"mailto:ewa.pachniak@bp.radom.pl\">ewa.pachniak@bp.radom.pl<\/a>\n<ul class=\"wp-block-list\">\n<li>Paulina Suska; email: <a href=\"mailto:paulina.suska@bp.radom.pl\">paulina.suska@bp.radom.pl<\/a><\/li>\n\n\n\n<li>Beata Tomczyk; email: <a href=\"mailto:beata.tomczyk@bp.radom.pl\">beata.tomczyk@bp.radom.pl<\/a><\/li>\n\n\n\n<li>Alicja Skrzek; email: <a href=\"mailto:alicja.skrzek@bp.radom.pl\">alicja.skrzek@bp.radom.pl<\/a><\/li>\n<\/ul>\n<\/li>\n<\/ul>\n\n\n\n<h5 class=\"wp-block-heading\">Kontakt:<\/h5>\n\n\n\n<ul class=\"wp-block-list\">\n<li><strong>Wydzia\u0142 Informacji i Promocji<\/strong>: tel. 48 345-98-37, w. 4; e-mail:&nbsp;<a href=\"mailto:promocja@bp.radom.pl\">promocja@bp.radom.pl<\/a><\/li>\n<\/ul>\n\n\n\n<h2 class=\"wp-block-heading\">V.&nbsp;Wydzia\u0142 Ekonomiczno-Administracyjny<\/h2>\n\n\n\n<h4 class=\"wp-block-heading\">Pracownicy:<\/h4>\n\n\n\n<ul class=\"wp-block-list\">\n<li>Lidia Smekta\u0142a-Penkalla \u2013 g\u0142\u00f3wny ksi\u0119gowy, tel. 48 380 36 02, e-mail: <a href=\"mailto:lidia.smektala@bp.radom.pl\">lidia.smektala@bp.radom.pl<\/a><\/li>\n\n\n\n<li>Mateusz Pu\u0142kowski &#8212; kierownik ds. gospodarczych, tel. 48 380 36 06; email: <a href=\"mailto:mateusz.pulkowski@bp.radom.pl\">mateusz.pulkowski@bp.radom.pl<\/a><\/li>\n<\/ul>\n\n\n\n<h5 class=\"wp-block-heading\">Kontakt:<\/h5>\n\n\n\n<ul class=\"wp-block-list\">\n<li><strong>Wydzia\u0142 Ekonomiczno-Administracyjny<\/strong>: tel.&nbsp;48 345-95-50, w. 7; e-mail:&nbsp;<a href=\"mailto:administracja@bp.radom.pl\">administracja@bp.radom.pl<\/a><\/li>\n<\/ul>\n\n\n\n<h2 class=\"wp-block-heading\">VI. Pracownia komputeryzacji<\/h2>\n\n\n\n<h4 class=\"wp-block-heading\">Pracownicy:<\/h4>\n\n\n\n<ul class=\"wp-block-list\">\n<li>Dawid Penkalla \u2013 administrator sieci, tel. 48 345 95 50; e-mail:&nbsp;<a href=\"mailto:techniczny@bp.radom.pl\">techniczny@bp.radom.pl<\/a><\/li>\n\n\n\n<li>Wojciech Mazurkiewicz \u2013 informatyk, tel. 48 345 95 50; e-mail: <a href=\"mailto:wojciech.mazurkiewicz@bp.radom.pl\">wojciech.mazurkiewicz@bp.radom.pl<\/a><\/li>\n\n\n\n<li>Andrzej Gawro\u0144ski \u2013 bibliotekarz systemowy, tel. 48 380 36 08; e-mail:&nbsp;<a href=\"mailto:systemowy@bp.radom.pl\">systemowy@bp.radom.pl<\/a><\/li>\n<\/ul>\n\n\n\n<h5 class=\"wp-block-heading\">Kontakt:<\/h5>\n\n\n\n<ul class=\"wp-block-list\">\n<li><strong>Pracownia komputeryzacji<\/strong>: tel. 48 345 95 50, w. 6<\/li>\n<\/ul>\n","protected":false},"excerpt":{"rendered":"<p>I.&nbsp;Dyrekcja II. Wydzia\u0142 Udost\u0119pniania Zbior\u00f3w: 1. Wypo\u017cyczalnia: 2. Czytelnia: Ksi\u0119gozbi\u00f3r Czytelni dobrany jest tak, aby s\u0142u\u017cy\u0142 g\u0142\u00f3wnie kszta\u0142ceniu i doskonaleniu [&hellip;]<\/p>\n","protected":false},"author":114,"featured_media":0,"parent":8127,"menu_order":0,"comment_status":"closed","ping_status":"closed","template":"","meta":{"_acf_changed":false,"_oasis_is_in_workflow":0,"_oasis_original":0,"inline_featured_image":false,"site-sidebar-layout":"default","site-content-layout":"","ast-site-content-layout":"default","site-content-style":"default","site-sidebar-style":"default","ast-global-header-display":"","ast-banner-title-visibility":"","ast-main-header-display":"","ast-hfb-above-header-display":"","ast-hfb-below-header-display":"","ast-hfb-mobile-header-display":"","site-post-title":"","ast-breadcrumbs-content":"","ast-featured-img":"","footer-sml-layout":"","ast-disable-related-posts":"","theme-transparent-header-meta":"","adv-header-id-meta":"","stick-header-meta":"","header-above-stick-meta":"","header-main-stick-meta":"","header-below-stick-meta":"","astra-migrate-meta-layouts":"default","ast-page-background-enabled":"default","ast-page-background-meta":{"desktop":{"background-color":"","background-image":"","background-repeat":"repeat","background-position":"center center","background-size":"auto","background-attachment":"scroll","background-type":"","background-media":"","overlay-type":"","overlay-color":"","overlay-opacity":"","overlay-gradient":""},"tablet":{"background-color":"","background-image":"","background-repeat":"repeat","background-position":"center center","background-size":"auto","background-attachment":"scroll","background-type":"","background-media":"","overlay-type":"","overlay-color":"","overlay-opacity":"","overlay-gradient":""},"mobile":{"background-color":"","background-image":"","background-repeat":"repeat","background-position":"center center","background-size":"auto","background-attachment":"scroll","background-type":"","background-media":"","overlay-type":"","overlay-color":"","overlay-opacity":"","overlay-gradient":""}},"ast-content-background-meta":{"desktop":{"background-color":"var(--ast-global-color-5)","background-image":"","background-repeat":"repeat","background-position":"center center","background-size":"auto","background-attachment":"scroll","background-type":"","background-media":"","overlay-type":"","overlay-color":"","overlay-opacity":"","overlay-gradient":""},"tablet":{"background-color":"var(--ast-global-color-5)","background-image":"","background-repeat":"repeat","background-position":"center center","background-size":"auto","background-attachment":"scroll","background-type":"","background-media":"","overlay-type":"","overlay-color":"","overlay-opacity":"","overlay-gradient":""},"mobile":{"background-color":"var(--ast-global-color-5)","background-image":"","background-repeat":"repeat","background-position":"center center","background-size":"auto","background-attachment":"scroll","background-type":"","background-media":"","overlay-type":"","overlay-color":"","overlay-opacity":"","overlay-gradient":""}},"_themeisle_gutenberg_block_has_review":false,"footnotes":""},"class_list":["post-8129","page","type-page","status-publish","hentry"],"acf":[],"featured_image_urls_v2":{"full":"","thumbnail":"","medium":"","medium_large":"","large":"","1536x1536":"","2048x2048":"","img-1100-450":"","img-1120-800":"","img-870-440":"","img-850-600":"","img-480-380":"","img-300-225":"","img-540-700":"","img-75-75":"","menu-24x24":"","menu-36x36":"","menu-48x48":""},"post_excerpt_stackable_v2":"<p>I.&nbsp;Dyrekcja Tomasz Trela : tel. 48 380 36 04; e-mail:&nbsp;dyrektor@bp.radom.pl II. Wydzia\u0142 Udost\u0119pniania Zbior\u00f3w: 1. Wypo\u017cyczalnia: Buduje komputerow\u0105 baz\u0119 u\u017cytkownik\u00f3w Biblioteki. Przechowuje i udost\u0119pnia Czytelnikom drukowane materia\u0142y biblioteczne tak\u017ce w ramach wypo\u017cycze\u0144 mi\u0119dzybibliotecznych. Udziela informacji katalogowych. Prowadzi statystyki wypo\u017cycze\u0144. Wysy\u0142a upomnienia. Prowadzi selekcj\u0119 ksi\u0119gozbioru. Wykonuje drobne naprawy ksi\u0105\u017cek. Przygotowuje ksi\u0105\u017cki do oprawy. Dba o porz\u0105dek w magazynach. Prowadzi dokumentacj\u0119 zwi\u0105zan\u0105 z prac\u0105 wydzia\u0142u. 2. Czytelnia: Ksi\u0119gozbi\u00f3r Czytelni dobrany jest tak, aby s\u0142u\u017cy\u0142 g\u0142\u00f3wnie kszta\u0142ceniu i doskonaleniu zawodowemu nauczycieli i student\u00f3w kierunk\u00f3w pedagogicznych oraz realizacji programu nauczania i wychowania.Zbiory Czytelni obejmuj\u0105: Wydawnictwa informacji bezpo\u015bredniej (encyklopedie, s\u0142owniki, leksykony i opracowania), Wydawnictwa metodyczne&hellip;<\/p>\n","category_list_v2":"","author_info_v2":{"name":"R2F3cm9u","url":"https:\/\/bibliotekapedagogiczna.pl\/ru\/author\/yw5kcnplamdhd3jvbnnraq\/"},"comments_num_v2":"0 \u043a\u043e\u043c\u043c\u0435\u043d\u0442\u0430\u0440\u0438\u0435\u0432","_links":{"self":[{"href":"https:\/\/bibliotekapedagogiczna.pl\/ru\/wp-json\/wp\/v2\/pages\/8129","targetHints":{"allow":["GET"]}}],"collection":[{"href":"https:\/\/bibliotekapedagogiczna.pl\/ru\/wp-json\/wp\/v2\/pages"}],"about":[{"href":"https:\/\/bibliotekapedagogiczna.pl\/ru\/wp-json\/wp\/v2\/types\/page"}],"author":[{"embeddable":true,"href":"https:\/\/bibliotekapedagogiczna.pl\/ru\/wp-json\/wp\/v2\/users\/114"}],"replies":[{"embeddable":true,"href":"https:\/\/bibliotekapedagogiczna.pl\/ru\/wp-json\/wp\/v2\/comments?post=8129"}],"version-history":[{"count":13,"href":"https:\/\/bibliotekapedagogiczna.pl\/ru\/wp-json\/wp\/v2\/pages\/8129\/revisions"}],"predecessor-version":[{"id":122360,"href":"https:\/\/bibliotekapedagogiczna.pl\/ru\/wp-json\/wp\/v2\/pages\/8129\/revisions\/122360"}],"up":[{"embeddable":true,"href":"https:\/\/bibliotekapedagogiczna.pl\/ru\/wp-json\/wp\/v2\/pages\/8127"}],"wp:attachment":[{"href":"https:\/\/bibliotekapedagogiczna.pl\/ru\/wp-json\/wp\/v2\/media?parent=8129"}],"curies":[{"name":"wp","href":"https:\/\/api.w.org\/{rel}","templated":true}]}}