{"id":8126,"date":"2018-02-19T12:43:19","date_gmt":"2018-02-19T11:43:19","guid":{"rendered":"https:\/\/bibliotekapedagogiczna.pl\/katalogi\/ibuk-libra\/"},"modified":"2024-01-12T10:42:53","modified_gmt":"2024-01-12T09:42:53","slug":"ibuk-libra","status":"publish","type":"page","link":"https:\/\/bibliotekapedagogiczna.pl\/ru\/katalogi\/ibuk-libra\/","title":{"rendered":"IBUK Libra"},"content":{"rendered":"<p style=\"text-align: center;\"><a href=\"https:\/\/libra.ibuk.pl\/ksiazki\" target=\"_blank\" rel=\"noopener\"><img loading=\"lazy\" decoding=\"async\" class=\"alignnone wp-image-205\" src=\"https:\/\/bibliotekapedagogiczna.pl\/wp-content\/uploads\/sites\/10\/2021\/05\/ibuk_libra_logo.jpg\" alt=\"Logo katalogu IBUK Libra\" width=\"270\" height=\"280\" \/><\/a><\/p>\n<p>Biblioteka Pedagogiczna w Radomiu w konsorcjum z pozosta\u0142ymi bibliotekami pedagogicznymi wojew\u00f3dztwa mazowieckiego wykupi\u0142a dost\u0119p do ponad\u00a0<strong>3200<\/strong>\u00a0dokument\u00f3w w formie elektronicznej na platformie\u00a0<strong>IBUK Libra<\/strong>.\u00a0<\/p>\n<p><strong>IBUK Libra<\/strong> to najlepsza w Polsce czytelnia online, powsta\u0142a z inicjatywy <strong>Wydawnictwa Naukowego PWN<\/strong>.\u00a0<span class=\"il-fontweight-700\">Dzia\u0142a nieprzerwanie od 2008 roku, zapewniaj\u0105c dost\u0119p do stale rozbudowywanej bazy legalnych, rzetelnych \u017ar\u00f3de\u0142<\/span>. Platforma obejmuje elektroniczne publikacje naukowe, specjalistyczne, podr\u0119czniki akademickie, monografie oraz zasoby edukacyjne (s\u0142owniki, encyklopedie itp.) z portfolio Grupy PWN S.A., dzia\u0142aj\u0105cej na polskim rynku ju\u017c od ponad 70 lat.<\/p>\n<p>IBUK Libra otrzyma\u0142a w 2023 roku\u00a0<span class=\"il-fontweight-700\">presti\u017cow\u0105 nagrod\u0119 w Konkursie Polskie God\u0142o \u201eTeraz Polska\u201d\u00a0<\/span>i tym samym znalaz\u0142a si\u0119 w\u015br\u00f3d najlepszych polskich produkt\u00f3w, us\u0142ug i innowacji.<\/p>\n<p><span class=\"il-fontweight-700\">W zbiorze mo\u017cna znale\u017a\u0107 pozycje od PWN i PZWL oraz 400 innych wydawc\u00f3w<\/span>. Dost\u0119pne s\u0105 m.in. podr\u0119czniki akademickie z 43 dziedzin naukowych. Bogat\u0105 ofert\u0119 publikacji naukowych uzupe\u0142niaj\u0105 dziesi\u0105tki tysi\u0119cy tytu\u0142\u00f3w popularnonaukowych oraz beletrystycznych.<\/p>\n\n\n<div class=\"wp-block-stackable-call-to-action stk-block-call-to-action stk-block stk-f9a2d7f is-style-default\" data-v=\"2\" data-block-id=\"f9a2d7f\"><div class=\"stk-block-call-to-action__content stk-content-align stk-f9a2d7f-column stk-container stk-f9a2d7f-container stk-hover-parent\"><div class=\"has-text-align-center stk-block-content stk-inner-blocks stk-f9a2d7f-inner-blocks\">\n<div class=\"wp-block-stackable-heading stk-block-heading stk-block-heading--v2 stk-block stk-770ad05\" id=\"strong-dostep-do-platformy-ibuk-libra-strong\" data-block-id=\"770ad05\"><h3 class=\"stk-block-heading__text\"><strong>Dost\u0119p do platformy IBUK Libra<\/strong><\/h3><\/div>\n\n\n\n<div class=\"wp-block-stackable-text stk-block-text stk-block stk-14b0f4d\" data-block-id=\"14b0f4d\"><p class=\"stk-block-text__text\"><strong>Aby m\u00f3c z niej korzysta\u0107 musisz by\u0107 naszym czytelnikiem i posiada\u0107 kodu PIN. Mo\u017cna go uzyska\u0107 w Wypo\u017cyczalni oraz poprzez email:\u00a0<a href=\"mailto:wypozyczalnia@bp.radom.pl\">wypozyczalnia@bp.radom.pl<\/a>\u00a0lub telefonicznie: (48) 345-95-50 w. 114<\/strong><\/p><\/div>\n\n\n\n<div class=\"wp-block-stackable-button-group stk-block-button-group stk-block stk-00b0bcc\" data-block-id=\"00b0bcc\"><div class=\"stk-row stk-inner-blocks stk-block-content stk-button-group\">\n<div class=\"wp-block-stackable-button stk-block-button stk-block stk-db8a077\" data-block-id=\"db8a077\"><a class=\"stk-link stk-button stk--hover-effect-darken\" href=\"https:\/\/libra.ibuk.pl\/ksiazki\" target=\"_blank\" rel=\"noopener\"><span class=\"stk--svg-wrapper\"><div class=\"stk--inner-svg\"><svg data-prefix=\"fa\" data-icon=\"star\" class=\"svg-inline--fa fa-star fa-w-18\" xmlns=\"http:\/\/www.w3.org\/2000\/svg\" viewBox=\"0 0 576 512\" aria-hidden=\"true\" width=\"32\" height=\"32\"><path fill=\"currentColor\" d=\"M259.3 17.8L194 150.2 47.9 171.5c-26.2 3.8-36.7 36.1-17.7 54.6l105.7 103-25 145.5c-4.5 26.3 23.2 46 46.4 33.7L288 439.6l130.7 68.7c23.2 12.2 50.9-7.4 46.4-33.7l-25-145.5 105.7-103c19-18.5 8.5-50.8-17.7-54.6L382 150.2 316.7 17.8c-11.7-23.6-45.6-23.9-57.4 0z\"><\/path><\/svg><\/div><\/span><span class=\"stk-button__inner-text\"><strong>IBUK Libra<\/strong><\/span><\/a><\/div>\n<\/div><\/div>\n<\/div><\/div><\/div>\n","protected":false},"excerpt":{"rendered":"<p>Biblioteka Pedagogiczna w Radomiu w konsorcjum z pozosta\u0142ymi bibliotekami pedagogicznymi wojew\u00f3dztwa mazowieckiego wykupi\u0142a dost\u0119p do ponad\u00a03200\u00a0dokument\u00f3w w formie elektronicznej na [&hellip;]<\/p>\n","protected":false},"author":114,"featured_media":0,"parent":20516,"menu_order":3,"comment_status":"closed","ping_status":"closed","template":"","meta":{"_acf_changed":false,"_oasis_is_in_workflow":0,"_oasis_original":0,"inline_featured_image":false,"site-sidebar-layout":"default","site-content-layout":"","ast-site-content-layout":"default","site-content-style":"default","site-sidebar-style":"default","ast-global-header-display":"","ast-banner-title-visibility":"","ast-main-header-display":"","ast-hfb-above-header-display":"","ast-hfb-below-header-display":"","ast-hfb-mobile-header-display":"","site-post-title":"","ast-breadcrumbs-content":"","ast-featured-img":"","footer-sml-layout":"","ast-disable-related-posts":"","theme-transparent-header-meta":"","adv-header-id-meta":"","stick-header-meta":"","header-above-stick-meta":"","header-main-stick-meta":"","header-below-stick-meta":"","astra-migrate-meta-layouts":"default","ast-page-background-enabled":"default","ast-page-background-meta":{"desktop":{"background-color":"","background-image":"","background-repeat":"repeat","background-position":"center center","background-size":"auto","background-attachment":"scroll","background-type":"","background-media":"","overlay-type":"","overlay-color":"","overlay-opacity":"","overlay-gradient":""},"tablet":{"background-color":"","background-image":"","background-repeat":"repeat","background-position":"center center","background-size":"auto","background-attachment":"scroll","background-type":"","background-media":"","overlay-type":"","overlay-color":"","overlay-opacity":"","overlay-gradient":""},"mobile":{"background-color":"","background-image":"","background-repeat":"repeat","background-position":"center center","background-size":"auto","background-attachment":"scroll","background-type":"","background-media":"","overlay-type":"","overlay-color":"","overlay-opacity":"","overlay-gradient":""}},"ast-content-background-meta":{"desktop":{"background-color":"var(--ast-global-color-5)","background-image":"","background-repeat":"repeat","background-position":"center center","background-size":"auto","background-attachment":"scroll","background-type":"","background-media":"","overlay-type":"","overlay-color":"","overlay-opacity":"","overlay-gradient":""},"tablet":{"background-color":"var(--ast-global-color-5)","background-image":"","background-repeat":"repeat","background-position":"center center","background-size":"auto","background-attachment":"scroll","background-type":"","background-media":"","overlay-type":"","overlay-color":"","overlay-opacity":"","overlay-gradient":""},"mobile":{"background-color":"var(--ast-global-color-5)","background-image":"","background-repeat":"repeat","background-position":"center center","background-size":"auto","background-attachment":"scroll","background-type":"","background-media":"","overlay-type":"","overlay-color":"","overlay-opacity":"","overlay-gradient":""}},"_themeisle_gutenberg_block_has_review":false,"footnotes":""},"class_list":["post-8126","page","type-page","status-publish","hentry"],"acf":[],"featured_image_urls_v2":{"full":"","thumbnail":"","medium":"","medium_large":"","large":"","1536x1536":"","2048x2048":"","img-1100-450":"","img-1120-800":"","img-870-440":"","img-850-600":"","img-480-380":"","img-300-225":"","img-540-700":"","img-75-75":"","menu-24x24":"","menu-36x36":"","menu-48x48":""},"post_excerpt_stackable_v2":"<p>Biblioteka Pedagogiczna w Radomiu w konsorcjum z pozosta\u0142ymi bibliotekami pedagogicznymi wojew\u00f3dztwa mazowieckiego wykupi\u0142a dost\u0119p do ponad\u00a03200\u00a0dokument\u00f3w w formie elektronicznej na platformie\u00a0IBUK Libra.\u00a0 IBUK Libra to najlepsza w Polsce czytelnia online, powsta\u0142a z inicjatywy Wydawnictwa Naukowego PWN.\u00a0Dzia\u0142a nieprzerwanie od 2008 roku, zapewniaj\u0105c dost\u0119p do stale rozbudowywanej bazy legalnych, rzetelnych \u017ar\u00f3de\u0142. Platforma obejmuje elektroniczne publikacje naukowe, specjalistyczne, podr\u0119czniki akademickie, monografie oraz zasoby edukacyjne (s\u0142owniki, encyklopedie itp.) z portfolio Grupy PWN S.A., dzia\u0142aj\u0105cej na polskim rynku ju\u017c od ponad 70 lat. IBUK Libra otrzyma\u0142a w 2023 roku\u00a0presti\u017cow\u0105 nagrod\u0119 w Konkursie Polskie God\u0142o \u201eTeraz Polska\u201d\u00a0i tym samym znalaz\u0142a si\u0119 w\u015br\u00f3d najlepszych polskich produkt\u00f3w, us\u0142ug&hellip;<\/p>\n","category_list_v2":"","author_info_v2":{"name":"R2F3cm9u","url":"https:\/\/bibliotekapedagogiczna.pl\/ru\/author\/yw5kcnplamdhd3jvbnnraq\/"},"comments_num_v2":"0 \u043a\u043e\u043c\u043c\u0435\u043d\u0442\u0430\u0440\u0438\u0435\u0432","_links":{"self":[{"href":"https:\/\/bibliotekapedagogiczna.pl\/ru\/wp-json\/wp\/v2\/pages\/8126","targetHints":{"allow":["GET"]}}],"collection":[{"href":"https:\/\/bibliotekapedagogiczna.pl\/ru\/wp-json\/wp\/v2\/pages"}],"about":[{"href":"https:\/\/bibliotekapedagogiczna.pl\/ru\/wp-json\/wp\/v2\/types\/page"}],"author":[{"embeddable":true,"href":"https:\/\/bibliotekapedagogiczna.pl\/ru\/wp-json\/wp\/v2\/users\/114"}],"replies":[{"embeddable":true,"href":"https:\/\/bibliotekapedagogiczna.pl\/ru\/wp-json\/wp\/v2\/comments?post=8126"}],"version-history":[{"count":3,"href":"https:\/\/bibliotekapedagogiczna.pl\/ru\/wp-json\/wp\/v2\/pages\/8126\/revisions"}],"predecessor-version":[{"id":53962,"href":"https:\/\/bibliotekapedagogiczna.pl\/ru\/wp-json\/wp\/v2\/pages\/8126\/revisions\/53962"}],"up":[{"embeddable":true,"href":"https:\/\/bibliotekapedagogiczna.pl\/ru\/wp-json\/wp\/v2\/pages\/20516"}],"wp:attachment":[{"href":"https:\/\/bibliotekapedagogiczna.pl\/ru\/wp-json\/wp\/v2\/media?parent=8126"}],"curies":[{"name":"wp","href":"https:\/\/api.w.org\/{rel}","templated":true}]}}