{"id":8119,"date":"2018-02-19T11:11:28","date_gmt":"2018-02-19T10:11:28","guid":{"rendered":"https:\/\/bibliotekapedagogiczna.pl\/katalogi\/katalog-integro\/"},"modified":"2024-09-23T12:28:49","modified_gmt":"2024-09-23T10:28:49","slug":"katalog-integro","status":"publish","type":"page","link":"https:\/\/bibliotekapedagogiczna.pl\/ru\/katalogi\/katalog-integro\/","title":{"rendered":"Katalog Integro"},"content":{"rendered":"<\/p>\n<p style=\"text-align: center\"><a href=\"https:\/\/katalog.bp.radom.pl\/integro\/catalog\" target=\"_blank\" rel=\"noopener\"><img loading=\"lazy\" decoding=\"async\" class=\"alignnone wp-image-42328 size-medium\" src=\"https:\/\/bibliotekapedagogiczna.pl\/wp-content\/uploads\/sites\/10\/2023\/12\/INTEGRO-300x95.png\" alt=\"Logo katalogu Integro\" width=\"300\" height=\"95\" srcset=\"https:\/\/bibliotekapedagogiczna.pl\/wp-content\/uploads\/sites\/10\/2023\/12\/INTEGRO-300x95.png 300w, https:\/\/bibliotekapedagogiczna.pl\/wp-content\/uploads\/sites\/10\/2023\/12\/INTEGRO-24x8.png 24w, https:\/\/bibliotekapedagogiczna.pl\/wp-content\/uploads\/sites\/10\/2023\/12\/INTEGRO-36x11.png 36w, https:\/\/bibliotekapedagogiczna.pl\/wp-content\/uploads\/sites\/10\/2023\/12\/INTEGRO-48x15.png 48w, https:\/\/bibliotekapedagogiczna.pl\/wp-content\/uploads\/sites\/10\/2023\/12\/INTEGRO.png 754w\" sizes=\"auto, (max-width: 300px) 100vw, 300px\" \/><\/a><\/p>\n<p>Katalog elektroniczny Biblioteki Pedagogicznej w Radomiu jest podstawowym \u017ar\u00f3d\u0142em informacji o naszych zbiorach. Obejmuje on ksi\u0119gozbi\u00f3r Biblioteki Pedagogicznej w Radomiu i 6 jej fili w Gr\u00f3jcu, Kozienicach, Lipsku, Pionkach, Szyd\u0142owcu i Zwoleniu. Zawiera opisy ponad 409 tysi\u0119cy ksi\u0105\u017cek, czasopism, film\u00f3w i innych dokument\u00f3w ze wszystkich dziedzin wiedzy.<\/p>\n\n\n<div class=\"wp-block-stackable-divider stk-block-divider stk-block stk-a980dac\" data-block-id=\"a980dac\"><hr class=\"stk-block-divider__hr\" \/><\/div>\n\n\n\n<div class=\"wp-block-stackable-columns stk-block-columns stk-block stk-0f8a740\" data-block-id=\"0f8a740\"><div class=\"stk-row stk-inner-blocks stk-block-content stk-content-align stk-0f8a740-column\">\n<div class=\"wp-block-stackable-column stk-block-column stk-column stk-block stk-68f901a\" data-v=\"4\" data-block-id=\"68f901a\"><div class=\"stk-column-wrapper stk-block-column__content stk-container stk-68f901a-container stk--no-background stk--no-padding\"><div class=\"stk-block-content stk-inner-blocks stk-68f901a-inner-blocks\">\n<div class=\"wp-block-stackable-call-to-action stk-block-call-to-action stk-block stk-3b2dcbe is-style-default\" data-v=\"2\" data-block-id=\"3b2dcbe\"><div class=\"stk-block-call-to-action__content stk-content-align stk-3b2dcbe-column stk-container stk-3b2dcbe-container stk-hover-parent\"><div class=\"has-text-align-center stk-block-content stk-inner-blocks stk-3b2dcbe-inner-blocks\">\n<div class=\"wp-block-stackable-heading stk-block-heading stk-block-heading--v2 stk-block stk-5481f5e\" id=\"strong-wypozyczalnia-miedzybiblioteczna-strong\" data-block-id=\"5481f5e\"><h5 class=\"stk-block-heading__text\"><strong>Wypo\u017cyczalnia mi\u0119dzybiblioteczna<\/strong><\/h5><\/div>\n\n\n\n<div class=\"wp-block-stackable-text stk-block-text stk-block stk-43609a5\" data-block-id=\"43609a5\"><p class=\"stk-block-text__text\">Je\u017celi nie znalaz\u0142e\u015b poszukiwanej ksi\u0105\u017cki w naszym katalogu INTEGRO, mo\u017cemy sprowadzi\u0107 j\u0105 dla Ciebie poprzez wypo\u017cyczalni\u0119 mi\u0119dzybiblioteczn\u0105 z innej biblioteki.<\/p><\/div>\n\n\n\n<div class=\"wp-block-stackable-button-group stk-block-button-group stk-block stk-a6db7d1\" data-block-id=\"a6db7d1\"><div class=\"stk-row stk-inner-blocks stk-block-content stk-button-group\">\n<div class=\"wp-block-stackable-button stk-block-button stk-block stk-937c55b\" data-block-id=\"937c55b\"><a class=\"stk-link stk-button stk--hover-effect-darken\" href=\"https:\/\/bibliotekapedagogiczna.pl\/zamowienie-miedzybiblioteczne\/\"><span class=\"stk--svg-wrapper\"><div class=\"stk--inner-svg\"><svg data-prefix=\"fa\" data-icon=\"star\" class=\"svg-inline--fa fa-star fa-w-18\" xmlns=\"http:\/\/www.w3.org\/2000\/svg\" viewBox=\"0 0 576 512\" aria-hidden=\"true\" width=\"32\" height=\"32\"><path fill=\"currentColor\" d=\"M259.3 17.8L194 150.2 47.9 171.5c-26.2 3.8-36.7 36.1-17.7 54.6l105.7 103-25 145.5c-4.5 26.3 23.2 46 46.4 33.7L288 439.6l130.7 68.7c23.2 12.2 50.9-7.4 46.4-33.7l-25-145.5 105.7-103c19-18.5 8.5-50.8-17.7-54.6L382 150.2 316.7 17.8c-11.7-23.6-45.6-23.9-57.4 0z\"><\/path><\/svg><\/div><\/span><span class=\"stk-button__inner-text\"><strong>Zam\u00f3wienie mi\u0119dzybiblioteczne<\/strong><\/span><\/a><\/div>\n<\/div><\/div>\n<\/div><\/div><\/div>\n<\/div><\/div><\/div>\n\n\n\n<div class=\"wp-block-stackable-column stk-block-column stk-column stk-block stk-bc62377\" data-v=\"4\" data-block-id=\"bc62377\"><div class=\"stk-column-wrapper stk-block-column__content stk-container stk-bc62377-container stk--no-background stk--no-padding\"><div class=\"stk-block-content stk-inner-blocks stk-bc62377-inner-blocks\">\n<div class=\"wp-block-stackable-call-to-action stk-block-call-to-action stk-block stk-abc7b6d is-style-default\" data-v=\"2\" data-block-id=\"abc7b6d\"><div class=\"stk-block-call-to-action__content stk-content-align stk-abc7b6d-column stk-container stk-abc7b6d-container stk-hover-parent\"><div class=\"has-text-align-center stk-block-content stk-inner-blocks stk-abc7b6d-inner-blocks\">\n<div class=\"wp-block-stackable-heading stk-block-heading stk-block-heading--v2 stk-block stk-18a746e\" id=\"strong-rejestracja-zdalna-strong\" data-block-id=\"18a746e\"><h5 class=\"stk-block-heading__text\"><strong>Rejestracja zdalna<\/strong><\/h5><\/div>\n\n\n\n<div class=\"wp-block-stackable-text stk-block-text stk-block stk-65ce8c7\" data-block-id=\"65ce8c7\"><p class=\"stk-block-text__text\">Je\u017celi nie masz jeszcze konta w naszej bibliotece, mo\u017cesz samodzielnie zapisa\u0107 si\u0119 zdalnie wype\u0142niaj\u0105c formularz, zamieszczony po przyciskiem.<\/p><\/div>\n\n\n\n<div class=\"wp-block-stackable-button-group stk-block-button-group stk-block stk-67b10a8\" data-block-id=\"67b10a8\"><div class=\"stk-row stk-inner-blocks stk-block-content stk-button-group\">\n<div class=\"wp-block-stackable-button stk-block-button stk-block stk-fe9ab64\" data-block-id=\"fe9ab64\"><a class=\"stk-link stk-button stk--hover-effect-darken\" href=\"https:\/\/katalog.bp.radom.pl\/integro\/registration\" target=\"_blank\" rel=\"noopener\"><span class=\"stk--svg-wrapper\"><div class=\"stk--inner-svg\"><svg data-prefix=\"fa\" data-icon=\"star\" class=\"svg-inline--fa fa-star fa-w-18\" xmlns=\"http:\/\/www.w3.org\/2000\/svg\" viewBox=\"0 0 576 512\" aria-hidden=\"true\" width=\"32\" height=\"32\"><path fill=\"currentColor\" d=\"M259.3 17.8L194 150.2 47.9 171.5c-26.2 3.8-36.7 36.1-17.7 54.6l105.7 103-25 145.5c-4.5 26.3 23.2 46 46.4 33.7L288 439.6l130.7 68.7c23.2 12.2 50.9-7.4 46.4-33.7l-25-145.5 105.7-103c19-18.5 8.5-50.8-17.7-54.6L382 150.2 316.7 17.8c-11.7-23.6-45.6-23.9-57.4 0z\"><\/path><\/svg><\/div><\/span><span class=\"stk-button__inner-text\"><strong>Rejestracja zdalna<\/strong><\/span><\/a><\/div>\n<\/div><\/div>\n<\/div><\/div><\/div>\n<\/div><\/div><\/div>\n\n\n\n<div class=\"wp-block-stackable-column stk-block-column stk-column stk-block stk-3677f61\" data-v=\"4\" data-block-id=\"3677f61\"><div class=\"stk-column-wrapper stk-block-column__content stk-container stk-3677f61-container stk--no-background stk--no-padding\"><div class=\"stk-block-content stk-inner-blocks stk-3677f61-inner-blocks\">\n<div class=\"wp-block-stackable-call-to-action stk-block-call-to-action stk-block stk-1ab5e08 is-style-default\" data-v=\"2\" data-block-id=\"1ab5e08\"><div class=\"stk-block-call-to-action__content stk-content-align stk-1ab5e08-column stk-container stk-1ab5e08-container stk-hover-parent\"><div class=\"has-text-align-center stk-block-content stk-inner-blocks stk-1ab5e08-inner-blocks\">\n<div class=\"wp-block-stackable-heading stk-block-heading stk-block-heading--v2 stk-block stk-8d6af36\" id=\"strong-propozycja-zakupu-strong\" data-block-id=\"8d6af36\"><h5 class=\"stk-block-heading__text\"><strong>Propozycja zakupu<\/strong><\/h5><\/div>\n\n\n\n<div class=\"wp-block-stackable-text stk-block-text stk-block stk-f34e6cf\" data-block-id=\"f34e6cf\"><p class=\"stk-block-text__text\">Je\u017celi nie znalaz\u0142e\u015b poszukiwanej ksi\u0105\u017cki w naszych zbiorach, mo\u017cesz z\u0142o\u017cy\u0107 propozycj\u0119 zakupu.<\/p><\/div>\n\n\n\n<div class=\"wp-block-stackable-button-group stk-block-button-group stk-block stk-29a0c60\" data-block-id=\"29a0c60\"><div class=\"stk-row stk-inner-blocks stk-block-content stk-button-group\">\n<div class=\"wp-block-stackable-button stk-block-button stk-block stk-e3307be\" data-block-id=\"e3307be\"><a class=\"stk-link stk-button stk--hover-effect-darken\" href=\"https:\/\/bibliotekapedagogiczna.pl\/mbpeuslugi\/propozycja-zakupu\/\"><span class=\"stk--svg-wrapper\"><div class=\"stk--inner-svg\"><svg data-prefix=\"fa\" data-icon=\"star\" class=\"svg-inline--fa fa-star fa-w-18\" xmlns=\"http:\/\/www.w3.org\/2000\/svg\" viewBox=\"0 0 576 512\" aria-hidden=\"true\" width=\"32\" height=\"32\"><path fill=\"currentColor\" d=\"M259.3 17.8L194 150.2 47.9 171.5c-26.2 3.8-36.7 36.1-17.7 54.6l105.7 103-25 145.5c-4.5 26.3 23.2 46 46.4 33.7L288 439.6l130.7 68.7c23.2 12.2 50.9-7.4 46.4-33.7l-25-145.5 105.7-103c19-18.5 8.5-50.8-17.7-54.6L382 150.2 316.7 17.8c-11.7-23.6-45.6-23.9-57.4 0z\"><\/path><\/svg><\/div><\/span><span class=\"stk-button__inner-text\"><strong>Propozycja zakupu<\/strong><\/span><\/a><\/div>\n<\/div><\/div>\n<\/div><\/div><\/div>\n<\/div><\/div><\/div>\n<\/div><\/div>\n","protected":false},"excerpt":{"rendered":"<p>Katalog elektroniczny Biblioteki Pedagogicznej w Radomiu jest podstawowym \u017ar\u00f3d\u0142em informacji o naszych zbiorach. Obejmuje on ksi\u0119gozbi\u00f3r Biblioteki Pedagogicznej w Radomiu [&hellip;]<\/p>\n","protected":false},"author":114,"featured_media":0,"parent":20516,"menu_order":1,"comment_status":"closed","ping_status":"closed","template":"","meta":{"_acf_changed":false,"_oasis_is_in_workflow":0,"_oasis_original":0,"inline_featured_image":false,"site-sidebar-layout":"default","site-content-layout":"","ast-site-content-layout":"default","site-content-style":"default","site-sidebar-style":"default","ast-global-header-display":"","ast-banner-title-visibility":"","ast-main-header-display":"","ast-hfb-above-header-display":"","ast-hfb-below-header-display":"","ast-hfb-mobile-header-display":"","site-post-title":"","ast-breadcrumbs-content":"","ast-featured-img":"","footer-sml-layout":"","ast-disable-related-posts":"","theme-transparent-header-meta":"","adv-header-id-meta":"","stick-header-meta":"","header-above-stick-meta":"","header-main-stick-meta":"","header-below-stick-meta":"","astra-migrate-meta-layouts":"default","ast-page-background-enabled":"default","ast-page-background-meta":{"desktop":{"background-color":"","background-image":"","background-repeat":"repeat","background-position":"center center","background-size":"auto","background-attachment":"scroll","background-type":"","background-media":"","overlay-type":"","overlay-color":"","overlay-opacity":"","overlay-gradient":""},"tablet":{"background-color":"","background-image":"","background-repeat":"repeat","background-position":"center center","background-size":"auto","background-attachment":"scroll","background-type":"","background-media":"","overlay-type":"","overlay-color":"","overlay-opacity":"","overlay-gradient":""},"mobile":{"background-color":"","background-image":"","background-repeat":"repeat","background-position":"center center","background-size":"auto","background-attachment":"scroll","background-type":"","background-media":"","overlay-type":"","overlay-color":"","overlay-opacity":"","overlay-gradient":""}},"ast-content-background-meta":{"desktop":{"background-color":"var(--ast-global-color-5)","background-image":"","background-repeat":"repeat","background-position":"center center","background-size":"auto","background-attachment":"scroll","background-type":"","background-media":"","overlay-type":"","overlay-color":"","overlay-opacity":"","overlay-gradient":""},"tablet":{"background-color":"var(--ast-global-color-5)","background-image":"","background-repeat":"repeat","background-position":"center center","background-size":"auto","background-attachment":"scroll","background-type":"","background-media":"","overlay-type":"","overlay-color":"","overlay-opacity":"","overlay-gradient":""},"mobile":{"background-color":"var(--ast-global-color-5)","background-image":"","background-repeat":"repeat","background-position":"center center","background-size":"auto","background-attachment":"scroll","background-type":"","background-media":"","overlay-type":"","overlay-color":"","overlay-opacity":"","overlay-gradient":""}},"_themeisle_gutenberg_block_has_review":false,"footnotes":""},"class_list":["post-8119","page","type-page","status-publish","hentry"],"acf":[],"featured_image_urls_v2":{"full":"","thumbnail":"","medium":"","medium_large":"","large":"","1536x1536":"","2048x2048":"","img-1100-450":"","img-1120-800":"","img-870-440":"","img-850-600":"","img-480-380":"","img-300-225":"","img-540-700":"","img-75-75":"","menu-24x24":"","menu-36x36":"","menu-48x48":""},"post_excerpt_stackable_v2":"<p>Katalog elektroniczny Biblioteki Pedagogicznej w Radomiu jest podstawowym \u017ar\u00f3d\u0142em informacji o naszych zbiorach. Obejmuje on ksi\u0119gozbi\u00f3r Biblioteki Pedagogicznej w Radomiu i 6 jej fili w Gr\u00f3jcu, Kozienicach, Lipsku, Pionkach, Szyd\u0142owcu i Zwoleniu. Zawiera opisy ponad 409 tysi\u0119cy ksi\u0105\u017cek, czasopism, film\u00f3w i innych dokument\u00f3w ze wszystkich dziedzin wiedzy. Wypo\u017cyczalnia mi\u0119dzybiblioteczna Je\u017celi nie znalaz\u0142e\u015b poszukiwanej ksi\u0105\u017cki w naszym katalogu INTEGRO, mo\u017cemy sprowadzi\u0107 j\u0105 dla Ciebie poprzez wypo\u017cyczalni\u0119 mi\u0119dzybiblioteczn\u0105 z innej biblioteki. Zam\u00f3wienie mi\u0119dzybiblioteczne Rejestracja zdalna Je\u017celi nie masz jeszcze konta w naszej bibliotece, mo\u017cesz samodzielnie zapisa\u0107 si\u0119 zdalnie wype\u0142niaj\u0105c formularz, zamieszczony po przyciskiem. Rejestracja zdalna Propozycja zakupu Je\u017celi nie znalaz\u0142e\u015b poszukiwanej ksi\u0105\u017cki&hellip;<\/p>\n","category_list_v2":"","author_info_v2":{"name":"R2F3cm9u","url":"https:\/\/bibliotekapedagogiczna.pl\/ru\/author\/yw5kcnplamdhd3jvbnnraq\/"},"comments_num_v2":"0 \u043a\u043e\u043c\u043c\u0435\u043d\u0442\u0430\u0440\u0438\u0435\u0432","_links":{"self":[{"href":"https:\/\/bibliotekapedagogiczna.pl\/ru\/wp-json\/wp\/v2\/pages\/8119","targetHints":{"allow":["GET"]}}],"collection":[{"href":"https:\/\/bibliotekapedagogiczna.pl\/ru\/wp-json\/wp\/v2\/pages"}],"about":[{"href":"https:\/\/bibliotekapedagogiczna.pl\/ru\/wp-json\/wp\/v2\/types\/page"}],"author":[{"embeddable":true,"href":"https:\/\/bibliotekapedagogiczna.pl\/ru\/wp-json\/wp\/v2\/users\/114"}],"replies":[{"embeddable":true,"href":"https:\/\/bibliotekapedagogiczna.pl\/ru\/wp-json\/wp\/v2\/comments?post=8119"}],"version-history":[{"count":8,"href":"https:\/\/bibliotekapedagogiczna.pl\/ru\/wp-json\/wp\/v2\/pages\/8119\/revisions"}],"predecessor-version":[{"id":69679,"href":"https:\/\/bibliotekapedagogiczna.pl\/ru\/wp-json\/wp\/v2\/pages\/8119\/revisions\/69679"}],"up":[{"embeddable":true,"href":"https:\/\/bibliotekapedagogiczna.pl\/ru\/wp-json\/wp\/v2\/pages\/20516"}],"wp:attachment":[{"href":"https:\/\/bibliotekapedagogiczna.pl\/ru\/wp-json\/wp\/v2\/media?parent=8119"}],"curies":[{"name":"wp","href":"https:\/\/api.w.org\/{rel}","templated":true}]}}