{"id":7842,"date":"2020-09-03T07:59:27","date_gmt":"2020-09-03T05:59:27","guid":{"rendered":"https:\/\/bibliotekapedagogiczna.pl\/materialy-dla-bibliotekarzy-szkolnych\/"},"modified":"2023-12-18T14:27:27","modified_gmt":"2023-12-18T13:27:27","slug":"materialy-dla-bibliotekarzy-szkolnych","status":"publish","type":"page","link":"https:\/\/bibliotekapedagogiczna.pl\/ru\/dla-bibliotekarza\/materialy-dla-bibliotekarzy-szkolnych\/","title":{"rendered":"Materia\u0142y dla nauczycieli-bibliotekarzy"},"content":{"rendered":"\n<p>W dziale tym zamieszcza\u0107 b\u0119dziemy materia\u0142y przydatne w codziennej pracy nauczyciela-bibliotekarza. Zapraszamy do korzystania!<\/p>\n\n\n\n<h2 class=\"wp-block-heading\">Pliki do pobrania:<\/h2>\n\n\n\n<ul class=\"wp-block-list\">\n<li><a href=\"https:\/\/bibliotekapedagogiczna.pl\/wp-content\/uploads\/sites\/10\/2023\/12\/Kreatywne-formy-pracy-z-ksiazka-1.pdf\">Kreatywne formy pracy z ksi\u0105\u017ck\u0105.<\/a><\/li>\n\n\n\n<li><a href=\"https:\/\/bibliotekapedagogiczna.pl\/wp-content\/uploads\/sites\/10\/2023\/12\/Czytanie-wrazeniowe-prezentacja.pdf\">Czytanie wra\u017ceniowe &#8212; prezentacja.<\/a><\/li>\n\n\n\n<li><a href=\"https:\/\/bibliotekapedagogiczna.pl\/wp-content\/uploads\/sites\/10\/2023\/12\/Swieta-zwiazane-z-czytelnictwem-i-biblioteka.pdf\">\u015awi\u0119ta zwi\u0105zane z czytelnictwem i bibliotek\u0105.<\/a><\/li>\n\n\n\n<li><a href=\"https:\/\/bibliotekapedagogiczna.pl\/wp-content\/uploads\/sites\/10\/2023\/12\/Gry-planszowe-edukacyjne-\u2013-dlaczego-warto.pdf\">Gry planszowe (edukacyjne) &#8212; dlaczego warto.<\/a><\/li>\n\n\n\n<li><a href=\"https:\/\/bibliotekapedagogiczna.pl\/wp-content\/uploads\/sites\/10\/2023\/12\/Opracowanie-formalne-zbiorow-audiowizualnych.pdf\">Opracowanie formalne zbior\u00f3w audiowizualnych.<\/a><\/li>\n\n\n\n<li><a href=\"https:\/\/bibliotekapedagogiczna.pl\/wp-content\/uploads\/sites\/10\/2023\/12\/Dokumenty-dzwiekowe-w-bibliotece-szkolnej.pdf\">Dokumenty d\u017awi\u0119kowe w bibliotece szkolnej.<\/a><\/li>\n\n\n\n<li><a href=\"https:\/\/bibliotekapedagogiczna.pl\/wp-content\/uploads\/sites\/10\/2023\/12\/Jak-przygotowac-impreze-czytelnicza.pdf\">Jak przygotowa\u0107 imprez\u0119 czytelnicz\u0105<\/a>.<\/li>\n\n\n\n<li><a href=\"https:\/\/bibliotekapedagogiczna.pl\/wp-content\/uploads\/sites\/10\/2021\/11\/W-bibliotece-wszystko-gra-1-1.pdf\">W bibliotece wszystko gra-1<\/a><\/li>\n\n\n\n<li><a href=\"https:\/\/bibliotekapedagogiczna.pl\/wp-content\/uploads\/sites\/10\/2021\/11\/Nowe-zasady-opracowania-1.pdf\">Nowe zasady opracowania<\/a><\/li>\n\n\n\n<li><a href=\"https:\/\/wordwall.net\/pl\/resource\/2430820\/czy-wiesz-jak-korzysta%c4%87-z-biblioteki-pedagogicznej\" target=\"_blank\" rel=\"noopener noreferrer\">Czy wiesz jak korzysta\u0107 z Biblioteki Pedagogicznej \u2013 teleturniej<\/a><\/li>\n\n\n\n<li><a href=\"https:\/\/bibliotekapedagogiczna.pl\/wp-content\/uploads\/sites\/10\/2021\/11\/Przepisy-katalogowania-BN-czasopisma.pdf\">Przepisy-katalogowania-BN-czasopisma<\/a><\/li>\n\n\n\n<li><a href=\"https:\/\/bibliotekapedagogiczna.pl\/wp-content\/uploads\/sites\/10\/2021\/11\/Katalogowanie-publikacji-z-prawa-za-pomoca-DBN.pdf\">Katalogowanie-publikacji-z-prawa-za-pomoca-DBN<\/a><\/li>\n\n\n\n<li><a href=\"https:\/\/bibliotekapedagogiczna.pl\/wp-content\/uploads\/sites\/10\/2021\/11\/Opracowanie-ksiazek-autobiograficznych-za-pomoca-DBN.pdf\">Opracowanie-ksi\u0105\u017cek-autobiograficznych-za-pomoca-DBN<\/a><\/li>\n\n\n\n<li><a href=\"https:\/\/bibliotekapedagogiczna.pl\/wp-content\/uploads\/sites\/10\/2021\/11\/Katalogowanie-przedmiotowe-publikacji-z-zakresu-nauk-biologicznych.pdf\">Katalogowanie-przedmiotowe-publikacji-z-zakresu-nauk-biologicznych<\/a><\/li>\n\n\n\n<li><a href=\"https:\/\/bibliotekapedagogiczna.pl\/wp-content\/uploads\/sites\/10\/2021\/11\/Katalogowanie-literatury-dla-dzieci-i-mlodziezy-za-pomoca-DBN.pdf\">Katalogowanie-literatury-dla-dzieci-i-m\u0142odzie\u017cy-za-pomoc\u0105-DBN<\/a><\/li>\n\n\n\n<li><a href=\"https:\/\/bibliotekapedagogiczna.pl\/wp-content\/uploads\/sites\/10\/2021\/11\/Przepisy-katalogowania-BN.pdf\">Przepisy-katalogowania-BN<\/a><\/li>\n\n\n\n<li><a href=\"https:\/\/bibliotekapedagogiczna.pl\/wp-content\/uploads\/sites\/10\/2021\/11\/Arkusz-spisu-z-natury.pdf\">Arkusz spisu z natury<\/a><\/li>\n\n\n\n<li><a href=\"https:\/\/bibliotekapedagogiczna.pl\/wp-content\/uploads\/sites\/10\/2021\/11\/Biblioteki-w-portalach-spoecznociowych.pdf\">Biblioteki w portalach spo\u0142eczno\u015bciowych<\/a><\/li>\n\n\n\n<li><a href=\"https:\/\/bibliotekapedagogiczna.pl\/wp-content\/uploads\/sites\/10\/2021\/11\/Biblioterapia.pdf\">Biblioterapia<\/a><\/li>\n\n\n\n<li><a href=\"https:\/\/bibliotekapedagogiczna.pl\/wp-content\/uploads\/sites\/10\/2021\/11\/Ewidencjonowanie-podrcznikw-w-bibliotece-szkolnej.pdf\">Ewidencjonowanie podr\u0119cznik\u00f3w w bibliotece szkolnej<\/a><\/li>\n\n\n\n<li><a href=\"https:\/\/bibliotekapedagogiczna.pl\/wp-content\/uploads\/sites\/10\/2021\/11\/skontrum-wzr.pdf\">Skontrum &#8212; wz\u00f3r<\/a><\/li>\n\n\n\n<li><a href=\"https:\/\/bibliotekapedagogiczna.pl\/wp-content\/uploads\/sites\/10\/2021\/11\/Skontrum-w-bibliotece-szkolnej.pdf\">Skontrum w bibliotece szkolnej<\/a><\/li>\n\n\n\n<li><a href=\"https:\/\/bibliotekapedagogiczna.pl\/wp-content\/uploads\/sites\/10\/2021\/11\/UKD-zapis-pionowy.pdf\">UKD zapis pionowy<\/a><\/li>\n\n\n\n<li><a href=\"https:\/\/bibliotekapedagogiczna.pl\/wp-content\/uploads\/sites\/10\/2021\/11\/Zdjecia-w-bibliotece-2.0.pdf\">Zdj\u0119cia w bibliotece 2.0<\/a><\/li>\n<\/ul>\n","protected":false},"excerpt":{"rendered":"<p>W dziale tym zamieszcza\u0107 b\u0119dziemy materia\u0142y przydatne w codziennej pracy nauczyciela-bibliotekarza. Zapraszamy do korzystania! Pliki do pobrania:<\/p>\n","protected":false},"author":114,"featured_media":0,"parent":7844,"menu_order":0,"comment_status":"closed","ping_status":"closed","template":"","meta":{"_acf_changed":false,"_oasis_is_in_workflow":0,"_oasis_original":0,"inline_featured_image":false,"site-sidebar-layout":"default","site-content-layout":"","ast-site-content-layout":"default","site-content-style":"default","site-sidebar-style":"default","ast-global-header-display":"","ast-banner-title-visibility":"","ast-main-header-display":"","ast-hfb-above-header-display":"","ast-hfb-below-header-display":"","ast-hfb-mobile-header-display":"","site-post-title":"","ast-breadcrumbs-content":"","ast-featured-img":"","footer-sml-layout":"","ast-disable-related-posts":"","theme-transparent-header-meta":"","adv-header-id-meta":"","stick-header-meta":"","header-above-stick-meta":"","header-main-stick-meta":"","header-below-stick-meta":"","astra-migrate-meta-layouts":"default","ast-page-background-enabled":"default","ast-page-background-meta":{"desktop":{"background-color":"","background-image":"","background-repeat":"repeat","background-position":"center center","background-size":"auto","background-attachment":"scroll","background-type":"","background-media":"","overlay-type":"","overlay-color":"","overlay-opacity":"","overlay-gradient":""},"tablet":{"background-color":"","background-image":"","background-repeat":"repeat","background-position":"center center","background-size":"auto","background-attachment":"scroll","background-type":"","background-media":"","overlay-type":"","overlay-color":"","overlay-opacity":"","overlay-gradient":""},"mobile":{"background-color":"","background-image":"","background-repeat":"repeat","background-position":"center center","background-size":"auto","background-attachment":"scroll","background-type":"","background-media":"","overlay-type":"","overlay-color":"","overlay-opacity":"","overlay-gradient":""}},"ast-content-background-meta":{"desktop":{"background-color":"var(--ast-global-color-5)","background-image":"","background-repeat":"repeat","background-position":"center center","background-size":"auto","background-attachment":"scroll","background-type":"","background-media":"","overlay-type":"","overlay-color":"","overlay-opacity":"","overlay-gradient":""},"tablet":{"background-color":"var(--ast-global-color-5)","background-image":"","background-repeat":"repeat","background-position":"center center","background-size":"auto","background-attachment":"scroll","background-type":"","background-media":"","overlay-type":"","overlay-color":"","overlay-opacity":"","overlay-gradient":""},"mobile":{"background-color":"var(--ast-global-color-5)","background-image":"","background-repeat":"repeat","background-position":"center center","background-size":"auto","background-attachment":"scroll","background-type":"","background-media":"","overlay-type":"","overlay-color":"","overlay-opacity":"","overlay-gradient":""}},"_themeisle_gutenberg_block_has_review":false,"footnotes":""},"class_list":["post-7842","page","type-page","status-publish","hentry"],"acf":[],"featured_image_urls_v2":{"full":"","thumbnail":"","medium":"","medium_large":"","large":"","1536x1536":"","2048x2048":"","img-1100-450":"","img-1120-800":"","img-870-440":"","img-850-600":"","img-480-380":"","img-300-225":"","img-540-700":"","img-75-75":"","menu-24x24":"","menu-36x36":"","menu-48x48":""},"post_excerpt_stackable_v2":"<p>W dziale tym zamieszcza\u0107 b\u0119dziemy materia\u0142y przydatne w codziennej pracy nauczyciela-bibliotekarza. Zapraszamy do korzystania! Pliki do pobrania: Kreatywne formy pracy z ksi\u0105\u017ck\u0105. Czytanie wra\u017ceniowe &#8212; prezentacja. \u015awi\u0119ta zwi\u0105zane z czytelnictwem i bibliotek\u0105. Gry planszowe (edukacyjne) &#8212; dlaczego warto. Opracowanie formalne zbior\u00f3w audiowizualnych. Dokumenty d\u017awi\u0119kowe w bibliotece szkolnej. Jak przygotowa\u0107 imprez\u0119 czytelnicz\u0105. W bibliotece wszystko gra-1 Nowe zasady opracowania Czy wiesz jak korzysta\u0107 z Biblioteki Pedagogicznej \u2013 teleturniej Przepisy-katalogowania-BN-czasopisma Katalogowanie-publikacji-z-prawa-za-pomoca-DBN Opracowanie-ksi\u0105\u017cek-autobiograficznych-za-pomoca-DBN Katalogowanie-przedmiotowe-publikacji-z-zakresu-nauk-biologicznych Katalogowanie-literatury-dla-dzieci-i-m\u0142odzie\u017cy-za-pomoc\u0105-DBN Przepisy-katalogowania-BN Arkusz spisu z natury Biblioteki w portalach spo\u0142eczno\u015bciowych Biblioterapia Ewidencjonowanie podr\u0119cznik\u00f3w w bibliotece szkolnej Skontrum &#8212; wz\u00f3r Skontrum w bibliotece szkolnej UKD zapis pionowy Zdj\u0119cia w bibliotece&hellip;<\/p>\n","category_list_v2":"","author_info_v2":{"name":"R2F3cm9u","url":"https:\/\/bibliotekapedagogiczna.pl\/ru\/author\/yw5kcnplamdhd3jvbnnraq\/"},"comments_num_v2":"0 \u043a\u043e\u043c\u043c\u0435\u043d\u0442\u0430\u0440\u0438\u0435\u0432","_links":{"self":[{"href":"https:\/\/bibliotekapedagogiczna.pl\/ru\/wp-json\/wp\/v2\/pages\/7842","targetHints":{"allow":["GET"]}}],"collection":[{"href":"https:\/\/bibliotekapedagogiczna.pl\/ru\/wp-json\/wp\/v2\/pages"}],"about":[{"href":"https:\/\/bibliotekapedagogiczna.pl\/ru\/wp-json\/wp\/v2\/types\/page"}],"author":[{"embeddable":true,"href":"https:\/\/bibliotekapedagogiczna.pl\/ru\/wp-json\/wp\/v2\/users\/114"}],"replies":[{"embeddable":true,"href":"https:\/\/bibliotekapedagogiczna.pl\/ru\/wp-json\/wp\/v2\/comments?post=7842"}],"version-history":[{"count":9,"href":"https:\/\/bibliotekapedagogiczna.pl\/ru\/wp-json\/wp\/v2\/pages\/7842\/revisions"}],"predecessor-version":[{"id":51700,"href":"https:\/\/bibliotekapedagogiczna.pl\/ru\/wp-json\/wp\/v2\/pages\/7842\/revisions\/51700"}],"up":[{"embeddable":true,"href":"https:\/\/bibliotekapedagogiczna.pl\/ru\/wp-json\/wp\/v2\/pages\/7844"}],"wp:attachment":[{"href":"https:\/\/bibliotekapedagogiczna.pl\/ru\/wp-json\/wp\/v2\/media?parent=7842"}],"curies":[{"name":"wp","href":"https:\/\/api.w.org\/{rel}","templated":true}]}}