{"id":7840,"date":"2018-02-22T11:05:47","date_gmt":"2018-02-22T10:05:47","guid":{"rendered":"https:\/\/bibliotekapedagogiczna.pl\/lekcje-z-edukacji-czytelniczej-i-medialnej\/"},"modified":"2024-08-26T15:43:35","modified_gmt":"2024-08-26T13:43:35","slug":"edukacja-czytelnicza-i-medialna","status":"publish","type":"page","link":"https:\/\/bibliotekapedagogiczna.pl\/ru\/dla-nauczyciela\/edukacja-czytelnicza-i-medialna\/","title":{"rendered":"Oferta edukacyjna i kulturalna"},"content":{"rendered":"\n<h6 class=\"wp-block-heading\">Kontakt:<\/h6>\n\n\n\n<ul class=\"wp-block-list\">\n<li>Wydzia\u0142 Informacji i Promocji &#8212; (48) 345-95-50 w. 116<\/li>\n<\/ul>\n\n\n\n<p>Pe\u0142n\u0105 ofert\u0119 lekcji bibliotecznych i gier edukacyjnych realizowanych przez nasz\u0105 Bibliotek\u0119 znajdziecie Pa\u0144stwo w menu <strong>E-us\u0142ugi<\/strong> zak\u0142adka &#8212; <strong><a href=\"https:\/\/bibliotekapedagogiczna.pl\/mbpeuslugi\/lekcje-bibliot\/\">Zapisy na lekcje biblioteczne<\/a><\/strong><\/p>\n","protected":false},"excerpt":{"rendered":"<p>Kontakt: Pe\u0142n\u0105 ofert\u0119 lekcji bibliotecznych i gier edukacyjnych realizowanych przez nasz\u0105 Bibliotek\u0119 znajdziecie Pa\u0144stwo w menu E-us\u0142ugi zak\u0142adka &#8212; Zapisy [&hellip;]<\/p>\n","protected":false},"author":114,"featured_media":0,"parent":8109,"menu_order":2,"comment_status":"closed","ping_status":"closed","template":"","meta":{"_acf_changed":false,"_oasis_is_in_workflow":0,"_oasis_original":0,"inline_featured_image":false,"site-sidebar-layout":"default","site-content-layout":"","ast-site-content-layout":"default","site-content-style":"default","site-sidebar-style":"default","ast-global-header-display":"","ast-banner-title-visibility":"","ast-main-header-display":"","ast-hfb-above-header-display":"","ast-hfb-below-header-display":"","ast-hfb-mobile-header-display":"","site-post-title":"","ast-breadcrumbs-content":"","ast-featured-img":"","footer-sml-layout":"","ast-disable-related-posts":"","theme-transparent-header-meta":"","adv-header-id-meta":"","stick-header-meta":"","header-above-stick-meta":"","header-main-stick-meta":"","header-below-stick-meta":"","astra-migrate-meta-layouts":"default","ast-page-background-enabled":"default","ast-page-background-meta":{"desktop":{"background-color":"","background-image":"","background-repeat":"repeat","background-position":"center center","background-size":"auto","background-attachment":"scroll","background-type":"","background-media":"","overlay-type":"","overlay-color":"","overlay-opacity":"","overlay-gradient":""},"tablet":{"background-color":"","background-image":"","background-repeat":"repeat","background-position":"center center","background-size":"auto","background-attachment":"scroll","background-type":"","background-media":"","overlay-type":"","overlay-color":"","overlay-opacity":"","overlay-gradient":""},"mobile":{"background-color":"","background-image":"","background-repeat":"repeat","background-position":"center center","background-size":"auto","background-attachment":"scroll","background-type":"","background-media":"","overlay-type":"","overlay-color":"","overlay-opacity":"","overlay-gradient":""}},"ast-content-background-meta":{"desktop":{"background-color":"var(--ast-global-color-5)","background-image":"","background-repeat":"repeat","background-position":"center center","background-size":"auto","background-attachment":"scroll","background-type":"","background-media":"","overlay-type":"","overlay-color":"","overlay-opacity":"","overlay-gradient":""},"tablet":{"background-color":"var(--ast-global-color-5)","background-image":"","background-repeat":"repeat","background-position":"center center","background-size":"auto","background-attachment":"scroll","background-type":"","background-media":"","overlay-type":"","overlay-color":"","overlay-opacity":"","overlay-gradient":""},"mobile":{"background-color":"var(--ast-global-color-5)","background-image":"","background-repeat":"repeat","background-position":"center center","background-size":"auto","background-attachment":"scroll","background-type":"","background-media":"","overlay-type":"","overlay-color":"","overlay-opacity":"","overlay-gradient":""}},"_themeisle_gutenberg_block_has_review":false,"footnotes":""},"class_list":["post-7840","page","type-page","status-publish","hentry"],"acf":[],"featured_image_urls_v2":{"full":"","thumbnail":"","medium":"","medium_large":"","large":"","1536x1536":"","2048x2048":"","img-1100-450":"","img-1120-800":"","img-870-440":"","img-850-600":"","img-480-380":"","img-300-225":"","img-540-700":"","img-75-75":"","menu-24x24":"","menu-36x36":"","menu-48x48":""},"post_excerpt_stackable_v2":"<p>Kontakt: Wydzia\u0142 Informacji i Promocji &#8212; (48) 345-95-50 w. 116 Pe\u0142n\u0105 ofert\u0119 lekcji bibliotecznych i gier edukacyjnych realizowanych przez nasz\u0105 Bibliotek\u0119 znajdziecie Pa\u0144stwo w menu E-us\u0142ugi zak\u0142adka &#8212; Zapisy na lekcje biblioteczne<\/p>\n","category_list_v2":"","author_info_v2":{"name":"R2F3cm9u","url":"https:\/\/bibliotekapedagogiczna.pl\/ru\/author\/yw5kcnplamdhd3jvbnnraq\/"},"comments_num_v2":"0 \u043a\u043e\u043c\u043c\u0435\u043d\u0442\u0430\u0440\u0438\u0435\u0432","_links":{"self":[{"href":"https:\/\/bibliotekapedagogiczna.pl\/ru\/wp-json\/wp\/v2\/pages\/7840","targetHints":{"allow":["GET"]}}],"collection":[{"href":"https:\/\/bibliotekapedagogiczna.pl\/ru\/wp-json\/wp\/v2\/pages"}],"about":[{"href":"https:\/\/bibliotekapedagogiczna.pl\/ru\/wp-json\/wp\/v2\/types\/page"}],"author":[{"embeddable":true,"href":"https:\/\/bibliotekapedagogiczna.pl\/ru\/wp-json\/wp\/v2\/users\/114"}],"replies":[{"embeddable":true,"href":"https:\/\/bibliotekapedagogiczna.pl\/ru\/wp-json\/wp\/v2\/comments?post=7840"}],"version-history":[{"count":4,"href":"https:\/\/bibliotekapedagogiczna.pl\/ru\/wp-json\/wp\/v2\/pages\/7840\/revisions"}],"predecessor-version":[{"id":67039,"href":"https:\/\/bibliotekapedagogiczna.pl\/ru\/wp-json\/wp\/v2\/pages\/7840\/revisions\/67039"}],"up":[{"embeddable":true,"href":"https:\/\/bibliotekapedagogiczna.pl\/ru\/wp-json\/wp\/v2\/pages\/8109"}],"wp:attachment":[{"href":"https:\/\/bibliotekapedagogiczna.pl\/ru\/wp-json\/wp\/v2\/media?parent=7840"}],"curies":[{"name":"wp","href":"https:\/\/api.w.org\/{rel}","templated":true}]}}