{"id":7838,"date":"2018-02-21T14:27:54","date_gmt":"2018-02-21T13:27:54","guid":{"rendered":"https:\/\/bibliotekapedagogiczna.pl\/tematyka-szkolen-z-tik\/"},"modified":"2023-12-19T15:49:49","modified_gmt":"2023-12-19T14:49:49","slug":"tematyka-szkolen-z-tik","status":"publish","type":"page","link":"https:\/\/bibliotekapedagogiczna.pl\/ru\/dla-nauczyciela\/tematyka-szkolen-z-tik\/","title":{"rendered":"Tematyka spotka\u0144 warsztatowych TIK"},"content":{"rendered":"\n<p>Biblioteka Pedagogiczna w Radomiu zaprasza nauczycieli r\u00f3\u017cnych przedmiot\u00f3w, wychowawc\u00f3w oraz nauczycieli bibliotekarzy do&nbsp;udzia\u0142u w bezp\u0142atnych szkoleniach. Terminy szkole\u0144 zostan\u0105 ustalone po zebraniu grup. Przewidywany czas szkolenia 45 min. Istnieje mo\u017cliwo\u015b\u0107 przeprowadzenia szkolenia dla zorganizowanych grup nauczycieli w macierzystej plac\u00f3wce o\u015bwiatowej.<\/p>\n\n\n\n<h6 class=\"wp-block-heading\">Kontakt:<\/h6>\n\n\n\n<ul class=\"wp-block-list\">\n<li>Ewa Pachniak, Agata Jurek:&nbsp;tel. (48) 345-98-37 w. 116; &nbsp;(48) 345-95-50 w. 116; email: informacja@bp.radom.pl<\/li>\n<\/ul>\n\n\n\n<h6 class=\"wp-block-heading\">Tematyka szkole\u0144:<\/h6>\n\n\n\n<ol class=\"wp-block-list\">\n<li>Internetowy niezb\u0119dnik nauczyciela bibliotekarza.<\/li>\n\n\n\n<li>Bezpiecze\u0144stwo w sieci.<\/li>\n\n\n\n<li>Tworzenie mapy ciekawych miejsc w sieci z zastosowaniem Pearltrees.<\/li>\n\n\n\n<li>ToonDoo \u2013 serwis do tworzenia komiks\u00f3w.<\/li>\n\n\n\n<li>Padlet \u2013 wirtualna tablica.<\/li>\n\n\n\n<li>Odwr\u00f3cona lekcja \u2013 praca z otwartymi zasobami edukacyjnymi.<\/li>\n\n\n\n<li>Animoto \u2013 tworzenie kr\u00f3tkich film\u00f3w wideo z obraz\u00f3w.<\/li>\n\n\n\n<li>Wykorzystanie w szkole pracy w chmurze.<\/li>\n\n\n\n<li>Tworzenie prezentacji multimedialnej w Open Office Impress.<\/li>\n\n\n\n<li>Prezi \u2013 nietypowe prezentacje.<\/li>\n\n\n\n<li>Tworzenie strony internetowej szko\u0142y, biblioteki (cykl spotka\u0144).<\/li>\n\n\n\n<li>Tworzenie gazetki szkolnej w kreatorze Qmam.<\/li>\n\n\n\n<li>Nowe formy promocji ksi\u0105\u017cki.<\/li>\n\n\n\n<li>Darmowe oprogramowanie w pracy nauczyciela.<\/li>\n\n\n\n<li>TIK w edukacji wczesnoszkolnej.<\/li>\n\n\n\n<li>Praca na platformie edukacyjnej Moodle.<\/li>\n<\/ol>\n\n\n\n<p>Ka\u017cdy uczestnik otrzyma potwierdzenie udzia\u0142u w warsztatach oraz materia\u0142y szkoleniowe.<\/p>\n","protected":false},"excerpt":{"rendered":"<p>Biblioteka Pedagogiczna w Radomiu zaprasza nauczycieli r\u00f3\u017cnych przedmiot\u00f3w, wychowawc\u00f3w oraz nauczycieli bibliotekarzy do&nbsp;udzia\u0142u w bezp\u0142atnych szkoleniach. Terminy szkole\u0144 zostan\u0105 ustalone [&hellip;]<\/p>\n","protected":false},"author":114,"featured_media":0,"parent":8109,"menu_order":1,"comment_status":"closed","ping_status":"closed","template":"","meta":{"_acf_changed":false,"_oasis_is_in_workflow":0,"_oasis_original":0,"inline_featured_image":false,"site-sidebar-layout":"default","site-content-layout":"","ast-site-content-layout":"default","site-content-style":"default","site-sidebar-style":"default","ast-global-header-display":"","ast-banner-title-visibility":"","ast-main-header-display":"","ast-hfb-above-header-display":"","ast-hfb-below-header-display":"","ast-hfb-mobile-header-display":"","site-post-title":"","ast-breadcrumbs-content":"","ast-featured-img":"","footer-sml-layout":"","ast-disable-related-posts":"","theme-transparent-header-meta":"","adv-header-id-meta":"","stick-header-meta":"","header-above-stick-meta":"","header-main-stick-meta":"","header-below-stick-meta":"","astra-migrate-meta-layouts":"default","ast-page-background-enabled":"default","ast-page-background-meta":{"desktop":{"background-color":"","background-image":"","background-repeat":"repeat","background-position":"center center","background-size":"auto","background-attachment":"scroll","background-type":"","background-media":"","overlay-type":"","overlay-color":"","overlay-opacity":"","overlay-gradient":""},"tablet":{"background-color":"","background-image":"","background-repeat":"repeat","background-position":"center center","background-size":"auto","background-attachment":"scroll","background-type":"","background-media":"","overlay-type":"","overlay-color":"","overlay-opacity":"","overlay-gradient":""},"mobile":{"background-color":"","background-image":"","background-repeat":"repeat","background-position":"center center","background-size":"auto","background-attachment":"scroll","background-type":"","background-media":"","overlay-type":"","overlay-color":"","overlay-opacity":"","overlay-gradient":""}},"ast-content-background-meta":{"desktop":{"background-color":"var(--ast-global-color-5)","background-image":"","background-repeat":"repeat","background-position":"center center","background-size":"auto","background-attachment":"scroll","background-type":"","background-media":"","overlay-type":"","overlay-color":"","overlay-opacity":"","overlay-gradient":""},"tablet":{"background-color":"var(--ast-global-color-5)","background-image":"","background-repeat":"repeat","background-position":"center center","background-size":"auto","background-attachment":"scroll","background-type":"","background-media":"","overlay-type":"","overlay-color":"","overlay-opacity":"","overlay-gradient":""},"mobile":{"background-color":"var(--ast-global-color-5)","background-image":"","background-repeat":"repeat","background-position":"center center","background-size":"auto","background-attachment":"scroll","background-type":"","background-media":"","overlay-type":"","overlay-color":"","overlay-opacity":"","overlay-gradient":""}},"_themeisle_gutenberg_block_has_review":false,"footnotes":""},"class_list":["post-7838","page","type-page","status-publish","hentry"],"acf":[],"featured_image_urls_v2":{"full":"","thumbnail":"","medium":"","medium_large":"","large":"","1536x1536":"","2048x2048":"","img-1100-450":"","img-1120-800":"","img-870-440":"","img-850-600":"","img-480-380":"","img-300-225":"","img-540-700":"","img-75-75":"","menu-24x24":"","menu-36x36":"","menu-48x48":""},"post_excerpt_stackable_v2":"<p>Biblioteka Pedagogiczna w Radomiu zaprasza nauczycieli r\u00f3\u017cnych przedmiot\u00f3w, wychowawc\u00f3w oraz nauczycieli bibliotekarzy do&nbsp;udzia\u0142u w bezp\u0142atnych szkoleniach. Terminy szkole\u0144 zostan\u0105 ustalone po zebraniu grup. Przewidywany czas szkolenia 45 min. Istnieje mo\u017cliwo\u015b\u0107 przeprowadzenia szkolenia dla zorganizowanych grup nauczycieli w macierzystej plac\u00f3wce o\u015bwiatowej. Kontakt: Ewa Pachniak, Agata Jurek:&nbsp;tel. (48) 345-98-37 w. 116; &nbsp;(48) 345-95-50 w. 116; email: informacja@bp.radom.pl Tematyka szkole\u0144: Internetowy niezb\u0119dnik nauczyciela bibliotekarza. Bezpiecze\u0144stwo w sieci. Tworzenie mapy ciekawych miejsc w sieci z zastosowaniem Pearltrees. ToonDoo \u2013 serwis do tworzenia komiks\u00f3w. Padlet \u2013 wirtualna tablica. Odwr\u00f3cona lekcja \u2013 praca z otwartymi zasobami edukacyjnymi. Animoto \u2013 tworzenie kr\u00f3tkich film\u00f3w wideo z obraz\u00f3w. Wykorzystanie&hellip;<\/p>\n","category_list_v2":"","author_info_v2":{"name":"R2F3cm9u","url":"https:\/\/bibliotekapedagogiczna.pl\/ru\/author\/yw5kcnplamdhd3jvbnnraq\/"},"comments_num_v2":"0 \u043a\u043e\u043c\u043c\u0435\u043d\u0442\u0430\u0440\u0438\u0435\u0432","_links":{"self":[{"href":"https:\/\/bibliotekapedagogiczna.pl\/ru\/wp-json\/wp\/v2\/pages\/7838","targetHints":{"allow":["GET"]}}],"collection":[{"href":"https:\/\/bibliotekapedagogiczna.pl\/ru\/wp-json\/wp\/v2\/pages"}],"about":[{"href":"https:\/\/bibliotekapedagogiczna.pl\/ru\/wp-json\/wp\/v2\/types\/page"}],"author":[{"embeddable":true,"href":"https:\/\/bibliotekapedagogiczna.pl\/ru\/wp-json\/wp\/v2\/users\/114"}],"replies":[{"embeddable":true,"href":"https:\/\/bibliotekapedagogiczna.pl\/ru\/wp-json\/wp\/v2\/comments?post=7838"}],"version-history":[{"count":2,"href":"https:\/\/bibliotekapedagogiczna.pl\/ru\/wp-json\/wp\/v2\/pages\/7838\/revisions"}],"predecessor-version":[{"id":51784,"href":"https:\/\/bibliotekapedagogiczna.pl\/ru\/wp-json\/wp\/v2\/pages\/7838\/revisions\/51784"}],"up":[{"embeddable":true,"href":"https:\/\/bibliotekapedagogiczna.pl\/ru\/wp-json\/wp\/v2\/pages\/8109"}],"wp:attachment":[{"href":"https:\/\/bibliotekapedagogiczna.pl\/ru\/wp-json\/wp\/v2\/media?parent=7838"}],"curies":[{"name":"wp","href":"https:\/\/api.w.org\/{rel}","templated":true}]}}