{"id":7834,"date":"2018-08-30T15:33:16","date_gmt":"2018-08-30T13:33:16","guid":{"rendered":"https:\/\/bibliotekapedagogiczna.pl\/nadzor-pedagogiczny\/"},"modified":"2024-11-18T14:38:18","modified_gmt":"2024-11-18T13:38:18","slug":"nadzor-pedagogiczny","status":"publish","type":"page","link":"https:\/\/bibliotekapedagogiczna.pl\/ru\/dla-nauczyciela\/nadzor-pedagogiczny\/","title":{"rendered":"Nadz\u00f3r pedagogiczny"},"content":{"rendered":"\n<p>Stosownie do art. 55 ust. 1 ustawy z dnia 14 grudnia 2016 r. Prawo o\u015bwiatowe (t.j. Dz.U. z 2019 r. poz. 1148 ze zm.) nadz\u00f3r pedagogiczny polega na:<\/p>\n\n\n\n<ul class=\"wp-block-list\">\n<li>obserwowaniu, analizowaniu i ocenianiu przebiegu proces\u00f3w kszta\u0142cenia i wychowania oraz efekt\u00f3w dzia\u0142alno\u015bci dydaktycznej, wychowawczej i opieku\u0144czej oraz innej dzia\u0142alno\u015bci statutowej szk\u00f3\u0142 i plac\u00f3wek;<\/li>\n\n\n\n<li>ocenianiu stanu i warunk\u00f3w dzia\u0142alno\u015bci dydaktycznej, wychowawczej i opieku\u0144czej oraz innej dzia\u0142alno\u015bci statutowej szk\u00f3\u0142 i plac\u00f3wek;<\/li>\n\n\n\n<li>udzielaniu pomocy szko\u0142om i plac\u00f3wkom, a tak\u017ce nauczycielom w wykonywaniu ich zada\u0144 dydaktycznych, wychowawczych i opieku\u0144czych;<\/li>\n\n\n\n<li>inspirowaniu nauczycieli do poprawy istniej\u0105cych lub wdro\u017cenia nowych rozwi\u0105za\u0144 w procesie kszta\u0142cenia, przy zastosowaniu innowacyjnych dzia\u0142a\u0144 programowych, organizacyjnych lub metodycznych, kt\u00f3rych celem jest rozwijanie kompetencji uczni\u00f3w.<\/li>\n<\/ul>\n\n\n\n<p>Szczeg\u00f3\u0142owe zasady sprawowania nadzoru pedagogicznego okre\u015blone zosta\u0142y w rozporz\u0105dzeniu Ministra Edukacji Narodowej z dnia 25 sierpnia 2015 r. w sprawie nadzoru pedagogicznego (Dz. U. z 2017 r., poz. 1658).<\/p>\n\n\n\n<h2 class=\"wp-block-heading\">Pliki do pobrania:<\/h2>\n\n\n\n<ul class=\"wp-block-list\">\n<li><a href=\"https:\/\/bibliotekapedagogiczna.pl\/wp-content\/uploads\/sites\/10\/2024\/11\/PNP_MKO_na_r_szk__2024-2025.pdf\"><span style=\"color: var(--ast-global-color-0)\" class=\"stk-highlight\">Plan nadzoru pedagogicznego Mazowieckiego Kuratora O\u015bwiaty na rok szkolny 2024\/205<\/span><\/a><\/li>\n\n\n\n<li><a href=\"https:\/\/bibliotekapedagogiczna.pl\/wp-content\/uploads\/sites\/10\/2024\/11\/Aneks_nr_1_do_PNP_MKO_2024-2025.pdf\"><span style=\"color: var(--ast-global-color-0)\" class=\"stk-highlight\">Aneks do planu nadzoru pedagogicznego Mazowieckiego Kuratora O\u015bwiaty na rok szkolny 2024\/2025<\/span><\/a><\/li>\n<\/ul>\n","protected":false},"excerpt":{"rendered":"<p>Stosownie do art. 55 ust. 1 ustawy z dnia 14 grudnia 2016 r. Prawo o\u015bwiatowe (t.j. Dz.U. z 2019 r. [&hellip;]<\/p>\n","protected":false},"author":114,"featured_media":0,"parent":8109,"menu_order":7,"comment_status":"closed","ping_status":"closed","template":"","meta":{"_acf_changed":false,"_oasis_is_in_workflow":0,"_oasis_original":0,"inline_featured_image":false,"site-sidebar-layout":"default","site-content-layout":"","ast-site-content-layout":"default","site-content-style":"default","site-sidebar-style":"default","ast-global-header-display":"","ast-banner-title-visibility":"","ast-main-header-display":"","ast-hfb-above-header-display":"","ast-hfb-below-header-display":"","ast-hfb-mobile-header-display":"","site-post-title":"","ast-breadcrumbs-content":"","ast-featured-img":"","footer-sml-layout":"","ast-disable-related-posts":"","theme-transparent-header-meta":"","adv-header-id-meta":"","stick-header-meta":"","header-above-stick-meta":"","header-main-stick-meta":"","header-below-stick-meta":"","astra-migrate-meta-layouts":"default","ast-page-background-enabled":"default","ast-page-background-meta":{"desktop":{"background-color":"","background-image":"","background-repeat":"repeat","background-position":"center center","background-size":"auto","background-attachment":"scroll","background-type":"","background-media":"","overlay-type":"","overlay-color":"","overlay-opacity":"","overlay-gradient":""},"tablet":{"background-color":"","background-image":"","background-repeat":"repeat","background-position":"center center","background-size":"auto","background-attachment":"scroll","background-type":"","background-media":"","overlay-type":"","overlay-color":"","overlay-opacity":"","overlay-gradient":""},"mobile":{"background-color":"","background-image":"","background-repeat":"repeat","background-position":"center center","background-size":"auto","background-attachment":"scroll","background-type":"","background-media":"","overlay-type":"","overlay-color":"","overlay-opacity":"","overlay-gradient":""}},"ast-content-background-meta":{"desktop":{"background-color":"var(--ast-global-color-5)","background-image":"","background-repeat":"repeat","background-position":"center center","background-size":"auto","background-attachment":"scroll","background-type":"","background-media":"","overlay-type":"","overlay-color":"","overlay-opacity":"","overlay-gradient":""},"tablet":{"background-color":"var(--ast-global-color-5)","background-image":"","background-repeat":"repeat","background-position":"center center","background-size":"auto","background-attachment":"scroll","background-type":"","background-media":"","overlay-type":"","overlay-color":"","overlay-opacity":"","overlay-gradient":""},"mobile":{"background-color":"var(--ast-global-color-5)","background-image":"","background-repeat":"repeat","background-position":"center center","background-size":"auto","background-attachment":"scroll","background-type":"","background-media":"","overlay-type":"","overlay-color":"","overlay-opacity":"","overlay-gradient":""}},"_themeisle_gutenberg_block_has_review":false,"footnotes":""},"class_list":["post-7834","page","type-page","status-publish","hentry"],"acf":[],"featured_image_urls_v2":{"full":"","thumbnail":"","medium":"","medium_large":"","large":"","1536x1536":"","2048x2048":"","img-1100-450":"","img-1120-800":"","img-870-440":"","img-850-600":"","img-480-380":"","img-300-225":"","img-540-700":"","img-75-75":"","menu-24x24":"","menu-36x36":"","menu-48x48":""},"post_excerpt_stackable_v2":"<p>Stosownie do art. 55 ust. 1 ustawy z dnia 14 grudnia 2016 r. Prawo o\u015bwiatowe (t.j. Dz.U. z 2019 r. poz. 1148 ze zm.) nadz\u00f3r pedagogiczny polega na: obserwowaniu, analizowaniu i ocenianiu przebiegu proces\u00f3w kszta\u0142cenia i wychowania oraz efekt\u00f3w dzia\u0142alno\u015bci dydaktycznej, wychowawczej i opieku\u0144czej oraz innej dzia\u0142alno\u015bci statutowej szk\u00f3\u0142 i plac\u00f3wek; ocenianiu stanu i warunk\u00f3w dzia\u0142alno\u015bci dydaktycznej, wychowawczej i opieku\u0144czej oraz innej dzia\u0142alno\u015bci statutowej szk\u00f3\u0142 i plac\u00f3wek; udzielaniu pomocy szko\u0142om i plac\u00f3wkom, a tak\u017ce nauczycielom w wykonywaniu ich zada\u0144 dydaktycznych, wychowawczych i opieku\u0144czych; inspirowaniu nauczycieli do poprawy istniej\u0105cych lub wdro\u017cenia nowych rozwi\u0105za\u0144 w procesie kszta\u0142cenia, przy zastosowaniu innowacyjnych dzia\u0142a\u0144 programowych,&hellip;<\/p>\n","category_list_v2":"","author_info_v2":{"name":"R2F3cm9u","url":"https:\/\/bibliotekapedagogiczna.pl\/ru\/author\/yw5kcnplamdhd3jvbnnraq\/"},"comments_num_v2":"0 \u043a\u043e\u043c\u043c\u0435\u043d\u0442\u0430\u0440\u0438\u0435\u0432","_links":{"self":[{"href":"https:\/\/bibliotekapedagogiczna.pl\/ru\/wp-json\/wp\/v2\/pages\/7834","targetHints":{"allow":["GET"]}}],"collection":[{"href":"https:\/\/bibliotekapedagogiczna.pl\/ru\/wp-json\/wp\/v2\/pages"}],"about":[{"href":"https:\/\/bibliotekapedagogiczna.pl\/ru\/wp-json\/wp\/v2\/types\/page"}],"author":[{"embeddable":true,"href":"https:\/\/bibliotekapedagogiczna.pl\/ru\/wp-json\/wp\/v2\/users\/114"}],"replies":[{"embeddable":true,"href":"https:\/\/bibliotekapedagogiczna.pl\/ru\/wp-json\/wp\/v2\/comments?post=7834"}],"version-history":[{"count":10,"href":"https:\/\/bibliotekapedagogiczna.pl\/ru\/wp-json\/wp\/v2\/pages\/7834\/revisions"}],"predecessor-version":[{"id":75316,"href":"https:\/\/bibliotekapedagogiczna.pl\/ru\/wp-json\/wp\/v2\/pages\/7834\/revisions\/75316"}],"up":[{"embeddable":true,"href":"https:\/\/bibliotekapedagogiczna.pl\/ru\/wp-json\/wp\/v2\/pages\/8109"}],"wp:attachment":[{"href":"https:\/\/bibliotekapedagogiczna.pl\/ru\/wp-json\/wp\/v2\/media?parent=7834"}],"curies":[{"name":"wp","href":"https:\/\/api.w.org\/{rel}","templated":true}]}}