{"id":7832,"date":"2018-08-30T15:30:20","date_gmt":"2018-08-30T13:30:20","guid":{"rendered":"https:\/\/bibliotekapedagogiczna.pl\/polityka-oswiatowa\/"},"modified":"2025-08-07T11:38:25","modified_gmt":"2025-08-07T09:38:25","slug":"polityka-oswiatowa","status":"publish","type":"page","link":"https:\/\/bibliotekapedagogiczna.pl\/ru\/dla-nauczyciela\/polityka-oswiatowa\/","title":{"rendered":"Polityka o\u015bwiatowa"},"content":{"rendered":"\n<p>Podstawowe kierunki realizacji polityki o\u015bwiatowej pa\u0144stwa <strong>w roku szkolnym 2025\/202<\/strong>6<\/p>\n\n\n\n<ol class=\"wp-block-list\">\n<li>Kszta\u0142towanie my\u015blenia analitycznego poprzez interdyscyplinarne podej\u015bcie do nauczania przedmiot\u00f3w przyrodniczych i \u015bcis\u0142ych oraz poprzez rozwijanie umiej\u0119tno\u015bci matematycznych w kszta\u0142ceniu og\u00f3lnym.<\/li>\n\n\n\n<li>Szko\u0142a miejscem edukacji obywatelskiej &#8212; kszta\u0142towanie postaw patriotycznych, spo\u0142ecznych i obywatelskich, odpowiedzialno\u015bci za region i ojczyzn\u0119, dba\u0142o\u015bci o bezpiecze\u0144stwo w\u0142asne i innych.<\/li>\n\n\n\n<li>Promocja zdrowego trybu \u017cycia w szkole &#8212; kszta\u0142towanie postaw i zachowa\u0144 prozdrowotnych. Wspieranie aktywno\u015bci fizycznej uczni\u00f3w.<\/li>\n\n\n\n<li>Profilaktyka przemocy r\u00f3wie\u015bniczej. Zdrowie psychiczne dzieci i m\u0142odzie\u017cy, wsparcie w kryzysach psychicznych.<\/li>\n\n\n\n<li>Promowanie higieny cyfrowej i bezpiecznego poruszania si\u0119 w sieci. Rozwijanie umiej\u0119tno\u015bci krytycznej analizy informacji dost\u0119pnych w Internecie. Poprawne metodycznie wykorzystywanie przez nauczycieli nowoczesnych technologii, w szczeg\u00f3lno\u015bci opartych na sztucznej inteligencji oraz korzystanie z zasob\u00f3w Zintegrowanej Platformy Edukacyjnej.<\/li>\n\n\n\n<li>Promocja kszta\u0142cenia zawodowego w szko\u0142ach podstawowych oraz w \u015brodowisku pracodawc\u00f3w. Wzmocnienie roli doradztwa zawodowego.<\/li>\n\n\n\n<li>Rozwijanie zainteresowania kultur\u0105 i j\u0119zykiem polskim w\u015br\u00f3d Polonii. Nauczanie j\u0119zyka polskiego w \u015brodowiskach polonijnych.<\/li>\n\n\n\n<li>Wspieranie aktywno\u015bci poznawczej i poczucia sprawczo\u015bci ucznia poprzez promowanie oceniania kszta\u0142tuj\u0105cego i metod aktywizuj\u0105cych w dydaktyce.<\/li>\n<\/ol>\n\n\n\n<p>Rol\u0105 bibliotek pedagogicznych w \u015bwietle zmienionych przepis\u00f3w prawa o\u015bwiatowego jest mi\u0119dzy innymi wspomaganie plac\u00f3wek o\u015bwiatowych w realizacji ich zada\u0144 dydaktycznych, wychowawczych i opieku\u0144czych. Zadanie to realizowane jest przez dostarczanie literatury oraz gotowych materia\u0142\u00f3w edukacyjnych.<\/p>\n\n\n\n<h2 class=\"wp-block-heading\">Pliki do pobrania:<\/h2>\n\n\n\n<ul class=\"wp-block-list\">\n<li><strong><a href=\"https:\/\/bibliotekapedagogiczna.pl\/wp-content\/uploads\/sites\/10\/2025\/08\/ksztalcenie-myslenia-analitycznego-1.pdf\">Kszta\u0142towanie my\u015blenia analitycznego poprzez interdyscyplinarne podej\u015bcie do nauczania przedmiot\u00f3w przyrodniczych i \u015bcis\u0142ych oraz poprzez rozwijanie umiej\u0119tno\u015bci matematycznych w kszta\u0142ceniu og\u00f3lnym.<\/a><\/strong><\/li>\n\n\n\n<li><strong><a href=\"https:\/\/bibliotekapedagogiczna.pl\/wp-content\/uploads\/sites\/10\/2025\/08\/szkola-miejscem-edukacji-obywatelskiej.pdf\">Szko\u0142a miejscem edukacji obywatelskiej &#8212; kszta\u0142towanie postaw patriotycznych, spo\u0142ecznych i obywatelskich, odpowiedzialno\u015bci za region i ojczyzn\u0119, dba\u0142o\u015bci o bezpiecze\u0144stwo w\u0142asne i innych.<\/a><\/strong><\/li>\n\n\n\n<li><strong><a href=\"https:\/\/bibliotekapedagogiczna.pl\/wp-content\/uploads\/sites\/10\/2025\/08\/promocja-zdrowego-trybu-zycia.pdf\">Promocja zdrowego trybu \u017cycia w szkole &#8212; kszta\u0142towanie postaw i zachowa\u0144 prozdrowotnych. Wspieranie aktywno\u015bci fizycznej uczni\u00f3w.<\/a><\/strong><\/li>\n\n\n\n<li><strong><a href=\"https:\/\/bibliotekapedagogiczna.pl\/wp-content\/uploads\/sites\/10\/2025\/08\/profilaktyka-przemocy-rowiesniczej.pdf\">Profilaktyka przemocy r\u00f3wie\u015bniczej. Zdrowie psychiczne dzieci i m\u0142odzie\u017cy, wsparcie w kryzysach psychicznych.<\/a><\/strong><\/li>\n\n\n\n<li><strong><a href=\"https:\/\/bibliotekapedagogiczna.pl\/wp-content\/uploads\/sites\/10\/2025\/08\/promowanie-higieny-cyfrowej.pdf\">Promowanie higieny cyfrowej i bezpiecznego poruszania si\u0119 w sieci. Rozwijanie umiej\u0119tno\u015bci krytycznej analizy informacji dost\u0119pnych w Internecie. Poprawne metodycznie wykorzystywanie przez nauczycieli nowoczesnych technologii, w szczeg\u00f3lno\u015bci opartych na sztucznej inteligencji oraz korzystanie z zasob\u00f3w Zintegrowanej Platformy Edukacyjnej.<\/a><\/strong><\/li>\n\n\n\n<li><strong><a href=\"https:\/\/bibliotekapedagogiczna.pl\/wp-content\/uploads\/sites\/10\/2025\/08\/promocja-ksztalcenia-zawodowego.pdf\">Promocja kszta\u0142cenia zawodowego w szko\u0142ach podstawowych oraz w \u015brodowisku pracodawc\u00f3w. Wzmocnienie roli doradztwa zawodowego.<\/a><\/strong><\/li>\n\n\n\n<li><strong><a href=\"https:\/\/bibliotekapedagogiczna.pl\/wp-content\/uploads\/sites\/10\/2025\/08\/wspieranie-aktywnosci-poznawczej.pdf\">Wspieranie aktywno\u015bci poznawczej i poczucia sprawczo\u015bci ucznia poprzez promowanie oceniania kszta\u0142tuj\u0105cego i metod aktywizuj\u0105cych w dydaktyce.<\/a><\/strong><\/li>\n<\/ul>\n","protected":false},"excerpt":{"rendered":"<p>Podstawowe kierunki realizacji polityki o\u015bwiatowej pa\u0144stwa w roku szkolnym 2025\/2026 Rol\u0105 bibliotek pedagogicznych w \u015bwietle zmienionych przepis\u00f3w prawa o\u015bwiatowego jest [&hellip;]<\/p>\n","protected":false},"author":114,"featured_media":0,"parent":8109,"menu_order":6,"comment_status":"closed","ping_status":"closed","template":"","meta":{"_acf_changed":false,"_oasis_is_in_workflow":0,"_oasis_original":0,"inline_featured_image":false,"site-sidebar-layout":"default","site-content-layout":"","ast-site-content-layout":"default","site-content-style":"default","site-sidebar-style":"default","ast-global-header-display":"","ast-banner-title-visibility":"","ast-main-header-display":"","ast-hfb-above-header-display":"","ast-hfb-below-header-display":"","ast-hfb-mobile-header-display":"","site-post-title":"","ast-breadcrumbs-content":"","ast-featured-img":"","footer-sml-layout":"","ast-disable-related-posts":"","theme-transparent-header-meta":"","adv-header-id-meta":"","stick-header-meta":"","header-above-stick-meta":"","header-main-stick-meta":"","header-below-stick-meta":"","astra-migrate-meta-layouts":"default","ast-page-background-enabled":"default","ast-page-background-meta":{"desktop":{"background-color":"","background-image":"","background-repeat":"repeat","background-position":"center center","background-size":"auto","background-attachment":"scroll","background-type":"","background-media":"","overlay-type":"","overlay-color":"","overlay-opacity":"","overlay-gradient":""},"tablet":{"background-color":"","background-image":"","background-repeat":"repeat","background-position":"center center","background-size":"auto","background-attachment":"scroll","background-type":"","background-media":"","overlay-type":"","overlay-color":"","overlay-opacity":"","overlay-gradient":""},"mobile":{"background-color":"","background-image":"","background-repeat":"repeat","background-position":"center center","background-size":"auto","background-attachment":"scroll","background-type":"","background-media":"","overlay-type":"","overlay-color":"","overlay-opacity":"","overlay-gradient":""}},"ast-content-background-meta":{"desktop":{"background-color":"var(--ast-global-color-5)","background-image":"","background-repeat":"repeat","background-position":"center center","background-size":"auto","background-attachment":"scroll","background-type":"","background-media":"","overlay-type":"","overlay-color":"","overlay-opacity":"","overlay-gradient":""},"tablet":{"background-color":"var(--ast-global-color-5)","background-image":"","background-repeat":"repeat","background-position":"center center","background-size":"auto","background-attachment":"scroll","background-type":"","background-media":"","overlay-type":"","overlay-color":"","overlay-opacity":"","overlay-gradient":""},"mobile":{"background-color":"var(--ast-global-color-5)","background-image":"","background-repeat":"repeat","background-position":"center center","background-size":"auto","background-attachment":"scroll","background-type":"","background-media":"","overlay-type":"","overlay-color":"","overlay-opacity":"","overlay-gradient":""}},"_themeisle_gutenberg_block_has_review":false,"footnotes":""},"class_list":["post-7832","page","type-page","status-publish","hentry"],"acf":[],"featured_image_urls_v2":{"full":"","thumbnail":"","medium":"","medium_large":"","large":"","1536x1536":"","2048x2048":"","img-1100-450":"","img-1120-800":"","img-870-440":"","img-850-600":"","img-480-380":"","img-300-225":"","img-540-700":"","img-75-75":"","menu-24x24":"","menu-36x36":"","menu-48x48":""},"post_excerpt_stackable_v2":"<p>Podstawowe kierunki realizacji polityki o\u015bwiatowej pa\u0144stwa w roku szkolnym 2025\/2026 Kszta\u0142towanie my\u015blenia analitycznego poprzez interdyscyplinarne podej\u015bcie do nauczania przedmiot\u00f3w przyrodniczych i \u015bcis\u0142ych oraz poprzez rozwijanie umiej\u0119tno\u015bci matematycznych w kszta\u0142ceniu og\u00f3lnym. Szko\u0142a miejscem edukacji obywatelskiej &#8212; kszta\u0142towanie postaw patriotycznych, spo\u0142ecznych i obywatelskich, odpowiedzialno\u015bci za region i ojczyzn\u0119, dba\u0142o\u015bci o bezpiecze\u0144stwo w\u0142asne i innych. Promocja zdrowego trybu \u017cycia w szkole &#8212; kszta\u0142towanie postaw i zachowa\u0144 prozdrowotnych. Wspieranie aktywno\u015bci fizycznej uczni\u00f3w. Profilaktyka przemocy r\u00f3wie\u015bniczej. Zdrowie psychiczne dzieci i m\u0142odzie\u017cy, wsparcie w kryzysach psychicznych. Promowanie higieny cyfrowej i bezpiecznego poruszania si\u0119 w sieci. Rozwijanie umiej\u0119tno\u015bci krytycznej analizy informacji dost\u0119pnych w Internecie. Poprawne metodycznie wykorzystywanie&hellip;<\/p>\n","category_list_v2":"","author_info_v2":{"name":"R2F3cm9u","url":"https:\/\/bibliotekapedagogiczna.pl\/ru\/author\/yw5kcnplamdhd3jvbnnraq\/"},"comments_num_v2":"0 \u043a\u043e\u043c\u043c\u0435\u043d\u0442\u0430\u0440\u0438\u0435\u0432","_links":{"self":[{"href":"https:\/\/bibliotekapedagogiczna.pl\/ru\/wp-json\/wp\/v2\/pages\/7832","targetHints":{"allow":["GET"]}}],"collection":[{"href":"https:\/\/bibliotekapedagogiczna.pl\/ru\/wp-json\/wp\/v2\/pages"}],"about":[{"href":"https:\/\/bibliotekapedagogiczna.pl\/ru\/wp-json\/wp\/v2\/types\/page"}],"author":[{"embeddable":true,"href":"https:\/\/bibliotekapedagogiczna.pl\/ru\/wp-json\/wp\/v2\/users\/114"}],"replies":[{"embeddable":true,"href":"https:\/\/bibliotekapedagogiczna.pl\/ru\/wp-json\/wp\/v2\/comments?post=7832"}],"version-history":[{"count":42,"href":"https:\/\/bibliotekapedagogiczna.pl\/ru\/wp-json\/wp\/v2\/pages\/7832\/revisions"}],"predecessor-version":[{"id":100441,"href":"https:\/\/bibliotekapedagogiczna.pl\/ru\/wp-json\/wp\/v2\/pages\/7832\/revisions\/100441"}],"up":[{"embeddable":true,"href":"https:\/\/bibliotekapedagogiczna.pl\/ru\/wp-json\/wp\/v2\/pages\/8109"}],"wp:attachment":[{"href":"https:\/\/bibliotekapedagogiczna.pl\/ru\/wp-json\/wp\/v2\/media?parent=7832"}],"curies":[{"name":"wp","href":"https:\/\/api.w.org\/{rel}","templated":true}]}}