{"id":51868,"date":"2023-12-19T16:54:22","date_gmt":"2023-12-19T15:54:22","guid":{"rendered":"https:\/\/bibliotekapedagogiczna.pl\/?page_id=51868"},"modified":"2024-05-27T13:50:23","modified_gmt":"2024-05-27T11:50:23","slug":"warsztaty-teatralne","status":"publish","type":"page","link":"https:\/\/bibliotekapedagogiczna.pl\/ru\/warsztaty-teatralne\/","title":{"rendered":"Warsztaty teatralne"},"content":{"rendered":"\n<p>Od 16 pa\u017adziernika 2023 r. Biblioteka Pedagogiczna w Radomiu rozpoczyna rekrutacj\u0119 na warsztaty teatralne skierowane do nauczycieli przedszkoli, szk\u00f3\u0142 podstawowych oraz szk\u00f3\u0142 ponadpodstawowych publicznych i niepublicznych, innych plac\u00f3wek o\u015bwiatowych oraz instruktor\u00f3w instytucji kulturalnych. Zaj\u0119cia obejmowa\u0107 b\u0119d\u0105 teoretyczne i praktyczne aspekty realizacji spektakli.<\/p>\n\n\n\n<p>Celem warsztat\u00f3w jest wsparcie nauczycieli wszystkich poziom\u00f3w nauczania w zakresie prowadzenia dzieci\u0119cych i m\u0142odzie\u017cowych k\u00f3\u0142 teatralnych oraz kszta\u0142towania u uczni\u00f3w kreatywno\u015bci poprzez teatr, zami\u0142owanie do literatury i pracy z tekstem, oswajanie si\u0119 z wyst\u0119pami publicznymi i wyra\u017canie swoich emocji. Regulamin warsztat\u00f3w w za\u0142\u0105czniku PDF poni\u017cej.<\/p>\n\n\n<div class=\"wp-block-themeisle-blocks-posts-grid\" id=\"wp-block-themeisle-blocks-posts-grid-57d5580a\"><div class=\"is-list\"><div class=\"o-posts-grid-post-blog o-posts-grid-post-plain\"><div class=\"o-posts-grid-post\"><div class=\"o-posts-grid-post-image\"><a href=\"https:\/\/bibliotekapedagogiczna.pl\/ru\/relacja-z-marcowych-warsztatow-teatralnych\/\"><img loading=\"lazy\" decoding=\"async\" width=\"1000\" height=\"1000\" src=\"https:\/\/bibliotekapedagogiczna.pl\/wp-content\/uploads\/sites\/10\/2024\/03\/warsztaty-teatralne-17-III.1.jpg\" class=\"attachment-full size-full\" alt=\"Kobiety maszeruj\u0105 w ko\u0142o \u017cywo gestykuluj\u0105c r\u0119koma.\" srcset=\"https:\/\/bibliotekapedagogiczna.pl\/wp-content\/uploads\/sites\/10\/2024\/03\/warsztaty-teatralne-17-III.1.jpg 1000w, https:\/\/bibliotekapedagogiczna.pl\/wp-content\/uploads\/sites\/10\/2024\/03\/warsztaty-teatralne-17-III.1-300x300.jpg 300w, https:\/\/bibliotekapedagogiczna.pl\/wp-content\/uploads\/sites\/10\/2024\/03\/warsztaty-teatralne-17-III.1-150x150.jpg 150w, https:\/\/bibliotekapedagogiczna.pl\/wp-content\/uploads\/sites\/10\/2024\/03\/warsztaty-teatralne-17-III.1-768x768.jpg 768w, https:\/\/bibliotekapedagogiczna.pl\/wp-content\/uploads\/sites\/10\/2024\/03\/warsztaty-teatralne-17-III.1-24x24.jpg 24w, https:\/\/bibliotekapedagogiczna.pl\/wp-content\/uploads\/sites\/10\/2024\/03\/warsztaty-teatralne-17-III.1-36x36.jpg 36w, https:\/\/bibliotekapedagogiczna.pl\/wp-content\/uploads\/sites\/10\/2024\/03\/warsztaty-teatralne-17-III.1-48x48.jpg 48w\" sizes=\"(max-width: 1000px) 100vw, 1000px\" \/><\/a><\/div><div class=\"o-posts-grid-post-body\"><h3 class=\"o-posts-grid-post-title\"><a href=\"https:\/\/bibliotekapedagogiczna.pl\/ru\/relacja-z-marcowych-warsztatow-teatralnych\/\">Relacja z marcowych warsztat\u00f3w teatralnych<\/a><\/h3><div class=\"o-posts-grid-post-description\"><p>15 marca odby\u0142y si\u0119 kolejne warsztaty teatralne. Tradycyjnie instruktorkami by\u0142y Panie Jola Kor\u0142ub-Ogonkowska z Teatru Powszechnego im. J. Kochanowskiego w [&hellip;]<\/p><a class=\"o-posts-read-more\" href=\"https:\/\/bibliotekapedagogiczna.pl\/ru\/relacja-z-marcowych-warsztatow-teatralnych\/\">\u0427\u0438\u0442\u0430\u0439\u0442\u0435 \u0434\u0430\u043b\u0435\u0435<\/a><\/div><\/div><\/div><\/div><div class=\"o-posts-grid-post-blog o-posts-grid-post-plain\"><div class=\"o-posts-grid-post\"><div class=\"o-posts-grid-post-image\"><a href=\"https:\/\/bibliotekapedagogiczna.pl\/ru\/warsztaty-teatralne-zajecia-z-lutego-2024r\/\"><img loading=\"lazy\" decoding=\"async\" width=\"1000\" height=\"1000\" src=\"https:\/\/bibliotekapedagogiczna.pl\/wp-content\/uploads\/sites\/10\/2024\/02\/warsztaty-teatralne-1.jpg\" class=\"attachment-full size-full\" alt=\"Kobieta w masce na twarzy odgrywa scen\u0119.\" srcset=\"https:\/\/bibliotekapedagogiczna.pl\/wp-content\/uploads\/sites\/10\/2024\/02\/warsztaty-teatralne-1.jpg 1000w, https:\/\/bibliotekapedagogiczna.pl\/wp-content\/uploads\/sites\/10\/2024\/02\/warsztaty-teatralne-1-300x300.jpg 300w, https:\/\/bibliotekapedagogiczna.pl\/wp-content\/uploads\/sites\/10\/2024\/02\/warsztaty-teatralne-1-150x150.jpg 150w, https:\/\/bibliotekapedagogiczna.pl\/wp-content\/uploads\/sites\/10\/2024\/02\/warsztaty-teatralne-1-768x768.jpg 768w, https:\/\/bibliotekapedagogiczna.pl\/wp-content\/uploads\/sites\/10\/2024\/02\/warsztaty-teatralne-1-24x24.jpg 24w, https:\/\/bibliotekapedagogiczna.pl\/wp-content\/uploads\/sites\/10\/2024\/02\/warsztaty-teatralne-1-36x36.jpg 36w, https:\/\/bibliotekapedagogiczna.pl\/wp-content\/uploads\/sites\/10\/2024\/02\/warsztaty-teatralne-1-48x48.jpg 48w\" sizes=\"(max-width: 1000px) 100vw, 1000px\" \/><\/a><\/div><div class=\"o-posts-grid-post-body\"><h3 class=\"o-posts-grid-post-title\"><a href=\"https:\/\/bibliotekapedagogiczna.pl\/ru\/warsztaty-teatralne-zajecia-z-lutego-2024r\/\">Warsztaty teatralne \u2013 zaj\u0119cia z lutego 2024r.<\/a><\/h3><div class=\"o-posts-grid-post-description\"><p>Podczas kolejnych warsztat\u00f3w teatralnych uczestnicy mieli okazj\u0119 zg\u0142\u0119bi\u0107 tajniki pantomimy, doskonali\u0107 swoje umiej\u0119tno\u015bci w pracy z g\u0142osem oraz tworzy\u0107 w\u0142asne [&hellip;]<\/p><a class=\"o-posts-read-more\" href=\"https:\/\/bibliotekapedagogiczna.pl\/ru\/warsztaty-teatralne-zajecia-z-lutego-2024r\/\">\u0427\u0438\u0442\u0430\u0439\u0442\u0435 \u0434\u0430\u043b\u0435\u0435<\/a><\/div><\/div><\/div><\/div><div class=\"o-posts-grid-post-blog o-posts-grid-post-plain\"><div class=\"o-posts-grid-post\"><div class=\"o-posts-grid-post-image\"><a href=\"https:\/\/bibliotekapedagogiczna.pl\/ru\/jak-wygrac-mlodziezowy-przeglad-teatralny-warsztaty-dla-nauczycieli\/\"><img loading=\"lazy\" decoding=\"async\" width=\"768\" height=\"435\" src=\"https:\/\/bibliotekapedagogiczna.pl\/wp-content\/uploads\/sites\/10\/2023\/12\/maski-teatralne-768x435-1.jpg\" class=\"attachment-full size-full\" alt=\"\u201eJak wygra\u0107 M\u0142odzie\u017cowy Przegl\u0105d Teatralny?\u201d \u2013 warsztaty dla nauczycieli.\" srcset=\"https:\/\/bibliotekapedagogiczna.pl\/wp-content\/uploads\/sites\/10\/2023\/12\/maski-teatralne-768x435-1.jpg 768w, https:\/\/bibliotekapedagogiczna.pl\/wp-content\/uploads\/sites\/10\/2023\/12\/maski-teatralne-768x435-1-300x170.jpg 300w, https:\/\/bibliotekapedagogiczna.pl\/wp-content\/uploads\/sites\/10\/2023\/12\/maski-teatralne-768x435-1-24x14.jpg 24w, https:\/\/bibliotekapedagogiczna.pl\/wp-content\/uploads\/sites\/10\/2023\/12\/maski-teatralne-768x435-1-36x20.jpg 36w, https:\/\/bibliotekapedagogiczna.pl\/wp-content\/uploads\/sites\/10\/2023\/12\/maski-teatralne-768x435-1-48x27.jpg 48w\" sizes=\"(max-width: 768px) 100vw, 768px\" \/><\/a><\/div><div class=\"o-posts-grid-post-body\"><h3 class=\"o-posts-grid-post-title\"><a href=\"https:\/\/bibliotekapedagogiczna.pl\/ru\/jak-wygrac-mlodziezowy-przeglad-teatralny-warsztaty-dla-nauczycieli\/\">\u201eJak wygra\u0107 M\u0142odzie\u017cowy Przegl\u0105d Teatralny?\u201d \u2013 warsztaty dla nauczycieli.<\/a><\/h3><div class=\"o-posts-grid-post-description\"><p>Od 16 pa\u017adziernika 2023 r. Biblioteka Pedagogiczna w Radomiu rozpoczyna rekrutacj\u0119 na warsztaty teatralne skierowane do nauczycieli przedszkoli, szk\u00f3\u0142 podstawowych [&hellip;]<\/p><a class=\"o-posts-read-more\" href=\"https:\/\/bibliotekapedagogiczna.pl\/ru\/jak-wygrac-mlodziezowy-przeglad-teatralny-warsztaty-dla-nauczycieli\/\">\u0427\u0438\u0442\u0430\u0439\u0442\u0435 \u0434\u0430\u043b\u0435\u0435<\/a><\/div><\/div><\/div><\/div><\/div> <\/div>","protected":false},"excerpt":{"rendered":"<p>Od 16 pa\u017adziernika 2023 r. Biblioteka Pedagogiczna w Radomiu rozpoczyna rekrutacj\u0119 na warsztaty teatralne skierowane do nauczycieli przedszkoli, szk\u00f3\u0142 podstawowych [&hellip;]<\/p>\n","protected":false},"author":914,"featured_media":0,"parent":0,"menu_order":0,"comment_status":"closed","ping_status":"closed","template":"","meta":{"_acf_changed":false,"_oasis_is_in_workflow":0,"_oasis_original":0,"inline_featured_image":false,"site-sidebar-layout":"default","site-content-layout":"","ast-site-content-layout":"default","site-content-style":"default","site-sidebar-style":"default","ast-global-header-display":"","ast-banner-title-visibility":"","ast-main-header-display":"","ast-hfb-above-header-display":"","ast-hfb-below-header-display":"","ast-hfb-mobile-header-display":"","site-post-title":"","ast-breadcrumbs-content":"","ast-featured-img":"","footer-sml-layout":"","ast-disable-related-posts":"","theme-transparent-header-meta":"","adv-header-id-meta":"","stick-header-meta":"","header-above-stick-meta":"","header-main-stick-meta":"","header-below-stick-meta":"","astra-migrate-meta-layouts":"set","ast-page-background-enabled":"default","ast-page-background-meta":{"desktop":{"background-color":"","background-image":"","background-repeat":"repeat","background-position":"center center","background-size":"auto","background-attachment":"scroll","background-type":"","background-media":"","overlay-type":"","overlay-color":"","overlay-opacity":"","overlay-gradient":""},"tablet":{"background-color":"","background-image":"","background-repeat":"repeat","background-position":"center center","background-size":"auto","background-attachment":"scroll","background-type":"","background-media":"","overlay-type":"","overlay-color":"","overlay-opacity":"","overlay-gradient":""},"mobile":{"background-color":"","background-image":"","background-repeat":"repeat","background-position":"center center","background-size":"auto","background-attachment":"scroll","background-type":"","background-media":"","overlay-type":"","overlay-color":"","overlay-opacity":"","overlay-gradient":""}},"ast-content-background-meta":{"desktop":{"background-color":"var(--ast-global-color-5)","background-image":"","background-repeat":"repeat","background-position":"center center","background-size":"auto","background-attachment":"scroll","background-type":"","background-media":"","overlay-type":"","overlay-color":"","overlay-opacity":"","overlay-gradient":""},"tablet":{"background-color":"var(--ast-global-color-5)","background-image":"","background-repeat":"repeat","background-position":"center center","background-size":"auto","background-attachment":"scroll","background-type":"","background-media":"","overlay-type":"","overlay-color":"","overlay-opacity":"","overlay-gradient":""},"mobile":{"background-color":"var(--ast-global-color-5)","background-image":"","background-repeat":"repeat","background-position":"center center","background-size":"auto","background-attachment":"scroll","background-type":"","background-media":"","overlay-type":"","overlay-color":"","overlay-opacity":"","overlay-gradient":""}},"_themeisle_gutenberg_block_has_review":false,"footnotes":""},"class_list":["post-51868","page","type-page","status-publish","hentry"],"acf":[],"featured_image_urls_v2":{"full":"","thumbnail":"","medium":"","medium_large":"","large":"","1536x1536":"","2048x2048":"","img-1100-450":"","img-1120-800":"","img-870-440":"","img-850-600":"","img-480-380":"","img-300-225":"","img-540-700":"","img-75-75":"","menu-24x24":"","menu-36x36":"","menu-48x48":""},"post_excerpt_stackable_v2":"<p>Od 16 pa\u017adziernika 2023 r. Biblioteka Pedagogiczna w Radomiu rozpoczyna rekrutacj\u0119 na warsztaty teatralne skierowane do nauczycieli przedszkoli, szk\u00f3\u0142 podstawowych oraz szk\u00f3\u0142 ponadpodstawowych publicznych i niepublicznych, innych plac\u00f3wek o\u015bwiatowych oraz instruktor\u00f3w instytucji kulturalnych. Zaj\u0119cia obejmowa\u0107 b\u0119d\u0105 teoretyczne i praktyczne aspekty realizacji spektakli. Celem warsztat\u00f3w jest wsparcie nauczycieli wszystkich poziom\u00f3w nauczania w zakresie prowadzenia dzieci\u0119cych i m\u0142odzie\u017cowych k\u00f3\u0142 teatralnych oraz kszta\u0142towania u uczni\u00f3w kreatywno\u015bci poprzez teatr, zami\u0142owanie do literatury i pracy z tekstem, oswajanie si\u0119 z wyst\u0119pami publicznymi i wyra\u017canie swoich emocji. Regulamin warsztat\u00f3w w za\u0142\u0105czniku PDF poni\u017cej. Relacja z marcowych warsztat\u00f3w teatralnych15 marca odby\u0142y si\u0119 kolejne warsztaty teatralne. Tradycyjnie instruktorkami&hellip;<\/p>\n","category_list_v2":"","author_info_v2":{"name":"Andrzej Gawro\u0144ski","url":"https:\/\/bibliotekapedagogiczna.pl\/ru\/author\/agawronski\/"},"comments_num_v2":"0 \u043a\u043e\u043c\u043c\u0435\u043d\u0442\u0430\u0440\u0438\u0435\u0432","_links":{"self":[{"href":"https:\/\/bibliotekapedagogiczna.pl\/ru\/wp-json\/wp\/v2\/pages\/51868","targetHints":{"allow":["GET"]}}],"collection":[{"href":"https:\/\/bibliotekapedagogiczna.pl\/ru\/wp-json\/wp\/v2\/pages"}],"about":[{"href":"https:\/\/bibliotekapedagogiczna.pl\/ru\/wp-json\/wp\/v2\/types\/page"}],"author":[{"embeddable":true,"href":"https:\/\/bibliotekapedagogiczna.pl\/ru\/wp-json\/wp\/v2\/users\/914"}],"replies":[{"embeddable":true,"href":"https:\/\/bibliotekapedagogiczna.pl\/ru\/wp-json\/wp\/v2\/comments?post=51868"}],"version-history":[{"count":10,"href":"https:\/\/bibliotekapedagogiczna.pl\/ru\/wp-json\/wp\/v2\/pages\/51868\/revisions"}],"predecessor-version":[{"id":59260,"href":"https:\/\/bibliotekapedagogiczna.pl\/ru\/wp-json\/wp\/v2\/pages\/51868\/revisions\/59260"}],"wp:attachment":[{"href":"https:\/\/bibliotekapedagogiczna.pl\/ru\/wp-json\/wp\/v2\/media?parent=51868"}],"curies":[{"name":"wp","href":"https:\/\/api.w.org\/{rel}","templated":true}]}}