{"id":51157,"date":"2023-12-18T10:37:28","date_gmt":"2023-12-18T09:37:28","guid":{"rendered":"https:\/\/bibliotekapedagogiczna.pl\/?page_id=51157"},"modified":"2023-12-18T10:37:31","modified_gmt":"2023-12-18T09:37:31","slug":"wykaz-prenumerowanych-czasopisma-2023r","status":"publish","type":"page","link":"https:\/\/bibliotekapedagogiczna.pl\/ru\/wykaz-prenumerowanych-czasopisma-2023r\/","title":{"rendered":"Wykaz prenumerowanych czasopisma &#8212; 2023r."},"content":{"rendered":"\n<div class=\"wp-block-columns is-layout-flex wp-container-core-columns-is-layout-28f84493 wp-block-columns-is-layout-flex\">\n<div class=\"wp-block-column is-layout-flow wp-block-column-is-layout-flow\">\n<ul class=\"wp-block-list\">\n<li>Biblioteka w Szkole<\/li>\n\n\n\n<li>Bibliotekarz<\/li>\n\n\n\n<li>Bli\u017cej Przedszkola<\/li>\n\n\n\n<li>Charaktery<\/li>\n\n\n\n<li>Chemia w Szkole<\/li>\n\n\n\n<li>Dialog<\/li>\n\n\n\n<li>Dyrektor Szko\u0142y<\/li>\n\n\n\n<li>Echo Dnia<\/li>\n\n\n\n<li>Edukacja i Dialog<\/li>\n\n\n\n<li>Edukacja Wczesnoszkolna<\/li>\n\n\n\n<li>Fizyka w Szkole<\/li>\n\n\n\n<li>Geografia w Szkole<\/li>\n\n\n\n<li>G\u0142os Nauczycielski<\/li>\n\n\n\n<li>Guliwer<\/li>\n\n\n\n<li>J\u0119zyki Obce w Szkole<\/li>\n\n\n\n<li>J\u0119zyk Polski w Szkole Podstawowej<\/li>\n\n\n\n<li>J\u0119zyk Polski w Szkole Ponadpodstawowej<\/li>\n\n\n\n<li>Kino<\/li>\n\n\n\n<li>Kwartalnik Filmowy<\/li>\n\n\n\n<li>Kwartalnik Filozoficzny<\/li>\n\n\n\n<li>Kwartalnik Pedagogiczny<\/li>\n\n\n\n<li>Matematyka<\/li>\n\n\n\n<li>Meritum<\/li>\n<\/ul>\n<\/div>\n\n\n\n<div class=\"wp-block-column is-layout-flow wp-block-column-is-layout-flow\">\n<ul class=\"wp-block-list\">\n<li>M\u00f3wi\u0105 Wieki<\/li>\n\n\n\n<li>Nowe Ksi\u0105\u017cki<\/li>\n\n\n\n<li>Newsweek Polska<\/li>\n\n\n\n<li>Nowy Napis<\/li>\n\n\n\n<li>Poradnik J\u0119zykowy<\/li>\n\n\n\n<li>Praca Socjalna<\/li>\n\n\n\n<li>Probacja<\/li>\n\n\n\n<li>Problemy Opieku\u0144czo-Wychowawcze<\/li>\n\n\n\n<li>Przegl\u0105d Humanistyczny<\/li>\n\n\n\n<li>Przegl\u0105d Psychologiczny<\/li>\n\n\n\n<li>Remedium<\/li>\n\n\n\n<li>Serwis Informacyjny. Uzale\u017cnienia<\/li>\n\n\n\n<li>Szko\u0142a Specjalna<\/li>\n\n\n\n<li>\u015awiat Problem\u00f3w<\/li>\n\n\n\n<li>\u015awietlica w Szkole<\/li>\n\n\n\n<li>Teksty Drugie<\/li>\n\n\n\n<li>Teatr<\/li>\n\n\n\n<li>Tw\u00f3rczo\u015b\u0107<\/li>\n\n\n\n<li>Tygodnik Powszechny<\/li>\n\n\n\n<li>W Cyfrowej Szkole<\/li>\n\n\n\n<li>Wiedza i \u017bycie<\/li>\n\n\n\n<li>Wychowanie Fizyczne i Zdrowotne<\/li>\n\n\n\n<li>Wychowanie Muzyczne<\/li>\n\n\n\n<li>Wychowanie Na Co Dzie\u0144<\/li>\n<\/ul>\n<\/div>\n<\/div>\n","protected":false},"excerpt":{"rendered":"","protected":false},"author":914,"featured_media":0,"parent":0,"menu_order":0,"comment_status":"closed","ping_status":"closed","template":"","meta":{"_acf_changed":false,"_oasis_is_in_workflow":0,"_oasis_original":0,"inline_featured_image":false,"site-sidebar-layout":"default","site-content-layout":"","ast-site-content-layout":"default","site-content-style":"default","site-sidebar-style":"default","ast-global-header-display":"","ast-banner-title-visibility":"","ast-main-header-display":"","ast-hfb-above-header-display":"","ast-hfb-below-header-display":"","ast-hfb-mobile-header-display":"","site-post-title":"","ast-breadcrumbs-content":"","ast-featured-img":"","footer-sml-layout":"","ast-disable-related-posts":"","theme-transparent-header-meta":"","adv-header-id-meta":"","stick-header-meta":"","header-above-stick-meta":"","header-main-stick-meta":"","header-below-stick-meta":"","astra-migrate-meta-layouts":"set","ast-page-background-enabled":"default","ast-page-background-meta":{"desktop":{"background-color":"","background-image":"","background-repeat":"repeat","background-position":"center center","background-size":"auto","background-attachment":"scroll","background-type":"","background-media":"","overlay-type":"","overlay-color":"","overlay-opacity":"","overlay-gradient":""},"tablet":{"background-color":"","background-image":"","background-repeat":"repeat","background-position":"center center","background-size":"auto","background-attachment":"scroll","background-type":"","background-media":"","overlay-type":"","overlay-color":"","overlay-opacity":"","overlay-gradient":""},"mobile":{"background-color":"","background-image":"","background-repeat":"repeat","background-position":"center center","background-size":"auto","background-attachment":"scroll","background-type":"","background-media":"","overlay-type":"","overlay-color":"","overlay-opacity":"","overlay-gradient":""}},"ast-content-background-meta":{"desktop":{"background-color":"var(--ast-global-color-5)","background-image":"","background-repeat":"repeat","background-position":"center center","background-size":"auto","background-attachment":"scroll","background-type":"","background-media":"","overlay-type":"","overlay-color":"","overlay-opacity":"","overlay-gradient":""},"tablet":{"background-color":"var(--ast-global-color-5)","background-image":"","background-repeat":"repeat","background-position":"center center","background-size":"auto","background-attachment":"scroll","background-type":"","background-media":"","overlay-type":"","overlay-color":"","overlay-opacity":"","overlay-gradient":""},"mobile":{"background-color":"var(--ast-global-color-5)","background-image":"","background-repeat":"repeat","background-position":"center center","background-size":"auto","background-attachment":"scroll","background-type":"","background-media":"","overlay-type":"","overlay-color":"","overlay-opacity":"","overlay-gradient":""}},"_themeisle_gutenberg_block_has_review":false,"footnotes":""},"class_list":["post-51157","page","type-page","status-publish","hentry"],"acf":[],"featured_image_urls_v2":{"full":"","thumbnail":"","medium":"","medium_large":"","large":"","1536x1536":"","2048x2048":"","img-1100-450":"","img-1120-800":"","img-870-440":"","img-850-600":"","img-480-380":"","img-300-225":"","img-540-700":"","img-75-75":"","menu-24x24":"","menu-36x36":"","menu-48x48":""},"post_excerpt_stackable_v2":"<p>Biblioteka w Szkole Bibliotekarz Bli\u017cej Przedszkola Charaktery Chemia w Szkole Dialog Dyrektor Szko\u0142y Echo Dnia Edukacja i Dialog Edukacja Wczesnoszkolna Fizyka w Szkole Geografia w Szkole G\u0142os Nauczycielski Guliwer J\u0119zyki Obce w Szkole J\u0119zyk Polski w Szkole Podstawowej J\u0119zyk Polski w Szkole Ponadpodstawowej Kino Kwartalnik Filmowy Kwartalnik Filozoficzny Kwartalnik Pedagogiczny Matematyka Meritum M\u00f3wi\u0105 Wieki Nowe Ksi\u0105\u017cki Newsweek Polska Nowy Napis Poradnik J\u0119zykowy Praca Socjalna Probacja Problemy Opieku\u0144czo-Wychowawcze Przegl\u0105d Humanistyczny Przegl\u0105d Psychologiczny Remedium Serwis Informacyjny. Uzale\u017cnienia Szko\u0142a Specjalna \u015awiat Problem\u00f3w \u015awietlica w Szkole Teksty Drugie Teatr Tw\u00f3rczo\u015b\u0107 Tygodnik Powszechny W Cyfrowej Szkole Wiedza i \u017bycie Wychowanie Fizyczne i Zdrowotne Wychowanie Muzyczne&hellip;<\/p>\n","category_list_v2":"","author_info_v2":{"name":"Andrzej Gawro\u0144ski","url":"https:\/\/bibliotekapedagogiczna.pl\/ru\/author\/agawronski\/"},"comments_num_v2":"0 \u043a\u043e\u043c\u043c\u0435\u043d\u0442\u0430\u0440\u0438\u0435\u0432","_links":{"self":[{"href":"https:\/\/bibliotekapedagogiczna.pl\/ru\/wp-json\/wp\/v2\/pages\/51157","targetHints":{"allow":["GET"]}}],"collection":[{"href":"https:\/\/bibliotekapedagogiczna.pl\/ru\/wp-json\/wp\/v2\/pages"}],"about":[{"href":"https:\/\/bibliotekapedagogiczna.pl\/ru\/wp-json\/wp\/v2\/types\/page"}],"author":[{"embeddable":true,"href":"https:\/\/bibliotekapedagogiczna.pl\/ru\/wp-json\/wp\/v2\/users\/914"}],"replies":[{"embeddable":true,"href":"https:\/\/bibliotekapedagogiczna.pl\/ru\/wp-json\/wp\/v2\/comments?post=51157"}],"version-history":[{"count":2,"href":"https:\/\/bibliotekapedagogiczna.pl\/ru\/wp-json\/wp\/v2\/pages\/51157\/revisions"}],"predecessor-version":[{"id":51163,"href":"https:\/\/bibliotekapedagogiczna.pl\/ru\/wp-json\/wp\/v2\/pages\/51157\/revisions\/51163"}],"wp:attachment":[{"href":"https:\/\/bibliotekapedagogiczna.pl\/ru\/wp-json\/wp\/v2\/media?parent=51157"}],"curies":[{"name":"wp","href":"https:\/\/api.w.org\/{rel}","templated":true}]}}