{"id":102988,"date":"2025-09-10T13:26:54","date_gmt":"2025-09-10T11:26:54","guid":{"rendered":"https:\/\/bibliotekapedagogiczna.pl\/?page_id=102988"},"modified":"2025-09-10T13:26:58","modified_gmt":"2025-09-10T11:26:58","slug":"konkurs-pieknego-czytania","status":"publish","type":"page","link":"https:\/\/bibliotekapedagogiczna.pl\/ru\/konkurs-pieknego-czytania\/","title":{"rendered":"Konkurs Pi\u0119knego Czytania"},"content":{"rendered":"<div class=\"is-style-boxed wp-block-themeisle-blocks-posts-grid\" id=\"wp-block-themeisle-blocks-posts-grid-3acd9a3b\"><div class=\"is-grid o-posts-grid-columns-3\"><div class=\"o-posts-grid-post-blog o-posts-grid-post-plain\"><div class=\"o-posts-grid-post\"><div class=\"o-posts-grid-post-image\"><a href=\"https:\/\/bibliotekapedagogiczna.pl\/ru\/mistrzowie-pieknego-czytania-wylonieni\/\"><img loading=\"lazy\" decoding=\"async\" width=\"2048\" height=\"1365\" src=\"https:\/\/bibliotekapedagogiczna.pl\/wp-content\/uploads\/sites\/10\/2026\/04\/konkurs-pieknego-czytania-1.jpg\" class=\"attachment-full size-full\" alt=\"Fina\u0142 Konkursu Pi\u0119knego Czytania 2026\" srcset=\"https:\/\/bibliotekapedagogiczna.pl\/wp-content\/uploads\/sites\/10\/2026\/04\/konkurs-pieknego-czytania-1.jpg 2048w, https:\/\/bibliotekapedagogiczna.pl\/wp-content\/uploads\/sites\/10\/2026\/04\/konkurs-pieknego-czytania-1-300x200.jpg 300w, https:\/\/bibliotekapedagogiczna.pl\/wp-content\/uploads\/sites\/10\/2026\/04\/konkurs-pieknego-czytania-1-1024x683.jpg 1024w, https:\/\/bibliotekapedagogiczna.pl\/wp-content\/uploads\/sites\/10\/2026\/04\/konkurs-pieknego-czytania-1-768x512.jpg 768w, https:\/\/bibliotekapedagogiczna.pl\/wp-content\/uploads\/sites\/10\/2026\/04\/konkurs-pieknego-czytania-1-1536x1024.jpg 1536w, https:\/\/bibliotekapedagogiczna.pl\/wp-content\/uploads\/sites\/10\/2026\/04\/konkurs-pieknego-czytania-1-24x16.jpg 24w, https:\/\/bibliotekapedagogiczna.pl\/wp-content\/uploads\/sites\/10\/2026\/04\/konkurs-pieknego-czytania-1-36x24.jpg 36w, https:\/\/bibliotekapedagogiczna.pl\/wp-content\/uploads\/sites\/10\/2026\/04\/konkurs-pieknego-czytania-1-48x32.jpg 48w\" sizes=\"(max-width: 2048px) 100vw, 2048px\" \/><\/a><\/div><div class=\"o-posts-grid-post-body\"><span class=\"o-posts-grid-post-category\"><a href=\"https:\/\/bibliotekapedagogiczna.pl\/ru\/\u043a\u0430\u0442\u0435\u0433\u043e\u0440\u0438\u044f\/konkurs-czytania\/\">Konkurs Pi\u0119knego Czytania<\/a><\/span><h4 class=\"o-posts-grid-post-title\"><a href=\"https:\/\/bibliotekapedagogiczna.pl\/ru\/mistrzowie-pieknego-czytania-wylonieni\/\">Mistrzowie pi\u0119knego czytania wy\u0142onieni!<\/a><\/h4><p class=\"o-posts-grid-post-meta\">\u041e\u043f\u0443\u0431\u043b\u0438\u043a\u043e\u0432\u0430\u043d\u043e \u0432 <time datetime=\"2026-04-27T13:32:18+02:00\">27.04.2026<\/time> <\/p><div class=\"o-posts-grid-post-description\"><p>Z rado\u015bci\u0105 og\u0142aszamy wyniki 10. Regionalnego Konkursu Pi\u0119knego Czytania. Poziom tegorocznej edycji b\u2026<\/p><\/div><\/div><\/div><\/div><div class=\"o-posts-grid-post-blog o-posts-grid-post-plain\"><div class=\"o-posts-grid-post\"><div class=\"o-posts-grid-post-image\"><a href=\"https:\/\/bibliotekapedagogiczna.pl\/ru\/jubileuszowy-x-regionalny-konkurs-pieknego-czytania-relacja-z-przesluchan\/\"><img loading=\"lazy\" decoding=\"async\" width=\"2048\" height=\"944\" src=\"https:\/\/bibliotekapedagogiczna.pl\/wp-content\/uploads\/sites\/10\/2026\/04\/piekne-czytanie-1.jpg\" class=\"attachment-full size-full\" alt=\"10. Regionalny Konkurs Pi\u0119knego Czytania\" srcset=\"https:\/\/bibliotekapedagogiczna.pl\/wp-content\/uploads\/sites\/10\/2026\/04\/piekne-czytanie-1.jpg 2048w, https:\/\/bibliotekapedagogiczna.pl\/wp-content\/uploads\/sites\/10\/2026\/04\/piekne-czytanie-1-300x138.jpg 300w, https:\/\/bibliotekapedagogiczna.pl\/wp-content\/uploads\/sites\/10\/2026\/04\/piekne-czytanie-1-1024x472.jpg 1024w, https:\/\/bibliotekapedagogiczna.pl\/wp-content\/uploads\/sites\/10\/2026\/04\/piekne-czytanie-1-768x354.jpg 768w, https:\/\/bibliotekapedagogiczna.pl\/wp-content\/uploads\/sites\/10\/2026\/04\/piekne-czytanie-1-1536x708.jpg 1536w, https:\/\/bibliotekapedagogiczna.pl\/wp-content\/uploads\/sites\/10\/2026\/04\/piekne-czytanie-1-24x11.jpg 24w, https:\/\/bibliotekapedagogiczna.pl\/wp-content\/uploads\/sites\/10\/2026\/04\/piekne-czytanie-1-36x17.jpg 36w, https:\/\/bibliotekapedagogiczna.pl\/wp-content\/uploads\/sites\/10\/2026\/04\/piekne-czytanie-1-48x22.jpg 48w\" sizes=\"(max-width: 2048px) 100vw, 2048px\" \/><\/a><\/div><div class=\"o-posts-grid-post-body\"><span class=\"o-posts-grid-post-category\"><a href=\"https:\/\/bibliotekapedagogiczna.pl\/ru\/\u043a\u0430\u0442\u0435\u0433\u043e\u0440\u0438\u044f\/konkurs-czytania\/\">Konkurs Pi\u0119knego Czytania<\/a><\/span><h4 class=\"o-posts-grid-post-title\"><a href=\"https:\/\/bibliotekapedagogiczna.pl\/ru\/jubileuszowy-x-regionalny-konkurs-pieknego-czytania-relacja-z-przesluchan\/\">Mistrzowie s\u0142owa w Bibliotece Pedagogicznej \u2013 za nami X Regionalny Konkurs Pi\u0119knego Czytania<\/a><\/h4><p class=\"o-posts-grid-post-meta\">\u041e\u043f\u0443\u0431\u043b\u0438\u043a\u043e\u0432\u0430\u043d\u043e \u0432 <time datetime=\"2026-04-15T08:00:34+02:00\">15.04.2026<\/time> <\/p><div class=\"o-posts-grid-post-description\"><p>W murach Biblioteki Pedagogicznej w Radomiu wybrzmia\u0142y najpi\u0119kniejsze polskie teksty. Za nami trzy d\u2026<\/p><\/div><\/div><\/div><\/div><div class=\"o-posts-grid-post-blog o-posts-grid-post-plain\"><div class=\"o-posts-grid-post\"><div class=\"o-posts-grid-post-image\"><a href=\"https:\/\/bibliotekapedagogiczna.pl\/ru\/uroczysta-gala-ix-regionalnego-konkursu-pieknego-czytania-zakonczona-sukcesem\/\"><img loading=\"lazy\" decoding=\"async\" width=\"2048\" height=\"1365\" src=\"https:\/\/bibliotekapedagogiczna.pl\/wp-content\/uploads\/sites\/10\/2025\/04\/gala-konkursu-pieknego-czytania-1.jpg\" class=\"attachment-full size-full\" alt=\"9 Regionalny Konkurs Pi\u0119knego Czytania\" srcset=\"https:\/\/bibliotekapedagogiczna.pl\/wp-content\/uploads\/sites\/10\/2025\/04\/gala-konkursu-pieknego-czytania-1.jpg 2048w, https:\/\/bibliotekapedagogiczna.pl\/wp-content\/uploads\/sites\/10\/2025\/04\/gala-konkursu-pieknego-czytania-1-300x200.jpg 300w, https:\/\/bibliotekapedagogiczna.pl\/wp-content\/uploads\/sites\/10\/2025\/04\/gala-konkursu-pieknego-czytania-1-1024x683.jpg 1024w, https:\/\/bibliotekapedagogiczna.pl\/wp-content\/uploads\/sites\/10\/2025\/04\/gala-konkursu-pieknego-czytania-1-768x512.jpg 768w, https:\/\/bibliotekapedagogiczna.pl\/wp-content\/uploads\/sites\/10\/2025\/04\/gala-konkursu-pieknego-czytania-1-1536x1024.jpg 1536w, https:\/\/bibliotekapedagogiczna.pl\/wp-content\/uploads\/sites\/10\/2025\/04\/gala-konkursu-pieknego-czytania-1-24x16.jpg 24w, https:\/\/bibliotekapedagogiczna.pl\/wp-content\/uploads\/sites\/10\/2025\/04\/gala-konkursu-pieknego-czytania-1-36x24.jpg 36w, https:\/\/bibliotekapedagogiczna.pl\/wp-content\/uploads\/sites\/10\/2025\/04\/gala-konkursu-pieknego-czytania-1-48x32.jpg 48w\" sizes=\"(max-width: 2048px) 100vw, 2048px\" \/><\/a><\/div><div class=\"o-posts-grid-post-body\"><span class=\"o-posts-grid-post-category\"><a href=\"https:\/\/bibliotekapedagogiczna.pl\/ru\/\u043a\u0430\u0442\u0435\u0433\u043e\u0440\u0438\u044f\/konkurs-czytania\/\">Konkurs Pi\u0119knego Czytania<\/a><\/span><h4 class=\"o-posts-grid-post-title\"><a href=\"https:\/\/bibliotekapedagogiczna.pl\/ru\/uroczysta-gala-ix-regionalnego-konkursu-pieknego-czytania-zakonczona-sukcesem\/\">Uroczysta gala IX Regionalnego Konkursu Pi\u0119knego Czytania zako\u0144czona sukcesem<\/a><\/h4><p class=\"o-posts-grid-post-meta\">\u041e\u043f\u0443\u0431\u043b\u0438\u043a\u043e\u0432\u0430\u043d\u043e \u0432 <time datetime=\"2025-04-14T08:47:35+02:00\">14.04.2025<\/time> <\/p><div class=\"o-posts-grid-post-description\"><p>W minionym tygodniu odby\u0142a si\u0119 uroczysta gala IX Regionalnego Konkursu Pi\u0119knego Czytania. Wydarzenie\u2026<\/p><\/div><\/div><\/div><\/div><\/div> <\/div>","protected":false},"excerpt":{"rendered":"","protected":false},"author":914,"featured_media":0,"parent":0,"menu_order":0,"comment_status":"closed","ping_status":"closed","template":"","meta":{"_acf_changed":false,"_oasis_is_in_workflow":0,"_oasis_original":0,"inline_featured_image":false,"site-sidebar-layout":"default","site-content-layout":"","ast-site-content-layout":"default","site-content-style":"default","site-sidebar-style":"default","ast-global-header-display":"","ast-banner-title-visibility":"","ast-main-header-display":"","ast-hfb-above-header-display":"","ast-hfb-below-header-display":"","ast-hfb-mobile-header-display":"","site-post-title":"","ast-breadcrumbs-content":"","ast-featured-img":"","footer-sml-layout":"","ast-disable-related-posts":"","theme-transparent-header-meta":"","adv-header-id-meta":"","stick-header-meta":"","header-above-stick-meta":"","header-main-stick-meta":"","header-below-stick-meta":"","astra-migrate-meta-layouts":"set","ast-page-background-enabled":"default","ast-page-background-meta":{"desktop":{"background-color":"","background-image":"","background-repeat":"repeat","background-position":"center center","background-size":"auto","background-attachment":"scroll","background-type":"","background-media":"","overlay-type":"","overlay-color":"","overlay-opacity":"","overlay-gradient":""},"tablet":{"background-color":"","background-image":"","background-repeat":"repeat","background-position":"center center","background-size":"auto","background-attachment":"scroll","background-type":"","background-media":"","overlay-type":"","overlay-color":"","overlay-opacity":"","overlay-gradient":""},"mobile":{"background-color":"","background-image":"","background-repeat":"repeat","background-position":"center center","background-size":"auto","background-attachment":"scroll","background-type":"","background-media":"","overlay-type":"","overlay-color":"","overlay-opacity":"","overlay-gradient":""}},"ast-content-background-meta":{"desktop":{"background-color":"var(--ast-global-color-5)","background-image":"","background-repeat":"repeat","background-position":"center center","background-size":"auto","background-attachment":"scroll","background-type":"","background-media":"","overlay-type":"","overlay-color":"","overlay-opacity":"","overlay-gradient":""},"tablet":{"background-color":"var(--ast-global-color-5)","background-image":"","background-repeat":"repeat","background-position":"center center","background-size":"auto","background-attachment":"scroll","background-type":"","background-media":"","overlay-type":"","overlay-color":"","overlay-opacity":"","overlay-gradient":""},"mobile":{"background-color":"var(--ast-global-color-5)","background-image":"","background-repeat":"repeat","background-position":"center center","background-size":"auto","background-attachment":"scroll","background-type":"","background-media":"","overlay-type":"","overlay-color":"","overlay-opacity":"","overlay-gradient":""}},"_themeisle_gutenberg_block_has_review":false,"footnotes":""},"class_list":["post-102988","page","type-page","status-publish","hentry"],"acf":[],"featured_image_urls_v2":{"full":"","thumbnail":"","medium":"","medium_large":"","large":"","1536x1536":"","2048x2048":"","img-1100-450":"","img-1120-800":"","img-870-440":"","img-850-600":"","img-480-380":"","img-300-225":"","img-540-700":"","img-75-75":"","menu-24x24":"","menu-36x36":"","menu-48x48":""},"post_excerpt_stackable_v2":"<p>Konkurs Pi\u0119knego CzytaniaMistrzowie pi\u0119knego czytania wy\u0142onieni!\u041e\u043f\u0443\u0431\u043b\u0438\u043a\u043e\u0432\u0430\u043d\u043e \u0432 27.04.2026 Z rado\u015bci\u0105 og\u0142aszamy wyniki 10. Regionalnego Konkursu Pi\u0119knego Czytania. Poziom tegorocznej edycji b\u2026Konkurs Pi\u0119knego CzytaniaMistrzowie s\u0142owa w Bibliotece Pedagogicznej \u2013 za nami X Regionalny Konkurs Pi\u0119knego Czytania\u041e\u043f\u0443\u0431\u043b\u0438\u043a\u043e\u0432\u0430\u043d\u043e \u0432 15.04.2026 W murach Biblioteki Pedagogicznej w Radomiu wybrzmia\u0142y najpi\u0119kniejsze polskie teksty. Za nami trzy d\u2026Konkurs Pi\u0119knego CzytaniaUroczysta gala IX Regionalnego Konkursu Pi\u0119knego Czytania zako\u0144czona sukcesem\u041e\u043f\u0443\u0431\u043b\u0438\u043a\u043e\u0432\u0430\u043d\u043e \u0432 14.04.2025 W minionym tygodniu odby\u0142a si\u0119 uroczysta gala IX Regionalnego Konkursu Pi\u0119knego Czytania. Wydarzenie\u2026<\/p>\n","category_list_v2":"","author_info_v2":{"name":"Andrzej Gawro\u0144ski","url":"https:\/\/bibliotekapedagogiczna.pl\/ru\/author\/agawronski\/"},"comments_num_v2":"0 \u043a\u043e\u043c\u043c\u0435\u043d\u0442\u0430\u0440\u0438\u0435\u0432","_links":{"self":[{"href":"https:\/\/bibliotekapedagogiczna.pl\/ru\/wp-json\/wp\/v2\/pages\/102988","targetHints":{"allow":["GET"]}}],"collection":[{"href":"https:\/\/bibliotekapedagogiczna.pl\/ru\/wp-json\/wp\/v2\/pages"}],"about":[{"href":"https:\/\/bibliotekapedagogiczna.pl\/ru\/wp-json\/wp\/v2\/types\/page"}],"author":[{"embeddable":true,"href":"https:\/\/bibliotekapedagogiczna.pl\/ru\/wp-json\/wp\/v2\/users\/914"}],"replies":[{"embeddable":true,"href":"https:\/\/bibliotekapedagogiczna.pl\/ru\/wp-json\/wp\/v2\/comments?post=102988"}],"version-history":[{"count":2,"href":"https:\/\/bibliotekapedagogiczna.pl\/ru\/wp-json\/wp\/v2\/pages\/102988\/revisions"}],"predecessor-version":[{"id":102994,"href":"https:\/\/bibliotekapedagogiczna.pl\/ru\/wp-json\/wp\/v2\/pages\/102988\/revisions\/102994"}],"wp:attachment":[{"href":"https:\/\/bibliotekapedagogiczna.pl\/ru\/wp-json\/wp\/v2\/media?parent=102988"}],"curies":[{"name":"wp","href":"https:\/\/api.w.org\/{rel}","templated":true}]}}