{"id":9936,"date":"2022-06-02T14:21:57","date_gmt":"2022-06-02T12:21:57","guid":{"rendered":"https:\/\/bibliotekapedagogiczna.pl\/mapa-strony\/"},"modified":"2022-06-02T14:28:04","modified_gmt":"2022-06-02T12:28:04","slug":"mapa-strony","status":"publish","type":"page","link":"https:\/\/bibliotekapedagogiczna.pl\/en\/mapa-strony\/","title":{"rendered":"Site Map"},"content":{"rendered":"<ul class=\"wp-block-page-list\"><li class=\"wp-block-pages-list__item\"><a class=\"wp-block-pages-list__item__link\" href=\"https:\/\/bibliotekapedagogiczna.pl\/en\/radom-ursus-plock-wspolna-rana-wspolna-pamiec-inauguracja-projektu-na-50-rocznice-czerwca-76\/\">\u201eRadom-Ursus-P\u0142ock: wsp\u00f3lna rana, wsp\u00f3lna pami\u0119\u0107\u201d \u2013 inauguracja projektu na 50. rocznic\u0119 Czerwca \u201976.<\/a><\/li><li class=\"wp-block-pages-list__item\"><a class=\"wp-block-pages-list__item__link\" href=\"https:\/\/bibliotekapedagogiczna.pl\/en\/academica\/\">Academica<\/a><\/li><li class=\"wp-block-pages-list__item\"><a class=\"wp-block-pages-list__item__link\" href=\"https:\/\/bibliotekapedagogiczna.pl\/en\/deklaracja-dostepnosci\/\">Accessibility declaration<\/a><\/li><li class=\"wp-block-pages-list__item\"><a class=\"wp-block-pages-list__item__link\" href=\"https:\/\/bibliotekapedagogiczna.pl\/en\/deklaracja-dostepnosci-2\/\">Accessibility declaration<\/a><\/li><li class=\"wp-block-pages-list__item\"><a class=\"wp-block-pages-list__item__link\" href=\"https:\/\/bibliotekapedagogiczna.pl\/en\/branch-libraries-of-pedagogical-library-in-radom\/\">Branch libraries of Pedagogical Library in Radom<\/a><\/li><li class=\"wp-block-pages-list__item\"><a class=\"wp-block-pages-list__item__link\" href=\"https:\/\/bibliotekapedagogiczna.pl\/en\/sprawdz\/\">Check<\/a><\/li><li class=\"wp-block-pages-list__item\"><a class=\"wp-block-pages-list__item__link\" href=\"https:\/\/bibliotekapedagogiczna.pl\/en\/kontakt\/\">Contact<\/a><\/li><li class=\"wp-block-pages-list__item\"><a class=\"wp-block-pages-list__item__link\" href=\"https:\/\/bibliotekapedagogiczna.pl\/en\/kontakt-2\/\">Contact form<\/a><\/li><li class=\"wp-block-pages-list__item\"><a class=\"wp-block-pages-list__item__link\" href=\"https:\/\/bibliotekapedagogiczna.pl\/en\/strona-kursow\/\">Courses page<\/a><\/li><li class=\"wp-block-pages-list__item\"><a class=\"wp-block-pages-list__item__link\" href=\"https:\/\/bibliotekapedagogiczna.pl\/en\/courses-archive-elementor\/\">Courses page (for Elementor)<\/a><\/li><li class=\"wp-block-pages-list__item\"><a class=\"wp-block-pages-list__item__link\" href=\"https:\/\/bibliotekapedagogiczna.pl\/en\/courses-archive-gutenberg\/\">Courses page (for Gutenberg)<\/a><\/li><li class=\"wp-block-pages-list__item\"><a class=\"wp-block-pages-list__item__link\" href=\"https:\/\/bibliotekapedagogiczna.pl\/en\/dane-do-przelewu\/\">Dane do przelewu<\/a><\/li><li class=\"wp-block-pages-list__item\"><a class=\"wp-block-pages-list__item__link\" href=\"https:\/\/bibliotekapedagogiczna.pl\/en\/empik\/\">Empik Go<\/a><\/li><li class=\"wp-block-pages-list__item\"><a class=\"wp-block-pages-list__item__link\" href=\"https:\/\/bibliotekapedagogiczna.pl\/en\/wydarzenia\/\">Events<\/a><\/li><li class=\"wp-block-pages-list__item has-child\"><a class=\"wp-block-pages-list__item__link\" href=\"https:\/\/bibliotekapedagogiczna.pl\/en\/dla-bibliotekarza\/\">For the librarian<\/a><ul class=\"wp-block-navigation__submenu-container\"><li class=\"wp-block-pages-list__item \"><a class=\"wp-block-pages-list__item__link\" href=\"https:\/\/bibliotekapedagogiczna.pl\/en\/dla-bibliotekarza\/biblioteka-zdalnie\/\">Biblioteka zdalnie<\/a><\/li><li class=\"wp-block-pages-list__item \"><a class=\"wp-block-pages-list__item__link\" href=\"https:\/\/bibliotekapedagogiczna.pl\/en\/dla-bibliotekarza\/materialy-dla-bibliotekarzy-szkolnych\/\">Materia\u0142y dla nauczycieli-bibliotekarzy<\/a><\/li><li class=\"wp-block-pages-list__item \"><a class=\"wp-block-pages-list__item__link\" href=\"https:\/\/bibliotekapedagogiczna.pl\/en\/dla-bibliotekarza\/netografia\/\">Warto odwiedzi\u0107 (netografia)<\/a><\/li><\/ul><\/li><li class=\"wp-block-pages-list__item\"><a class=\"wp-block-pages-list__item__link\" href=\"https:\/\/bibliotekapedagogiczna.pl\/en\/rodo\/\">GDPR<\/a><\/li><li class=\"wp-block-pages-list__item menu-item-home\"><a class=\"wp-block-pages-list__item__link\" href=\"https:\/\/bibliotekapedagogiczna.pl\/en\/\">Home<\/a><\/li><li class=\"wp-block-pages-list__item\"><a class=\"wp-block-pages-list__item__link\" href=\"https:\/\/bibliotekapedagogiczna.pl\/en\/horyzonty-biblioteki\/\">Horyzonty Biblioteki<\/a><\/li><li class=\"wp-block-pages-list__item\"><a class=\"wp-block-pages-list__item__link\" href=\"https:\/\/bibliotekapedagogiczna.pl\/en\/instructor-public-account\/\">Instructor Public Account<\/a><\/li><li class=\"wp-block-pages-list__item\"><a class=\"wp-block-pages-list__item__link\" href=\"https:\/\/bibliotekapedagogiczna.pl\/en\/klauzula-informacyjna\/\">Klauzula informacyjna<\/a><\/li><li class=\"wp-block-pages-list__item\"><a class=\"wp-block-pages-list__item__link\" href=\"https:\/\/bibliotekapedagogiczna.pl\/en\/konkurs-pieknego-czytania\/\">Konkurs Pi\u0119knego Czytania<\/a><\/li><li class=\"wp-block-pages-list__item\"><a class=\"wp-block-pages-list__item__link\" href=\"https:\/\/bibliotekapedagogiczna.pl\/en\/konkurs-tworczosci-literackiej\/\">Konkurs Tw\u00f3rczo\u015bci Literackiej<\/a><\/li><li class=\"wp-block-pages-list__item\"><a class=\"wp-block-pages-list__item__link\" href=\"https:\/\/bibliotekapedagogiczna.pl\/en\/konkursy\/\">Konkursy<\/a><\/li><li class=\"wp-block-pages-list__item\"><a class=\"wp-block-pages-list__item__link\" href=\"https:\/\/bibliotekapedagogiczna.pl\/en\/konto-uzytkownika\/\">Konto u\u017cytkownika<\/a><\/li><li class=\"wp-block-pages-list__item\"><a class=\"wp-block-pages-list__item__link\" href=\"https:\/\/bibliotekapedagogiczna.pl\/en\/filie-biblioteki\/\">Library branches<\/a><\/li><li class=\"wp-block-pages-list__item\"><a class=\"wp-block-pages-list__item__link\" href=\"https:\/\/bibliotekapedagogiczna.pl\/en\/lista-zyczen\/\">Lista \u017cycze\u0144<\/a><\/li><li class=\"wp-block-pages-list__item\"><a class=\"wp-block-pages-list__item__link\" href=\"https:\/\/bibliotekapedagogiczna.pl\/en\/log-in\/\">Log in<\/a><\/li><li class=\"wp-block-pages-list__item\"><a class=\"wp-block-pages-list__item__link\" href=\"https:\/\/bibliotekapedagogiczna.pl\/en\/mlodziezowy-przeglad-teatralny\/\">M\u0142odzie\u017cowy Przegl\u0105d Teatralny<\/a><\/li><li class=\"wp-block-pages-list__item\"><a class=\"wp-block-pages-list__item__link\" href=\"https:\/\/bibliotekapedagogiczna.pl\/en\/moje-wiadomosci\/\">My messages<\/a><\/li><li class=\"wp-block-pages-list__item\"><a class=\"wp-block-pages-list__item__link\" href=\"https:\/\/bibliotekapedagogiczna.pl\/en\/aktualnosci\/\">News<\/a><\/li><li class=\"wp-block-pages-list__item\"><a class=\"wp-block-pages-list__item__link\" href=\"https:\/\/bibliotekapedagogiczna.pl\/en\/potwierdzenie-realizacji\/\">Potwierdzenie realizacji<\/a><\/li><li class=\"wp-block-pages-list__item\"><a class=\"wp-block-pages-list__item__link\" href=\"https:\/\/bibliotekapedagogiczna.pl\/en\/polityka-prywatnosci\/\">Privacy policy<\/a><\/li><li class=\"wp-block-pages-list__item\"><a class=\"wp-block-pages-list__item__link\" href=\"https:\/\/bibliotekapedagogiczna.pl\/en\/radomski-konkurs-recytatorski\/\">Radomski Konkurs Recytatorski<\/a><\/li><li class=\"wp-block-pages-list__item\"><a class=\"wp-block-pages-list__item__link\" href=\"https:\/\/bibliotekapedagogiczna.pl\/en\/register\/\">Register<\/a><\/li><li class=\"wp-block-pages-list__item\"><a class=\"wp-block-pages-list__item__link\" href=\"https:\/\/bibliotekapedagogiczna.pl\/en\/regulamin-czasopisma-elektronicznego\/\">Regulamin czasopisma elektronicznego<\/a><\/li><li class=\"wp-block-pages-list__item\"><a class=\"wp-block-pages-list__item__link\" href=\"https:\/\/bibliotekapedagogiczna.pl\/en\/regulamin-korzystania-z-platformy-legimi\/\">Regulamin korzystania z platformy Legimi<\/a><\/li><li class=\"wp-block-pages-list__item\"><a class=\"wp-block-pages-list__item__link\" href=\"https:\/\/bibliotekapedagogiczna.pl\/en\/rodzinne-spotkania-wspieramy-ukraine\/\">Rodzinne spotkania \u201cWspieramy Ukrain\u0119\u201d<\/a><\/li><li class=\"wp-block-pages-list__item\"><a class=\"wp-block-pages-list__item__link\" href=\"https:\/\/bibliotekapedagogiczna.pl\/en\/siec-wspolpracy-i-samoksztalcenia-2\/\">Sie\u0107 wsp\u00f3\u0142pracy i samokszta\u0142cenia.<\/a><\/li><li class=\"wp-block-pages-list__item\"><a class=\"wp-block-pages-list__item__link\" href=\"https:\/\/bibliotekapedagogiczna.pl\/en\/mapa-strony\/\">Site Map<\/a><\/li><li class=\"wp-block-pages-list__item\"><a class=\"wp-block-pages-list__item__link\" href=\"https:\/\/bibliotekapedagogiczna.pl\/en\/student-public-account\/\">Student Public Account<\/a><\/li><li class=\"wp-block-pages-list__item has-child\"><a class=\"wp-block-pages-list__item__link\" href=\"https:\/\/bibliotekapedagogiczna.pl\/en\/profil-uzytkownika\/\">User profile<\/a><ul class=\"wp-block-navigation__submenu-container\"><li class=\"wp-block-pages-list__item \"><a class=\"wp-block-pages-list__item__link\" href=\"https:\/\/bibliotekapedagogiczna.pl\/en\/profil-uzytkownika\/moje-artykuly\/\">My Articles<\/a><\/li><li class=\"wp-block-pages-list__item \"><a class=\"wp-block-pages-list__item__link\" href=\"https:\/\/bibliotekapedagogiczna.pl\/en\/profil-uzytkownika\/moje-skargi-i-wnioski\/\">My complaints and requests<\/a><\/li><li class=\"wp-block-pages-list__item \"><a class=\"wp-block-pages-list__item__link\" href=\"https:\/\/bibliotekapedagogiczna.pl\/en\/profil-uzytkownika\/moje-zgody\/\">My consents<\/a><\/li><li class=\"wp-block-pages-list__item \"><a class=\"wp-block-pages-list__item__link\" href=\"https:\/\/bibliotekapedagogiczna.pl\/en\/profil-uzytkownika\/my-courses\/\">My courses<\/a><\/li><li class=\"wp-block-pages-list__item \"><a class=\"wp-block-pages-list__item__link\" href=\"https:\/\/bibliotekapedagogiczna.pl\/en\/profil-uzytkownika\/my-errors\/\">My errors<\/a><\/li><li class=\"wp-block-pages-list__item \"><a class=\"wp-block-pages-list__item__link\" href=\"https:\/\/bibliotekapedagogiczna.pl\/en\/profil-uzytkownika\/moje-wydarzenia\/\">My events<\/a><\/li><li class=\"wp-block-pages-list__item \"><a class=\"wp-block-pages-list__item__link\" href=\"https:\/\/bibliotekapedagogiczna.pl\/en\/profil-uzytkownika\/moje-wystawy\/\">My exhibitions<\/a><\/li><li class=\"wp-block-pages-list__item \"><a class=\"wp-block-pages-list__item__link\" href=\"https:\/\/bibliotekapedagogiczna.pl\/en\/profil-uzytkownika\/moje-zapytania\/\">My Inquiries<\/a><\/li><li class=\"wp-block-pages-list__item \"><a class=\"wp-block-pages-list__item__link\" href=\"https:\/\/bibliotekapedagogiczna.pl\/en\/profil-uzytkownika\/moje-lekcje-biblioteczne\/\">My library lessons<\/a><\/li><li class=\"wp-block-pages-list__item \"><a class=\"wp-block-pages-list__item__link\" href=\"https:\/\/bibliotekapedagogiczna.pl\/en\/profil-uzytkownika\/moje-zestawienia\/\">My Library Lists<\/a><\/li><li class=\"wp-block-pages-list__item \"><a class=\"wp-block-pages-list__item__link\" href=\"https:\/\/bibliotekapedagogiczna.pl\/en\/profil-uzytkownika\/moje-praktyki\/\">My practices<\/a><\/li><li class=\"wp-block-pages-list__item has-child \"><a class=\"wp-block-pages-list__item__link\" href=\"https:\/\/bibliotekapedagogiczna.pl\/en\/profil-uzytkownika\/moj-profil\/\">My profile<\/a><ul class=\"wp-block-navigation__submenu-container\"><li class=\"wp-block-pages-list__item \"><a class=\"wp-block-pages-list__item__link\" href=\"https:\/\/bibliotekapedagogiczna.pl\/en\/profil-uzytkownika\/moj-profil\/edytuj-profil\/\">Edit profile<\/a><\/li><\/ul><\/li><li class=\"wp-block-pages-list__item \"><a class=\"wp-block-pages-list__item__link\" href=\"https:\/\/bibliotekapedagogiczna.pl\/en\/profil-uzytkownika\/moje-propozycje-zakupu\/\">My purchase suggestions<\/a><\/li><li class=\"wp-block-pages-list__item \"><a class=\"wp-block-pages-list__item__link\" href=\"https:\/\/bibliotekapedagogiczna.pl\/en\/profil-uzytkownika\/moje-skany\/\">My scans<\/a><\/li><li class=\"wp-block-pages-list__item \"><a class=\"wp-block-pages-list__item__link\" href=\"https:\/\/bibliotekapedagogiczna.pl\/en\/profil-uzytkownika\/my-videoconferences\/\">My videoconferences<\/a><\/li><\/ul><\/li><li class=\"wp-block-pages-list__item\"><a class=\"wp-block-pages-list__item__link\" href=\"https:\/\/bibliotekapedagogiczna.pl\/en\/warsztaty-teatralne\/\">Warsztaty teatralne<\/a><\/li><li class=\"wp-block-pages-list__item\"><a class=\"wp-block-pages-list__item__link\" href=\"https:\/\/bibliotekapedagogiczna.pl\/en\/wykaz-prenumerowanych-czasopisma-2023r\/\">Wykaz prenumerowanych czasopisma &#8211; 2023r.<\/a><\/li><li class=\"wp-block-pages-list__item\"><a class=\"wp-block-pages-list__item__link\" href=\"https:\/\/bibliotekapedagogiczna.pl\/en\/zamowienie-miedzybiblioteczne\/\">Zam\u00f3wienie mi\u0119dzybiblioteczne<\/a><\/li><li class=\"wp-block-pages-list__item\"><a class=\"wp-block-pages-list__item__link\" href=\"https:\/\/bibliotekapedagogiczna.pl\/en\/108808-2\/\">Zarejestruj si\u0119<\/a><\/li><li class=\"wp-block-pages-list__item\"><a class=\"wp-block-pages-list__item__link\" href=\"https:\/\/bibliotekapedagogiczna.pl\/en\/zgoda-na-otrzymywanie-wiadomosci-zwiazanych-z-wydarzeniami-i-wideokonferencjami\/\">Zgoda na otrzymywanie wiadomo\u015bci zwi\u0105zanych z wydarzeniami i wideokonferencjami<\/a><\/li><li class=\"wp-block-pages-list__item has-child\"><a class=\"wp-block-pages-list__item__link\" href=\"https:\/\/bibliotekapedagogiczna.pl\/en\/dla-czytelnika\/\">For the Reader<\/a><ul class=\"wp-block-navigation__submenu-container\"><li class=\"wp-block-pages-list__item \"><a class=\"wp-block-pages-list__item__link\" href=\"https:\/\/bibliotekapedagogiczna.pl\/en\/dla-czytelnika\/poradnik-dla-rodzicow\/\">Rodzicom w czasie pandemii<\/a><\/li><li class=\"wp-block-pages-list__item \"><a class=\"wp-block-pages-list__item__link\" href=\"https:\/\/bibliotekapedagogiczna.pl\/en\/dla-czytelnika\/dezyderaty-czytelnicze\/\">Zaproponuj zakup<\/a><\/li><li class=\"wp-block-pages-list__item \"><a class=\"wp-block-pages-list__item__link\" href=\"https:\/\/bibliotekapedagogiczna.pl\/en\/dla-czytelnika\/regulamin\/\">Regulamin udost\u0119pniania zbior\u00f3w<\/a><\/li><li class=\"wp-block-pages-list__item \"><a class=\"wp-block-pages-list__item__link\" href=\"https:\/\/bibliotekapedagogiczna.pl\/en\/dla-czytelnika\/wypozyczenia-miedzybiblioteczne\/\">Wypo\u017cyczenia mi\u0119dzybiblioteczne<\/a><\/li><li class=\"wp-block-pages-list__item \"><a class=\"wp-block-pages-list__item__link\" href=\"https:\/\/bibliotekapedagogiczna.pl\/en\/dla-czytelnika\/zestawienia-bibliograficzne\/\">Zestawienia bibliograficzne<\/a><\/li><\/ul><\/li><li class=\"wp-block-pages-list__item has-child\"><a class=\"wp-block-pages-list__item__link\" href=\"https:\/\/bibliotekapedagogiczna.pl\/en\/dla-nauczyciela\/\">For teacher<\/a><ul class=\"wp-block-navigation__submenu-container\"><li class=\"wp-block-pages-list__item \"><a class=\"wp-block-pages-list__item__link\" href=\"https:\/\/bibliotekapedagogiczna.pl\/en\/dla-nauczyciela\/nauczanie-zdalne\/\">Nauczanie zdalne<\/a><\/li><li class=\"wp-block-pages-list__item \"><a class=\"wp-block-pages-list__item__link\" href=\"https:\/\/bibliotekapedagogiczna.pl\/en\/dla-nauczyciela\/oferta-dla-nauczyciela\/\">Oferta dla nauczyciela<\/a><\/li><li class=\"wp-block-pages-list__item \"><a class=\"wp-block-pages-list__item__link\" href=\"https:\/\/bibliotekapedagogiczna.pl\/en\/dla-nauczyciela\/tematyka-szkolen-z-tik\/\">Tematyka spotka\u0144 warsztatowych TIK<\/a><\/li><li class=\"wp-block-pages-list__item \"><a class=\"wp-block-pages-list__item__link\" href=\"https:\/\/bibliotekapedagogiczna.pl\/en\/dla-nauczyciela\/lekcje-z-edukacji-czytelniczej-i-medialnej\/\">Edukacja czytelnicza i medialna<\/a><\/li><li class=\"wp-block-pages-list__item \"><a class=\"wp-block-pages-list__item__link\" href=\"https:\/\/bibliotekapedagogiczna.pl\/en\/dla-nauczyciela\/dla-nauczyciela-edukacja-wlaczajaca\/\">Edukacja w\u0142\u0105czaj\u0105ca<\/a><\/li><li class=\"wp-block-pages-list__item \"><a class=\"wp-block-pages-list__item__link\" href=\"https:\/\/bibliotekapedagogiczna.pl\/en\/dla-nauczyciela\/teatrzyk-kamishibai\/\">Teatrzyk Kamishibai<\/a><\/li><li class=\"wp-block-pages-list__item \"><a class=\"wp-block-pages-list__item__link\" href=\"https:\/\/bibliotekapedagogiczna.pl\/en\/dla-nauczyciela\/polityka-oswiatowa\/\">Polityka o\u015bwiatowa<\/a><\/li><li class=\"wp-block-pages-list__item \"><a class=\"wp-block-pages-list__item__link\" href=\"https:\/\/bibliotekapedagogiczna.pl\/en\/dla-nauczyciela\/nadzor-pedagogiczny\/\">Nadz\u00f3r pedagogiczny<\/a><\/li><\/ul><\/li><li class=\"wp-block-pages-list__item has-child\"><a class=\"wp-block-pages-list__item__link\" href=\"https:\/\/bibliotekapedagogiczna.pl\/en\/katalogi\/\">Directories<\/a><ul class=\"wp-block-navigation__submenu-container\"><li class=\"wp-block-pages-list__item \"><a class=\"wp-block-pages-list__item__link\" href=\"https:\/\/bibliotekapedagogiczna.pl\/en\/katalogi\/katalog-integro\/\">Katalog Integro<\/a><\/li><li class=\"wp-block-pages-list__item \"><a class=\"wp-block-pages-list__item__link\" href=\"https:\/\/bibliotekapedagogiczna.pl\/en\/katalogi\/bibliografia-m21\/\">Bibliografia M21<\/a><\/li><li class=\"wp-block-pages-list__item \"><a class=\"wp-block-pages-list__item__link\" href=\"https:\/\/bibliotekapedagogiczna.pl\/en\/katalogi\/ibuk-libra\/\">IBUK Libra<\/a><\/li><\/ul><\/li><li class=\"wp-block-pages-list__item has-child\"><a class=\"wp-block-pages-list__item__link\" href=\"https:\/\/bibliotekapedagogiczna.pl\/en\/o-bibliotece\/\">About the Library<\/a><ul class=\"wp-block-navigation__submenu-container\"><li class=\"wp-block-pages-list__item \"><a class=\"wp-block-pages-list__item__link\" href=\"https:\/\/bibliotekapedagogiczna.pl\/en\/o-bibliotece\/lokalizacja-biblioteki-2\/\">Lokalizacja biblioteki<\/a><\/li><li class=\"wp-block-pages-list__item \"><a class=\"wp-block-pages-list__item__link\" href=\"https:\/\/bibliotekapedagogiczna.pl\/en\/o-bibliotece\/struktura-biblioteki\/\">Struktura biblioteki<\/a><\/li><li class=\"wp-block-pages-list__item \"><a class=\"wp-block-pages-list__item__link\" href=\"https:\/\/bibliotekapedagogiczna.pl\/en\/o-bibliotece\/nasz-adres\/\">Nasz adres:<\/a><\/li><li class=\"wp-block-pages-list__item \"><a class=\"wp-block-pages-list__item__link\" href=\"https:\/\/bibliotekapedagogiczna.pl\/en\/o-bibliotece\/godziny-pracy\/\">Godziny pracy (rok szkolny):<\/a><\/li><li class=\"wp-block-pages-list__item \"><a class=\"wp-block-pages-list__item__link\" href=\"https:\/\/bibliotekapedagogiczna.pl\/en\/o-bibliotece\/filie-biblioteki-2\/\">Filie Biblioteki<\/a><\/li><\/ul><\/li><li class=\"wp-block-pages-list__item\"><a class=\"wp-block-pages-list__item__link\" href=\"https:\/\/bibliotekapedagogiczna.pl\/en\/rodo-2\/\">GDPR<\/a><\/li><\/ul>","protected":false},"excerpt":{"rendered":"","protected":false},"author":415,"featured_media":0,"parent":0,"menu_order":0,"comment_status":"closed","ping_status":"closed","template":"","meta":{"_acf_changed":false,"_oasis_is_in_workflow":0,"_oasis_original":0,"inline_featured_image":false,"site-sidebar-layout":"default","site-content-layout":"","ast-site-content-layout":"default","site-content-style":"default","site-sidebar-style":"default","ast-global-header-display":"","ast-banner-title-visibility":"","ast-main-header-display":"","ast-hfb-above-header-display":"","ast-hfb-below-header-display":"","ast-hfb-mobile-header-display":"","site-post-title":"","ast-breadcrumbs-content":"","ast-featured-img":"","footer-sml-layout":"","ast-disable-related-posts":"","theme-transparent-header-meta":"","adv-header-id-meta":"","stick-header-meta":"","header-above-stick-meta":"","header-main-stick-meta":"","header-below-stick-meta":"","astra-migrate-meta-layouts":"default","ast-page-background-enabled":"default","ast-page-background-meta":{"desktop":{"background-color":"","background-image":"","background-repeat":"repeat","background-position":"center center","background-size":"auto","background-attachment":"scroll","background-type":"","background-media":"","overlay-type":"","overlay-color":"","overlay-opacity":"","overlay-gradient":""},"tablet":{"background-color":"","background-image":"","background-repeat":"repeat","background-position":"center center","background-size":"auto","background-attachment":"scroll","background-type":"","background-media":"","overlay-type":"","overlay-color":"","overlay-opacity":"","overlay-gradient":""},"mobile":{"background-color":"","background-image":"","background-repeat":"repeat","background-position":"center center","background-size":"auto","background-attachment":"scroll","background-type":"","background-media":"","overlay-type":"","overlay-color":"","overlay-opacity":"","overlay-gradient":""}},"ast-content-background-meta":{"desktop":{"background-color":"var(--ast-global-color-5)","background-image":"","background-repeat":"repeat","background-position":"center center","background-size":"auto","background-attachment":"scroll","background-type":"","background-media":"","overlay-type":"","overlay-color":"","overlay-opacity":"","overlay-gradient":""},"tablet":{"background-color":"var(--ast-global-color-5)","background-image":"","background-repeat":"repeat","background-position":"center center","background-size":"auto","background-attachment":"scroll","background-type":"","background-media":"","overlay-type":"","overlay-color":"","overlay-opacity":"","overlay-gradient":""},"mobile":{"background-color":"var(--ast-global-color-5)","background-image":"","background-repeat":"repeat","background-position":"center center","background-size":"auto","background-attachment":"scroll","background-type":"","background-media":"","overlay-type":"","overlay-color":"","overlay-opacity":"","overlay-gradient":""}},"_themeisle_gutenberg_block_has_review":false,"footnotes":""},"class_list":["post-9936","page","type-page","status-publish","hentry"],"acf":[],"featured_image_urls_v2":{"full":"","thumbnail":"","medium":"","medium_large":"","large":"","1536x1536":"","2048x2048":"","img-1100-450":"","img-1120-800":"","img-870-440":"","img-850-600":"","img-480-380":"","img-300-225":"","img-540-700":"","img-75-75":"","menu-24x24":"","menu-36x36":"","menu-48x48":""},"post_excerpt_stackable_v2":"<p>\u201eRadom-Ursus-P\u0142ock: wsp\u00f3lna rana, wsp\u00f3lna pami\u0119\u0107\u201d \u2013 inauguracja projektu na 50. rocznic\u0119 Czerwca \u201976.AcademicaAccessibility declarationAccessibility declarationBranch libraries of Pedagogical Library in RadomCheckContactContact formCourses pageCourses page (for Elementor)Courses page (for Gutenberg)Dane do przelewuEmpik GoEventsFor the librarianBiblioteka zdalnieMateria\u0142y dla nauczycieli-bibliotekarzyWarto odwiedzi\u0107 (netografia)GDPRHomeHoryzonty BibliotekiInstructor Public AccountKlauzula informacyjnaKonkurs Pi\u0119knego CzytaniaKonkurs Tw\u00f3rczo\u015bci LiterackiejKonkursyKonto u\u017cytkownikaLibrary branchesLista \u017cycze\u0144Log inM\u0142odzie\u017cowy Przegl\u0105d TeatralnyMy messagesNewsPotwierdzenie realizacjiPrivacy policyRadomski Konkurs RecytatorskiRegisterRegulamin czasopisma elektronicznegoRegulamin korzystania z platformy LegimiRodzinne spotkania \u201cWspieramy Ukrain\u0119\u201dSie\u0107 wsp\u00f3\u0142pracy i samokszta\u0142cenia.Site MapStudent Public AccountUser profileMy ArticlesMy complaints and requestsMy consentsMy coursesMy errorsMy eventsMy exhibitionsMy InquiriesMy library lessonsMy Library ListsMy practicesMy profileEdit profileMy purchase suggestionsMy scansMy videoconferencesWarsztaty teatralneWykaz prenumerowanych czasopisma &#8211; 2023r.Zam\u00f3wienie&hellip;<\/p>\n","category_list_v2":"","author_info_v2":{"name":"idemczuk","url":"https:\/\/bibliotekapedagogiczna.pl\/en\/author\/idemczuk\/"},"comments_num_v2":"0 comments","_links":{"self":[{"href":"https:\/\/bibliotekapedagogiczna.pl\/en\/wp-json\/wp\/v2\/pages\/9936","targetHints":{"allow":["GET"]}}],"collection":[{"href":"https:\/\/bibliotekapedagogiczna.pl\/en\/wp-json\/wp\/v2\/pages"}],"about":[{"href":"https:\/\/bibliotekapedagogiczna.pl\/en\/wp-json\/wp\/v2\/types\/page"}],"author":[{"embeddable":true,"href":"https:\/\/bibliotekapedagogiczna.pl\/en\/wp-json\/wp\/v2\/users\/415"}],"replies":[{"embeddable":true,"href":"https:\/\/bibliotekapedagogiczna.pl\/en\/wp-json\/wp\/v2\/comments?post=9936"}],"version-history":[{"count":0,"href":"https:\/\/bibliotekapedagogiczna.pl\/en\/wp-json\/wp\/v2\/pages\/9936\/revisions"}],"wp:attachment":[{"href":"https:\/\/bibliotekapedagogiczna.pl\/en\/wp-json\/wp\/v2\/media?parent=9936"}],"curies":[{"name":"wp","href":"https:\/\/api.w.org\/{rel}","templated":true}]}}