{"id":8128,"date":"2020-09-03T11:28:14","date_gmt":"2020-09-03T09:28:14","guid":{"rendered":"https:\/\/bibliotekapedagogiczna.pl\/o-bibliotece\/struktura-biblioteki\/"},"modified":"2022-10-27T23:24:59","modified_gmt":"2022-10-27T21:24:59","slug":"struktura-biblioteki","status":"publish","type":"page","link":"https:\/\/bibliotekapedagogiczna.pl\/en\/o-bibliotece\/struktura-biblioteki\/","title":{"rendered":"Struktura biblioteki"},"content":{"rendered":"\n<h2 class=\"wp-block-heading\"><strong>I.\u00a0Dyrekcja<\/strong><\/h2>\n\n<ul class=\"wp-block-list\"><li><strong>Beata Walaszek<\/strong>: tel. 48 345-95-50 w. 102, e-mail:\u00a0<a href=\"mailto:dyrektor@bp.radom.pl\">dyrektor@bp.radom.pl<\/a><\/li><\/ul>\n\n<h2 class=\"wp-block-heading\"><strong>II. Wydzia\u0142 Udost\u0119pniania Zbior\u00f3w:<\/strong><\/h2>\n\n<ol class=\"wp-block-list\"><li><strong>Wypo\u017cyczalnia: <\/strong><ul><li>Buduje komputerow\u0105 baz\u0119 u\u017cytkownik\u00f3w Biblioteki.<\/li><li>Przechowuje i udost\u0119pnia Czytelnikom drukowane materia\u0142y biblioteczne tak\u017ce w ramach wypo\u017cycze\u0144 mi\u0119dzybibliotecznych.<\/li><li>Udziela informacji katalogowych.<\/li><li>Prowadzi statystyki wypo\u017cycze\u0144.<\/li><li>Wysy\u0142a upomnienia.<\/li><li>Prowadzi selekcj\u0119 ksi\u0119gozbioru.<\/li><li>Wykonuje drobne naprawy ksi\u0105\u017cek.<\/li><li>Przygotowuje ksi\u0105\u017cki do oprawy.<\/li><li>Dba o porz\u0105dek w magazynach.<\/li><li>Prowadzi dokumentacj\u0119 zwi\u0105zan\u0105 z prac\u0105 wydzia\u0142u. <\/li><\/ul><\/li><li><strong>Czytelnia<\/strong>: <\/li><\/ol>\n\n<p>Ksi\u0119gozbi\u00f3r Czytelni dobrany jest tak, aby s\u0142u\u017cy\u0142 g\u0142\u00f3wnie kszta\u0142ceniu i doskonaleniu zawodowemu nauczycieli i student\u00f3w kierunk\u00f3w pedagogicznych oraz realizacji programu nauczania i wychowania.<br\/>Zbiory Czytelni obejmuj\u0105:<\/p>\n\n<ul class=\"wp-block-list\"><li>Wydawnictwa informacji bezpo\u015bredniej (encyklopedie, s\u0142owniki, leksykony i opracowania),<\/li><li>Wydawnictwa metodyczne (np. przewodniki metodyczne i programy nauczania),<\/li><li>Literatur\u0119 z zakresu pedagogiki i nauk z ni\u0105 wsp\u00f3\u0142dzia\u0142aj\u0105cych,<\/li><li>Literatur\u0119 z pozosta\u0142ych dziedzin wiedzy,<\/li><li>Regionalia,<\/li><li>Materia\u0142y dotycz\u0105ce awansu zawodowego nauczycieli,<\/li><li>Wydawnictwa ci\u0105g\u0142e,<\/li><li>Gazety i czasopism.<\/li><\/ul>\n\n<p>Czytelnia ma charakter publiczny, a wi\u0119c skorzysta\u0107 z niej mo\u017ce ka\u017cdy kto posiada przy sobie dokument to\u017csamo\u015bci. Dzia\u0142 udost\u0119pnia swoje zbiory tylko na miejscu. Czytelnicy maj\u0105 mo\u017cliwo\u015b\u0107 skorzystania z us\u0142ug kserograficznych.<\/p>\n\n<h3 class=\"wp-block-heading\"><strong>Pracownicy Wydzia\u0142u Udost\u0119pniania:<\/strong><\/h3>\n\n<ul class=\"wp-block-list\"><li><strong>Wies\u0142awa Warcho\u0142<\/strong>\u00a0\u2013 kierownik<\/li><li>Magdalena Bia\u0142kowska<\/li><li>Agnieszka Krzyczkowska<\/li><li>Dagmara Seta<\/li><li>Ma\u0142gorzata Mucha<\/li><li>Tomasz Reszko<\/li><li>Alicja Figarska.<\/li><\/ul>\n\n<h4 class=\"wp-block-heading\">Kontakt:<\/h4>\n\n<ul class=\"wp-block-list\"><li><strong>Wypo\u017cyczalnia<\/strong>: tel. 48 345-98-37 w. 114, 115, e-mail:\u00a0<a href=\"mailto:wypozyczalnia@bp.radom.pl\">wypozyczalnia@bp.radom.pl<\/a><\/li><li><strong>Czytelnia<\/strong>: tel. 48 345-98-37 w. 113, e-mail:\u00a0<a href=\"mailto:czytelnia@bp.radom.pl\">czytelnia@bp.radom.pl<\/a><\/li><\/ul>\n\n<h2 class=\"wp-block-heading\">III. Wydzia\u0142 Zbior\u00f3w Specjalnych<\/h2>\n\n<p>Wydzia\u0142 oferuje swoim czytelnikom:<\/p>\n\n<ul class=\"wp-block-list\"><li>Filmy i lektury szkolne na p\u0142ytach DVD.<\/li><li>Filmy edukacyjne i dokumentalne na p\u0142ytach DVD.<\/li><li>Ksi\u0105\u017cki m\u00f3wione (audiobooki).<\/li><li>Materia\u0142y do nauki j\u0119zyk\u00f3w obcych.<\/li><li>P\u0142yty CD i gramofonowe z muzyk\u0105 klasyczn\u0105 i rozrywkow\u0105.<\/li><li>Ksi\u0105\u017cki wydane do 1939 r. (do korzystania na miejscu lub on-line).<\/li><li>Nuty.<\/li><li>Ksi\u0105\u017cki i p\u0142yty CD dla nauczycieli przedszkoli i edukacji wczesnoszkolnej.<\/li><\/ul>\n\n<p>P\u0142yty DVD wypo\u017cyczane s\u0105 na\u015bci\u015ble okre\u015blnoy czas (3-7 dni). Pozosta\u0142e zbiory mo\u017cna wypo\u017cyczy\u0107 na okres 30 dni. Po up\u0142ywie tego terminu czytelnik mo\u017ce prolongowa\u0107 wypo\u017cyczone materia\u0142y za zgod\u0105 pracownika wydzia\u0142u (osobi\u015bcie lub telefonicznie). Czytelnik mo\u017ce jednorazowo wypo\u017cyczy\u0107 4 egzemplarze dokument\u00f3w ze zbior\u00f3w specjalnych.<\/p>\n\n<h3 class=\"wp-block-heading\">Pracownicy Wydzia\u0142u Zbior\u00f3w Specjalnych:<\/h3>\n\n<ul class=\"wp-block-list\"><li><strong>Katarzyna Pop\u0142awska<\/strong>\u00a0\u2013 kierownik<\/li><li>Izabela Goli\u0144ska<\/li><\/ul>\n\n<h4 class=\"wp-block-heading\">Kontakt:<\/h4>\n\n<ul class=\"wp-block-list\"><li><strong>Wydzia\u0142 Zbior\u00f3w Specjalnych<\/strong>: tel.\u00a048 345-98-37 w. 112, e-mail:\u00a0<a href=\"mailto:specjalne@bp.radom.pl\">specjalne@bp.radom.pl<\/a><\/li><\/ul>\n\n<h2 class=\"wp-block-heading\">IV. Wydzia\u0142 Gromadzenia i Opracowania Zbior\u00f3w<\/h2>\n\n<p>Podstawowym zadaniem Wydzia\u0142u w zakresie gromadzenia zbior\u00f3w jest w\u0142a\u015bciwy dob\u00f3r ksi\u0119gozbioru, odpowiadaj\u0105cy potrzebom nauczycieli i student\u00f3w przygotowuj\u0105cych si\u0119 do zawodu nauczycielskiego. Gromadzi si\u0119 je drog\u0105:<\/p>\n\n<ul class=\"wp-block-list\"><li>Kupna,<\/li><li>Zakupu sta\u0142ego,<\/li><li>Dar\u00f3w,<\/li><li>Wymiany mi\u0119dzybibliotecznej.<\/li><\/ul>\n\n<p>W Wydziale prowadzona jest ewidencja w inwentarzu g\u0142\u00f3wnym i inwentarzu broszur i podr\u0119cznik\u00f3w szkolnych oraz w inwentarzu czasopism i wydawnictw ci\u0105g\u0142ych. Opracowuje si\u0119 zbiory formalnie i rzeczowo. Elektroniczna baza danych tworzona jest od 1997 z zastosowaniem programu bibliotecznego LIBRA. Od 2003 r. zbiory opracowywane s\u0105 w systemie PROLIB. Stan elektronicznej bazy danych liczy 409 ty\u015b rekord\u00f3w (stan na luty 2018 r.).<br\/>Struktura naszego ksi\u0119gozbioru przedstawia si\u0119 nast\u0119puj\u0105co:<\/p>\n\n<ul class=\"wp-block-list\"><li>Literatura pedagogiczna \u2013 31 %<\/li><li>Literatura psychologiczno-socjologiczna \u2013 16 %<\/li><li>Literatura pi\u0119kna \u2013 17 %<\/li><li>Literatura naukowa \u2013 35 %<\/li><\/ul>\n\n<h3 class=\"wp-block-heading\">Pracownicy Wydzia\u0142u Gromadzenia i Opracowania Zbior\u00f3w:<\/h3>\n\n<ul class=\"wp-block-list\"><li><strong>Ewa Sw\u0119d<\/strong>\u00a0\u2013 kierownik<\/li><li>Bo\u017cena Je\u017cma\u0144ska<\/li><li>Monika Jab\u0142o\u0144ska<\/li><\/ul>\n\n<h4 class=\"wp-block-heading\">Kontakt:<\/h4>\n\n<ul class=\"wp-block-list\"><li><strong>Wydzia\u0142 Gromadzenia i Opracowania Zbior\u00f3w<\/strong>:\u00a0tel. 48 345-98-37 w. 110, e-mail:\u00a0<a href=\"mailto:gromadzenie@bp.radom.pl\">gromadzenie@bp.radom.pl.<\/a><\/li><\/ul>\n\n<h2 class=\"wp-block-heading\">V. Wydzia\u0142 Informacyjno-Bibliograficzny<\/h2>\n\n<p>Wydzia\u0142 oferuje wszystkim Czytelnikom fachow\u0105 pomoc wykwalifikowanych bibliotekarzy w zakresie:<\/p>\n\n<ul class=\"wp-block-list\"><li>Wyszukiwania potrzebnych informacji poprzez katalog alfabetyczny, rzeczowy, przedmiotowy i tytu\u0142owy oraz kartotek\u0119 zagadnieniow\u0105,<\/li><li>Pomocy przy wyborze literatury na dany temat,<\/li><li>Sporz\u0105dzania i wydruku zestawie\u0144 bibliograficznych, na podstawie kartoteki zagadnieniowej zawieraj\u0105cej artyku\u0142y z czasopism prenumerowanych przez bibliotek\u0119,<\/li><li>Wskazywania specjalistycznych bibliografii,<\/li><li>Opieki nad Centrum Internetowym,<\/li><li>Prowadzenia zaj\u0119\u0107 bibliotecznych dla uczni\u00f3w wszystkich rodzaj\u00f3w szk\u00f3\u0142 .<\/li><\/ul>\n\n<h3 class=\"wp-block-heading\">Pracownicy Wydzia\u0142u Informacyjno-Bibliograficznego:<\/h3>\n\n<ul class=\"wp-block-list\"><li><strong>Ewa Pachniak<\/strong>\u00a0\u2013 kierownik<\/li><li>Agata Jurek<\/li><li>Katarzyna Walczak<\/li><\/ul>\n\n<h4 class=\"wp-block-heading\">Kontakt:<\/h4>\n\n<ul class=\"wp-block-list\"><li><strong>Wydzia\u0142 Informacyjno-Bibliograficzny<\/strong>: tel. 48 345-98-37 w. 116, e-mail:\u00a0<a href=\"mailto:informacja@bp.radom.pl\">informacja@bp.radom.pl<\/a><\/li><\/ul>\n\n<h2 class=\"wp-block-heading\">VI.\u00a0Wydzia\u0142 Ekonomiczno-Administracyjny<\/h2>\n\n<h3 class=\"wp-block-heading\">Pracownicy:<\/h3>\n\n<ul class=\"wp-block-list\"><li>El\u017cbieta Mucha \u2013 g\u0142\u00f3wny ksi\u0119gowy<\/li><li>Ewa Kordzi\u0144ska &#8211; kierownik ds. administracyjno-gospodarczych<\/li><\/ul>\n\n<h4 class=\"wp-block-heading\">Kontakt:<\/h4>\n\n<ul class=\"wp-block-list\"><li><strong>Wydzia\u0142 Ekonomiczno-Administracyjny<\/strong>: tel.\u00a048 345-95-50, e-mail:\u00a0<a href=\"mailto:administracja@bp.radom.pl\">administracja@bp.radom.pl<\/a><\/li><\/ul>\n\n<h2 class=\"wp-block-heading\">VII. Pracownia komputeryzacji<\/h2>\n\n<h3 class=\"wp-block-heading\">Pracownicy:<\/h3>\n\n<ul class=\"wp-block-list\"><li>Dawid Penkalla \u2013 administrator sieci, e-mail:\u00a0<a href=\"mailto:techniczny@bp.radom.pl\">techniczny@bp.radom.pl<\/a><\/li><li>Wojciech Mazurkiewicz \u2013 informatyk, e-mail:<\/li><li>Andrzej Gawro\u0144ski \u2013 bibliotekarz systemowy, e-mail:\u00a0<a href=\"mailto:systemowy@bp.radom.pl\">systemowy@bp.radom.pl<\/a><\/li><\/ul>\n\n<h4 class=\"wp-block-heading\">Kontakt:<\/h4>\n\n<ul class=\"wp-block-list\"><li><strong>Pracownia komputeryzacji<\/strong>: tel. 48 345 95 50, w.\u00a0118, 119, 120.<\/li><\/ul>\n","protected":false},"excerpt":{"rendered":"<p>I.\u00a0Dyrekcja Beata Walaszek: tel. 48 345-95-50 w. 102, e-mail:\u00a0dyrektor@bp.radom.pl II. Wydzia\u0142 Udost\u0119pniania Zbior\u00f3w: Wypo\u017cyczalnia: Buduje komputerow\u0105 baz\u0119 u\u017cytkownik\u00f3w Biblioteki. Przechowuje [&hellip;]<\/p>\n","protected":false},"author":114,"featured_media":0,"parent":8125,"menu_order":0,"comment_status":"closed","ping_status":"closed","template":"","meta":{"_acf_changed":false,"_oasis_is_in_workflow":0,"_oasis_original":0,"inline_featured_image":false,"site-sidebar-layout":"default","site-content-layout":"","ast-site-content-layout":"default","site-content-style":"default","site-sidebar-style":"default","ast-global-header-display":"","ast-banner-title-visibility":"","ast-main-header-display":"","ast-hfb-above-header-display":"","ast-hfb-below-header-display":"","ast-hfb-mobile-header-display":"","site-post-title":"","ast-breadcrumbs-content":"","ast-featured-img":"","footer-sml-layout":"","ast-disable-related-posts":"","theme-transparent-header-meta":"","adv-header-id-meta":"","stick-header-meta":"","header-above-stick-meta":"","header-main-stick-meta":"","header-below-stick-meta":"","astra-migrate-meta-layouts":"default","ast-page-background-enabled":"default","ast-page-background-meta":{"desktop":{"background-color":"","background-image":"","background-repeat":"repeat","background-position":"center center","background-size":"auto","background-attachment":"scroll","background-type":"","background-media":"","overlay-type":"","overlay-color":"","overlay-opacity":"","overlay-gradient":""},"tablet":{"background-color":"","background-image":"","background-repeat":"repeat","background-position":"center center","background-size":"auto","background-attachment":"scroll","background-type":"","background-media":"","overlay-type":"","overlay-color":"","overlay-opacity":"","overlay-gradient":""},"mobile":{"background-color":"","background-image":"","background-repeat":"repeat","background-position":"center center","background-size":"auto","background-attachment":"scroll","background-type":"","background-media":"","overlay-type":"","overlay-color":"","overlay-opacity":"","overlay-gradient":""}},"ast-content-background-meta":{"desktop":{"background-color":"var(--ast-global-color-5)","background-image":"","background-repeat":"repeat","background-position":"center center","background-size":"auto","background-attachment":"scroll","background-type":"","background-media":"","overlay-type":"","overlay-color":"","overlay-opacity":"","overlay-gradient":""},"tablet":{"background-color":"var(--ast-global-color-5)","background-image":"","background-repeat":"repeat","background-position":"center center","background-size":"auto","background-attachment":"scroll","background-type":"","background-media":"","overlay-type":"","overlay-color":"","overlay-opacity":"","overlay-gradient":""},"mobile":{"background-color":"var(--ast-global-color-5)","background-image":"","background-repeat":"repeat","background-position":"center center","background-size":"auto","background-attachment":"scroll","background-type":"","background-media":"","overlay-type":"","overlay-color":"","overlay-opacity":"","overlay-gradient":""}},"_themeisle_gutenberg_block_has_review":false,"footnotes":""},"class_list":["post-8128","page","type-page","status-publish","hentry"],"acf":[],"featured_image_urls_v2":{"full":"","thumbnail":"","medium":"","medium_large":"","large":"","1536x1536":"","2048x2048":"","img-1100-450":"","img-1120-800":"","img-870-440":"","img-850-600":"","img-480-380":"","img-300-225":"","img-540-700":"","img-75-75":"","menu-24x24":"","menu-36x36":"","menu-48x48":""},"post_excerpt_stackable_v2":"<p>I.\u00a0Dyrekcja Beata Walaszek: tel. 48 345-95-50 w. 102, e-mail:\u00a0dyrektor@bp.radom.pl II. Wydzia\u0142 Udost\u0119pniania Zbior\u00f3w: Wypo\u017cyczalnia: Buduje komputerow\u0105 baz\u0119 u\u017cytkownik\u00f3w Biblioteki.Przechowuje i udost\u0119pnia Czytelnikom drukowane materia\u0142y biblioteczne tak\u017ce w ramach wypo\u017cycze\u0144 mi\u0119dzybibliotecznych.Udziela informacji katalogowych.Prowadzi statystyki wypo\u017cycze\u0144.Wysy\u0142a upomnienia.Prowadzi selekcj\u0119 ksi\u0119gozbioru.Wykonuje drobne naprawy ksi\u0105\u017cek.Przygotowuje ksi\u0105\u017cki do oprawy.Dba o porz\u0105dek w magazynach.Prowadzi dokumentacj\u0119 zwi\u0105zan\u0105 z prac\u0105 wydzia\u0142u. Czytelnia: Ksi\u0119gozbi\u00f3r Czytelni dobrany jest tak, aby s\u0142u\u017cy\u0142 g\u0142\u00f3wnie kszta\u0142ceniu i doskonaleniu zawodowemu nauczycieli i student\u00f3w kierunk\u00f3w pedagogicznych oraz realizacji programu nauczania i wychowania.Zbiory Czytelni obejmuj\u0105: Wydawnictwa informacji bezpo\u015bredniej (encyklopedie, s\u0142owniki, leksykony i opracowania),Wydawnictwa metodyczne (np. przewodniki metodyczne i programy nauczania),Literatur\u0119 z zakresu pedagogiki i nauk z ni\u0105&hellip;<\/p>\n","category_list_v2":"","author_info_v2":{"name":"R2F3cm9u","url":"https:\/\/bibliotekapedagogiczna.pl\/en\/author\/yw5kcnplamdhd3jvbnnraq\/"},"comments_num_v2":"0 comments","_links":{"self":[{"href":"https:\/\/bibliotekapedagogiczna.pl\/en\/wp-json\/wp\/v2\/pages\/8128","targetHints":{"allow":["GET"]}}],"collection":[{"href":"https:\/\/bibliotekapedagogiczna.pl\/en\/wp-json\/wp\/v2\/pages"}],"about":[{"href":"https:\/\/bibliotekapedagogiczna.pl\/en\/wp-json\/wp\/v2\/types\/page"}],"author":[{"embeddable":true,"href":"https:\/\/bibliotekapedagogiczna.pl\/en\/wp-json\/wp\/v2\/users\/114"}],"replies":[{"embeddable":true,"href":"https:\/\/bibliotekapedagogiczna.pl\/en\/wp-json\/wp\/v2\/comments?post=8128"}],"version-history":[{"count":1,"href":"https:\/\/bibliotekapedagogiczna.pl\/en\/wp-json\/wp\/v2\/pages\/8128\/revisions"}],"predecessor-version":[{"id":20546,"href":"https:\/\/bibliotekapedagogiczna.pl\/en\/wp-json\/wp\/v2\/pages\/8128\/revisions\/20546"}],"up":[{"embeddable":true,"href":"https:\/\/bibliotekapedagogiczna.pl\/en\/wp-json\/wp\/v2\/pages\/8125"}],"wp:attachment":[{"href":"https:\/\/bibliotekapedagogiczna.pl\/en\/wp-json\/wp\/v2\/media?parent=8128"}],"curies":[{"name":"wp","href":"https:\/\/api.w.org\/{rel}","templated":true}]}}