{"id":8120,"date":"2018-02-19T12:57:57","date_gmt":"2018-02-19T11:57:57","guid":{"rendered":"https:\/\/bibliotekapedagogiczna.pl\/katalogi\/bibliografia-m21\/"},"modified":"2024-01-26T10:20:50","modified_gmt":"2024-01-26T09:20:50","slug":"bibliografia-m21","status":"publish","type":"page","link":"https:\/\/bibliotekapedagogiczna.pl\/en\/katalogi\/bibliografia-m21\/","title":{"rendered":"Bibliografia M21"},"content":{"rendered":"<p><a href=\"https:\/\/katalog.bp.radom.pl\/cgi-bin\/wspd_cgi.sh\/bibm21.p\" target=\"_blank\" rel=\"noopener noreferrer\"><img loading=\"lazy\" decoding=\"async\" class=\"aligncenter wp-image-29389 size-full\" src=\"https:\/\/bibliotekapedagogiczna.pl\/wp-content\/uploads\/sites\/10\/2022\/11\/opacwww_logo_big.jpg\" alt=\"Logo katalogu OPAC\" width=\"157\" height=\"67\" srcset=\"https:\/\/bibliotekapedagogiczna.pl\/wp-content\/uploads\/sites\/10\/2022\/11\/opacwww_logo_big.jpg 157w, https:\/\/bibliotekapedagogiczna.pl\/wp-content\/uploads\/sites\/10\/2022\/11\/opacwww_logo_big-24x10.jpg 24w, https:\/\/bibliotekapedagogiczna.pl\/wp-content\/uploads\/sites\/10\/2022\/11\/opacwww_logo_big-36x15.jpg 36w, https:\/\/bibliotekapedagogiczna.pl\/wp-content\/uploads\/sites\/10\/2022\/11\/opacwww_logo_big-48x20.jpg 48w\" sizes=\"auto, (max-width: 157px) 100vw, 157px\" \/><\/a><\/p>\n<p><strong>Bibliografia M21<\/strong> rejestruje artyku\u0142y ze 130 czasopism prenumerowanych przez\u00a0 nasz\u0105 Bibliotek\u0119. Obecnie liczy ona ponad 72 ty\u015b. opis\u00f3w i jest na bie\u017c\u0105co uzupe\u0142niana, co umo\u017cliwia szybki dost\u0119p do aktualnych informacji dziedzinowych.<\/p>\n<p>Baza bibliograficzna artyku\u0142\u00f3w z czasopism jest dost\u0119pna dla wszystkich zainteresowanych\u00a0 po zalogowaniu si\u0119 jako Anonim.<\/p>\n<p>Baz\u0119 tworz\u0105 pracownicy Wydzia\u0142u Informacji i Promocji.<\/p>\n\n<div class=\"wp-block-stackable-divider stk-block-divider stk-block stk-bc2f75b\" data-block-id=\"bc2f75b\"><style>.stk-bc2f75b{margin-bottom:0px !important}<\/style><hr class=\"stk-block-divider__hr\" \/><\/div>\n\n<div class=\"wp-block-stackable-call-to-action stk-block-call-to-action stk-block stk-380968c stk-block-background is-style-default\" data-v=\"2\" data-block-id=\"380968c\"><style>.stk-380968c{background-color:#f1f3f9 !important;margin-bottom:0px !important}.stk-380968c:before{background-color:#f1f3f9 !important}<\/style><div class=\"stk-block-call-to-action__content stk-content-align stk-380968c-column stk-container stk-380968c-container stk-hover-parent\"><div class=\"has-text-align-center stk-block-content stk-inner-blocks stk-380968c-inner-blocks\">\n<div class=\"wp-block-stackable-heading stk-block-heading stk-block-heading--v2 stk-block stk-606edce\" id=\"strong-zestawiania-bibliograficzne-na-zamowienie-strong\" data-block-id=\"606edce\"><style>.stk-606edce{margin-bottom:0px !important}<\/style><h3 class=\"stk-block-heading__text\"><strong>Zestawiania bibliograficzne na zam\u00f3wienie<\/strong><\/h3><\/div>\n\n\n\n<div class=\"wp-block-stackable-text stk-block-text stk-block stk-d5ee217\" data-block-id=\"d5ee217\"><p class=\"stk-block-text__text\">Proponujemy naszym czytelnikom zdaln\u0105 pomoc w przygotowaniu tematycznych\u00a0<strong>zestawie\u0144 bibliograficznych<\/strong>\u00a0do prac dyplomowych, zaliczeniowych i referat\u00f3w w oparciu o baz\u0119 artyku\u0142\u00f3w z czasopism i rozdzia\u0142\u00f3w ksi\u0105\u017cek.<\/p><\/div>\n\n\n\n<div class=\"wp-block-stackable-button-group stk-block-button-group stk-block stk-9030240\" data-block-id=\"9030240\"><div class=\"stk-row stk-inner-blocks stk-block-content stk-button-group\">\n<div class=\"wp-block-stackable-button stk-block-button stk-block stk-56a4900\" data-block-id=\"56a4900\"><a class=\"stk-link stk-button stk--hover-effect-darken\" href=\"https:\/\/bibliotekapedagogiczna.pl\/mbpeuslugi\/zestawienia\/\"><span class=\"stk--svg-wrapper\"><div class=\"stk--inner-svg\"><svg data-prefix=\"fa\" data-icon=\"star\" class=\"svg-inline--fa fa-star fa-w-18\" xmlns=\"http:\/\/www.w3.org\/2000\/svg\" viewbox=\"0 0 576 512\" aria-hidden=\"true\" width=\"32\" height=\"32\"><path fill=\"currentColor\" d=\"M259.3 17.8L194 150.2 47.9 171.5c-26.2 3.8-36.7 36.1-17.7 54.6l105.7 103-25 145.5c-4.5 26.3 23.2 46 46.4 33.7L288 439.6l130.7 68.7c23.2 12.2 50.9-7.4 46.4-33.7l-25-145.5 105.7-103c19-18.5 8.5-50.8-17.7-54.6L382 150.2 316.7 17.8c-11.7-23.6-45.6-23.9-57.4 0z\"><\/path><\/svg><\/div><\/span><span class=\"stk-button__inner-text\"><strong>Zestawienia bibliograficzne<\/strong><\/span><\/a><\/div>\n<\/div><\/div>\n<\/div><\/div><\/div>\n","protected":false},"excerpt":{"rendered":"<p>Bibliografia M21 rejestruje artyku\u0142y ze 130 czasopism prenumerowanych przez\u00a0 nasz\u0105 Bibliotek\u0119. Obecnie liczy ona ponad 72 ty\u015b. opis\u00f3w i jest [&hellip;]<\/p>\n","protected":false},"author":114,"featured_media":0,"parent":8116,"menu_order":2,"comment_status":"closed","ping_status":"closed","template":"","meta":{"_acf_changed":false,"_oasis_is_in_workflow":0,"_oasis_original":0,"inline_featured_image":false,"site-sidebar-layout":"default","site-content-layout":"","ast-site-content-layout":"default","site-content-style":"default","site-sidebar-style":"default","ast-global-header-display":"","ast-banner-title-visibility":"","ast-main-header-display":"","ast-hfb-above-header-display":"","ast-hfb-below-header-display":"","ast-hfb-mobile-header-display":"","site-post-title":"","ast-breadcrumbs-content":"","ast-featured-img":"","footer-sml-layout":"","ast-disable-related-posts":"","theme-transparent-header-meta":"","adv-header-id-meta":"","stick-header-meta":"","header-above-stick-meta":"","header-main-stick-meta":"","header-below-stick-meta":"","astra-migrate-meta-layouts":"default","ast-page-background-enabled":"default","ast-page-background-meta":{"desktop":{"background-color":"","background-image":"","background-repeat":"repeat","background-position":"center center","background-size":"auto","background-attachment":"scroll","background-type":"","background-media":"","overlay-type":"","overlay-color":"","overlay-opacity":"","overlay-gradient":""},"tablet":{"background-color":"","background-image":"","background-repeat":"repeat","background-position":"center center","background-size":"auto","background-attachment":"scroll","background-type":"","background-media":"","overlay-type":"","overlay-color":"","overlay-opacity":"","overlay-gradient":""},"mobile":{"background-color":"","background-image":"","background-repeat":"repeat","background-position":"center center","background-size":"auto","background-attachment":"scroll","background-type":"","background-media":"","overlay-type":"","overlay-color":"","overlay-opacity":"","overlay-gradient":""}},"ast-content-background-meta":{"desktop":{"background-color":"var(--ast-global-color-5)","background-image":"","background-repeat":"repeat","background-position":"center center","background-size":"auto","background-attachment":"scroll","background-type":"","background-media":"","overlay-type":"","overlay-color":"","overlay-opacity":"","overlay-gradient":""},"tablet":{"background-color":"var(--ast-global-color-5)","background-image":"","background-repeat":"repeat","background-position":"center center","background-size":"auto","background-attachment":"scroll","background-type":"","background-media":"","overlay-type":"","overlay-color":"","overlay-opacity":"","overlay-gradient":""},"mobile":{"background-color":"var(--ast-global-color-5)","background-image":"","background-repeat":"repeat","background-position":"center center","background-size":"auto","background-attachment":"scroll","background-type":"","background-media":"","overlay-type":"","overlay-color":"","overlay-opacity":"","overlay-gradient":""}},"_themeisle_gutenberg_block_has_review":false,"footnotes":""},"class_list":["post-8120","page","type-page","status-publish","hentry"],"acf":[],"featured_image_urls_v2":{"full":"","thumbnail":"","medium":"","medium_large":"","large":"","1536x1536":"","2048x2048":"","img-1100-450":"","img-1120-800":"","img-870-440":"","img-850-600":"","img-480-380":"","img-300-225":"","img-540-700":"","img-75-75":"","menu-24x24":"","menu-36x36":"","menu-48x48":""},"post_excerpt_stackable_v2":"<p>Bibliografia M21 rejestruje artyku\u0142y ze 130 czasopism prenumerowanych przez\u00a0 nasz\u0105 Bibliotek\u0119. Obecnie liczy ona ponad 72 ty\u015b. opis\u00f3w i jest na bie\u017c\u0105co uzupe\u0142niana, co umo\u017cliwia szybki dost\u0119p do aktualnych informacji dziedzinowych. Baza bibliograficzna artyku\u0142\u00f3w z czasopism jest dost\u0119pna dla wszystkich zainteresowanych\u00a0 po zalogowaniu si\u0119 jako Anonim. Baz\u0119 tworz\u0105 pracownicy Wydzia\u0142u Informacji i Promocji. Zestawiania bibliograficzne na zam\u00f3wienie Proponujemy naszym czytelnikom zdaln\u0105 pomoc w przygotowaniu tematycznych\u00a0zestawie\u0144 bibliograficznych\u00a0do prac dyplomowych, zaliczeniowych i referat\u00f3w w oparciu o baz\u0119 artyku\u0142\u00f3w z czasopism i rozdzia\u0142\u00f3w ksi\u0105\u017cek. Zestawienia bibliograficzne<\/p>\n","category_list_v2":"","author_info_v2":{"name":"R2F3cm9u","url":"https:\/\/bibliotekapedagogiczna.pl\/en\/author\/yw5kcnplamdhd3jvbnnraq\/"},"comments_num_v2":"0 comments","_links":{"self":[{"href":"https:\/\/bibliotekapedagogiczna.pl\/en\/wp-json\/wp\/v2\/pages\/8120","targetHints":{"allow":["GET"]}}],"collection":[{"href":"https:\/\/bibliotekapedagogiczna.pl\/en\/wp-json\/wp\/v2\/pages"}],"about":[{"href":"https:\/\/bibliotekapedagogiczna.pl\/en\/wp-json\/wp\/v2\/types\/page"}],"author":[{"embeddable":true,"href":"https:\/\/bibliotekapedagogiczna.pl\/en\/wp-json\/wp\/v2\/users\/114"}],"replies":[{"embeddable":true,"href":"https:\/\/bibliotekapedagogiczna.pl\/en\/wp-json\/wp\/v2\/comments?post=8120"}],"version-history":[{"count":5,"href":"https:\/\/bibliotekapedagogiczna.pl\/en\/wp-json\/wp\/v2\/pages\/8120\/revisions"}],"predecessor-version":[{"id":54571,"href":"https:\/\/bibliotekapedagogiczna.pl\/en\/wp-json\/wp\/v2\/pages\/8120\/revisions\/54571"}],"up":[{"embeddable":true,"href":"https:\/\/bibliotekapedagogiczna.pl\/en\/wp-json\/wp\/v2\/pages\/8116"}],"wp:attachment":[{"href":"https:\/\/bibliotekapedagogiczna.pl\/en\/wp-json\/wp\/v2\/media?parent=8120"}],"curies":[{"name":"wp","href":"https:\/\/api.w.org\/{rel}","templated":true}]}}