{"id":8116,"date":"2018-02-16T08:15:46","date_gmt":"2018-02-16T07:15:46","guid":{"rendered":"https:\/\/bibliotekapedagogiczna.pl\/katalogi\/"},"modified":"2022-06-02T15:57:42","modified_gmt":"2022-06-02T13:57:42","slug":"katalogi","status":"publish","type":"page","link":"https:\/\/bibliotekapedagogiczna.pl\/en\/katalogi\/","title":{"rendered":"Directories"},"content":{"rendered":"<ul>\n<li><strong>Katalog Integro &#8211;<\/strong>&nbsp;zawiera opisy bibliograficzne <strong>&nbsp;<\/strong>ksi\u0105\u017cek, czasopism, film\u00f3w, ksi\u0105\u017cek m\u00f3wionych, p\u0142yt CD i winyli. Za jego pomoc\u0105 masz mo\u017cliwo\u015b\u0107 zamawiania i rezerwowania dokument\u00f3w bibliotecznych nale\u017c\u0105cych do zbior\u00f3w naszej biblioteki 24 godziny na dob\u0119 7 dni w tygodniu.<\/li>\n<li><strong>Bibliografia M21 &#8211; <\/strong>zawiera<strong>&nbsp;<\/strong>opisy bibliograficzne<strong>&nbsp;<\/strong>artyku\u0142\u00f3w z czasopism gromadzonych w naszej bibliotece.<\/li>\n<li><strong>Platforma IBUK Libra<\/strong> &#8211;&nbsp;serwis nale\u017c\u0105cy do Wydawnictwa Naukowego PWN zapewniaj\u0105cy dost\u0119p online do wybranych publikacji akademickich i naukowych w j\u0119zyku polskim. Platforma udost\u0119pnia publikacje w wersji elektronicznej, kt\u00f3ra umo\u017cliwia nie tylko czytanie ksi\u0105\u017cek, lecz tak\u017ce zaawansowan\u0105 prac\u0119 z tekstem. Dost\u0119p do tej bazy mo\u017cliwy jest po otrzymaniu w jednej z naszych agend kodu PIN.<\/li>\n<\/ul>\n","protected":false},"excerpt":{"rendered":"<p>Katalog Integro &#8211;&nbsp;zawiera opisy bibliograficzne &nbsp;ksi\u0105\u017cek, czasopism, film\u00f3w, ksi\u0105\u017cek m\u00f3wionych, p\u0142yt CD i winyli. Za jego pomoc\u0105 masz mo\u017cliwo\u015b\u0107 zamawiania [&hellip;]<\/p>\n","protected":false},"author":114,"featured_media":0,"parent":0,"menu_order":3,"comment_status":"closed","ping_status":"closed","template":"","meta":{"_acf_changed":false,"_oasis_is_in_workflow":0,"_oasis_original":0,"inline_featured_image":false,"site-sidebar-layout":"default","site-content-layout":"","ast-site-content-layout":"default","site-content-style":"default","site-sidebar-style":"default","ast-global-header-display":"","ast-banner-title-visibility":"","ast-main-header-display":"","ast-hfb-above-header-display":"","ast-hfb-below-header-display":"","ast-hfb-mobile-header-display":"","site-post-title":"","ast-breadcrumbs-content":"","ast-featured-img":"","footer-sml-layout":"","ast-disable-related-posts":"","theme-transparent-header-meta":"","adv-header-id-meta":"","stick-header-meta":"","header-above-stick-meta":"","header-main-stick-meta":"","header-below-stick-meta":"","astra-migrate-meta-layouts":"default","ast-page-background-enabled":"default","ast-page-background-meta":{"desktop":{"background-color":"","background-image":"","background-repeat":"repeat","background-position":"center center","background-size":"auto","background-attachment":"scroll","background-type":"","background-media":"","overlay-type":"","overlay-color":"","overlay-opacity":"","overlay-gradient":""},"tablet":{"background-color":"","background-image":"","background-repeat":"repeat","background-position":"center center","background-size":"auto","background-attachment":"scroll","background-type":"","background-media":"","overlay-type":"","overlay-color":"","overlay-opacity":"","overlay-gradient":""},"mobile":{"background-color":"","background-image":"","background-repeat":"repeat","background-position":"center center","background-size":"auto","background-attachment":"scroll","background-type":"","background-media":"","overlay-type":"","overlay-color":"","overlay-opacity":"","overlay-gradient":""}},"ast-content-background-meta":{"desktop":{"background-color":"var(--ast-global-color-5)","background-image":"","background-repeat":"repeat","background-position":"center center","background-size":"auto","background-attachment":"scroll","background-type":"","background-media":"","overlay-type":"","overlay-color":"","overlay-opacity":"","overlay-gradient":""},"tablet":{"background-color":"var(--ast-global-color-5)","background-image":"","background-repeat":"repeat","background-position":"center center","background-size":"auto","background-attachment":"scroll","background-type":"","background-media":"","overlay-type":"","overlay-color":"","overlay-opacity":"","overlay-gradient":""},"mobile":{"background-color":"var(--ast-global-color-5)","background-image":"","background-repeat":"repeat","background-position":"center center","background-size":"auto","background-attachment":"scroll","background-type":"","background-media":"","overlay-type":"","overlay-color":"","overlay-opacity":"","overlay-gradient":""}},"_themeisle_gutenberg_block_has_review":false,"footnotes":""},"class_list":["post-8116","page","type-page","status-publish","hentry"],"acf":[],"featured_image_urls_v2":{"full":"","thumbnail":"","medium":"","medium_large":"","large":"","1536x1536":"","2048x2048":"","img-1100-450":"","img-1120-800":"","img-870-440":"","img-850-600":"","img-480-380":"","img-300-225":"","img-540-700":"","img-75-75":"","menu-24x24":"","menu-36x36":"","menu-48x48":""},"post_excerpt_stackable_v2":"<p>Katalog Integro &#8211;&nbsp;zawiera opisy bibliograficzne &nbsp;ksi\u0105\u017cek, czasopism, film\u00f3w, ksi\u0105\u017cek m\u00f3wionych, p\u0142yt CD i winyli. Za jego pomoc\u0105 masz mo\u017cliwo\u015b\u0107 zamawiania i rezerwowania dokument\u00f3w bibliotecznych nale\u017c\u0105cych do zbior\u00f3w naszej biblioteki 24 godziny na dob\u0119 7 dni w tygodniu. Bibliografia M21 &#8211; zawiera&nbsp;opisy bibliograficzne&nbsp;artyku\u0142\u00f3w z czasopism gromadzonych w naszej bibliotece. Platforma IBUK Libra &#8211;&nbsp;serwis nale\u017c\u0105cy do Wydawnictwa Naukowego PWN zapewniaj\u0105cy dost\u0119p online do wybranych publikacji akademickich i naukowych w j\u0119zyku polskim. Platforma udost\u0119pnia publikacje w wersji elektronicznej, kt\u00f3ra umo\u017cliwia nie tylko czytanie ksi\u0105\u017cek, lecz tak\u017ce zaawansowan\u0105 prac\u0119 z tekstem. Dost\u0119p do tej bazy mo\u017cliwy jest po otrzymaniu w jednej z naszych agend&hellip;<\/p>\n","category_list_v2":"","author_info_v2":{"name":"R2F3cm9u","url":"https:\/\/bibliotekapedagogiczna.pl\/en\/author\/yw5kcnplamdhd3jvbnnraq\/"},"comments_num_v2":"0 comments","_links":{"self":[{"href":"https:\/\/bibliotekapedagogiczna.pl\/en\/wp-json\/wp\/v2\/pages\/8116","targetHints":{"allow":["GET"]}}],"collection":[{"href":"https:\/\/bibliotekapedagogiczna.pl\/en\/wp-json\/wp\/v2\/pages"}],"about":[{"href":"https:\/\/bibliotekapedagogiczna.pl\/en\/wp-json\/wp\/v2\/types\/page"}],"author":[{"embeddable":true,"href":"https:\/\/bibliotekapedagogiczna.pl\/en\/wp-json\/wp\/v2\/users\/114"}],"replies":[{"embeddable":true,"href":"https:\/\/bibliotekapedagogiczna.pl\/en\/wp-json\/wp\/v2\/comments?post=8116"}],"version-history":[{"count":0,"href":"https:\/\/bibliotekapedagogiczna.pl\/en\/wp-json\/wp\/v2\/pages\/8116\/revisions"}],"wp:attachment":[{"href":"https:\/\/bibliotekapedagogiczna.pl\/en\/wp-json\/wp\/v2\/media?parent=8116"}],"curies":[{"name":"wp","href":"https:\/\/api.w.org\/{rel}","templated":true}]}}