{"id":8114,"date":"2018-02-22T11:12:55","date_gmt":"2018-02-22T10:12:55","guid":{"rendered":"https:\/\/bibliotekapedagogiczna.pl\/dla-nauczyciela\/teatrzyk-kamishibai\/"},"modified":"2018-02-22T11:12:55","modified_gmt":"2018-02-22T10:12:55","slug":"teatrzyk-kamishibai","status":"publish","type":"page","link":"https:\/\/bibliotekapedagogiczna.pl\/en\/dla-nauczyciela\/teatrzyk-kamishibai\/","title":{"rendered":"Teatrzyk Kamishibai"},"content":{"rendered":"<p>Biblioteka prowadzi zaj\u0119cia czytelnicze z Teatrzykiem Kamishibai. Jest to papierowy teatr ilustracji wywodz\u0105cy si\u0119 z Japonii. Zaj\u0119cia odbywaj\u0105 si\u0119 w \u015brody dla przedszkoli i wszystkich typ\u00f3w szk\u00f3\u0142 (po wcze\u015bniejszym uzgodnieniu telefonicznym).<\/p>\n<p>Co to takiego teatrzyk Kamishibai? KAMI oznacza papier, SHIBAI \u2013 sztuka. Jest to wi\u0119c teatr papierowy, teatr ilustracji. W nietypowy spos\u00f3b mo\u017cna dzieciom wype\u0142ni\u0107 nadmiar wolnego czasu. \u017beby teatrzyk zaistnia\u0142, potrzebne jest BUTAI \u2013 drewniana skrzynka przypominaj\u0105ca teatrzyk kukie\u0142kowy.<\/p>\n<p>Kamishibai powsta\u0142o w okresie wielkiego kryzysu gospodarczego przypadaj\u0105cego na lata 1929 \u2013 1939. Dotkn\u0105\u0142 on mi\u0119dzy innymi lektor\u00f3w kina niemego, kt\u00f3rzy po ud\u017awi\u0119kowieniu filmu stracili prac\u0119. I to w\u0142a\u015bnie oni, \u0142\u0105cz\u0105c si\u0142y z rysownikami stworzyli teatrzyk Kamishibai.<\/p>\n<p><img loading=\"lazy\" decoding=\"async\" class=\"aligncenter wp-image-4060 size-medium\" src=\"https:\/\/bibliotekapedagogiczna.pl\/wp-content\/uploads\/2020\/04\/teatrzyk-300x209.jpg\" alt=\"\" width=\"300\" height=\"209\"><\/p>\n<p>Kontakt: <em>Agnieszka Krzyczkowska &#8211; tel. (48) 345-98-37 w. 113; &nbsp;(48) 345-95-50 w. 113<\/em><\/p>\n","protected":false},"excerpt":{"rendered":"<p>Biblioteka prowadzi zaj\u0119cia czytelnicze z Teatrzykiem Kamishibai. Jest to papierowy teatr ilustracji wywodz\u0105cy si\u0119 z Japonii. Zaj\u0119cia odbywaj\u0105 si\u0119 w [&hellip;]<\/p>\n","protected":false},"author":114,"featured_media":0,"parent":8107,"menu_order":4,"comment_status":"closed","ping_status":"closed","template":"","meta":{"_acf_changed":false,"_oasis_is_in_workflow":0,"_oasis_original":0,"inline_featured_image":false,"site-sidebar-layout":"default","site-content-layout":"","ast-site-content-layout":"default","site-content-style":"default","site-sidebar-style":"default","ast-global-header-display":"","ast-banner-title-visibility":"","ast-main-header-display":"","ast-hfb-above-header-display":"","ast-hfb-below-header-display":"","ast-hfb-mobile-header-display":"","site-post-title":"","ast-breadcrumbs-content":"","ast-featured-img":"","footer-sml-layout":"","ast-disable-related-posts":"","theme-transparent-header-meta":"","adv-header-id-meta":"","stick-header-meta":"","header-above-stick-meta":"","header-main-stick-meta":"","header-below-stick-meta":"","astra-migrate-meta-layouts":"default","ast-page-background-enabled":"default","ast-page-background-meta":{"desktop":{"background-color":"","background-image":"","background-repeat":"repeat","background-position":"center center","background-size":"auto","background-attachment":"scroll","background-type":"","background-media":"","overlay-type":"","overlay-color":"","overlay-opacity":"","overlay-gradient":""},"tablet":{"background-color":"","background-image":"","background-repeat":"repeat","background-position":"center center","background-size":"auto","background-attachment":"scroll","background-type":"","background-media":"","overlay-type":"","overlay-color":"","overlay-opacity":"","overlay-gradient":""},"mobile":{"background-color":"","background-image":"","background-repeat":"repeat","background-position":"center center","background-size":"auto","background-attachment":"scroll","background-type":"","background-media":"","overlay-type":"","overlay-color":"","overlay-opacity":"","overlay-gradient":""}},"ast-content-background-meta":{"desktop":{"background-color":"var(--ast-global-color-5)","background-image":"","background-repeat":"repeat","background-position":"center center","background-size":"auto","background-attachment":"scroll","background-type":"","background-media":"","overlay-type":"","overlay-color":"","overlay-opacity":"","overlay-gradient":""},"tablet":{"background-color":"var(--ast-global-color-5)","background-image":"","background-repeat":"repeat","background-position":"center center","background-size":"auto","background-attachment":"scroll","background-type":"","background-media":"","overlay-type":"","overlay-color":"","overlay-opacity":"","overlay-gradient":""},"mobile":{"background-color":"var(--ast-global-color-5)","background-image":"","background-repeat":"repeat","background-position":"center center","background-size":"auto","background-attachment":"scroll","background-type":"","background-media":"","overlay-type":"","overlay-color":"","overlay-opacity":"","overlay-gradient":""}},"_themeisle_gutenberg_block_has_review":false,"footnotes":""},"class_list":["post-8114","page","type-page","status-publish","hentry"],"acf":[],"featured_image_urls_v2":{"full":"","thumbnail":"","medium":"","medium_large":"","large":"","1536x1536":"","2048x2048":"","img-1100-450":"","img-1120-800":"","img-870-440":"","img-850-600":"","img-480-380":"","img-300-225":"","img-540-700":"","img-75-75":"","menu-24x24":"","menu-36x36":"","menu-48x48":""},"post_excerpt_stackable_v2":"<p>Biblioteka prowadzi zaj\u0119cia czytelnicze z Teatrzykiem Kamishibai. Jest to papierowy teatr ilustracji wywodz\u0105cy si\u0119 z Japonii. Zaj\u0119cia odbywaj\u0105 si\u0119 w \u015brody dla przedszkoli i wszystkich typ\u00f3w szk\u00f3\u0142 (po wcze\u015bniejszym uzgodnieniu telefonicznym). Co to takiego teatrzyk Kamishibai? KAMI oznacza papier, SHIBAI \u2013 sztuka. Jest to wi\u0119c teatr papierowy, teatr ilustracji. W nietypowy spos\u00f3b mo\u017cna dzieciom wype\u0142ni\u0107 nadmiar wolnego czasu. \u017beby teatrzyk zaistnia\u0142, potrzebne jest BUTAI \u2013 drewniana skrzynka przypominaj\u0105ca teatrzyk kukie\u0142kowy. Kamishibai powsta\u0142o w okresie wielkiego kryzysu gospodarczego przypadaj\u0105cego na lata 1929 \u2013 1939. Dotkn\u0105\u0142 on mi\u0119dzy innymi lektor\u00f3w kina niemego, kt\u00f3rzy po ud\u017awi\u0119kowieniu filmu stracili prac\u0119. I to w\u0142a\u015bnie oni,&hellip;<\/p>\n","category_list_v2":"","author_info_v2":{"name":"R2F3cm9u","url":"https:\/\/bibliotekapedagogiczna.pl\/en\/author\/yw5kcnplamdhd3jvbnnraq\/"},"comments_num_v2":"0 comments","_links":{"self":[{"href":"https:\/\/bibliotekapedagogiczna.pl\/en\/wp-json\/wp\/v2\/pages\/8114","targetHints":{"allow":["GET"]}}],"collection":[{"href":"https:\/\/bibliotekapedagogiczna.pl\/en\/wp-json\/wp\/v2\/pages"}],"about":[{"href":"https:\/\/bibliotekapedagogiczna.pl\/en\/wp-json\/wp\/v2\/types\/page"}],"author":[{"embeddable":true,"href":"https:\/\/bibliotekapedagogiczna.pl\/en\/wp-json\/wp\/v2\/users\/114"}],"replies":[{"embeddable":true,"href":"https:\/\/bibliotekapedagogiczna.pl\/en\/wp-json\/wp\/v2\/comments?post=8114"}],"version-history":[{"count":0,"href":"https:\/\/bibliotekapedagogiczna.pl\/en\/wp-json\/wp\/v2\/pages\/8114\/revisions"}],"up":[{"embeddable":true,"href":"https:\/\/bibliotekapedagogiczna.pl\/en\/wp-json\/wp\/v2\/pages\/8107"}],"wp:attachment":[{"href":"https:\/\/bibliotekapedagogiczna.pl\/en\/wp-json\/wp\/v2\/media?parent=8114"}],"curies":[{"name":"wp","href":"https:\/\/api.w.org\/{rel}","templated":true}]}}