{"id":7843,"date":"2020-09-02T19:37:36","date_gmt":"2020-09-02T17:37:36","guid":{"rendered":"https:\/\/bibliotekapedagogiczna.pl\/dla-bibliotekarza\/"},"modified":"2022-06-02T15:28:26","modified_gmt":"2022-06-02T13:28:26","slug":"dla-bibliotekarza","status":"publish","type":"page","link":"https:\/\/bibliotekapedagogiczna.pl\/en\/dla-bibliotekarza\/","title":{"rendered":"For the librarian"},"content":{"rendered":"<p>Biblioteka Pedagogiczna w Radomiu wspiera nauczycieli-bibliotekarzy wszystkich typ\u00f3w szk\u00f3\u0142. Oferujemy swoj\u0105 pomoc w zakresie:<\/p>\n<ul>\n<li>Prowadzenia sieci wsp\u00f3\u0142pracy i samokszta\u0142cenia,<\/li>\n<li>Pomocy w wyborze literatury na dany temat,<\/li>\n<li>Sporz\u0105dzania i wydruku zestawie\u0144 bibliograficznych przydatnych do prowadzenia zaj\u0119\u0107 edukacyjnych,<\/li>\n<li>Instrukta\u017cu metodycznego dla nauczycieli-bibliotekarzy wszystkich rodzaj\u00f3w szk\u00f3\u0142,<\/li>\n<li>Organizacji i prowadzenia lekcji bibliotecznych dla uczni\u00f3w wszystkich typ\u00f3w szk\u00f3\u0142,<\/li>\n<li>Prowadzenia zaj\u0119\u0107 dla dzieci w wieku przedszkolnym etc.<\/li>\n<\/ul>\n","protected":false},"excerpt":{"rendered":"<p>Biblioteka Pedagogiczna w Radomiu wspiera nauczycieli-bibliotekarzy wszystkich typ\u00f3w szk\u00f3\u0142. Oferujemy swoj\u0105 pomoc w zakresie: Prowadzenia sieci wsp\u00f3\u0142pracy i samokszta\u0142cenia, Pomocy [&hellip;]<\/p>\n","protected":false},"author":114,"featured_media":8486,"parent":0,"menu_order":0,"comment_status":"closed","ping_status":"closed","template":"","meta":{"_acf_changed":false,"_oasis_is_in_workflow":0,"_oasis_original":0,"inline_featured_image":false,"site-sidebar-layout":"default","site-content-layout":"","ast-site-content-layout":"default","site-content-style":"default","site-sidebar-style":"default","ast-global-header-display":"","ast-banner-title-visibility":"","ast-main-header-display":"","ast-hfb-above-header-display":"","ast-hfb-below-header-display":"","ast-hfb-mobile-header-display":"","site-post-title":"","ast-breadcrumbs-content":"","ast-featured-img":"","footer-sml-layout":"","ast-disable-related-posts":"","theme-transparent-header-meta":"","adv-header-id-meta":"","stick-header-meta":"","header-above-stick-meta":"","header-main-stick-meta":"","header-below-stick-meta":"","astra-migrate-meta-layouts":"default","ast-page-background-enabled":"default","ast-page-background-meta":{"desktop":{"background-color":"","background-image":"","background-repeat":"repeat","background-position":"center center","background-size":"auto","background-attachment":"scroll","background-type":"","background-media":"","overlay-type":"","overlay-color":"","overlay-opacity":"","overlay-gradient":""},"tablet":{"background-color":"","background-image":"","background-repeat":"repeat","background-position":"center center","background-size":"auto","background-attachment":"scroll","background-type":"","background-media":"","overlay-type":"","overlay-color":"","overlay-opacity":"","overlay-gradient":""},"mobile":{"background-color":"","background-image":"","background-repeat":"repeat","background-position":"center center","background-size":"auto","background-attachment":"scroll","background-type":"","background-media":"","overlay-type":"","overlay-color":"","overlay-opacity":"","overlay-gradient":""}},"ast-content-background-meta":{"desktop":{"background-color":"var(--ast-global-color-5)","background-image":"","background-repeat":"repeat","background-position":"center center","background-size":"auto","background-attachment":"scroll","background-type":"","background-media":"","overlay-type":"","overlay-color":"","overlay-opacity":"","overlay-gradient":""},"tablet":{"background-color":"var(--ast-global-color-5)","background-image":"","background-repeat":"repeat","background-position":"center center","background-size":"auto","background-attachment":"scroll","background-type":"","background-media":"","overlay-type":"","overlay-color":"","overlay-opacity":"","overlay-gradient":""},"mobile":{"background-color":"var(--ast-global-color-5)","background-image":"","background-repeat":"repeat","background-position":"center center","background-size":"auto","background-attachment":"scroll","background-type":"","background-media":"","overlay-type":"","overlay-color":"","overlay-opacity":"","overlay-gradient":""}},"_themeisle_gutenberg_block_has_review":false,"footnotes":""},"class_list":["post-7843","page","type-page","status-publish","has-post-thumbnail","hentry"],"acf":[],"featured_image_urls_v2":{"full":["https:\/\/bibliotekapedagogiczna.pl\/wp-content\/uploads\/sites\/10\/2020\/09\/DSC_0087-scaled.jpg",2560,1444,false],"thumbnail":["https:\/\/bibliotekapedagogiczna.pl\/wp-content\/uploads\/sites\/10\/2020\/09\/DSC_0087-150x150.jpg",150,150,true],"medium":["https:\/\/bibliotekapedagogiczna.pl\/wp-content\/uploads\/sites\/10\/2020\/09\/DSC_0087-300x169.jpg",300,169,true],"medium_large":["https:\/\/bibliotekapedagogiczna.pl\/wp-content\/uploads\/sites\/10\/2020\/09\/DSC_0087-768x433.jpg",768,433,true],"large":["https:\/\/bibliotekapedagogiczna.pl\/wp-content\/uploads\/sites\/10\/2020\/09\/DSC_0087-1024x578.jpg",1024,578,true],"1536x1536":["https:\/\/bibliotekapedagogiczna.pl\/wp-content\/uploads\/sites\/10\/2020\/09\/DSC_0087-1536x867.jpg",1536,867,true],"2048x2048":["https:\/\/bibliotekapedagogiczna.pl\/wp-content\/uploads\/sites\/10\/2020\/09\/DSC_0087-2048x1155.jpg",2048,1155,true],"img-1100-450":["https:\/\/bibliotekapedagogiczna.pl\/wp-content\/uploads\/sites\/10\/2020\/09\/DSC_0087-1100x450.jpg",1100,450,true],"img-1120-800":["https:\/\/bibliotekapedagogiczna.pl\/wp-content\/uploads\/sites\/10\/2020\/09\/DSC_0087-1120x800.jpg",1120,800,true],"img-870-440":["https:\/\/bibliotekapedagogiczna.pl\/wp-content\/uploads\/sites\/10\/2020\/09\/DSC_0087-870x440.jpg",870,440,true],"img-850-600":["https:\/\/bibliotekapedagogiczna.pl\/wp-content\/uploads\/sites\/10\/2020\/09\/DSC_0087-850x600.jpg",850,600,true],"img-480-380":["https:\/\/bibliotekapedagogiczna.pl\/wp-content\/uploads\/sites\/10\/2020\/09\/DSC_0087-480x380.jpg",480,380,true],"img-300-225":["https:\/\/bibliotekapedagogiczna.pl\/wp-content\/uploads\/sites\/10\/2020\/09\/DSC_0087-300x225.jpg",300,225,true],"img-540-700":["https:\/\/bibliotekapedagogiczna.pl\/wp-content\/uploads\/sites\/10\/2020\/09\/DSC_0087-scaled.jpg",540,305,false],"img-75-75":["https:\/\/bibliotekapedagogiczna.pl\/wp-content\/uploads\/sites\/10\/2020\/09\/DSC_0087-75x75.jpg",75,75,true],"menu-24x24":["https:\/\/bibliotekapedagogiczna.pl\/wp-content\/uploads\/sites\/10\/2020\/09\/DSC_0087-24x14.jpg",24,14,true],"menu-36x36":["https:\/\/bibliotekapedagogiczna.pl\/wp-content\/uploads\/sites\/10\/2020\/09\/DSC_0087-36x20.jpg",36,20,true],"menu-48x48":["https:\/\/bibliotekapedagogiczna.pl\/wp-content\/uploads\/sites\/10\/2020\/09\/DSC_0087-48x27.jpg",48,27,true]},"post_excerpt_stackable_v2":"<p>Biblioteka Pedagogiczna w Radomiu wspiera nauczycieli-bibliotekarzy wszystkich typ\u00f3w szk\u00f3\u0142. Oferujemy swoj\u0105 pomoc w zakresie: Prowadzenia sieci wsp\u00f3\u0142pracy i samokszta\u0142cenia, Pomocy w wyborze literatury na dany temat, Sporz\u0105dzania i wydruku zestawie\u0144 bibliograficznych przydatnych do prowadzenia zaj\u0119\u0107 edukacyjnych, Instrukta\u017cu metodycznego dla nauczycieli-bibliotekarzy wszystkich rodzaj\u00f3w szk\u00f3\u0142, Organizacji i prowadzenia lekcji bibliotecznych dla uczni\u00f3w wszystkich typ\u00f3w szk\u00f3\u0142, Prowadzenia zaj\u0119\u0107 dla dzieci w wieku przedszkolnym etc.<\/p>\n","category_list_v2":"","author_info_v2":{"name":"R2F3cm9u","url":"https:\/\/bibliotekapedagogiczna.pl\/en\/author\/yw5kcnplamdhd3jvbnnraq\/"},"comments_num_v2":"0 comments","_links":{"self":[{"href":"https:\/\/bibliotekapedagogiczna.pl\/en\/wp-json\/wp\/v2\/pages\/7843","targetHints":{"allow":["GET"]}}],"collection":[{"href":"https:\/\/bibliotekapedagogiczna.pl\/en\/wp-json\/wp\/v2\/pages"}],"about":[{"href":"https:\/\/bibliotekapedagogiczna.pl\/en\/wp-json\/wp\/v2\/types\/page"}],"author":[{"embeddable":true,"href":"https:\/\/bibliotekapedagogiczna.pl\/en\/wp-json\/wp\/v2\/users\/114"}],"replies":[{"embeddable":true,"href":"https:\/\/bibliotekapedagogiczna.pl\/en\/wp-json\/wp\/v2\/comments?post=7843"}],"version-history":[{"count":0,"href":"https:\/\/bibliotekapedagogiczna.pl\/en\/wp-json\/wp\/v2\/pages\/7843\/revisions"}],"wp:featuredmedia":[{"embeddable":true,"href":"https:\/\/bibliotekapedagogiczna.pl\/en\/wp-json\/wp\/v2\/media\/8486"}],"wp:attachment":[{"href":"https:\/\/bibliotekapedagogiczna.pl\/en\/wp-json\/wp\/v2\/media?parent=7843"}],"curies":[{"name":"wp","href":"https:\/\/api.w.org\/{rel}","templated":true}]}}