{"id":7841,"date":"2020-09-03T07:59:27","date_gmt":"2020-09-03T05:59:27","guid":{"rendered":"https:\/\/bibliotekapedagogiczna.pl\/materialy-dla-bibliotekarzy-szkolnych\/"},"modified":"2022-10-27T23:11:41","modified_gmt":"2022-10-27T21:11:41","slug":"materialy-dla-bibliotekarzy-szkolnych","status":"publish","type":"page","link":"https:\/\/bibliotekapedagogiczna.pl\/en\/dla-bibliotekarza\/materialy-dla-bibliotekarzy-szkolnych\/","title":{"rendered":"Materia\u0142y dla nauczycieli-bibliotekarzy"},"content":{"rendered":"\n<p>W dziale tym zamieszcza\u0107 b\u0119dziemy materia\u0142y przydatne w codziennej pracy nauczyciela-bibliotekarza. Zapraszamy do korzystania!<\/p>\n\n<h2 class=\"wp-block-heading\">Materia\u0142y dla nauczycieli-bibliotekarzy:<\/h2>\n\n<ul class=\"wp-block-list\"><li><a href=\"https:\/\/bibliotekapedagogiczna.pl\/wp-content\/uploads\/sites\/10\/2021\/11\/W-bibliotece-wszystko-gra-1-1.pdf\">W bibliotece wszystko gra-1<\/a><\/li><li><a href=\"https:\/\/bibliotekapedagogiczna.pl\/wp-content\/uploads\/sites\/10\/2021\/11\/Nowe-zasady-opracowania-1.pdf\">Nowe zasady opracowania<\/a><\/li><li><a href=\"https:\/\/wordwall.net\/pl\/resource\/2430820\/czy-wiesz-jak-korzysta%c4%87-z-biblioteki-pedagogicznej\" target=\"_blank\" rel=\"noopener noreferrer\">Czy wiesz jak korzysta\u0107 z Biblioteki Pedagogicznej \u2013 teleturniej<\/a><\/li><li><a href=\"https:\/\/bibliotekapedagogiczna.pl\/wp-content\/uploads\/sites\/10\/2021\/11\/Przepisy-katalogowania-BN-czasopisma.pdf\">Przepisy-katalogowania-BN-czasopisma<\/a><\/li><li><a href=\"https:\/\/bibliotekapedagogiczna.pl\/wp-content\/uploads\/sites\/10\/2021\/11\/Katalogowanie-publikacji-z-prawa-za-pomoca-DBN.pdf\">Katalogowanie-publikacji-z-prawa-za-pomoca-DBN<\/a><\/li><li><a href=\"https:\/\/bibliotekapedagogiczna.pl\/wp-content\/uploads\/sites\/10\/2021\/11\/Opracowanie-ksiazek-autobiograficznych-za-pomoca-DBN.pdf\">Opracowanie-ksi\u0105\u017cek-autobiograficznych-za-pomoca-DBN<\/a><\/li><li><a href=\"https:\/\/bibliotekapedagogiczna.pl\/wp-content\/uploads\/sites\/10\/2021\/11\/Katalogowanie-przedmiotowe-publikacji-z-zakresu-nauk-biologicznych.pdf\">Katalogowanie-przedmiotowe-publikacji-z-zakresu-nauk-biologicznych<\/a><\/li><li><a href=\"https:\/\/bibliotekapedagogiczna.pl\/wp-content\/uploads\/sites\/10\/2021\/11\/Katalogowanie-literatury-dla-dzieci-i-mlodziezy-za-pomoca-DBN.pdf\">Katalogowanie-literatury-dla-dzieci-i-m\u0142odzie\u017cy-za-pomoc\u0105-DBN<\/a><\/li><li><a href=\"https:\/\/bibliotekapedagogiczna.pl\/wp-content\/uploads\/sites\/10\/2021\/11\/Przepisy-katalogowania-BN.pdf\">Przepisy-katalogowania-BN<\/a><\/li><li><a href=\"https:\/\/bibliotekapedagogiczna.pl\/wp-content\/uploads\/sites\/10\/2021\/11\/Arkusz-spisu-z-natury.pdf\">Arkusz spisu z natury<\/a><\/li><li><a href=\"https:\/\/bibliotekapedagogiczna.pl\/wp-content\/uploads\/sites\/10\/2021\/11\/Biblioteki-w-portalach-spoecznociowych.pdf\">Biblioteki w portalach spo\u0142eczno\u015bciowych<\/a><\/li><li><a href=\"https:\/\/bibliotekapedagogiczna.pl\/wp-content\/uploads\/sites\/10\/2021\/11\/Biblioterapia.pdf\">Biblioterapia<\/a><\/li><li><a href=\"https:\/\/bibliotekapedagogiczna.pl\/wp-content\/uploads\/sites\/10\/2021\/11\/Ewidencjonowanie-podrcznikw-w-bibliotece-szkolnej.pdf\">Ewidencjonowanie podr\u0119cznik\u00f3w w bibliotece szkolnej<\/a><\/li><li><a href=\"https:\/\/bibliotekapedagogiczna.pl\/wp-content\/uploads\/sites\/10\/2021\/11\/skontrum-wzr.pdf\">Skontrum &#8211; wz\u00f3r<\/a><\/li><li><a href=\"https:\/\/bibliotekapedagogiczna.pl\/wp-content\/uploads\/sites\/10\/2021\/11\/Skontrum-w-bibliotece-szkolnej.pdf\">Skontrum w bibliotece szkolnej<\/a><\/li><li><a href=\"https:\/\/bibliotekapedagogiczna.pl\/wp-content\/uploads\/sites\/10\/2021\/11\/UKD-zapis-pionowy.pdf\">UKD zapis pionowy<\/a><\/li><li><a href=\"https:\/\/bibliotekapedagogiczna.pl\/wp-content\/uploads\/sites\/10\/2021\/11\/Zdjecia-w-bibliotece-2.0.pdf\">Zdj\u0119cia w bibliotece 2.0<\/a><\/li><\/ul>\n","protected":false},"excerpt":{"rendered":"<p>W dziale tym zamieszcza\u0107 b\u0119dziemy materia\u0142y przydatne w codziennej pracy nauczyciela-bibliotekarza. Zapraszamy do korzystania! Materia\u0142y dla nauczycieli-bibliotekarzy: W bibliotece wszystko [&hellip;]<\/p>\n","protected":false},"author":114,"featured_media":0,"parent":7843,"menu_order":0,"comment_status":"closed","ping_status":"closed","template":"","meta":{"_acf_changed":false,"_oasis_is_in_workflow":0,"_oasis_original":0,"inline_featured_image":false,"site-sidebar-layout":"default","site-content-layout":"","ast-site-content-layout":"default","site-content-style":"default","site-sidebar-style":"default","ast-global-header-display":"","ast-banner-title-visibility":"","ast-main-header-display":"","ast-hfb-above-header-display":"","ast-hfb-below-header-display":"","ast-hfb-mobile-header-display":"","site-post-title":"","ast-breadcrumbs-content":"","ast-featured-img":"","footer-sml-layout":"","ast-disable-related-posts":"","theme-transparent-header-meta":"","adv-header-id-meta":"","stick-header-meta":"","header-above-stick-meta":"","header-main-stick-meta":"","header-below-stick-meta":"","astra-migrate-meta-layouts":"default","ast-page-background-enabled":"default","ast-page-background-meta":{"desktop":{"background-color":"","background-image":"","background-repeat":"repeat","background-position":"center center","background-size":"auto","background-attachment":"scroll","background-type":"","background-media":"","overlay-type":"","overlay-color":"","overlay-opacity":"","overlay-gradient":""},"tablet":{"background-color":"","background-image":"","background-repeat":"repeat","background-position":"center center","background-size":"auto","background-attachment":"scroll","background-type":"","background-media":"","overlay-type":"","overlay-color":"","overlay-opacity":"","overlay-gradient":""},"mobile":{"background-color":"","background-image":"","background-repeat":"repeat","background-position":"center center","background-size":"auto","background-attachment":"scroll","background-type":"","background-media":"","overlay-type":"","overlay-color":"","overlay-opacity":"","overlay-gradient":""}},"ast-content-background-meta":{"desktop":{"background-color":"var(--ast-global-color-5)","background-image":"","background-repeat":"repeat","background-position":"center center","background-size":"auto","background-attachment":"scroll","background-type":"","background-media":"","overlay-type":"","overlay-color":"","overlay-opacity":"","overlay-gradient":""},"tablet":{"background-color":"var(--ast-global-color-5)","background-image":"","background-repeat":"repeat","background-position":"center center","background-size":"auto","background-attachment":"scroll","background-type":"","background-media":"","overlay-type":"","overlay-color":"","overlay-opacity":"","overlay-gradient":""},"mobile":{"background-color":"var(--ast-global-color-5)","background-image":"","background-repeat":"repeat","background-position":"center center","background-size":"auto","background-attachment":"scroll","background-type":"","background-media":"","overlay-type":"","overlay-color":"","overlay-opacity":"","overlay-gradient":""}},"_themeisle_gutenberg_block_has_review":false,"footnotes":""},"class_list":["post-7841","page","type-page","status-publish","hentry"],"acf":[],"featured_image_urls_v2":{"full":"","thumbnail":"","medium":"","medium_large":"","large":"","1536x1536":"","2048x2048":"","img-1100-450":"","img-1120-800":"","img-870-440":"","img-850-600":"","img-480-380":"","img-300-225":"","img-540-700":"","img-75-75":"","menu-24x24":"","menu-36x36":"","menu-48x48":""},"post_excerpt_stackable_v2":"<p>W dziale tym zamieszcza\u0107 b\u0119dziemy materia\u0142y przydatne w codziennej pracy nauczyciela-bibliotekarza. Zapraszamy do korzystania! Materia\u0142y dla nauczycieli-bibliotekarzy: W bibliotece wszystko gra-1Nowe zasady opracowaniaCzy wiesz jak korzysta\u0107 z Biblioteki Pedagogicznej \u2013 teleturniejPrzepisy-katalogowania-BN-czasopismaKatalogowanie-publikacji-z-prawa-za-pomoca-DBNOpracowanie-ksi\u0105\u017cek-autobiograficznych-za-pomoca-DBNKatalogowanie-przedmiotowe-publikacji-z-zakresu-nauk-biologicznychKatalogowanie-literatury-dla-dzieci-i-m\u0142odzie\u017cy-za-pomoc\u0105-DBNPrzepisy-katalogowania-BNArkusz spisu z naturyBiblioteki w portalach spo\u0142eczno\u015bciowychBiblioterapiaEwidencjonowanie podr\u0119cznik\u00f3w w bibliotece szkolnejSkontrum &#8211; wz\u00f3rSkontrum w bibliotece szkolnejUKD zapis pionowyZdj\u0119cia w bibliotece 2.0<\/p>\n","category_list_v2":"","author_info_v2":{"name":"R2F3cm9u","url":"https:\/\/bibliotekapedagogiczna.pl\/en\/author\/yw5kcnplamdhd3jvbnnraq\/"},"comments_num_v2":"0 comments","_links":{"self":[{"href":"https:\/\/bibliotekapedagogiczna.pl\/en\/wp-json\/wp\/v2\/pages\/7841","targetHints":{"allow":["GET"]}}],"collection":[{"href":"https:\/\/bibliotekapedagogiczna.pl\/en\/wp-json\/wp\/v2\/pages"}],"about":[{"href":"https:\/\/bibliotekapedagogiczna.pl\/en\/wp-json\/wp\/v2\/types\/page"}],"author":[{"embeddable":true,"href":"https:\/\/bibliotekapedagogiczna.pl\/en\/wp-json\/wp\/v2\/users\/114"}],"replies":[{"embeddable":true,"href":"https:\/\/bibliotekapedagogiczna.pl\/en\/wp-json\/wp\/v2\/comments?post=7841"}],"version-history":[{"count":1,"href":"https:\/\/bibliotekapedagogiczna.pl\/en\/wp-json\/wp\/v2\/pages\/7841\/revisions"}],"predecessor-version":[{"id":20327,"href":"https:\/\/bibliotekapedagogiczna.pl\/en\/wp-json\/wp\/v2\/pages\/7841\/revisions\/20327"}],"up":[{"embeddable":true,"href":"https:\/\/bibliotekapedagogiczna.pl\/en\/wp-json\/wp\/v2\/pages\/7843"}],"wp:attachment":[{"href":"https:\/\/bibliotekapedagogiczna.pl\/en\/wp-json\/wp\/v2\/media?parent=7841"}],"curies":[{"name":"wp","href":"https:\/\/api.w.org\/{rel}","templated":true}]}}