{"id":7839,"date":"2018-02-22T11:05:47","date_gmt":"2018-02-22T10:05:47","guid":{"rendered":"https:\/\/bibliotekapedagogiczna.pl\/lekcje-z-edukacji-czytelniczej-i-medialnej\/"},"modified":"2024-03-12T13:30:45","modified_gmt":"2024-03-12T12:30:45","slug":"lekcje-z-edukacji-czytelniczej-i-medialnej","status":"publish","type":"page","link":"https:\/\/bibliotekapedagogiczna.pl\/en\/dla-nauczyciela\/lekcje-z-edukacji-czytelniczej-i-medialnej\/","title":{"rendered":"Edukacja czytelnicza i medialna"},"content":{"rendered":"\n<h6 class=\"wp-block-heading\">Kontakt:<\/h6>\n\n<ul class=\"wp-block-list\">\n<li>Wydzia\u0142 Informacji i Promocji &#8211; (48) 345-95-50 w. 116<\/li>\n<\/ul>\n\n<h5 class=\"wp-block-heading\">Tematy lekcji:<\/h5>\n\n<h6 class=\"wp-block-heading\">Wychowanie przedszkolne:<\/h6>\n\n<ul class=\"wp-block-list\">\n<li>Wycieczka do Biblioteki Pedagogicznej w Radomiu.<\/li>\n\n\n\n<li>Szukamy informacji.<\/li>\n\n\n\n<li>\u015awiat wok\u00f3\u0142 nas, \u015bwiat pe\u0142en przekaz\u00f3w.<\/li>\n\n\n\n<li>\u015awiat filmu.<\/li>\n\n\n\n<li>Miko\u0142aj Kopernik, czyli kosmiczna podr\u00f3\u017c w nieznane (dla grup 5 i 6-latk\u00f3w)<\/li>\n<\/ul>\n\n<h6 class=\"wp-block-heading\">Szko\u0142y podstawowe &#8211; kl. I-III<\/h6>\n\n<ul class=\"wp-block-list\">\n<li>Wycieczka do Biblioteki Pedagogicznej w Radomiu.<\/li>\n\n\n\n<li>Sk\u0105d czerpiemy wiedz\u0119?<\/li>\n\n\n\n<li>Bezpieczni w mediach.<\/li>\n\n\n\n<li>Po drugiej stronie ekranu.<\/li>\n\n\n\n<li>Spotkanie z astronomem Miko\u0142ajem Kopernikiem<\/li>\n<\/ul>\n\n<h6 class=\"wp-block-heading\">Szko\u0142y podstawowe &#8211; kl. IV-VIII<\/h6>\n\n<ul class=\"wp-block-list\">\n<li>Biblioteka szkolna a biblioteka pedagogiczna : podobie\u0144stwa i r\u00f3\u017cnice.<\/li>\n\n\n\n<li>Wady i zalety Internetu.<\/li>\n\n\n\n<li>Na tropie informacji.<\/li>\n\n\n\n<li>Czasopisma tradycyjne i internetowe \u017ar\u00f3d\u0142em wiedzy i informacji<\/li>\n\n\n\n<li>Encyklopedie i s\u0142owniki tradycyjne i internetowe jako \u017ar\u00f3d\u0142a informacji bezpo\u015bredniej.<\/li>\n\n\n\n<li>Cyfrowy porter, czyli kilka s\u0142\u00f3w o wizerunku w Internecie.<\/li>\n\n\n\n<li>Media wok\u00f3\u0142 nas.<\/li>\n\n\n\n<li>Rola medi\u00f3w w uj\u0119ciu historycznym.<\/li>\n\n\n\n<li>\u015awiat medi\u00f3w &#8211; media lubi\u0105 sensacje.<\/li>\n\n\n\n<li>Wirtualny \u015bwiat, \u00a0wirtualne znajomo\u015bci.<\/li>\n\n\n\n<li>Fake newsy i dezinformacja w sieci.<\/li>\n\n\n\n<li>Rodzina Ulm\u00f3w. Dylematy moralne.<\/li>\n<\/ul>\n\n<h6 class=\"wp-block-heading\">Szko\u0142y \u015brednie<\/h6>\n\n<ul class=\"wp-block-list\">\n<li>Biblioteka Pedagogiczna jakiej nie znamy : zasady korzystania<\/li>\n\n\n\n<li>Gdzie szuka\u0107 informacji?<\/li>\n\n\n\n<li>Stop cyberprzemocy.<\/li>\n\n\n\n<li>J\u0119zyk medi\u00f3w.<\/li>\n\n\n\n<li>Specyfika pracy Biblioteki Pedagogicznej. Korzystanie z katalogu Integro.<\/li>\n\n\n\n<li>Korzy\u015bci z podejrzliwo\u015bci, czyli o wiarygodno\u015bci informacji.<\/li>\n\n\n\n<li>Sporz\u0105dzanie bibliografii za\u0142\u0105cznikowej.<\/li>\n\n\n\n<li>Wizerunek w sieci.<\/li>\n\n\n\n<li>Netykieta, czyli o kulturze w Internecie.<\/li>\n<\/ul>\n","protected":false},"excerpt":{"rendered":"<p>Kontakt: Tematy lekcji: Wychowanie przedszkolne: Szko\u0142y podstawowe &#8211; kl. I-III Szko\u0142y podstawowe &#8211; kl. IV-VIII Szko\u0142y \u015brednie<\/p>\n","protected":false},"author":114,"featured_media":0,"parent":8107,"menu_order":2,"comment_status":"closed","ping_status":"closed","template":"","meta":{"_acf_changed":false,"_oasis_is_in_workflow":0,"_oasis_original":0,"inline_featured_image":false,"site-sidebar-layout":"default","site-content-layout":"","ast-site-content-layout":"default","site-content-style":"default","site-sidebar-style":"default","ast-global-header-display":"","ast-banner-title-visibility":"","ast-main-header-display":"","ast-hfb-above-header-display":"","ast-hfb-below-header-display":"","ast-hfb-mobile-header-display":"","site-post-title":"","ast-breadcrumbs-content":"","ast-featured-img":"","footer-sml-layout":"","ast-disable-related-posts":"","theme-transparent-header-meta":"","adv-header-id-meta":"","stick-header-meta":"","header-above-stick-meta":"","header-main-stick-meta":"","header-below-stick-meta":"","astra-migrate-meta-layouts":"default","ast-page-background-enabled":"default","ast-page-background-meta":{"desktop":{"background-color":"","background-image":"","background-repeat":"repeat","background-position":"center center","background-size":"auto","background-attachment":"scroll","background-type":"","background-media":"","overlay-type":"","overlay-color":"","overlay-opacity":"","overlay-gradient":""},"tablet":{"background-color":"","background-image":"","background-repeat":"repeat","background-position":"center center","background-size":"auto","background-attachment":"scroll","background-type":"","background-media":"","overlay-type":"","overlay-color":"","overlay-opacity":"","overlay-gradient":""},"mobile":{"background-color":"","background-image":"","background-repeat":"repeat","background-position":"center center","background-size":"auto","background-attachment":"scroll","background-type":"","background-media":"","overlay-type":"","overlay-color":"","overlay-opacity":"","overlay-gradient":""}},"ast-content-background-meta":{"desktop":{"background-color":"var(--ast-global-color-5)","background-image":"","background-repeat":"repeat","background-position":"center center","background-size":"auto","background-attachment":"scroll","background-type":"","background-media":"","overlay-type":"","overlay-color":"","overlay-opacity":"","overlay-gradient":""},"tablet":{"background-color":"var(--ast-global-color-5)","background-image":"","background-repeat":"repeat","background-position":"center center","background-size":"auto","background-attachment":"scroll","background-type":"","background-media":"","overlay-type":"","overlay-color":"","overlay-opacity":"","overlay-gradient":""},"mobile":{"background-color":"var(--ast-global-color-5)","background-image":"","background-repeat":"repeat","background-position":"center center","background-size":"auto","background-attachment":"scroll","background-type":"","background-media":"","overlay-type":"","overlay-color":"","overlay-opacity":"","overlay-gradient":""}},"_themeisle_gutenberg_block_has_review":false,"footnotes":""},"class_list":["post-7839","page","type-page","status-publish","hentry"],"acf":[],"featured_image_urls_v2":{"full":"","thumbnail":"","medium":"","medium_large":"","large":"","1536x1536":"","2048x2048":"","img-1100-450":"","img-1120-800":"","img-870-440":"","img-850-600":"","img-480-380":"","img-300-225":"","img-540-700":"","img-75-75":"","menu-24x24":"","menu-36x36":"","menu-48x48":""},"post_excerpt_stackable_v2":"<p>Kontakt: Wydzia\u0142 Informacji i Promocji &#8211; (48) 345-95-50 w. 116 Tematy lekcji: Wychowanie przedszkolne: Wycieczka do Biblioteki Pedagogicznej w Radomiu. Szukamy informacji. \u015awiat wok\u00f3\u0142 nas, \u015bwiat pe\u0142en przekaz\u00f3w. \u015awiat filmu. Miko\u0142aj Kopernik, czyli kosmiczna podr\u00f3\u017c w nieznane (dla grup 5 i 6-latk\u00f3w) Szko\u0142y podstawowe &#8211; kl. I-III Wycieczka do Biblioteki Pedagogicznej w Radomiu. Sk\u0105d czerpiemy wiedz\u0119? Bezpieczni w mediach. Po drugiej stronie ekranu. Spotkanie z astronomem Miko\u0142ajem Kopernikiem Szko\u0142y podstawowe &#8211; kl. IV-VIII Biblioteka szkolna a biblioteka pedagogiczna : podobie\u0144stwa i r\u00f3\u017cnice. Wady i zalety Internetu. Na tropie informacji. Czasopisma tradycyjne i internetowe \u017ar\u00f3d\u0142em wiedzy i informacji Encyklopedie i s\u0142owniki&hellip;<\/p>\n","category_list_v2":"","author_info_v2":{"name":"R2F3cm9u","url":"https:\/\/bibliotekapedagogiczna.pl\/en\/author\/yw5kcnplamdhd3jvbnnraq\/"},"comments_num_v2":"0 comments","_links":{"self":[{"href":"https:\/\/bibliotekapedagogiczna.pl\/en\/wp-json\/wp\/v2\/pages\/7839","targetHints":{"allow":["GET"]}}],"collection":[{"href":"https:\/\/bibliotekapedagogiczna.pl\/en\/wp-json\/wp\/v2\/pages"}],"about":[{"href":"https:\/\/bibliotekapedagogiczna.pl\/en\/wp-json\/wp\/v2\/types\/page"}],"author":[{"embeddable":true,"href":"https:\/\/bibliotekapedagogiczna.pl\/en\/wp-json\/wp\/v2\/users\/114"}],"replies":[{"embeddable":true,"href":"https:\/\/bibliotekapedagogiczna.pl\/en\/wp-json\/wp\/v2\/comments?post=7839"}],"version-history":[{"count":2,"href":"https:\/\/bibliotekapedagogiczna.pl\/en\/wp-json\/wp\/v2\/pages\/7839\/revisions"}],"predecessor-version":[{"id":56014,"href":"https:\/\/bibliotekapedagogiczna.pl\/en\/wp-json\/wp\/v2\/pages\/7839\/revisions\/56014"}],"up":[{"embeddable":true,"href":"https:\/\/bibliotekapedagogiczna.pl\/en\/wp-json\/wp\/v2\/pages\/8107"}],"wp:attachment":[{"href":"https:\/\/bibliotekapedagogiczna.pl\/en\/wp-json\/wp\/v2\/media?parent=7839"}],"curies":[{"name":"wp","href":"https:\/\/api.w.org\/{rel}","templated":true}]}}