{"id":77728,"date":"2024-12-17T15:34:39","date_gmt":"2024-12-17T14:34:39","guid":{"rendered":"https:\/\/bibliotekapedagogiczna.pl\/?page_id=77728"},"modified":"2024-12-17T15:34:41","modified_gmt":"2024-12-17T14:34:41","slug":"regulamin-czasopisma-elektronicznego","status":"publish","type":"page","link":"https:\/\/bibliotekapedagogiczna.pl\/en\/regulamin-czasopisma-elektronicznego\/","title":{"rendered":"Regulamin czasopisma elektronicznego"},"content":{"rendered":"\n<p class=\"has-text-align-center\"><strong>Regulamin czasopisma \u201eBiblioteka Horyzont\u00f3w\u201d<\/strong><\/p>\n\n\n\n<p class=\"has-text-align-center\">\u00a7 1<\/p>\n\n\n\n<p>\u201eBiblioteka Horyzont\u00f3w\u201d jest czasopismem wydawanym przez Bibliotek\u0119 Pedagogiczn\u0105 w Radomiu, zwan\u0105 dalej <strong>Wydawc\u0105<\/strong>.<\/p>\n\n\n\n<p class=\"has-text-align-center\">\u00a7 2<\/p>\n\n\n\n<p>Czasopismo ukazuje si\u0119 w wersji elektronicznej na stronie internetowej Wydawcy (E-Us\u0142ugi, zak\u0142adka Czasopismo elektroniczne).<\/p>\n\n\n\n<p class=\"has-text-align-center\">\u00a7 3<\/p>\n\n\n\n<p>Cz\u0119stotliwo\u015b\u0107 ukazywania si\u0119 czasopisma to p\u00f3\u0142rocznik \u2013 dwa numery ka\u017cdego roku kalendarzowego: w styczniu i w czerwcu.<\/p>\n\n\n\n<p class=\"has-text-align-center\">\u00a7 4<\/p>\n\n\n\n<p>Czasopismo ma za zadanie upublicznia\u0107 rezultaty prac naukowych i zawodowych pracownik\u00f3w Biblioteki Pedagogicznej w Radomiu oraz podlegaj\u0105cych jej filii bibliotecznych.<\/p>\n\n\n\n<p class=\"has-text-align-center\">\u00a7 5<\/p>\n\n\n\n<p>Profil czasopisma okre\u015blaj\u0105 przede wszystkim zagadnienia z zakresu o\u015bwiaty,&nbsp; bibliotekoznawstwa, pedagogiki, psychologii, artyku\u0142y teoretyczne, sprawozdania, komunikaty, recenzje i om\u00f3wienia.<\/p>\n\n\n\n<p class=\"has-text-align-center\">\u00a7 6<\/p>\n\n\n\n<p>W czasopi\u015bmie publikowane s\u0105 artyku\u0142y o charakterze naukowym oraz po\u015bwi\u0119cone problemom zawodowym, opracowane zar\u00f3wno przez pracownik\u00f3w Biblioteki Pedagogicznej, jak i autor\u00f3w zewn\u0119trznych.<\/p>\n\n\n\n<p class=\"has-text-align-center\">\u00a7 7<\/p>\n\n\n\n<p>Redakcj\u0119 tworzy Zesp\u00f3\u0142 ds. czasopisma elektronicznego powo\u0142any przez Dyrektora Biblioteki Pedagogicznej w Radomiu.<\/p>\n\n\n\n<p class=\"has-text-align-center\">\u00a7 8<\/p>\n\n\n\n<p>W sk\u0142ad Zespo\u0142u ds. czasopisma elektronicznego wchodz\u0105: redaktor naczelny, zast\u0119pca redaktora naczelnego, redaktor techniczny, redaktor j\u0119zykowy, redaktor graficzny.<\/p>\n\n\n\n<p class=\"has-text-align-center\">\u00a7 9<\/p>\n\n\n\n<p>Do g\u0142\u00f3wnych zada\u0144 Zespo\u0142u ds. czasopisma elektronicznego nale\u017cy organizacja procesu wydawniczego oraz dbanie o wysoki poziom merytoryczny publikowanych artyku\u0142\u00f3w.<\/p>\n\n\n\n<p class=\"has-text-align-center\">\u00a7 10<\/p>\n\n\n\n<p>W czasopi\u015bmie elektronicznym publikowane s\u0105 wy\u0142\u0105cznie teksty uprzednio niepublikowane oraz nieprzekazane do publikacji innemu wydawcy (nie dotyczy to komunikat\u00f3w, relacji<br>i sprawozda\u0144).<\/p>\n\n\n\n<p class=\"has-text-align-center\">\u00a7 11<\/p>\n\n\n\n<p>Za tre\u015b\u0107 publikacji, naruszenie praw autorskich, odpowiedzialno\u015b\u0107 ponosz\u0105 autorzy artyku\u0142\u00f3w.<\/p>\n\n\n\n<p class=\"has-text-align-center\">\u00a7 12<\/p>\n\n\n\n<p>Autorzy artyku\u0142\u00f3w publikowanych w czasopi\u015bmie elektronicznym nie otrzymuj\u0105 wynagrodzenia.<\/p>\n\n\n\n<p class=\"has-text-align-center\">\u00a7 13<\/p>\n\n\n\n<p>W czasopi\u015bmie elektronicznym publikowane s\u0105 artyku\u0142y przede wszystkim w j\u0119zyku polskim.<\/p>\n\n\n\n<p class=\"has-text-align-center\">\u00a7 14<\/p>\n\n\n\n<p>Dopuszcza si\u0119 publikacj\u0119 tekst\u00f3w w j\u0119zyku angielskim.<\/p>\n\n\n\n<p class=\"has-text-align-center\">\u00a7 15<\/p>\n\n\n\n<p>Warunkiem przyj\u0119cia tekstu jest przestrzeganie przez autor\u00f3w wymog\u00f3w edytorskich oraz zasad etyki publikacyjnej obowi\u0105zuj\u0105cych w Bibliotece Pedagogicznej w Radomiu.<\/p>\n\n\n\n<p class=\"has-text-align-center\">\u00a7 16<\/p>\n\n\n\n<p>Materia\u0142y do kolejnych numer\u00f3w nale\u017cy przes\u0142a\u0107 poprzez swoje imienne konto w portalu E-us\u0142ugi najp\u00f3\u017aniej na 1 miesi\u0105c przed ukazaniem si\u0119 czasopisma.<\/p>\n\n\n\n<p class=\"has-text-align-center\">\u00a7 17<\/p>\n\n\n\n<p>Redakcja przyjmowa\u0107 b\u0119dzie do publikacji artyku\u0142y o obj\u0119to\u015bci od 1 strony znormalizowanej (1800 znak\u00f3w ze spacjami) do 3 stron (maksymalnie 5400 znak\u00f3w ze spacjami).<\/p>\n\n\n\n<p class=\"has-text-align-center\">\u00a7 18<\/p>\n\n\n\n<p>Tekst powinien by\u0107 napisany za pomoc\u0105 programu Microsoft Word w formacie docx. Stosowana czcionka: Times New Roman, 12 pkt., interlinia 1,5. Marginesy standardowe (2,5 x 2,5 cm), tekst wyjustowany. Zwroty obcoj\u0119zyczne: kursywa. Pogrubienie tytu\u0142u, tekstu w celu wyr\u00f3\u017cnienia fragmentu lub s\u0142owa.<\/p>\n\n\n\n<p class=\"has-text-align-center\">\u00a7 19<\/p>\n\n\n\n<p>Tekst powinien by\u0107 opatrzony nast\u0119puj\u0105cymi danymi autora: imi\u0119 i nazwisko, miejsce pracy.<\/p>\n\n\n\n<p class=\"has-text-align-center\">\u00a7 20<\/p>\n\n\n\n<p>Tabele, wykresy, rysunki i zdj\u0119cia powinny by\u0107: ponumerowane, zawiera\u0107 dok\u0142adne \u017ar\u00f3d\u0142o, by\u0107 jak najlepszej rozdzielczo\u015bci. Grafiki nale\u017cy przesy\u0142a\u0107 w postaci za\u0142\u0105cznika.<\/p>\n\n\n\n<p class=\"has-text-align-center\">\u00a7 21<\/p>\n\n\n\n<p>Przypisy dolne w tek\u015bcie powinny by\u0107 umieszczane w spos\u00f3b konsekwentny i ujednolicony \u2013 obowi\u0105zuje numeracja liczbowa, czcionka 10 pkt., interlinia pojedyncza.<\/p>\n\n\n\n<p class=\"has-text-align-center\">\u00a7 22<\/p>\n\n\n\n<p>Bibliografia powinna by\u0107 umieszczona na ko\u0144cu tekstu zgodnie z porz\u0105dkiem alfabetycznym wed\u0142ug klucza nazwisk autor\u00f3w, za\u015b w przypadku prac jednego autora \u2013 alfabetycznie wed\u0142ug tytu\u0142\u00f3w. W sytuacji przywo\u0142ywania prac zbiorowych \u2013 spis powinien by\u0107 porz\u0105dkowany alfabetycznie wed\u0142ug tytu\u0142\u00f3w dzie\u0142.<\/p>\n\n\n\n<p class=\"has-text-align-center\">\u00a7 23<\/p>\n\n\n\n<p>Pozycje bibliograficzne powinny zawiera\u0107:<\/p>\n\n\n\n<p>1) w przypadku ksi\u0105\u017cek \u2013 nazwisko i inicja\u0142 autora (autor\u00f3w), tytu\u0142 rozdzia\u0142u, tytu\u0142 ksi\u0105\u017cki, nazwisko redaktora, nazw\u0119 wydawnictwa, miejsce i rok wydania, ew. przedzia\u0142 stron,<\/p>\n\n\n\n<p>2) w przypadku artyku\u0142\u00f3w z czasopism \u2013 nazwisko i inicja\u0142 autora (autor\u00f3w), tytu\u0142 artyku\u0142u, nazw\u0119 czasopisma, rok, rocznik i numer czasopisma oraz przedzia\u0142 stron artyku\u0142u,<\/p>\n\n\n\n<p>3) w przypadku artyku\u0142\u00f3w ze stron internetowych \u2013 nazwisko i inicja\u0142 imienia autora, tytu\u0142 artyku\u0142u, pe\u0142ny adres \u017ar\u00f3d\u0142a elektronicznego oraz dat\u0119 dost\u0119pu do tego artyku\u0142u.<\/p>\n","protected":false},"excerpt":{"rendered":"<p>Regulamin czasopisma \u201eBiblioteka Horyzont\u00f3w\u201d \u00a7 1 \u201eBiblioteka Horyzont\u00f3w\u201d jest czasopismem wydawanym przez Bibliotek\u0119 Pedagogiczn\u0105 w Radomiu, zwan\u0105 dalej Wydawc\u0105. \u00a7 [&hellip;]<\/p>\n","protected":false},"author":914,"featured_media":0,"parent":0,"menu_order":0,"comment_status":"closed","ping_status":"closed","template":"","meta":{"_acf_changed":false,"_oasis_is_in_workflow":0,"_oasis_original":0,"inline_featured_image":false,"site-sidebar-layout":"default","site-content-layout":"","ast-site-content-layout":"default","site-content-style":"default","site-sidebar-style":"default","ast-global-header-display":"","ast-banner-title-visibility":"","ast-main-header-display":"","ast-hfb-above-header-display":"","ast-hfb-below-header-display":"","ast-hfb-mobile-header-display":"","site-post-title":"","ast-breadcrumbs-content":"","ast-featured-img":"","footer-sml-layout":"","ast-disable-related-posts":"","theme-transparent-header-meta":"","adv-header-id-meta":"","stick-header-meta":"","header-above-stick-meta":"","header-main-stick-meta":"","header-below-stick-meta":"","astra-migrate-meta-layouts":"set","ast-page-background-enabled":"default","ast-page-background-meta":{"desktop":{"background-color":"","background-image":"","background-repeat":"repeat","background-position":"center center","background-size":"auto","background-attachment":"scroll","background-type":"","background-media":"","overlay-type":"","overlay-color":"","overlay-opacity":"","overlay-gradient":""},"tablet":{"background-color":"","background-image":"","background-repeat":"repeat","background-position":"center center","background-size":"auto","background-attachment":"scroll","background-type":"","background-media":"","overlay-type":"","overlay-color":"","overlay-opacity":"","overlay-gradient":""},"mobile":{"background-color":"","background-image":"","background-repeat":"repeat","background-position":"center center","background-size":"auto","background-attachment":"scroll","background-type":"","background-media":"","overlay-type":"","overlay-color":"","overlay-opacity":"","overlay-gradient":""}},"ast-content-background-meta":{"desktop":{"background-color":"var(--ast-global-color-5)","background-image":"","background-repeat":"repeat","background-position":"center center","background-size":"auto","background-attachment":"scroll","background-type":"","background-media":"","overlay-type":"","overlay-color":"","overlay-opacity":"","overlay-gradient":""},"tablet":{"background-color":"var(--ast-global-color-5)","background-image":"","background-repeat":"repeat","background-position":"center center","background-size":"auto","background-attachment":"scroll","background-type":"","background-media":"","overlay-type":"","overlay-color":"","overlay-opacity":"","overlay-gradient":""},"mobile":{"background-color":"var(--ast-global-color-5)","background-image":"","background-repeat":"repeat","background-position":"center center","background-size":"auto","background-attachment":"scroll","background-type":"","background-media":"","overlay-type":"","overlay-color":"","overlay-opacity":"","overlay-gradient":""}},"_themeisle_gutenberg_block_has_review":false,"footnotes":""},"class_list":["post-77728","page","type-page","status-publish","hentry"],"acf":[],"featured_image_urls_v2":{"full":"","thumbnail":"","medium":"","medium_large":"","large":"","1536x1536":"","2048x2048":"","img-1100-450":"","img-1120-800":"","img-870-440":"","img-850-600":"","img-480-380":"","img-300-225":"","img-540-700":"","img-75-75":"","menu-24x24":"","menu-36x36":"","menu-48x48":""},"post_excerpt_stackable_v2":"<p>Regulamin czasopisma \u201eBiblioteka Horyzont\u00f3w\u201d \u00a7 1 \u201eBiblioteka Horyzont\u00f3w\u201d jest czasopismem wydawanym przez Bibliotek\u0119 Pedagogiczn\u0105 w Radomiu, zwan\u0105 dalej Wydawc\u0105. \u00a7 2 Czasopismo ukazuje si\u0119 w wersji elektronicznej na stronie internetowej Wydawcy (E-Us\u0142ugi, zak\u0142adka Czasopismo elektroniczne). \u00a7 3 Cz\u0119stotliwo\u015b\u0107 ukazywania si\u0119 czasopisma to p\u00f3\u0142rocznik \u2013 dwa numery ka\u017cdego roku kalendarzowego: w styczniu i w czerwcu. \u00a7 4 Czasopismo ma za zadanie upublicznia\u0107 rezultaty prac naukowych i zawodowych pracownik\u00f3w Biblioteki Pedagogicznej w Radomiu oraz podlegaj\u0105cych jej filii bibliotecznych. \u00a7 5 Profil czasopisma okre\u015blaj\u0105 przede wszystkim zagadnienia z zakresu o\u015bwiaty,&nbsp; bibliotekoznawstwa, pedagogiki, psychologii, artyku\u0142y teoretyczne, sprawozdania, komunikaty, recenzje i om\u00f3wienia. \u00a7 6 W&hellip;<\/p>\n","category_list_v2":"","author_info_v2":{"name":"Andrzej Gawro\u0144ski","url":"https:\/\/bibliotekapedagogiczna.pl\/en\/author\/agawronski\/"},"comments_num_v2":"0 comments","_links":{"self":[{"href":"https:\/\/bibliotekapedagogiczna.pl\/en\/wp-json\/wp\/v2\/pages\/77728","targetHints":{"allow":["GET"]}}],"collection":[{"href":"https:\/\/bibliotekapedagogiczna.pl\/en\/wp-json\/wp\/v2\/pages"}],"about":[{"href":"https:\/\/bibliotekapedagogiczna.pl\/en\/wp-json\/wp\/v2\/types\/page"}],"author":[{"embeddable":true,"href":"https:\/\/bibliotekapedagogiczna.pl\/en\/wp-json\/wp\/v2\/users\/914"}],"replies":[{"embeddable":true,"href":"https:\/\/bibliotekapedagogiczna.pl\/en\/wp-json\/wp\/v2\/comments?post=77728"}],"version-history":[{"count":2,"href":"https:\/\/bibliotekapedagogiczna.pl\/en\/wp-json\/wp\/v2\/pages\/77728\/revisions"}],"predecessor-version":[{"id":77734,"href":"https:\/\/bibliotekapedagogiczna.pl\/en\/wp-json\/wp\/v2\/pages\/77728\/revisions\/77734"}],"wp:attachment":[{"href":"https:\/\/bibliotekapedagogiczna.pl\/en\/wp-json\/wp\/v2\/media?parent=77728"}],"curies":[{"name":"wp","href":"https:\/\/api.w.org\/{rel}","templated":true}]}}