{"id":51880,"date":"2023-12-19T16:59:19","date_gmt":"2023-12-19T15:59:19","guid":{"rendered":"https:\/\/bibliotekapedagogiczna.pl\/?page_id=51880"},"modified":"2025-02-04T08:16:04","modified_gmt":"2025-02-04T07:16:04","slug":"rodzinne-spotkania-wspieramy-ukraine","status":"publish","type":"page","link":"https:\/\/bibliotekapedagogiczna.pl\/en\/rodzinne-spotkania-wspieramy-ukraine\/","title":{"rendered":"Rodzinne spotkania \u201cWspieramy Ukrain\u0119\u201d"},"content":{"rendered":"\n<p>Od ponad roku w naszej Bibliotece Pedagogicznej odbywaj\u0105 si\u0119 \u2018\u2019Spotkania rodzinne\u201d. Spotkania te organizowane s\u0105 dla rodzin, kt\u00f3re przyby\u0142y z Ukrainy w zwi\u0105zku z wojn\u0105. Celem tych spotka\u0144&nbsp; jest to, aby ka\u017cda rodzina mia\u0142a mo\u017cliwo\u015b\u0107 porozumienia si\u0119, znalezienia nowych przyjaci\u00f3\u0142, zdobycia pozytywnych emocji, poczucia wsparcia i zrozumienia. Dzi\u0119ki terapii tw\u00f3rczej wiele os\u00f3b odkry\u0142o swoje ukryte dot\u0105d talenty. Za ka\u017cdym razem gdy si\u0119 spotykamy, mamy okazj\u0119 porozumie\u0107 si\u0119 w mi\u0142ej atmosferze, a tak\u017ce tworzymy wiele wspania\u0142ych rzeczy. Tematyka tych spotka\u0144 jest zawsze inna, podobnie jak nasze prace tw\u00f3rcze, ale zazwyczaj staramy si\u0119 omawia\u0107 \u015bwi\u0119ta narodowy&nbsp; ta ko\u015bcielne, ich zwyczaje, rytua\u0142y i uroczysto\u015bci.<\/p>\n\n\n\n<p>Nasze&nbsp; \u2018\u2019Spotkania rodzinne\u2019\u2019 odbywaj\u0105 si\u0119 w ka\u017cdy poniedzia\u0142ek.<\/p>\n\n\n\n<p>Zapraszamy ch\u0119tnych na nasz\u0105 spotkania.<\/p>\n\n\n\n<p>Natomiast we wtorki i czwartki: rze\u017abimy, klejmy, malujemy, bawimy si\u0119, ta\u0144czymy i&nbsp; \u015bpiewamy\u2026 to wszystko dzieje si\u0119 podczas zaj\u0119\u0107 korepetycyjnych z ukrai\u0144skimi dzie\u0107mi. Podczas gdy matki ucz\u0105 si\u0119 na kursach j\u0119zyka polskiego, my razem z opiekunom opiekujemy si\u0119 dzie\u0107mi . Tylko sp\u00f3jrzcie jak dobrze bawimy si\u0119\u2026.<\/p>\n\n\n\n<h2 class=\"wp-block-heading\">Przegl\u0105d ostatnich post\u00f3w:<\/h2>\n","protected":false},"excerpt":{"rendered":"<p>Od ponad roku w naszej Bibliotece Pedagogicznej odbywaj\u0105 si\u0119 \u2018\u2019Spotkania rodzinne\u201d. Spotkania te organizowane s\u0105 dla rodzin, kt\u00f3re przyby\u0142y z [&hellip;]<\/p>\n","protected":false},"author":914,"featured_media":0,"parent":0,"menu_order":0,"comment_status":"closed","ping_status":"closed","template":"","meta":{"_acf_changed":false,"_oasis_is_in_workflow":0,"_oasis_original":0,"inline_featured_image":false,"site-sidebar-layout":"default","site-content-layout":"","ast-site-content-layout":"default","site-content-style":"default","site-sidebar-style":"default","ast-global-header-display":"","ast-banner-title-visibility":"","ast-main-header-display":"","ast-hfb-above-header-display":"","ast-hfb-below-header-display":"","ast-hfb-mobile-header-display":"","site-post-title":"","ast-breadcrumbs-content":"","ast-featured-img":"","footer-sml-layout":"","ast-disable-related-posts":"","theme-transparent-header-meta":"","adv-header-id-meta":"","stick-header-meta":"","header-above-stick-meta":"","header-main-stick-meta":"","header-below-stick-meta":"","astra-migrate-meta-layouts":"set","ast-page-background-enabled":"default","ast-page-background-meta":{"desktop":{"background-color":"","background-image":"","background-repeat":"repeat","background-position":"center center","background-size":"auto","background-attachment":"scroll","background-type":"","background-media":"","overlay-type":"","overlay-color":"","overlay-opacity":"","overlay-gradient":""},"tablet":{"background-color":"","background-image":"","background-repeat":"repeat","background-position":"center center","background-size":"auto","background-attachment":"scroll","background-type":"","background-media":"","overlay-type":"","overlay-color":"","overlay-opacity":"","overlay-gradient":""},"mobile":{"background-color":"","background-image":"","background-repeat":"repeat","background-position":"center center","background-size":"auto","background-attachment":"scroll","background-type":"","background-media":"","overlay-type":"","overlay-color":"","overlay-opacity":"","overlay-gradient":""}},"ast-content-background-meta":{"desktop":{"background-color":"var(--ast-global-color-5)","background-image":"","background-repeat":"repeat","background-position":"center center","background-size":"auto","background-attachment":"scroll","background-type":"","background-media":"","overlay-type":"","overlay-color":"","overlay-opacity":"","overlay-gradient":""},"tablet":{"background-color":"var(--ast-global-color-5)","background-image":"","background-repeat":"repeat","background-position":"center center","background-size":"auto","background-attachment":"scroll","background-type":"","background-media":"","overlay-type":"","overlay-color":"","overlay-opacity":"","overlay-gradient":""},"mobile":{"background-color":"var(--ast-global-color-5)","background-image":"","background-repeat":"repeat","background-position":"center center","background-size":"auto","background-attachment":"scroll","background-type":"","background-media":"","overlay-type":"","overlay-color":"","overlay-opacity":"","overlay-gradient":""}},"_themeisle_gutenberg_block_has_review":false,"footnotes":""},"class_list":["post-51880","page","type-page","status-publish","hentry"],"acf":[],"featured_image_urls_v2":{"full":"","thumbnail":"","medium":"","medium_large":"","large":"","1536x1536":"","2048x2048":"","img-1100-450":"","img-1120-800":"","img-870-440":"","img-850-600":"","img-480-380":"","img-300-225":"","img-540-700":"","img-75-75":"","menu-24x24":"","menu-36x36":"","menu-48x48":""},"post_excerpt_stackable_v2":"<p>Od ponad roku w naszej Bibliotece Pedagogicznej odbywaj\u0105 si\u0119 \u2018\u2019Spotkania rodzinne\u201d. Spotkania te organizowane s\u0105 dla rodzin, kt\u00f3re przyby\u0142y z Ukrainy w zwi\u0105zku z wojn\u0105. Celem tych spotka\u0144&nbsp; jest to, aby ka\u017cda rodzina mia\u0142a mo\u017cliwo\u015b\u0107 porozumienia si\u0119, znalezienia nowych przyjaci\u00f3\u0142, zdobycia pozytywnych emocji, poczucia wsparcia i zrozumienia. Dzi\u0119ki terapii tw\u00f3rczej wiele os\u00f3b odkry\u0142o swoje ukryte dot\u0105d talenty. Za ka\u017cdym razem gdy si\u0119 spotykamy, mamy okazj\u0119 porozumie\u0107 si\u0119 w mi\u0142ej atmosferze, a tak\u017ce tworzymy wiele wspania\u0142ych rzeczy. Tematyka tych spotka\u0144 jest zawsze inna, podobnie jak nasze prace tw\u00f3rcze, ale zazwyczaj staramy si\u0119 omawia\u0107 \u015bwi\u0119ta narodowy&nbsp; ta ko\u015bcielne, ich zwyczaje, rytua\u0142y i&hellip;<\/p>\n","category_list_v2":"","author_info_v2":{"name":"Andrzej Gawro\u0144ski","url":"https:\/\/bibliotekapedagogiczna.pl\/en\/author\/agawronski\/"},"comments_num_v2":"0 comments","_links":{"self":[{"href":"https:\/\/bibliotekapedagogiczna.pl\/en\/wp-json\/wp\/v2\/pages\/51880","targetHints":{"allow":["GET"]}}],"collection":[{"href":"https:\/\/bibliotekapedagogiczna.pl\/en\/wp-json\/wp\/v2\/pages"}],"about":[{"href":"https:\/\/bibliotekapedagogiczna.pl\/en\/wp-json\/wp\/v2\/types\/page"}],"author":[{"embeddable":true,"href":"https:\/\/bibliotekapedagogiczna.pl\/en\/wp-json\/wp\/v2\/users\/914"}],"replies":[{"embeddable":true,"href":"https:\/\/bibliotekapedagogiczna.pl\/en\/wp-json\/wp\/v2\/comments?post=51880"}],"version-history":[{"count":14,"href":"https:\/\/bibliotekapedagogiczna.pl\/en\/wp-json\/wp\/v2\/pages\/51880\/revisions"}],"predecessor-version":[{"id":81832,"href":"https:\/\/bibliotekapedagogiczna.pl\/en\/wp-json\/wp\/v2\/pages\/51880\/revisions\/81832"}],"wp:attachment":[{"href":"https:\/\/bibliotekapedagogiczna.pl\/en\/wp-json\/wp\/v2\/media?parent=51880"}],"curies":[{"name":"wp","href":"https:\/\/api.w.org\/{rel}","templated":true}]}}