{"id":51214,"date":"2023-12-18T11:00:14","date_gmt":"2023-12-18T10:00:14","guid":{"rendered":"https:\/\/bibliotekapedagogiczna.pl\/?page_id=51214"},"modified":"2023-12-18T11:00:17","modified_gmt":"2023-12-18T10:00:17","slug":"dane-do-przelewu","status":"publish","type":"page","link":"https:\/\/bibliotekapedagogiczna.pl\/en\/dane-do-przelewu\/","title":{"rendered":"Dane do przelewu"},"content":{"rendered":"\n<p>Prosimy o dokonywanie wp\u0142at za przetrzymanie ksi\u0105\u017cek na podane poni\u017cej konto:<\/p>\n\n\n\n<p><strong>Dane do przelewu<\/strong><\/p>\n\n\n\n<figure class=\"wp-block-table\"><table><tbody><tr><td>Odbiorca:&nbsp;&nbsp;&nbsp;&nbsp;&nbsp;<\/td><td><strong>Biblioteka Pedagogiczna w Radomiu<\/strong>&nbsp;&nbsp;&nbsp;<\/td><\/tr><tr><td>Adres: <\/td><td><strong>ul. Ko\u015bciuszki 5a, 26-600 Radom<\/strong><\/td><\/tr><tr><td>Numer rachunku w PKO BP:<\/td><td><strong>59 1020 1026 0000 1602 0233 4365<\/strong><\/td><\/tr><tr><td>Tytu\u0142em :<\/td><td><strong>nr karty czytelnika lub imi\u0119 i nazwisko czytelnika kt\u00f3remu naliczono kar\u0119<\/strong><\/td><\/tr><\/tbody><\/table><\/figure>\n","protected":false},"excerpt":{"rendered":"<p>Prosimy o dokonywanie wp\u0142at za przetrzymanie ksi\u0105\u017cek na podane poni\u017cej konto: Dane do przelewu Odbiorca:&nbsp;&nbsp;&nbsp;&nbsp;&nbsp; Biblioteka Pedagogiczna w Radomiu&nbsp;&nbsp;&nbsp; Adres: [&hellip;]<\/p>\n","protected":false},"author":914,"featured_media":0,"parent":0,"menu_order":0,"comment_status":"closed","ping_status":"closed","template":"","meta":{"_acf_changed":false,"_oasis_is_in_workflow":0,"_oasis_original":0,"inline_featured_image":false,"site-sidebar-layout":"default","site-content-layout":"","ast-site-content-layout":"default","site-content-style":"default","site-sidebar-style":"default","ast-global-header-display":"","ast-banner-title-visibility":"","ast-main-header-display":"","ast-hfb-above-header-display":"","ast-hfb-below-header-display":"","ast-hfb-mobile-header-display":"","site-post-title":"","ast-breadcrumbs-content":"","ast-featured-img":"","footer-sml-layout":"","ast-disable-related-posts":"","theme-transparent-header-meta":"","adv-header-id-meta":"","stick-header-meta":"","header-above-stick-meta":"","header-main-stick-meta":"","header-below-stick-meta":"","astra-migrate-meta-layouts":"set","ast-page-background-enabled":"default","ast-page-background-meta":{"desktop":{"background-color":"","background-image":"","background-repeat":"repeat","background-position":"center center","background-size":"auto","background-attachment":"scroll","background-type":"","background-media":"","overlay-type":"","overlay-color":"","overlay-opacity":"","overlay-gradient":""},"tablet":{"background-color":"","background-image":"","background-repeat":"repeat","background-position":"center center","background-size":"auto","background-attachment":"scroll","background-type":"","background-media":"","overlay-type":"","overlay-color":"","overlay-opacity":"","overlay-gradient":""},"mobile":{"background-color":"","background-image":"","background-repeat":"repeat","background-position":"center center","background-size":"auto","background-attachment":"scroll","background-type":"","background-media":"","overlay-type":"","overlay-color":"","overlay-opacity":"","overlay-gradient":""}},"ast-content-background-meta":{"desktop":{"background-color":"var(--ast-global-color-5)","background-image":"","background-repeat":"repeat","background-position":"center center","background-size":"auto","background-attachment":"scroll","background-type":"","background-media":"","overlay-type":"","overlay-color":"","overlay-opacity":"","overlay-gradient":""},"tablet":{"background-color":"var(--ast-global-color-5)","background-image":"","background-repeat":"repeat","background-position":"center center","background-size":"auto","background-attachment":"scroll","background-type":"","background-media":"","overlay-type":"","overlay-color":"","overlay-opacity":"","overlay-gradient":""},"mobile":{"background-color":"var(--ast-global-color-5)","background-image":"","background-repeat":"repeat","background-position":"center center","background-size":"auto","background-attachment":"scroll","background-type":"","background-media":"","overlay-type":"","overlay-color":"","overlay-opacity":"","overlay-gradient":""}},"_themeisle_gutenberg_block_has_review":false,"footnotes":""},"class_list":["post-51214","page","type-page","status-publish","hentry"],"acf":[],"featured_image_urls_v2":{"full":"","thumbnail":"","medium":"","medium_large":"","large":"","1536x1536":"","2048x2048":"","img-1100-450":"","img-1120-800":"","img-870-440":"","img-850-600":"","img-480-380":"","img-300-225":"","img-540-700":"","img-75-75":"","menu-24x24":"","menu-36x36":"","menu-48x48":""},"post_excerpt_stackable_v2":"<p>Prosimy o dokonywanie wp\u0142at za przetrzymanie ksi\u0105\u017cek na podane poni\u017cej konto: Dane do przelewu Odbiorca:&nbsp;&nbsp;&nbsp;&nbsp;&nbsp;Biblioteka Pedagogiczna w Radomiu&nbsp;&nbsp;&nbsp;Adres: ul. Ko\u015bciuszki 5a, 26-600 RadomNumer rachunku w PKO BP:59 1020 1026 0000 1602 0233 4365Tytu\u0142em :nr karty czytelnika lub imi\u0119 i nazwisko czytelnika kt\u00f3remu naliczono kar\u0119<\/p>\n","category_list_v2":"","author_info_v2":{"name":"Andrzej Gawro\u0144ski","url":"https:\/\/bibliotekapedagogiczna.pl\/en\/author\/agawronski\/"},"comments_num_v2":"0 comments","_links":{"self":[{"href":"https:\/\/bibliotekapedagogiczna.pl\/en\/wp-json\/wp\/v2\/pages\/51214","targetHints":{"allow":["GET"]}}],"collection":[{"href":"https:\/\/bibliotekapedagogiczna.pl\/en\/wp-json\/wp\/v2\/pages"}],"about":[{"href":"https:\/\/bibliotekapedagogiczna.pl\/en\/wp-json\/wp\/v2\/types\/page"}],"author":[{"embeddable":true,"href":"https:\/\/bibliotekapedagogiczna.pl\/en\/wp-json\/wp\/v2\/users\/914"}],"replies":[{"embeddable":true,"href":"https:\/\/bibliotekapedagogiczna.pl\/en\/wp-json\/wp\/v2\/comments?post=51214"}],"version-history":[{"count":2,"href":"https:\/\/bibliotekapedagogiczna.pl\/en\/wp-json\/wp\/v2\/pages\/51214\/revisions"}],"predecessor-version":[{"id":51220,"href":"https:\/\/bibliotekapedagogiczna.pl\/en\/wp-json\/wp\/v2\/pages\/51214\/revisions\/51220"}],"wp:attachment":[{"href":"https:\/\/bibliotekapedagogiczna.pl\/en\/wp-json\/wp\/v2\/media?parent=51214"}],"curies":[{"name":"wp","href":"https:\/\/api.w.org\/{rel}","templated":true}]}}