{"id":116329,"date":"2026-01-28T14:20:20","date_gmt":"2026-01-28T13:20:20","guid":{"rendered":"https:\/\/bibliotekapedagogiczna.pl\/?page_id=116329"},"modified":"2026-01-28T14:21:30","modified_gmt":"2026-01-28T13:21:30","slug":"regulamin-korzystania-z-platformy-legimi","status":"publish","type":"page","link":"https:\/\/bibliotekapedagogiczna.pl\/en\/regulamin-korzystania-z-platformy-legimi\/","title":{"rendered":"Regulamin korzystania z platformy Legimi"},"content":{"rendered":"\n<ol class=\"wp-block-list\">\n<li>Dost\u0119p do platformy Legimi\u00a0mog\u0105 uzyska\u0107 osoby b\u0119d\u0105ce :\n<ul class=\"wp-block-list\">\n<li><span style=\"font-size: 1rem;font-weight: inherit\">zarejestrowani w\u00a0 Bibliotece Pedagogicznej w Radomiu,<\/span><\/li>\n\n\n\n<li><span style=\"font-size: 1rem;font-weight: inherit\">posiadaj\u0105ce wa\u017cn\u0105 kart\u0119 biblioteczn\u0105,<\/span><\/li>\n\n\n\n<li><span style=\"font-size: 1rem;font-weight: inherit\">nie posiadaj\u0105ce zad\u0142u\u017ce\u0144 na koncie czytelnika.<\/span><\/li>\n<\/ul>\n<\/li>\n\n\n\n<li>Us\u0142uga wypo\u017cyczenia e-book\u00f3w jest bezp\u0142atna.<\/li>\n\n\n\n<li>U\u017cytkownicy otrzymuj\u0105\u00a0kod umo\u017cliwiaj\u0105cy korzystanie z platformy.<\/li>\n\n\n\n<li>Kody dost\u0119pu do Legimi mo\u017cna uzyska\u0107 w Wydziale Udost\u0119pniania Zbior\u00f3w \u2013 Wypo\u017cyczalnia w godzinach pracy Biblioteki.<\/li>\n\n\n\n<li>Pula kod\u00f3w wydawana jest od pierwszego ka\u017cdego miesi\u0105ca, a\u017c do wyczerpania.<\/li>\n\n\n\n<li>Kod nale\u017cy aktywowa\u0107 nie p\u00f3\u017aniej ni\u017c ostatniego dnia miesi\u0105ca, w kt\u00f3rym si\u0119 go otrzyma\u0142o \u2013 w przeciwnym wypadku straci wa\u017cno\u015b\u0107.<\/li>\n\n\n\n<li>Je\u015bli nie nast\u0105pi jego aktywacja, w nast\u0119pnym miesi\u0105cu nie mo\u017cna pobra\u0107 kolejnego kodu.<\/li>\n\n\n\n<li>Kod zapewnia dost\u0119p do Legimi przez 30 dni.<\/li>\n\n\n\n<li>Liczba kod\u00f3w jest ograniczona, o dost\u0119pno\u015bci decyduje kolejno\u015b\u0107 zg\u0142osze\u0144.<\/li>\n\n\n\n<li>Na jednego czytelnika wydawany jest jeden kod.<\/li>\n<\/ol>\n\n\n\n<figure class=\"wp-block-image size-full\"><a href=\"https:\/\/www.legimi.pl\/bibliotekipedagogiczne\/\" target=\"_blank\" rel=\"noopener\"><img loading=\"lazy\" decoding=\"async\" width=\"159\" height=\"60\" src=\"https:\/\/bibliotekapedagogiczna.pl\/wp-content\/uploads\/sites\/10\/2025\/12\/legimi.png\" alt=\"logo legimi\" class=\"wp-image-113344\" srcset=\"https:\/\/bibliotekapedagogiczna.pl\/wp-content\/uploads\/sites\/10\/2025\/12\/legimi.png 159w, https:\/\/bibliotekapedagogiczna.pl\/wp-content\/uploads\/sites\/10\/2025\/12\/legimi-24x9.png 24w, https:\/\/bibliotekapedagogiczna.pl\/wp-content\/uploads\/sites\/10\/2025\/12\/legimi-36x14.png 36w, https:\/\/bibliotekapedagogiczna.pl\/wp-content\/uploads\/sites\/10\/2025\/12\/legimi-48x18.png 48w\" sizes=\"auto, (max-width: 159px) 100vw, 159px\" \/><\/a><\/figure>\n\n\n\n<p><\/p>\n","protected":false},"excerpt":{"rendered":"","protected":false},"author":914,"featured_media":0,"parent":0,"menu_order":0,"comment_status":"closed","ping_status":"closed","template":"","meta":{"_acf_changed":false,"_oasis_is_in_workflow":0,"_oasis_original":0,"inline_featured_image":false,"site-sidebar-layout":"default","site-content-layout":"","ast-site-content-layout":"default","site-content-style":"default","site-sidebar-style":"default","ast-global-header-display":"","ast-banner-title-visibility":"","ast-main-header-display":"","ast-hfb-above-header-display":"","ast-hfb-below-header-display":"","ast-hfb-mobile-header-display":"","site-post-title":"","ast-breadcrumbs-content":"","ast-featured-img":"","footer-sml-layout":"","ast-disable-related-posts":"","theme-transparent-header-meta":"","adv-header-id-meta":"","stick-header-meta":"","header-above-stick-meta":"","header-main-stick-meta":"","header-below-stick-meta":"","astra-migrate-meta-layouts":"set","ast-page-background-enabled":"default","ast-page-background-meta":{"desktop":{"background-color":"","background-image":"","background-repeat":"repeat","background-position":"center center","background-size":"auto","background-attachment":"scroll","background-type":"","background-media":"","overlay-type":"","overlay-color":"","overlay-opacity":"","overlay-gradient":""},"tablet":{"background-color":"","background-image":"","background-repeat":"repeat","background-position":"center center","background-size":"auto","background-attachment":"scroll","background-type":"","background-media":"","overlay-type":"","overlay-color":"","overlay-opacity":"","overlay-gradient":""},"mobile":{"background-color":"","background-image":"","background-repeat":"repeat","background-position":"center center","background-size":"auto","background-attachment":"scroll","background-type":"","background-media":"","overlay-type":"","overlay-color":"","overlay-opacity":"","overlay-gradient":""}},"ast-content-background-meta":{"desktop":{"background-color":"var(--ast-global-color-5)","background-image":"","background-repeat":"repeat","background-position":"center center","background-size":"auto","background-attachment":"scroll","background-type":"","background-media":"","overlay-type":"","overlay-color":"","overlay-opacity":"","overlay-gradient":""},"tablet":{"background-color":"var(--ast-global-color-5)","background-image":"","background-repeat":"repeat","background-position":"center center","background-size":"auto","background-attachment":"scroll","background-type":"","background-media":"","overlay-type":"","overlay-color":"","overlay-opacity":"","overlay-gradient":""},"mobile":{"background-color":"var(--ast-global-color-5)","background-image":"","background-repeat":"repeat","background-position":"center center","background-size":"auto","background-attachment":"scroll","background-type":"","background-media":"","overlay-type":"","overlay-color":"","overlay-opacity":"","overlay-gradient":""}},"_themeisle_gutenberg_block_has_review":false,"footnotes":""},"class_list":["post-116329","page","type-page","status-publish","hentry"],"acf":[],"featured_image_urls_v2":{"full":"","thumbnail":"","medium":"","medium_large":"","large":"","1536x1536":"","2048x2048":"","img-1100-450":"","img-1120-800":"","img-870-440":"","img-850-600":"","img-480-380":"","img-300-225":"","img-540-700":"","img-75-75":"","menu-24x24":"","menu-36x36":"","menu-48x48":""},"post_excerpt_stackable_v2":"<p>Dost\u0119p do platformy Legimi\u00a0mog\u0105 uzyska\u0107 osoby b\u0119d\u0105ce : zarejestrowani w\u00a0 Bibliotece Pedagogicznej w Radomiu, posiadaj\u0105ce wa\u017cn\u0105 kart\u0119 biblioteczn\u0105, nie posiadaj\u0105ce zad\u0142u\u017ce\u0144 na koncie czytelnika. Us\u0142uga wypo\u017cyczenia e-book\u00f3w jest bezp\u0142atna. U\u017cytkownicy otrzymuj\u0105\u00a0kod umo\u017cliwiaj\u0105cy korzystanie z platformy. Kody dost\u0119pu do Legimi mo\u017cna uzyska\u0107 w Wydziale Udost\u0119pniania Zbior\u00f3w \u2013 Wypo\u017cyczalnia w godzinach pracy Biblioteki. Pula kod\u00f3w wydawana jest od pierwszego ka\u017cdego miesi\u0105ca, a\u017c do wyczerpania. Kod nale\u017cy aktywowa\u0107 nie p\u00f3\u017aniej ni\u017c ostatniego dnia miesi\u0105ca, w kt\u00f3rym si\u0119 go otrzyma\u0142o \u2013 w przeciwnym wypadku straci wa\u017cno\u015b\u0107. Je\u015bli nie nast\u0105pi jego aktywacja, w nast\u0119pnym miesi\u0105cu nie mo\u017cna pobra\u0107 kolejnego kodu. Kod zapewnia dost\u0119p do Legimi&hellip;<\/p>\n","category_list_v2":"","author_info_v2":{"name":"Andrzej Gawro\u0144ski","url":"https:\/\/bibliotekapedagogiczna.pl\/en\/author\/agawronski\/"},"comments_num_v2":"0 comments","_links":{"self":[{"href":"https:\/\/bibliotekapedagogiczna.pl\/en\/wp-json\/wp\/v2\/pages\/116329","targetHints":{"allow":["GET"]}}],"collection":[{"href":"https:\/\/bibliotekapedagogiczna.pl\/en\/wp-json\/wp\/v2\/pages"}],"about":[{"href":"https:\/\/bibliotekapedagogiczna.pl\/en\/wp-json\/wp\/v2\/types\/page"}],"author":[{"embeddable":true,"href":"https:\/\/bibliotekapedagogiczna.pl\/en\/wp-json\/wp\/v2\/users\/914"}],"replies":[{"embeddable":true,"href":"https:\/\/bibliotekapedagogiczna.pl\/en\/wp-json\/wp\/v2\/comments?post=116329"}],"version-history":[{"count":4,"href":"https:\/\/bibliotekapedagogiczna.pl\/en\/wp-json\/wp\/v2\/pages\/116329\/revisions"}],"predecessor-version":[{"id":116344,"href":"https:\/\/bibliotekapedagogiczna.pl\/en\/wp-json\/wp\/v2\/pages\/116329\/revisions\/116344"}],"wp:attachment":[{"href":"https:\/\/bibliotekapedagogiczna.pl\/en\/wp-json\/wp\/v2\/media?parent=116329"}],"curies":[{"name":"wp","href":"https:\/\/api.w.org\/{rel}","templated":true}]}}