{"id":102784,"date":"2025-09-10T12:42:09","date_gmt":"2025-09-10T10:42:09","guid":{"rendered":"https:\/\/bibliotekapedagogiczna.pl\/?page_id=102784"},"modified":"2025-09-10T12:59:25","modified_gmt":"2025-09-10T10:59:25","slug":"konkurs-tworczosci-literackiej","status":"publish","type":"page","link":"https:\/\/bibliotekapedagogiczna.pl\/en\/konkurs-tworczosci-literackiej\/","title":{"rendered":"Konkurs Tw\u00f3rczo\u015bci Literackiej"},"content":{"rendered":"<div class=\"is-style-boxed wp-block-themeisle-blocks-posts-grid\" id=\"wp-block-themeisle-blocks-posts-grid-5cec888c\"><div class=\"is-grid o-posts-grid-columns-3\"><div class=\"o-posts-grid-post-blog o-posts-grid-post-plain\"><div class=\"o-posts-grid-post\"><div class=\"o-posts-grid-post-image\"><a href=\"https:\/\/bibliotekapedagogiczna.pl\/en\/wielki-final-iii-edycji-konkursu-tworczosci-literackiej-to-juz-dzis\/\"><img loading=\"lazy\" decoding=\"async\" width=\"1080\" height=\"1080\" src=\"https:\/\/bibliotekapedagogiczna.pl\/wp-content\/uploads\/sites\/10\/2026\/02\/Plakat-Konkurs-Tworczosci-Literackiej-3.-edycja.png\" class=\"attachment-full size-full\" alt=\"plakat-konkurs-tworczosci-literackiej-2026\" srcset=\"https:\/\/bibliotekapedagogiczna.pl\/wp-content\/uploads\/sites\/10\/2026\/02\/Plakat-Konkurs-Tworczosci-Literackiej-3.-edycja.png 1080w, https:\/\/bibliotekapedagogiczna.pl\/wp-content\/uploads\/sites\/10\/2026\/02\/Plakat-Konkurs-Tworczosci-Literackiej-3.-edycja-300x300.png 300w, https:\/\/bibliotekapedagogiczna.pl\/wp-content\/uploads\/sites\/10\/2026\/02\/Plakat-Konkurs-Tworczosci-Literackiej-3.-edycja-1024x1024.png 1024w, https:\/\/bibliotekapedagogiczna.pl\/wp-content\/uploads\/sites\/10\/2026\/02\/Plakat-Konkurs-Tworczosci-Literackiej-3.-edycja-150x150.png 150w, https:\/\/bibliotekapedagogiczna.pl\/wp-content\/uploads\/sites\/10\/2026\/02\/Plakat-Konkurs-Tworczosci-Literackiej-3.-edycja-768x768.png 768w, https:\/\/bibliotekapedagogiczna.pl\/wp-content\/uploads\/sites\/10\/2026\/02\/Plakat-Konkurs-Tworczosci-Literackiej-3.-edycja-75x75.png 75w, https:\/\/bibliotekapedagogiczna.pl\/wp-content\/uploads\/sites\/10\/2026\/02\/Plakat-Konkurs-Tworczosci-Literackiej-3.-edycja-24x24.png 24w, https:\/\/bibliotekapedagogiczna.pl\/wp-content\/uploads\/sites\/10\/2026\/02\/Plakat-Konkurs-Tworczosci-Literackiej-3.-edycja-36x36.png 36w, https:\/\/bibliotekapedagogiczna.pl\/wp-content\/uploads\/sites\/10\/2026\/02\/Plakat-Konkurs-Tworczosci-Literackiej-3.-edycja-48x48.png 48w\" sizes=\"(max-width: 1080px) 100vw, 1080px\" \/><\/a><\/div><div class=\"o-posts-grid-post-body\"><span class=\"o-posts-grid-post-category\"><a href=\"https:\/\/bibliotekapedagogiczna.pl\/en\/category\/konkurs-literacki\/\">Konkurs Tw\u00f3rczo\u015bci Literackiej<\/a><\/span><h4 class=\"o-posts-grid-post-title\"><a href=\"https:\/\/bibliotekapedagogiczna.pl\/en\/wielki-final-iii-edycji-konkursu-tworczosci-literackiej-to-juz-dzis\/\">Wielki Fina\u0142 III edycji Konkursu Tw\u00f3rczo\u015bci Literackiej \u2013 to ju\u017c dzi\u015b!<\/a><\/h4><p class=\"o-posts-grid-post-meta\">Posted on <time datetime=\"2026-03-23T08:48:28+01:00\">23 March 2026<\/time> <\/p><div class=\"o-posts-grid-post-description\"><p>Za nami uroczysta gala fina\u0142owa 3. Konkursu Tw\u00f3rczo\u015bci Literackiej. To wyj\u0105tkowe wydarzenie po raz k\u2026<\/p><\/div><\/div><\/div><\/div><div class=\"o-posts-grid-post-blog o-posts-grid-post-plain\"><div class=\"o-posts-grid-post\"><div class=\"o-posts-grid-post-image\"><a href=\"https:\/\/bibliotekapedagogiczna.pl\/en\/final-konkursu-tworczosci-literackiej\/\"><img loading=\"lazy\" decoding=\"async\" width=\"2048\" height=\"1365\" src=\"https:\/\/bibliotekapedagogiczna.pl\/wp-content\/uploads\/sites\/10\/2025\/03\/konkurs-tworczosci-literackiej-6.jpg\" class=\"attachment-full size-full\" alt=\"Fina\u0142 Konkursu Tw\u00f3rczo\u015bci Literackiej\" srcset=\"https:\/\/bibliotekapedagogiczna.pl\/wp-content\/uploads\/sites\/10\/2025\/03\/konkurs-tworczosci-literackiej-6.jpg 2048w, https:\/\/bibliotekapedagogiczna.pl\/wp-content\/uploads\/sites\/10\/2025\/03\/konkurs-tworczosci-literackiej-6-300x200.jpg 300w, https:\/\/bibliotekapedagogiczna.pl\/wp-content\/uploads\/sites\/10\/2025\/03\/konkurs-tworczosci-literackiej-6-1024x683.jpg 1024w, https:\/\/bibliotekapedagogiczna.pl\/wp-content\/uploads\/sites\/10\/2025\/03\/konkurs-tworczosci-literackiej-6-768x512.jpg 768w, https:\/\/bibliotekapedagogiczna.pl\/wp-content\/uploads\/sites\/10\/2025\/03\/konkurs-tworczosci-literackiej-6-1536x1024.jpg 1536w, https:\/\/bibliotekapedagogiczna.pl\/wp-content\/uploads\/sites\/10\/2025\/03\/konkurs-tworczosci-literackiej-6-24x16.jpg 24w, https:\/\/bibliotekapedagogiczna.pl\/wp-content\/uploads\/sites\/10\/2025\/03\/konkurs-tworczosci-literackiej-6-36x24.jpg 36w, https:\/\/bibliotekapedagogiczna.pl\/wp-content\/uploads\/sites\/10\/2025\/03\/konkurs-tworczosci-literackiej-6-48x32.jpg 48w\" sizes=\"(max-width: 2048px) 100vw, 2048px\" \/><\/a><\/div><div class=\"o-posts-grid-post-body\"><span class=\"o-posts-grid-post-category\"><a href=\"https:\/\/bibliotekapedagogiczna.pl\/en\/category\/konkurs-literacki\/\">Konkurs Tw\u00f3rczo\u015bci Literackiej<\/a><\/span><h4 class=\"o-posts-grid-post-title\"><a href=\"https:\/\/bibliotekapedagogiczna.pl\/en\/final-konkursu-tworczosci-literackiej\/\">Fina\u0142 Konkursu Tw\u00f3rczo\u015bci Literackiej<\/a><\/h4><p class=\"o-posts-grid-post-meta\">Posted on <time datetime=\"2025-03-28T11:26:53+01:00\">28 March 2025<\/time> <\/p><div class=\"o-posts-grid-post-description\"><p>Z przyjemno\u015bci\u0105 informujemy o zako\u0144czeniu Konkursu Tw\u00f3rczo\u015bci Literackiej. W wyniku obrad jury wy\u0142on\u2026<\/p><\/div><\/div><\/div><\/div><div class=\"o-posts-grid-post-blog o-posts-grid-post-plain\"><div class=\"o-posts-grid-post\"><div class=\"o-posts-grid-post-image\"><a href=\"https:\/\/bibliotekapedagogiczna.pl\/en\/konkurs-tworczosci-literackiej-2025\/\"><img loading=\"lazy\" decoding=\"async\" width=\"1080\" height=\"1080\" src=\"https:\/\/bibliotekapedagogiczna.pl\/wp-content\/uploads\/sites\/10\/2025\/01\/plakat.png\" class=\"attachment-full size-full\" alt=\"Plakat Konkurs Literacki\" srcset=\"https:\/\/bibliotekapedagogiczna.pl\/wp-content\/uploads\/sites\/10\/2025\/01\/plakat.png 1080w, https:\/\/bibliotekapedagogiczna.pl\/wp-content\/uploads\/sites\/10\/2025\/01\/plakat-300x300.png 300w, https:\/\/bibliotekapedagogiczna.pl\/wp-content\/uploads\/sites\/10\/2025\/01\/plakat-1024x1024.png 1024w, https:\/\/bibliotekapedagogiczna.pl\/wp-content\/uploads\/sites\/10\/2025\/01\/plakat-150x150.png 150w, https:\/\/bibliotekapedagogiczna.pl\/wp-content\/uploads\/sites\/10\/2025\/01\/plakat-768x768.png 768w, https:\/\/bibliotekapedagogiczna.pl\/wp-content\/uploads\/sites\/10\/2025\/01\/plakat-24x24.png 24w, https:\/\/bibliotekapedagogiczna.pl\/wp-content\/uploads\/sites\/10\/2025\/01\/plakat-36x36.png 36w, https:\/\/bibliotekapedagogiczna.pl\/wp-content\/uploads\/sites\/10\/2025\/01\/plakat-48x48.png 48w\" sizes=\"(max-width: 1080px) 100vw, 1080px\" \/><\/a><\/div><div class=\"o-posts-grid-post-body\"><span class=\"o-posts-grid-post-category\"><a href=\"https:\/\/bibliotekapedagogiczna.pl\/en\/category\/konkurs-literacki\/\">Konkurs Tw\u00f3rczo\u015bci Literackiej<\/a><\/span><h4 class=\"o-posts-grid-post-title\"><a href=\"https:\/\/bibliotekapedagogiczna.pl\/en\/konkurs-tworczosci-literackiej-2025\/\">Konkurs Tw\u00f3rczo\u015bci Literackiej 2025<\/a><\/h4><p class=\"o-posts-grid-post-meta\">Posted on <time datetime=\"2025-03-03T14:00:54+01:00\">3 March 2025<\/time> <\/p><div class=\"o-posts-grid-post-description\"><p>Rusza druga edycja Konkursu Tw\u00f3rczo\u015bci Literackiej. Organizatorami wydarzenia s\u0105 Stowarzyszenie Nauc\u2026<\/p><\/div><\/div><\/div><\/div><\/div> <\/div>","protected":false},"excerpt":{"rendered":"","protected":false},"author":914,"featured_media":0,"parent":0,"menu_order":0,"comment_status":"closed","ping_status":"closed","template":"","meta":{"_acf_changed":false,"_oasis_is_in_workflow":0,"_oasis_original":0,"inline_featured_image":false,"site-sidebar-layout":"default","site-content-layout":"","ast-site-content-layout":"default","site-content-style":"default","site-sidebar-style":"default","ast-global-header-display":"","ast-banner-title-visibility":"","ast-main-header-display":"","ast-hfb-above-header-display":"","ast-hfb-below-header-display":"","ast-hfb-mobile-header-display":"","site-post-title":"","ast-breadcrumbs-content":"","ast-featured-img":"","footer-sml-layout":"","ast-disable-related-posts":"","theme-transparent-header-meta":"","adv-header-id-meta":"","stick-header-meta":"","header-above-stick-meta":"","header-main-stick-meta":"","header-below-stick-meta":"","astra-migrate-meta-layouts":"set","ast-page-background-enabled":"default","ast-page-background-meta":{"desktop":{"background-color":"","background-image":"","background-repeat":"repeat","background-position":"center center","background-size":"auto","background-attachment":"scroll","background-type":"","background-media":"","overlay-type":"","overlay-color":"","overlay-opacity":"","overlay-gradient":""},"tablet":{"background-color":"","background-image":"","background-repeat":"repeat","background-position":"center center","background-size":"auto","background-attachment":"scroll","background-type":"","background-media":"","overlay-type":"","overlay-color":"","overlay-opacity":"","overlay-gradient":""},"mobile":{"background-color":"","background-image":"","background-repeat":"repeat","background-position":"center center","background-size":"auto","background-attachment":"scroll","background-type":"","background-media":"","overlay-type":"","overlay-color":"","overlay-opacity":"","overlay-gradient":""}},"ast-content-background-meta":{"desktop":{"background-color":"var(--ast-global-color-5)","background-image":"","background-repeat":"repeat","background-position":"center center","background-size":"auto","background-attachment":"scroll","background-type":"","background-media":"","overlay-type":"","overlay-color":"","overlay-opacity":"","overlay-gradient":""},"tablet":{"background-color":"var(--ast-global-color-5)","background-image":"","background-repeat":"repeat","background-position":"center center","background-size":"auto","background-attachment":"scroll","background-type":"","background-media":"","overlay-type":"","overlay-color":"","overlay-opacity":"","overlay-gradient":""},"mobile":{"background-color":"var(--ast-global-color-5)","background-image":"","background-repeat":"repeat","background-position":"center center","background-size":"auto","background-attachment":"scroll","background-type":"","background-media":"","overlay-type":"","overlay-color":"","overlay-opacity":"","overlay-gradient":""}},"_themeisle_gutenberg_block_has_review":false,"footnotes":""},"class_list":["post-102784","page","type-page","status-publish","hentry"],"acf":[],"featured_image_urls_v2":{"full":"","thumbnail":"","medium":"","medium_large":"","large":"","1536x1536":"","2048x2048":"","img-1100-450":"","img-1120-800":"","img-870-440":"","img-850-600":"","img-480-380":"","img-300-225":"","img-540-700":"","img-75-75":"","menu-24x24":"","menu-36x36":"","menu-48x48":""},"post_excerpt_stackable_v2":"<p>Konkurs Tw\u00f3rczo\u015bci LiterackiejWielki Fina\u0142 III edycji Konkursu Tw\u00f3rczo\u015bci Literackiej \u2013 to ju\u017c dzi\u015b!Posted on 23 March 2026 Za nami uroczysta gala fina\u0142owa 3. Konkursu Tw\u00f3rczo\u015bci Literackiej. To wyj\u0105tkowe wydarzenie po raz k\u2026Konkurs Tw\u00f3rczo\u015bci LiterackiejFina\u0142 Konkursu Tw\u00f3rczo\u015bci LiterackiejPosted on 28 March 2025 Z przyjemno\u015bci\u0105 informujemy o zako\u0144czeniu Konkursu Tw\u00f3rczo\u015bci Literackiej. W wyniku obrad jury wy\u0142on\u2026Konkurs Tw\u00f3rczo\u015bci LiterackiejKonkurs Tw\u00f3rczo\u015bci Literackiej 2025Posted on 3 March 2025 Rusza druga edycja Konkursu Tw\u00f3rczo\u015bci Literackiej. Organizatorami wydarzenia s\u0105 Stowarzyszenie Nauc\u2026<\/p>\n","category_list_v2":"","author_info_v2":{"name":"Andrzej Gawro\u0144ski","url":"https:\/\/bibliotekapedagogiczna.pl\/en\/author\/agawronski\/"},"comments_num_v2":"0 comments","_links":{"self":[{"href":"https:\/\/bibliotekapedagogiczna.pl\/en\/wp-json\/wp\/v2\/pages\/102784","targetHints":{"allow":["GET"]}}],"collection":[{"href":"https:\/\/bibliotekapedagogiczna.pl\/en\/wp-json\/wp\/v2\/pages"}],"about":[{"href":"https:\/\/bibliotekapedagogiczna.pl\/en\/wp-json\/wp\/v2\/types\/page"}],"author":[{"embeddable":true,"href":"https:\/\/bibliotekapedagogiczna.pl\/en\/wp-json\/wp\/v2\/users\/914"}],"replies":[{"embeddable":true,"href":"https:\/\/bibliotekapedagogiczna.pl\/en\/wp-json\/wp\/v2\/comments?post=102784"}],"version-history":[{"count":12,"href":"https:\/\/bibliotekapedagogiczna.pl\/en\/wp-json\/wp\/v2\/pages\/102784\/revisions"}],"predecessor-version":[{"id":102874,"href":"https:\/\/bibliotekapedagogiczna.pl\/en\/wp-json\/wp\/v2\/pages\/102784\/revisions\/102874"}],"wp:attachment":[{"href":"https:\/\/bibliotekapedagogiczna.pl\/en\/wp-json\/wp\/v2\/media?parent=102784"}],"curies":[{"name":"wp","href":"https:\/\/api.w.org\/{rel}","templated":true}]}}