{"id":102424,"date":"2025-09-10T11:07:16","date_gmt":"2025-09-10T09:07:16","guid":{"rendered":"https:\/\/bibliotekapedagogiczna.pl\/?page_id=102424"},"modified":"2025-09-11T12:30:41","modified_gmt":"2025-09-11T10:30:41","slug":"konkursy","status":"publish","type":"page","link":"https:\/\/bibliotekapedagogiczna.pl\/en\/konkursy\/","title":{"rendered":"Konkursy"},"content":{"rendered":"\n<div id=\"wp-block-themeisle-blocks-button-group-31c3b405\" class=\"wp-block-themeisle-blocks-button-group wp-block-buttons\">\n<div id=\"wp-block-themeisle-blocks-button-faf26fcc\" class=\"wp-block-themeisle-blocks-button wp-block-button\"><a href=\"https:\/\/bibliotekapedagogiczna.pl\/mlodziezowy-przeglad-teatralny\/\" target=\"_self\" rel=\"noopener noreferrer\" class=\"wp-block-button__link\"><span><strong>M\u0142odzie\u017cowy Przegl\u0105d Teatralny<\/strong><\/span><\/a><\/div>\n\n\n\n<div id=\"wp-block-themeisle-blocks-button-7f261cc8\" class=\"wp-block-themeisle-blocks-button wp-block-button\"><a href=\"https:\/\/bibliotekapedagogiczna.pl\/konkurs-tworczosci-literackiej\/\" target=\"_self\" rel=\"noopener noreferrer\" class=\"wp-block-button__link\"><span><strong>Konkurs&nbsp;Tw\u00f3rczo\u015bci&nbsp;Literackiej<\/strong><\/span><\/a><\/div>\n\n\n\n<div id=\"wp-block-themeisle-blocks-button-9e86b162\" class=\"wp-block-themeisle-blocks-button wp-block-button\"><a href=\"https:\/\/bibliotekapedagogiczna.pl\/radomski-konkurs-recytatorski\/\" target=\"_self\" rel=\"noopener noreferrer\" class=\"wp-block-button__link\"><span><strong>Radomski Konkurs Recytatorski<\/strong><\/span><\/a><\/div>\n\n\n\n<div id=\"wp-block-themeisle-blocks-button-2359ff68\" class=\"wp-block-themeisle-blocks-button wp-block-button\"><a href=\"https:\/\/bibliotekapedagogiczna.pl\/konkurs-pieknego-czytania\/\" target=\"_self\" rel=\"noopener noreferrer\" class=\"wp-block-button__link\"><span><strong>Regionalny&nbsp;Konkurs&nbsp;Pi\u0119knego&nbsp;Czytania<\/strong><\/span><\/a><\/div>\n<\/div>\n\n\n\n<p><\/p>\n","protected":false},"excerpt":{"rendered":"","protected":false},"author":914,"featured_media":0,"parent":0,"menu_order":0,"comment_status":"closed","ping_status":"closed","template":"","meta":{"_acf_changed":false,"_oasis_is_in_workflow":0,"_oasis_original":0,"inline_featured_image":false,"site-sidebar-layout":"default","site-content-layout":"","ast-site-content-layout":"default","site-content-style":"default","site-sidebar-style":"default","ast-global-header-display":"","ast-banner-title-visibility":"","ast-main-header-display":"","ast-hfb-above-header-display":"","ast-hfb-below-header-display":"","ast-hfb-mobile-header-display":"","site-post-title":"","ast-breadcrumbs-content":"","ast-featured-img":"","footer-sml-layout":"","ast-disable-related-posts":"","theme-transparent-header-meta":"","adv-header-id-meta":"","stick-header-meta":"","header-above-stick-meta":"","header-main-stick-meta":"","header-below-stick-meta":"","astra-migrate-meta-layouts":"set","ast-page-background-enabled":"default","ast-page-background-meta":{"desktop":{"background-color":"","background-image":"","background-repeat":"repeat","background-position":"center center","background-size":"auto","background-attachment":"scroll","background-type":"","background-media":"","overlay-type":"","overlay-color":"","overlay-opacity":"","overlay-gradient":""},"tablet":{"background-color":"","background-image":"","background-repeat":"repeat","background-position":"center center","background-size":"auto","background-attachment":"scroll","background-type":"","background-media":"","overlay-type":"","overlay-color":"","overlay-opacity":"","overlay-gradient":""},"mobile":{"background-color":"","background-image":"","background-repeat":"repeat","background-position":"center center","background-size":"auto","background-attachment":"scroll","background-type":"","background-media":"","overlay-type":"","overlay-color":"","overlay-opacity":"","overlay-gradient":""}},"ast-content-background-meta":{"desktop":{"background-color":"var(--ast-global-color-5)","background-image":"","background-repeat":"repeat","background-position":"center center","background-size":"auto","background-attachment":"scroll","background-type":"","background-media":"","overlay-type":"","overlay-color":"","overlay-opacity":"","overlay-gradient":""},"tablet":{"background-color":"var(--ast-global-color-5)","background-image":"","background-repeat":"repeat","background-position":"center center","background-size":"auto","background-attachment":"scroll","background-type":"","background-media":"","overlay-type":"","overlay-color":"","overlay-opacity":"","overlay-gradient":""},"mobile":{"background-color":"var(--ast-global-color-5)","background-image":"","background-repeat":"repeat","background-position":"center center","background-size":"auto","background-attachment":"scroll","background-type":"","background-media":"","overlay-type":"","overlay-color":"","overlay-opacity":"","overlay-gradient":""}},"_themeisle_gutenberg_block_has_review":false,"footnotes":""},"class_list":["post-102424","page","type-page","status-publish","hentry"],"acf":[],"featured_image_urls_v2":{"full":"","thumbnail":"","medium":"","medium_large":"","large":"","1536x1536":"","2048x2048":"","img-1100-450":"","img-1120-800":"","img-870-440":"","img-850-600":"","img-480-380":"","img-300-225":"","img-540-700":"","img-75-75":"","menu-24x24":"","menu-36x36":"","menu-48x48":""},"post_excerpt_stackable_v2":"<p>M\u0142odzie\u017cowy Przegl\u0105d Teatralny Konkurs&nbsp;Tw\u00f3rczo\u015bci&nbsp;Literackiej Radomski Konkurs Recytatorski Regionalny&nbsp;Konkurs&nbsp;Pi\u0119knego&nbsp;Czytania<\/p>\n","category_list_v2":"","author_info_v2":{"name":"Andrzej Gawro\u0144ski","url":"https:\/\/bibliotekapedagogiczna.pl\/en\/author\/agawronski\/"},"comments_num_v2":"0 comments","_links":{"self":[{"href":"https:\/\/bibliotekapedagogiczna.pl\/en\/wp-json\/wp\/v2\/pages\/102424","targetHints":{"allow":["GET"]}}],"collection":[{"href":"https:\/\/bibliotekapedagogiczna.pl\/en\/wp-json\/wp\/v2\/pages"}],"about":[{"href":"https:\/\/bibliotekapedagogiczna.pl\/en\/wp-json\/wp\/v2\/types\/page"}],"author":[{"embeddable":true,"href":"https:\/\/bibliotekapedagogiczna.pl\/en\/wp-json\/wp\/v2\/users\/914"}],"replies":[{"embeddable":true,"href":"https:\/\/bibliotekapedagogiczna.pl\/en\/wp-json\/wp\/v2\/comments?post=102424"}],"version-history":[{"count":28,"href":"https:\/\/bibliotekapedagogiczna.pl\/en\/wp-json\/wp\/v2\/pages\/102424\/revisions"}],"predecessor-version":[{"id":103126,"href":"https:\/\/bibliotekapedagogiczna.pl\/en\/wp-json\/wp\/v2\/pages\/102424\/revisions\/103126"}],"wp:attachment":[{"href":"https:\/\/bibliotekapedagogiczna.pl\/en\/wp-json\/wp\/v2\/media?parent=102424"}],"curies":[{"name":"wp","href":"https:\/\/api.w.org\/{rel}","templated":true}]}}